{"id":3315,"date":"2025-05-20T16:02:56","date_gmt":"2025-05-20T13:02:56","guid":{"rendered":"https:\/\/etab.ac-reunion.fr\/clg-gaston-crochet\/?page_id=3315"},"modified":"2025-05-20T16:05:15","modified_gmt":"2025-05-20T13:05:15","slug":"sciences-et-decouvertes","status":"publish","type":"page","link":"https:\/\/etab.ac-reunion.fr\/clg-gaston-crochet\/sciences-et-decouvertes\/","title":{"rendered":"Sciences et d\u00e9couvertes"},"content":{"rendered":"\n<p class=\"has-large-font-size\"><strong>F\u00eate de la Science<\/strong> : Participation active avec des stands interactifs anim\u00e9s par les \u00e9l\u00e8ves sur des th\u00e9matiques vari\u00e9es (astronomie, biodiversit\u00e9, \u00e9nergies renouvelables).<\/p>\n\n\n\n<p class=\"has-large-font-size\"><strong>Projets interdisciplinaire<\/strong> : R\u00e9alisation de maquettes et d&rsquo;exp\u00e9riences scientifiques en lien avec le programme scolaire.<\/p>\n\n\n\n<p class=\"has-large-font-size\"><strong>Visites de sites scientifiques<\/strong> : Sorties p\u00e9dagogiques au volcan de la Fournaise et au Mus\u00e9um d&rsquo;Histoire Naturelle de Saint-Denis.<\/p>\n\n\n\n<p class=\"has-large-font-size\"><strong>Escape Game p\u00e9dagogique<\/strong> : Des \u00e9l\u00e8ves plong\u00e9s dans une aventure \u00e9ducative m\u00ealant \u00e9nigmes et apprentissages scientifiques.<br><\/p>\n\n\n\n<p><\/p>\n","protected":false},"excerpt":{"rendered":"<p>F\u00eate de la Science : Participation active avec des stands interactifs anim\u00e9s par les \u00e9l\u00e8ves sur des th\u00e9matiques vari\u00e9es (astronomie, biodiversit\u00e9, \u00e9nergies renouvelables). Projets interdisciplinaire : R\u00e9alisation de maquettes et d&rsquo;exp\u00e9riences scientifiques en lien avec le programme scolaire. Visites de sites scientifiques : Sorties p\u00e9dagogiques au volcan de la Fournaise &hellip;<\/p>\n","protected":false},"author":6403,"featured_media":0,"parent":0,"menu_order":0,"comment_status":"closed","ping_status":"closed","template":"","meta":{"footnotes":""},"class_list":["post-3315","page","type-page","status-publish","hentry"],"_links":{"self":[{"href":"https:\/\/etab.ac-reunion.fr\/clg-gaston-crochet\/wp-json\/wp\/v2\/pages\/3315","targetHints":{"allow":["GET"]}}],"collection":[{"href":"https:\/\/etab.ac-reunion.fr\/clg-gaston-crochet\/wp-json\/wp\/v2\/pages"}],"about":[{"href":"https:\/\/etab.ac-reunion.fr\/clg-gaston-crochet\/wp-json\/wp\/v2\/types\/page"}],"author":[{"embeddable":true,"href":"https:\/\/etab.ac-reunion.fr\/clg-gaston-crochet\/wp-json\/wp\/v2\/users\/6403"}],"replies":[{"embeddable":true,"href":"https:\/\/etab.ac-reunion.fr\/clg-gaston-crochet\/wp-json\/wp\/v2\/comments?post=3315"}],"version-history":[{"count":2,"href":"https:\/\/etab.ac-reunion.fr\/clg-gaston-crochet\/wp-json\/wp\/v2\/pages\/3315\/revisions"}],"predecessor-version":[{"id":3318,"href":"https:\/\/etab.ac-reunion.fr\/clg-gaston-crochet\/wp-json\/wp\/v2\/pages\/3315\/revisions\/3318"}],"wp:attachment":[{"href":"https:\/\/etab.ac-reunion.fr\/clg-gaston-crochet\/wp-json\/wp\/v2\/media?parent=3315"}],"curies":[{"name":"wp","href":"https:\/\/api.w.org\/{rel}","templated":true}]}}