{"id":3319,"date":"2025-05-20T16:07:43","date_gmt":"2025-05-20T13:07:43","guid":{"rendered":"https:\/\/etab.ac-reunion.fr\/clg-gaston-crochet\/?page_id=3319"},"modified":"2025-05-20T16:08:25","modified_gmt":"2025-05-20T13:08:25","slug":"arts-et-spectacles","status":"publish","type":"page","link":"https:\/\/etab.ac-reunion.fr\/clg-gaston-crochet\/arts-et-spectacles\/","title":{"rendered":"Arts et spectacles"},"content":{"rendered":"\n<p class=\"has-large-font-size\"><strong>Ateliers artistiques<\/strong> : Peinture murale, sculpture sur mat\u00e9riaux recycl\u00e9s, cr\u00e9ation de costumes pour les spectacles scolaires.<\/p>\n\n\n\n<p class=\"has-large-font-size\"><strong>Spectacles vivants<\/strong> : Mise en sc\u00e8ne de pi\u00e8ces de th\u00e9\u00e2tre et de com\u00e9dies musicales, impliquant \u00e9l\u00e8ves et enseignants.<\/p>\n\n\n\n<p class=\"has-large-font-size\"><strong>Partenariats culturels<\/strong> : Collaborations avec des structures locales telles que la salle Guy AGENOR<\/p>\n\n\n\n<p class=\"has-large-font-size\"><strong>Spectacle scolaire<\/strong> : Une repr\u00e9sentation th\u00e9\u00e2trale mettant en sc\u00e8ne les talents artistiques des \u00e9l\u00e8ves.<\/p>\n","protected":false},"excerpt":{"rendered":"<p>Ateliers artistiques : Peinture murale, sculpture sur mat\u00e9riaux recycl\u00e9s, cr\u00e9ation de costumes pour les spectacles scolaires. Spectacles vivants : Mise en sc\u00e8ne de pi\u00e8ces de th\u00e9\u00e2tre et de com\u00e9dies musicales, impliquant \u00e9l\u00e8ves et enseignants. Partenariats culturels : Collaborations avec des structures locales telles que la salle Guy AGENOR Spectacle scolaire &hellip;<\/p>\n","protected":false},"author":6403,"featured_media":0,"parent":0,"menu_order":0,"comment_status":"closed","ping_status":"closed","template":"","meta":{"footnotes":""},"class_list":["post-3319","page","type-page","status-publish","hentry"],"_links":{"self":[{"href":"https:\/\/etab.ac-reunion.fr\/clg-gaston-crochet\/wp-json\/wp\/v2\/pages\/3319","targetHints":{"allow":["GET"]}}],"collection":[{"href":"https:\/\/etab.ac-reunion.fr\/clg-gaston-crochet\/wp-json\/wp\/v2\/pages"}],"about":[{"href":"https:\/\/etab.ac-reunion.fr\/clg-gaston-crochet\/wp-json\/wp\/v2\/types\/page"}],"author":[{"embeddable":true,"href":"https:\/\/etab.ac-reunion.fr\/clg-gaston-crochet\/wp-json\/wp\/v2\/users\/6403"}],"replies":[{"embeddable":true,"href":"https:\/\/etab.ac-reunion.fr\/clg-gaston-crochet\/wp-json\/wp\/v2\/comments?post=3319"}],"version-history":[{"count":2,"href":"https:\/\/etab.ac-reunion.fr\/clg-gaston-crochet\/wp-json\/wp\/v2\/pages\/3319\/revisions"}],"predecessor-version":[{"id":3321,"href":"https:\/\/etab.ac-reunion.fr\/clg-gaston-crochet\/wp-json\/wp\/v2\/pages\/3319\/revisions\/3321"}],"wp:attachment":[{"href":"https:\/\/etab.ac-reunion.fr\/clg-gaston-crochet\/wp-json\/wp\/v2\/media?parent=3319"}],"curies":[{"name":"wp","href":"https:\/\/api.w.org\/{rel}","templated":true}]}}