{"id":3322,"date":"2025-05-20T16:11:42","date_gmt":"2025-05-20T13:11:42","guid":{"rendered":"https:\/\/etab.ac-reunion.fr\/clg-gaston-crochet\/?page_id=3322"},"modified":"2025-07-03T15:27:09","modified_gmt":"2025-07-03T12:27:09","slug":"musique-et-chant","status":"publish","type":"page","link":"https:\/\/etab.ac-reunion.fr\/clg-gaston-crochet\/musique-et-chant\/","title":{"rendered":"Musiques et chants"},"content":{"rendered":"\n<p class=\"has-large-font-size\"><strong>Spectacle du coll\u00e8ge<\/strong> : R\u00e9p\u00e9titions hebdomadaires et repr\u00e9sentations lors des \u00e9v\u00e9nements de l&rsquo;\u00e9tablissement. Des \u00e9l\u00e8ves interpr\u00e9tant des chansons lors d&rsquo;\u00e9v\u00e9nements scolaires.<\/p>\n\n\n\n<p class=\"has-large-font-size\"><strong>Initiation musicale<\/strong> : Cours de percussions traditionnelles et de chant, avec le professeur d&rsquo;\u00e9ducation musicale et artiste professionnel.<\/p>\n\n\n\n<p class=\"has-large-font-size\"><strong>Participation \u00e0 des festivals<\/strong> : Engagement des \u00e9l\u00e8ves dans des manifestations et prestations musicales.<\/p>\n","protected":false},"excerpt":{"rendered":"<p>Spectacle du coll\u00e8ge : R\u00e9p\u00e9titions hebdomadaires et repr\u00e9sentations lors des \u00e9v\u00e9nements de l&rsquo;\u00e9tablissement. Des \u00e9l\u00e8ves interpr\u00e9tant des chansons lors d&rsquo;\u00e9v\u00e9nements scolaires. Initiation musicale : Cours de percussions traditionnelles et de chant, avec le professeur d&rsquo;\u00e9ducation musicale et artiste professionnel. Participation \u00e0 des festivals : Engagement des \u00e9l\u00e8ves dans des manifestations &hellip;<\/p>\n","protected":false},"author":6403,"featured_media":0,"parent":0,"menu_order":0,"comment_status":"closed","ping_status":"closed","template":"","meta":{"footnotes":""},"class_list":["post-3322","page","type-page","status-publish","hentry"],"_links":{"self":[{"href":"https:\/\/etab.ac-reunion.fr\/clg-gaston-crochet\/wp-json\/wp\/v2\/pages\/3322","targetHints":{"allow":["GET"]}}],"collection":[{"href":"https:\/\/etab.ac-reunion.fr\/clg-gaston-crochet\/wp-json\/wp\/v2\/pages"}],"about":[{"href":"https:\/\/etab.ac-reunion.fr\/clg-gaston-crochet\/wp-json\/wp\/v2\/types\/page"}],"author":[{"embeddable":true,"href":"https:\/\/etab.ac-reunion.fr\/clg-gaston-crochet\/wp-json\/wp\/v2\/users\/6403"}],"replies":[{"embeddable":true,"href":"https:\/\/etab.ac-reunion.fr\/clg-gaston-crochet\/wp-json\/wp\/v2\/comments?post=3322"}],"version-history":[{"count":2,"href":"https:\/\/etab.ac-reunion.fr\/clg-gaston-crochet\/wp-json\/wp\/v2\/pages\/3322\/revisions"}],"predecessor-version":[{"id":3468,"href":"https:\/\/etab.ac-reunion.fr\/clg-gaston-crochet\/wp-json\/wp\/v2\/pages\/3322\/revisions\/3468"}],"wp:attachment":[{"href":"https:\/\/etab.ac-reunion.fr\/clg-gaston-crochet\/wp-json\/wp\/v2\/media?parent=3322"}],"curies":[{"name":"wp","href":"https:\/\/api.w.org\/{rel}","templated":true}]}}