{"id":3324,"date":"2025-05-20T16:14:16","date_gmt":"2025-05-20T13:14:16","guid":{"rendered":"https:\/\/etab.ac-reunion.fr\/clg-gaston-crochet\/?page_id=3324"},"modified":"2025-05-20T16:14:16","modified_gmt":"2025-05-20T13:14:16","slug":"sport-et-bien-etre","status":"publish","type":"page","link":"https:\/\/etab.ac-reunion.fr\/clg-gaston-crochet\/sport-et-bien-etre\/","title":{"rendered":"Sport et bien-\u00eatre"},"content":{"rendered":"\n<p class=\"has-large-font-size\"><strong>Association Sportive<\/strong> : Propositions d&rsquo;activit\u00e9s vari\u00e9es (athl\u00e9tisme, football, danse&#8230;) en dehors des heures de cours.<\/p>\n\n\n\n<p class=\"has-large-font-size\"><strong>\u00c9v\u00e9nements sportifs<\/strong> : Organisation du cross annuel du coll\u00e8ge et participation aux comp\u00e9titions inter-\u00e9tablissements.<\/p>\n\n\n\n<p class=\"has-large-font-size\"><strong>Projets sant\u00e9<\/strong> : Sensibilisation \u00e0 l&rsquo;importance de l&rsquo;activit\u00e9 physique pour le bien-\u00eatre mental et physique.<\/p>\n\n\n\n<p class=\"has-large-font-size\"><strong>Championnats de France UNSS de Cross-Country<\/strong> : Des \u00e9l\u00e8ves du coll\u00e8ge Gaston Crochet fi\u00e8rement repr\u00e9sent\u00e9s lors de cette comp\u00e9tition nationale.<\/p>\n\n\n\n<p class=\"has-large-font-size\"><strong>Randonn\u00e9es <\/strong>: 6 journ\u00e9es de randonn\u00e9es pendant l&rsquo;ann\u00e9e scolaire pour tous nos \u00e9l\u00e8ves de 4\u00e8me<\/p>\n","protected":false},"excerpt":{"rendered":"<p>Association Sportive : Propositions d&rsquo;activit\u00e9s vari\u00e9es (athl\u00e9tisme, football, danse&#8230;) en dehors des heures de cours. \u00c9v\u00e9nements sportifs : Organisation du cross annuel du coll\u00e8ge et participation aux comp\u00e9titions inter-\u00e9tablissements. Projets sant\u00e9 : Sensibilisation \u00e0 l&rsquo;importance de l&rsquo;activit\u00e9 physique pour le bien-\u00eatre mental et physique. Championnats de France UNSS de Cross-Country &hellip;<\/p>\n","protected":false},"author":6403,"featured_media":0,"parent":0,"menu_order":0,"comment_status":"closed","ping_status":"closed","template":"","meta":{"footnotes":""},"class_list":["post-3324","page","type-page","status-publish","hentry"],"_links":{"self":[{"href":"https:\/\/etab.ac-reunion.fr\/clg-gaston-crochet\/wp-json\/wp\/v2\/pages\/3324","targetHints":{"allow":["GET"]}}],"collection":[{"href":"https:\/\/etab.ac-reunion.fr\/clg-gaston-crochet\/wp-json\/wp\/v2\/pages"}],"about":[{"href":"https:\/\/etab.ac-reunion.fr\/clg-gaston-crochet\/wp-json\/wp\/v2\/types\/page"}],"author":[{"embeddable":true,"href":"https:\/\/etab.ac-reunion.fr\/clg-gaston-crochet\/wp-json\/wp\/v2\/users\/6403"}],"replies":[{"embeddable":true,"href":"https:\/\/etab.ac-reunion.fr\/clg-gaston-crochet\/wp-json\/wp\/v2\/comments?post=3324"}],"version-history":[{"count":1,"href":"https:\/\/etab.ac-reunion.fr\/clg-gaston-crochet\/wp-json\/wp\/v2\/pages\/3324\/revisions"}],"predecessor-version":[{"id":3325,"href":"https:\/\/etab.ac-reunion.fr\/clg-gaston-crochet\/wp-json\/wp\/v2\/pages\/3324\/revisions\/3325"}],"wp:attachment":[{"href":"https:\/\/etab.ac-reunion.fr\/clg-gaston-crochet\/wp-json\/wp\/v2\/media?parent=3324"}],"curies":[{"name":"wp","href":"https:\/\/api.w.org\/{rel}","templated":true}]}}