{"id":3359,"date":"2025-05-22T11:07:43","date_gmt":"2025-05-22T08:07:43","guid":{"rendered":"https:\/\/etab.ac-reunion.fr\/clg-gaston-crochet\/?page_id=3359"},"modified":"2025-12-25T17:01:03","modified_gmt":"2025-12-25T14:01:03","slug":"tutoriel-parent-pronote","status":"publish","type":"page","link":"https:\/\/etab.ac-reunion.fr\/clg-gaston-crochet\/tutoriel-parent-pronote\/","title":{"rendered":"Tutoriel Parent Pronote"},"content":{"rendered":"\n<h2>\ud83d\udcf1 Tutoriel Pronote \u2013 Application pour Responsable L\u00e9gal<\/h2>\n\n<p><strong>Ce tutoriel pas \u00e0 pas vous explique comment acc\u00e9der \u00e0 l\u2019application Pronote depuis un smartphone, via votre compte <a href=\"https:\/\/metice.ac-reunion.fr\" target=\"_blank\" rel=\"noopener\">Educonnect<\/a>.<\/strong><\/p> \n\n<div style=\"padding: 1em;background-color: #fff8f3;border-left: 5px solid #EF6C22;border-radius: 8px;margin-bottom: 1em\">\n  <p style=\"font-size: 18px;color: #EF6C22;font-weight: bold;margin: 0\">Il est destin\u00e9 aux parents ou responsables l\u00e9gaux afin d\u2019acc\u00e9der \u00e0 toutes les fonctionnalit\u00e9s de suivi scolaire (notes, absences, emploi du temps, messagerie&#8230;).<\/p>\n\n\n\n<p><strong>Vous pouvez t\u00e9l\u00e9charger ce tutoriel en cliquant sur la fl\u00e8che (vers le bas) positionn\u00e9e \u00e0 droite du bandeau noir ci-dessous, juste avant l&rsquo;image de l&rsquo;imprimante<\/strong><\/p>\n\n\n\n<div class=\"wp-block-file\"><a id=\"wp-block-file--media-a6acbf2d-4c5c-48be-bdbb-3658fea03720\" href=\"https:\/\/etab.ac-reunion.fr\/clg-gaston-crochet\/wp-content\/uploads\/sites\/97\/2025\/05\/Tutoriel-Pronote-Smartphone-Gaston-Crochet-parent.pdf\">Tutoriel-Pronote-Smartphone-Gaston-Crochet-parent<\/a><a href=\"https:\/\/etab.ac-reunion.fr\/clg-gaston-crochet\/wp-content\/uploads\/sites\/97\/2025\/05\/Tutoriel-Pronote-Smartphone-Gaston-Crochet-parent.pdf\" class=\"wp-block-file__button wp-element-button\" download aria-describedby=\"wp-block-file--media-a6acbf2d-4c5c-48be-bdbb-3658fea03720\">T\u00e9l\u00e9charger<\/a><\/div>\n\n\n<a href=\"https:\/\/etab.ac-reunion.fr\/clg-gaston-crochet\/wp-content\/uploads\/sites\/97\/2025\/05\/Tutoriel-Pronote-Smartphone-Gaston-Crochet-parent.pdf\" class=\"pdfemb-viewer\" style=\"\" data-width=\"max\" data-height=\"max\" data-toolbar=\"top\" data-toolbar-fixed=\"off\">Tutoriel-Pronote-Smartphone-Gaston-Crochet-parent<\/a>","protected":false},"excerpt":{"rendered":"<p>\ud83d\udcf1 Tutoriel Pronote \u2013 Application pour Responsable L\u00e9gal Ce tutoriel pas \u00e0 pas vous explique comment acc\u00e9der \u00e0 l\u2019application Pronote depuis un smartphone, via votre compte Educonnect. Il est destin\u00e9 aux parents ou responsables l\u00e9gaux afin d\u2019acc\u00e9der \u00e0 toutes les fonctionnalit\u00e9s de suivi scolaire (notes, absences, emploi du temps, messagerie&#8230;). &hellip;<\/p>\n","protected":false},"author":6403,"featured_media":0,"parent":0,"menu_order":0,"comment_status":"closed","ping_status":"closed","template":"","meta":{"footnotes":""},"class_list":["post-3359","page","type-page","status-publish","hentry"],"_links":{"self":[{"href":"https:\/\/etab.ac-reunion.fr\/clg-gaston-crochet\/wp-json\/wp\/v2\/pages\/3359","targetHints":{"allow":["GET"]}}],"collection":[{"href":"https:\/\/etab.ac-reunion.fr\/clg-gaston-crochet\/wp-json\/wp\/v2\/pages"}],"about":[{"href":"https:\/\/etab.ac-reunion.fr\/clg-gaston-crochet\/wp-json\/wp\/v2\/types\/page"}],"author":[{"embeddable":true,"href":"https:\/\/etab.ac-reunion.fr\/clg-gaston-crochet\/wp-json\/wp\/v2\/users\/6403"}],"replies":[{"embeddable":true,"href":"https:\/\/etab.ac-reunion.fr\/clg-gaston-crochet\/wp-json\/wp\/v2\/comments?post=3359"}],"version-history":[{"count":10,"href":"https:\/\/etab.ac-reunion.fr\/clg-gaston-crochet\/wp-json\/wp\/v2\/pages\/3359\/revisions"}],"predecessor-version":[{"id":3896,"href":"https:\/\/etab.ac-reunion.fr\/clg-gaston-crochet\/wp-json\/wp\/v2\/pages\/3359\/revisions\/3896"}],"wp:attachment":[{"href":"https:\/\/etab.ac-reunion.fr\/clg-gaston-crochet\/wp-json\/wp\/v2\/media?parent=3359"}],"curies":[{"name":"wp","href":"https:\/\/api.w.org\/{rel}","templated":true}]}}