{"id":3409,"date":"2025-05-23T10:18:04","date_gmt":"2025-05-23T07:18:04","guid":{"rendered":"https:\/\/etab.ac-reunion.fr\/clg-gaston-crochet\/?page_id=3409"},"modified":"2025-12-19T12:28:24","modified_gmt":"2025-12-19T09:28:24","slug":"reussir-au-lycee","status":"publish","type":"page","link":"https:\/\/etab.ac-reunion.fr\/clg-gaston-crochet\/reussir-au-lycee\/","title":{"rendered":"REUSSIR AU LYCEE"},"content":{"rendered":"\n<p class=\"has-accent-2-color has-text-color has-link-color has-large-font-size wp-elements-c1952b712b865c050872529977221170\">Au cours de l\u2019ann\u00e9e de 3e, l\u2019\u00e9l\u00e8ve et sa famille se d\u00e9cident pour la voie g\u00e9n\u00e9rale et technologique ou la voie professionnelle. Pour faire son choix, l\u2019\u00e9l\u00e8ve doit s\u2019informer sur son orientation et \u00e9valuer ses centres d\u2019int\u00e9r\u00eats, ses r\u00e9sultats scolaires tout au long de son ann\u00e9e.<\/p>\n\n\n\n<figure class=\"wp-block-image size-medium\"><a href=\"https:\/\/www.education.gouv.fr\/reussir-au-lycee\/que-faire-apres-la-troisieme-12506\"><img loading=\"lazy\" decoding=\"async\" width=\"300\" height=\"200\" src=\"https:\/\/etab.ac-reunion.fr\/clg-gaston-crochet\/wp-content\/uploads\/sites\/97\/2025\/05\/image-reussir-au-lycee-300x200.png\" alt=\"\" class=\"wp-image-3411\" srcset=\"https:\/\/etab.ac-reunion.fr\/clg-gaston-crochet\/wp-content\/uploads\/sites\/97\/2025\/05\/image-reussir-au-lycee-300x200.png 300w, https:\/\/etab.ac-reunion.fr\/clg-gaston-crochet\/wp-content\/uploads\/sites\/97\/2025\/05\/image-reussir-au-lycee-1024x683.png 1024w, https:\/\/etab.ac-reunion.fr\/clg-gaston-crochet\/wp-content\/uploads\/sites\/97\/2025\/05\/image-reussir-au-lycee-768x512.png 768w, https:\/\/etab.ac-reunion.fr\/clg-gaston-crochet\/wp-content\/uploads\/sites\/97\/2025\/05\/image-reussir-au-lycee.png 1536w\" sizes=\"auto, (max-width: 300px) 100vw, 300px\" \/><\/a><\/figure>\n","protected":false},"excerpt":{"rendered":"<p>Au cours de l\u2019ann\u00e9e de 3e, l\u2019\u00e9l\u00e8ve et sa famille se d\u00e9cident pour la voie g\u00e9n\u00e9rale et technologique ou la voie professionnelle. Pour faire son choix, l\u2019\u00e9l\u00e8ve doit s\u2019informer sur son orientation et \u00e9valuer ses centres d\u2019int\u00e9r\u00eats, ses r\u00e9sultats scolaires tout au long de son ann\u00e9e.<\/p>\n","protected":false},"author":6403,"featured_media":0,"parent":0,"menu_order":0,"comment_status":"closed","ping_status":"closed","template":"","meta":{"footnotes":""},"class_list":["post-3409","page","type-page","status-publish","hentry"],"_links":{"self":[{"href":"https:\/\/etab.ac-reunion.fr\/clg-gaston-crochet\/wp-json\/wp\/v2\/pages\/3409","targetHints":{"allow":["GET"]}}],"collection":[{"href":"https:\/\/etab.ac-reunion.fr\/clg-gaston-crochet\/wp-json\/wp\/v2\/pages"}],"about":[{"href":"https:\/\/etab.ac-reunion.fr\/clg-gaston-crochet\/wp-json\/wp\/v2\/types\/page"}],"author":[{"embeddable":true,"href":"https:\/\/etab.ac-reunion.fr\/clg-gaston-crochet\/wp-json\/wp\/v2\/users\/6403"}],"replies":[{"embeddable":true,"href":"https:\/\/etab.ac-reunion.fr\/clg-gaston-crochet\/wp-json\/wp\/v2\/comments?post=3409"}],"version-history":[{"count":5,"href":"https:\/\/etab.ac-reunion.fr\/clg-gaston-crochet\/wp-json\/wp\/v2\/pages\/3409\/revisions"}],"predecessor-version":[{"id":3873,"href":"https:\/\/etab.ac-reunion.fr\/clg-gaston-crochet\/wp-json\/wp\/v2\/pages\/3409\/revisions\/3873"}],"wp:attachment":[{"href":"https:\/\/etab.ac-reunion.fr\/clg-gaston-crochet\/wp-json\/wp\/v2\/media?parent=3409"}],"curies":[{"name":"wp","href":"https:\/\/api.w.org\/{rel}","templated":true}]}}