{"id":3580,"date":"2025-07-09T10:40:20","date_gmt":"2025-07-09T07:40:20","guid":{"rendered":"https:\/\/etab.ac-reunion.fr\/clg-gaston-crochet\/?page_id=3580"},"modified":"2025-12-05T10:58:13","modified_gmt":"2025-12-05T07:58:13","slug":"le-parcours-langues-vivantes-etrangeres-lve","status":"publish","type":"page","link":"https:\/\/etab.ac-reunion.fr\/clg-gaston-crochet\/le-parcours-langues-vivantes-etrangeres-lve\/","title":{"rendered":"Le parcours Langues Vivantes Etrang\u00e8res, LVE"},"content":{"rendered":"\n<p class=\"has-accent-2-color has-text-color has-link-color has-large-font-size wp-elements-9e39d6331e2219adb17fc2d06954d915\">Au coll\u00e8ge Gaston Crochet, l\u2019apprentissage des langues vivantes \u00e9trang\u00e8res (anglais, espagnol, allemand, latin) s\u2019inscrit dans un <strong>parcours progressif et dynamique<\/strong> de la 6e \u00e0 la 3e.<\/p>\n\n\n\n<p class=\"has-accent-1-color has-text-color has-link-color has-large-font-size wp-elements-42716548d7197f3d31c02cf0e7e56cb5\">Chaque niveau vise des <strong>comp\u00e9tences de communication concr\u00e8tes<\/strong> :<\/p>\n\n\n\n<ul class=\"wp-block-list\">\n<li class=\"has-accent-1-color has-text-color has-link-color has-large-font-size wp-elements-bda9fb282077c4393e6fce76cdeafd64\">\ud83d\udde3 Se pr\u00e9senter et parler de soi (6e),<\/li>\n\n\n\n<li class=\"has-accent-1-color has-text-color has-link-color has-large-font-size wp-elements-7f3eefd21f7340367f68104adf2ee000\">\ud83d\udcac Exprimer ses go\u00fbts et \u00e9motions (5e),<\/li>\n\n\n\n<li class=\"has-accent-1-color has-text-color has-link-color has-large-font-size wp-elements-4f3557792ed90c1e1c163acafa20b0ac\">\ud83d\udcd6 Raconter ses exp\u00e9riences (4e),<\/li>\n\n\n\n<li class=\"has-accent-1-color has-text-color has-link-color has-large-font-size wp-elements-c3a961500d4aaa0770b5567ac4586ef9\">\ud83c\udfaf Parler de son orientation et de son avenir (3e).<\/li>\n<\/ul>\n\n\n\n<p class=\"has-accent-2-color has-text-color has-link-color has-large-font-size wp-elements-fff6499c95cf846e1c063946b950e112\">Tout au long de l\u2019ann\u00e9e, des <strong>\u00e9v\u00e9nements culturels et linguistiques<\/strong> viennent enrichir ce parcours :<\/p>\n\n\n\n<ul class=\"wp-block-list\">\n<li class=\"has-accent-2-color has-text-color has-link-color has-large-font-size wp-elements-521425628d2152be400dda25259bc7dd\">Erasmus Days, Semaine des Langues, concours et sorties p\u00e9dagogiques,<\/li>\n\n\n\n<li class=\"has-accent-2-color has-text-color has-link-color has-large-font-size wp-elements-081445a0a1115ce6e39313d3a719b7ed\">Projets eTwinning, correspondances en langues \u00e9trang\u00e8res,<\/li>\n\n\n\n<li class=\"has-accent-2-color has-text-color has-link-color has-large-font-size wp-elements-bef1885db2ffd31eae1da4ab6ce78ee7\">Et bient\u00f4t, un projet <strong>Erasmus+ autour de l\u2019ODD 16<\/strong> (\u00ab Paix, justice et institutions efficaces \u00bb), en lien avec les comp\u00e9tences psycho-sociales d\u00e9velopp\u00e9es au coll\u00e8ge.<\/li>\n<\/ul>\n\n\n\n<p class=\"has-large-font-size\">\ud83c\udfaf Objectif : renforcer la motivation des \u00e9l\u00e8ves, leur <strong>ouverture interculturelle<\/strong> et les pr\u00e9parer \u00e0 un <strong>monde plurilingue<\/strong>.<\/p>\n\n\n\n<p class=\"has-accent-1-color has-text-color has-link-color has-large-font-size wp-elements-8370deea69353297c17e40f37ee1b6f7\">\ud83d\udcc4 \ud83d\udc47T\u00e9l\u00e9chargez le parcours complet pens\u00e9 par l&rsquo;\u00e9quipe de Langues vivantes du coll\u00e8ge \ud83d\udc47 <strong>en cliquant sur la fl\u00e8che (vers le bas) positionn\u00e9e \u00e0 droite du bandeau noir ci-dessous, juste avant l&rsquo;image de l&rsquo;imprimante<\/strong><\/p>\n\n\n\n<div data-wp-interactive=\"core\/file\" class=\"wp-block-file\"><object data-wp-bind--hidden=\"!state.hasPdfPreview\" hidden class=\"wp-block-file__embed\" data=\"https:\/\/etab.ac-reunion.fr\/clg-gaston-crochet\/wp-content\/uploads\/sites\/97\/2025\/07\/Parcours-LVE.pdf\" type=\"application\/pdf\" style=\"width:100%;height:600px\" aria-label=\"Contenu embarqu\u00e9 Parcours LVE.\"><\/object><a id=\"wp-block-file--media-3af23300-0081-4252-ab09-903361e12f78\" href=\"https:\/\/etab.ac-reunion.fr\/clg-gaston-crochet\/wp-content\/uploads\/sites\/97\/2025\/07\/Parcours-LVE.pdf\">Parcours LVE<\/a><a href=\"https:\/\/etab.ac-reunion.fr\/clg-gaston-crochet\/wp-content\/uploads\/sites\/97\/2025\/07\/Parcours-LVE.pdf\" class=\"wp-block-file__button wp-element-button\" download aria-describedby=\"wp-block-file--media-3af23300-0081-4252-ab09-903361e12f78\">T\u00e9l\u00e9charger<\/a><\/div>\n","protected":false},"excerpt":{"rendered":"<p>Au coll\u00e8ge Gaston Crochet, l\u2019apprentissage des langues vivantes \u00e9trang\u00e8res (anglais, espagnol, allemand, latin) s\u2019inscrit dans un parcours progressif et dynamique de la 6e \u00e0 la 3e. Chaque niveau vise des comp\u00e9tences de communication concr\u00e8tes : Tout au long de l\u2019ann\u00e9e, des \u00e9v\u00e9nements culturels et linguistiques viennent enrichir ce parcours : &hellip;<\/p>\n","protected":false},"author":6403,"featured_media":0,"parent":0,"menu_order":0,"comment_status":"closed","ping_status":"closed","template":"","meta":{"footnotes":""},"class_list":["post-3580","page","type-page","status-publish","hentry"],"_links":{"self":[{"href":"https:\/\/etab.ac-reunion.fr\/clg-gaston-crochet\/wp-json\/wp\/v2\/pages\/3580","targetHints":{"allow":["GET"]}}],"collection":[{"href":"https:\/\/etab.ac-reunion.fr\/clg-gaston-crochet\/wp-json\/wp\/v2\/pages"}],"about":[{"href":"https:\/\/etab.ac-reunion.fr\/clg-gaston-crochet\/wp-json\/wp\/v2\/types\/page"}],"author":[{"embeddable":true,"href":"https:\/\/etab.ac-reunion.fr\/clg-gaston-crochet\/wp-json\/wp\/v2\/users\/6403"}],"replies":[{"embeddable":true,"href":"https:\/\/etab.ac-reunion.fr\/clg-gaston-crochet\/wp-json\/wp\/v2\/comments?post=3580"}],"version-history":[{"count":3,"href":"https:\/\/etab.ac-reunion.fr\/clg-gaston-crochet\/wp-json\/wp\/v2\/pages\/3580\/revisions"}],"predecessor-version":[{"id":3818,"href":"https:\/\/etab.ac-reunion.fr\/clg-gaston-crochet\/wp-json\/wp\/v2\/pages\/3580\/revisions\/3818"}],"wp:attachment":[{"href":"https:\/\/etab.ac-reunion.fr\/clg-gaston-crochet\/wp-json\/wp\/v2\/media?parent=3580"}],"curies":[{"name":"wp","href":"https:\/\/api.w.org\/{rel}","templated":true}]}}