{"id":3583,"date":"2025-07-09T10:42:15","date_gmt":"2025-07-09T07:42:15","guid":{"rendered":"https:\/\/etab.ac-reunion.fr\/clg-gaston-crochet\/?page_id=3583"},"modified":"2025-12-05T10:59:45","modified_gmt":"2025-12-05T07:59:45","slug":"le-parcours-sante-scolaire-2","status":"publish","type":"page","link":"https:\/\/etab.ac-reunion.fr\/clg-gaston-crochet\/le-parcours-sante-scolaire-2\/","title":{"rendered":"Le Parcours sant\u00e9 scolaire"},"content":{"rendered":"\n<p class=\"has-accent-2-color has-text-color has-link-color has-large-font-size wp-elements-fbe5f022e12b8eef829045b072a68e80\">Tout au long de l\u2019ann\u00e9e, le coll\u00e8ge Gaston Crochet met en \u0153uvre un <strong>Parcours Sant\u00e9 Scolaire structur\u00e9 et progressif<\/strong>, en lien avec les objectifs du socle commun et les besoins des \u00e9l\u00e8ves.<\/p>\n\n\n\n<p class=\"has-accent-1-color has-text-color has-link-color has-large-font-size wp-elements-9cc87650d4ab5bb493e86fc49d56ca5d\">\ud83d\udcac <strong>\u00c9motions, communication, estime de soi, sant\u00e9 affective et alimentation<\/strong> sont abord\u00e9s \u00e0 travers des actions adapt\u00e9es \u00e0 chaque niveau, anim\u00e9es par des partenaires qualifi\u00e9s (infirmi\u00e8re scolaire, services civiques, associations de pr\u00e9vention, sage-femme de PMI\u2026).<\/p>\n\n\n\n<p class=\"has-accent-2-color has-text-color has-link-color has-large-font-size wp-elements-3c23a9a5abf6503de09b63070eb144a2\">Les actions s&rsquo;\u00e9chelonnent de la 6e \u00e0 la 3e et incluent :<\/p>\n\n\n\n<ul class=\"wp-block-list\">\n<li class=\"has-accent-2-color has-text-color has-link-color has-large-font-size wp-elements-566a259acf0e56f665ac4543a5c194a0\">la gestion des \u00e9motions,<\/li>\n\n\n\n<li class=\"has-accent-2-color has-text-color has-link-color has-large-font-size wp-elements-a133315becece06bec5e1716459df588\">la pr\u00e9vention du harc\u00e8lement,<\/li>\n\n\n\n<li class=\"has-accent-2-color has-text-color has-link-color has-large-font-size wp-elements-6eeed9d8326f4ff4b2074394b8fdf2a4\">la sant\u00e9 mentale et affective,<\/li>\n\n\n\n<li class=\"has-accent-2-color has-text-color has-link-color has-large-font-size wp-elements-bf6daef8f02f5c85901ad5f59423b096\">l\u2019\u00e9ducation au consentement,<\/li>\n\n\n\n<li class=\"has-accent-2-color has-text-color has-link-color has-large-font-size wp-elements-e2819a55aa164ae92bbae6fa864c0902\">la lutte contre les conduites \u00e0 risque,<\/li>\n\n\n\n<li class=\"has-accent-2-color has-text-color has-link-color has-large-font-size wp-elements-58657a826f406b961cc886695fd13a06\">et m\u00eame un <strong>potager p\u00e9dagogique ULIS<\/strong> \ud83c\udf3f !<\/li>\n<\/ul>\n\n\n\n<p class=\"has-large-font-size\">\ud83d\udcc5 D\u00e9couvrez le calendrier complet des interventions pour l\u2019ann\u00e9e scolaire :<\/p>\n\n\n\n<p class=\"has-large-font-size\">\ud83d\udc47 <strong><a>T\u00e9l\u00e9charger le calendrier 2025\u20132026 du parcours sant\u00e9 (PDF)<\/a><\/strong> \ud83d\udc47 <strong>en cliquant sur la fl\u00e8che (vers le bas) positionn\u00e9e \u00e0 droite du bandeau noir ci-dessous, juste avant l\u2019image de l\u2019imprimante<\/strong><\/p>\n\n\n\n<div data-wp-interactive=\"core\/file\" class=\"wp-block-file\"><object data-wp-bind--hidden=\"!state.hasPdfPreview\" hidden class=\"wp-block-file__embed\" data=\"https:\/\/etab.ac-reunion.fr\/clg-gaston-crochet\/wp-content\/uploads\/sites\/97\/2025\/07\/Calendrier-2025-2026-des-actions-liees-au-parcours-scolaire-1.pdf\" type=\"application\/pdf\" style=\"width:100%;height:600px\" aria-label=\"Contenu embarqu\u00e9 Calendrier 2025 2026 des actions li\u00e9es au parcours scolaire.\"><\/object><a id=\"wp-block-file--media-81587a67-1fe0-4763-beb4-cb1c2d858e23\" href=\"https:\/\/etab.ac-reunion.fr\/clg-gaston-crochet\/wp-content\/uploads\/sites\/97\/2025\/07\/Calendrier-2025-2026-des-actions-liees-au-parcours-scolaire-1.pdf\">Calendrier 2025 2026 des actions li\u00e9es au parcours scolaire<\/a><a href=\"https:\/\/etab.ac-reunion.fr\/clg-gaston-crochet\/wp-content\/uploads\/sites\/97\/2025\/07\/Calendrier-2025-2026-des-actions-liees-au-parcours-scolaire-1.pdf\" class=\"wp-block-file__button wp-element-button\" download aria-describedby=\"wp-block-file--media-81587a67-1fe0-4763-beb4-cb1c2d858e23\">T\u00e9l\u00e9charger<\/a><\/div>\n","protected":false},"excerpt":{"rendered":"<p>Tout au long de l\u2019ann\u00e9e, le coll\u00e8ge Gaston Crochet met en \u0153uvre un Parcours Sant\u00e9 Scolaire structur\u00e9 et progressif, en lien avec les objectifs du socle commun et les besoins des \u00e9l\u00e8ves. \ud83d\udcac \u00c9motions, communication, estime de soi, sant\u00e9 affective et alimentation sont abord\u00e9s \u00e0 travers des actions adapt\u00e9es \u00e0 &hellip;<\/p>\n","protected":false},"author":6403,"featured_media":0,"parent":0,"menu_order":0,"comment_status":"closed","ping_status":"closed","template":"","meta":{"footnotes":""},"class_list":["post-3583","page","type-page","status-publish","hentry"],"_links":{"self":[{"href":"https:\/\/etab.ac-reunion.fr\/clg-gaston-crochet\/wp-json\/wp\/v2\/pages\/3583","targetHints":{"allow":["GET"]}}],"collection":[{"href":"https:\/\/etab.ac-reunion.fr\/clg-gaston-crochet\/wp-json\/wp\/v2\/pages"}],"about":[{"href":"https:\/\/etab.ac-reunion.fr\/clg-gaston-crochet\/wp-json\/wp\/v2\/types\/page"}],"author":[{"embeddable":true,"href":"https:\/\/etab.ac-reunion.fr\/clg-gaston-crochet\/wp-json\/wp\/v2\/users\/6403"}],"replies":[{"embeddable":true,"href":"https:\/\/etab.ac-reunion.fr\/clg-gaston-crochet\/wp-json\/wp\/v2\/comments?post=3583"}],"version-history":[{"count":3,"href":"https:\/\/etab.ac-reunion.fr\/clg-gaston-crochet\/wp-json\/wp\/v2\/pages\/3583\/revisions"}],"predecessor-version":[{"id":3821,"href":"https:\/\/etab.ac-reunion.fr\/clg-gaston-crochet\/wp-json\/wp\/v2\/pages\/3583\/revisions\/3821"}],"wp:attachment":[{"href":"https:\/\/etab.ac-reunion.fr\/clg-gaston-crochet\/wp-json\/wp\/v2\/media?parent=3583"}],"curies":[{"name":"wp","href":"https:\/\/api.w.org\/{rel}","templated":true}]}}