{"id":3597,"date":"2025-08-05T09:14:41","date_gmt":"2025-08-05T06:14:41","guid":{"rendered":"https:\/\/etab.ac-reunion.fr\/clg-gaston-crochet\/?page_id=3597"},"modified":"2025-12-05T10:59:24","modified_gmt":"2025-12-05T07:59:24","slug":"parcours-litteraire","status":"publish","type":"page","link":"https:\/\/etab.ac-reunion.fr\/clg-gaston-crochet\/parcours-litteraire\/","title":{"rendered":"Parcours Litt\u00e9raire"},"content":{"rendered":"\n<p class=\"has-accent-2-color has-text-color has-link-color has-large-font-size wp-elements-108916ce5be40ab968f90db0ef84dd7d\">Le coll\u00e8ge Gaston Crochet valorise la lecture, l\u2019expression et la cr\u00e9ativit\u00e9 \u00e0 travers un <strong>Parcours Litt\u00e9raire progressif<\/strong>, propos\u00e9 \u00e0 tous les \u00e9l\u00e8ves de la 6e \u00e0 la 3e.<\/p>\n\n\n\n<p class=\"has-accent-1-color has-text-color has-link-color has-large-font-size wp-elements-fd0c8d739dbf6d686ec5d43c2974e7d6\">Ce parcours a pour ambition de <strong>d\u00e9velopper le go\u00fbt de lire, d\u2019\u00e9crire, de dire et de cr\u00e9er<\/strong>, \u00e0 travers des projets riches, vari\u00e9s et ancr\u00e9s dans les programmes. Il permet aux \u00e9l\u00e8ves de s\u2019approprier les \u0153uvres, les mots et les \u00e9motions, tout en d\u00e9couvrant la puissance de la litt\u00e9rature sous toutes ses formes.<\/p>\n\n\n\n<p class=\"has-accent-2-color has-text-color has-link-color has-large-font-size wp-elements-6d86eabba736a03e033144aebfe79843\">Parmi les temps forts propos\u00e9s :<\/p>\n\n\n\n<ul class=\"wp-block-list\">\n<li class=\"has-accent-2-color has-text-color has-link-color has-large-font-size wp-elements-f8e0221cba40450cbff918e04a325341\">Concours de lecture \u00e0 voix haute,<\/li>\n\n\n\n<li class=\"has-accent-2-color has-text-color has-link-color has-large-font-size wp-elements-7b258b372cd66715d87743b01f18cd24\">Concours AMOPA (po\u00e9sie),<\/li>\n\n\n\n<li class=\"has-accent-2-color has-text-color has-link-color has-large-font-size wp-elements-304fb8a9816d426cc08212ff308b4b82\">Concours \u00ab Le temps des dict\u00e9es \u00bb,<\/li>\n\n\n\n<li class=\"has-accent-2-color has-text-color has-link-color has-large-font-size wp-elements-302d505c0f7b6fee13b6df12b69a11e4\">Lecture aux \u00e9l\u00e8ves de maternelle (sieste cont\u00e9e),<\/li>\n\n\n\n<li class=\"has-accent-2-color has-text-color has-link-color has-large-font-size wp-elements-4f2993831db9a17e3b097dc5c288b350\">Projets d\u2019\u00e9criture cr\u00e9ative et exposition des productions dans un <strong>\u00ab Cabinet des curiosit\u00e9s \u00bb<\/strong> imagin\u00e9 comme un espace vivant de valorisation artistique et litt\u00e9raire.<\/li>\n<\/ul>\n\n\n\n<p class=\"has-large-font-size\">Ces actions visent \u00e0 encourager l\u2019expression personnelle, la prise de parole, la fr\u00e9quentation des lieux culturels, et \u00e0 <strong>donner du sens \u00e0 la lecture comme levier d\u2019\u00e9panouissement personnel<\/strong>.<\/p>\n\n\n\n<p class=\"has-accent-1-color has-text-color has-link-color has-large-font-size wp-elements-75b116d5fdf3f3da1b08eed18d87b937\">T\u00e9l\u00e9charger ci-dessous le parcours litt\u00e9raire <strong>en cliquant sur la fl\u00e8che (vers le bas) positionn\u00e9e \u00e0 droite du bandeau noir ci-dessous, juste avant l\u2019image de l\u2019imprimante<\/strong><\/p>\n\n\n\n<div data-wp-interactive=\"core\/file\" class=\"wp-block-file\"><object data-wp-bind--hidden=\"!state.hasPdfPreview\" hidden class=\"wp-block-file__embed\" data=\"https:\/\/etab.ac-reunion.fr\/clg-gaston-crochet\/wp-content\/uploads\/sites\/97\/2025\/08\/parcours-litteraire.pdf\" type=\"application\/pdf\" style=\"width:100%;height:600px\" aria-label=\"Contenu embarqu\u00e9 parcours litt\u00e9raire.\"><\/object><a id=\"wp-block-file--media-73c652ba-2e42-4323-89f0-669d03317879\" href=\"https:\/\/etab.ac-reunion.fr\/clg-gaston-crochet\/wp-content\/uploads\/sites\/97\/2025\/08\/parcours-litteraire.pdf\">parcours litt\u00e9raire<\/a><a href=\"https:\/\/etab.ac-reunion.fr\/clg-gaston-crochet\/wp-content\/uploads\/sites\/97\/2025\/08\/parcours-litteraire.pdf\" class=\"wp-block-file__button wp-element-button\" download aria-describedby=\"wp-block-file--media-73c652ba-2e42-4323-89f0-669d03317879\">T\u00e9l\u00e9charger<\/a><\/div>\n","protected":false},"excerpt":{"rendered":"<p>Le coll\u00e8ge Gaston Crochet valorise la lecture, l\u2019expression et la cr\u00e9ativit\u00e9 \u00e0 travers un Parcours Litt\u00e9raire progressif, propos\u00e9 \u00e0 tous les \u00e9l\u00e8ves de la 6e \u00e0 la 3e. Ce parcours a pour ambition de d\u00e9velopper le go\u00fbt de lire, d\u2019\u00e9crire, de dire et de cr\u00e9er, \u00e0 travers des projets riches, &hellip;<\/p>\n","protected":false},"author":6403,"featured_media":0,"parent":0,"menu_order":0,"comment_status":"closed","ping_status":"closed","template":"","meta":{"footnotes":""},"class_list":["post-3597","page","type-page","status-publish","hentry"],"_links":{"self":[{"href":"https:\/\/etab.ac-reunion.fr\/clg-gaston-crochet\/wp-json\/wp\/v2\/pages\/3597","targetHints":{"allow":["GET"]}}],"collection":[{"href":"https:\/\/etab.ac-reunion.fr\/clg-gaston-crochet\/wp-json\/wp\/v2\/pages"}],"about":[{"href":"https:\/\/etab.ac-reunion.fr\/clg-gaston-crochet\/wp-json\/wp\/v2\/types\/page"}],"author":[{"embeddable":true,"href":"https:\/\/etab.ac-reunion.fr\/clg-gaston-crochet\/wp-json\/wp\/v2\/users\/6403"}],"replies":[{"embeddable":true,"href":"https:\/\/etab.ac-reunion.fr\/clg-gaston-crochet\/wp-json\/wp\/v2\/comments?post=3597"}],"version-history":[{"count":6,"href":"https:\/\/etab.ac-reunion.fr\/clg-gaston-crochet\/wp-json\/wp\/v2\/pages\/3597\/revisions"}],"predecessor-version":[{"id":3820,"href":"https:\/\/etab.ac-reunion.fr\/clg-gaston-crochet\/wp-json\/wp\/v2\/pages\/3597\/revisions\/3820"}],"wp:attachment":[{"href":"https:\/\/etab.ac-reunion.fr\/clg-gaston-crochet\/wp-json\/wp\/v2\/media?parent=3597"}],"curies":[{"name":"wp","href":"https:\/\/api.w.org\/{rel}","templated":true}]}}