{"id":3683,"date":"2025-11-03T15:13:18","date_gmt":"2025-11-03T12:13:18","guid":{"rendered":"https:\/\/etab.ac-reunion.fr\/clg-gaston-crochet\/?page_id=3683"},"modified":"2025-11-03T15:13:18","modified_gmt":"2025-11-03T12:13:18","slug":"medias","status":"publish","type":"page","link":"https:\/\/etab.ac-reunion.fr\/clg-gaston-crochet\/medias\/","title":{"rendered":"M\u00e9dias"},"content":{"rendered":"\n<p class=\"has-accent-1-color has-text-color has-link-color has-large-font-size wp-elements-24aad3973e5f6d2b218242e5dc21f11b\">D\u00e9couvrez le <strong>JT REE #2<\/strong>, tourn\u00e9 au <strong>lyc\u00e9e Patu de Rosemont (Saint-Beno\u00eet)<\/strong> : un format court, dynamique, qui donne envie d\u2019agir !<\/p>\n\n\n\n<p class=\"has-large-font-size\"><strong>\u00c0 ne pas manquer :<\/strong><\/p>\n\n\n\n<p class=\"has-large-font-size\">\u2022 <strong>Nou l\u00e9 Local 2025<\/strong> (Parc Expobat) : les savoir-faire locaux \u00e0 l\u2019honneur.<\/p>\n\n\n\n<p class=\"has-large-font-size\">\u2022 <strong>\u00c9cole des R\u00e9seaux<\/strong> (lyc\u00e9e Roland-Garros) : former aux m\u00e9tiers de la transition \u00e9nerg\u00e9tique.<\/p>\n\n\n\n<p class=\"has-large-font-size\">\u2022 <strong>Village du BTP<\/strong> (Cit\u00e9 des M\u00e9tiers, Saint-Pierre) : immersion m\u00e9tiers pour les jeunes.<\/p>\n\n\n\n<p class=\"has-large-font-size\">\u2022 <strong>Interview Focus<\/strong> \u2013 <em>Katy Sadatchy<\/em> (Royal Bourbon Industries SAS) : comment attirer vers la maintenance industrielle.<\/p>\n\n\n\n<p class=\"has-large-font-size\">\u25b6\ufe0f <strong>Regarder l\u2019\u00e9pisode :<\/strong> <a href=\"https:\/\/youtu.be\/emqw4zncTvY\">https:\/\/youtu.be\/emqw4zncTvY<\/a><\/p>\n","protected":false},"excerpt":{"rendered":"<p>D\u00e9couvrez le JT REE #2, tourn\u00e9 au lyc\u00e9e Patu de Rosemont (Saint-Beno\u00eet) : un format court, dynamique, qui donne envie d\u2019agir ! \u00c0 ne pas manquer : \u2022 Nou l\u00e9 Local 2025 (Parc Expobat) : les savoir-faire locaux \u00e0 l\u2019honneur. \u2022 \u00c9cole des R\u00e9seaux (lyc\u00e9e Roland-Garros) : former aux m\u00e9tiers &hellip;<\/p>\n","protected":false},"author":6403,"featured_media":0,"parent":0,"menu_order":0,"comment_status":"closed","ping_status":"closed","template":"","meta":{"footnotes":""},"class_list":["post-3683","page","type-page","status-publish","hentry"],"_links":{"self":[{"href":"https:\/\/etab.ac-reunion.fr\/clg-gaston-crochet\/wp-json\/wp\/v2\/pages\/3683","targetHints":{"allow":["GET"]}}],"collection":[{"href":"https:\/\/etab.ac-reunion.fr\/clg-gaston-crochet\/wp-json\/wp\/v2\/pages"}],"about":[{"href":"https:\/\/etab.ac-reunion.fr\/clg-gaston-crochet\/wp-json\/wp\/v2\/types\/page"}],"author":[{"embeddable":true,"href":"https:\/\/etab.ac-reunion.fr\/clg-gaston-crochet\/wp-json\/wp\/v2\/users\/6403"}],"replies":[{"embeddable":true,"href":"https:\/\/etab.ac-reunion.fr\/clg-gaston-crochet\/wp-json\/wp\/v2\/comments?post=3683"}],"version-history":[{"count":1,"href":"https:\/\/etab.ac-reunion.fr\/clg-gaston-crochet\/wp-json\/wp\/v2\/pages\/3683\/revisions"}],"predecessor-version":[{"id":3684,"href":"https:\/\/etab.ac-reunion.fr\/clg-gaston-crochet\/wp-json\/wp\/v2\/pages\/3683\/revisions\/3684"}],"wp:attachment":[{"href":"https:\/\/etab.ac-reunion.fr\/clg-gaston-crochet\/wp-json\/wp\/v2\/media?parent=3683"}],"curies":[{"name":"wp","href":"https:\/\/api.w.org\/{rel}","templated":true}]}}