{"id":3689,"date":"2025-11-03T15:57:28","date_gmt":"2025-11-03T12:57:28","guid":{"rendered":"https:\/\/etab.ac-reunion.fr\/clg-gaston-crochet\/?page_id=3689"},"modified":"2025-11-03T16:12:19","modified_gmt":"2025-11-03T13:12:19","slug":"notre-etablissement-revue-de-presse","status":"publish","type":"page","link":"https:\/\/etab.ac-reunion.fr\/clg-gaston-crochet\/notre-etablissement-revue-de-presse\/","title":{"rendered":"NOTRE ETABLISSEMENT : REVUE DE PRESSE"},"content":{"rendered":"\n<p class=\"has-large-font-size\"><a href=\"https:\/\/www.lequotidien.re\/article\/education\/2025\/08\/16\/a-la-plaine-des-palmistes-un-nouveau-college-bioclimatique-pour-les-480-eleves\">Le Quotidien du 16 ao\u00fbt 2025<\/a><\/p>\n\n\n\n<p class=\"has-large-font-size\"><a href=\"https:\/\/la1ere.franceinfo.fr\/reunion\/plaine-palmistes\/la-plaine-des-palmistes-des-batiments-flambant-neufs-pour-le-college-gaston-crochet-1612731.html\">R\u00e9union Premi\u00e8re du 11 ao\u00fbt 2025<\/a><\/p>\n\n\n\n<p class=\"has-large-font-size\"><a href=\"https:\/\/www.zinfos974.com\/plaine-des-palmistes-un-college-flambant-neuf-et-bioclimatique\/\">Zinfos974 du 17 ao\u00fbt 2025<\/a><\/p>\n\n\n\n<p class=\"has-large-font-size\"><a href=\"https:\/\/www.instagram.com\/reel\/DNkMKxnuEi4\/\">D\u00e9partement974 du 20 ao\u00fbt 2025<\/a><\/p>\n\n\n\n<p class=\"has-accent-1-color has-text-color has-link-color has-large-font-size wp-elements-68d6f51a4ad7d4f44265fe20ee76cf31\"><a href=\"https:\/\/www.antennereunion.fr\/infos-et-magazines\/le-departement-des-generations\/replay\/le-departement-des-generations-2025-mardi-09-septembre-2025\">Antenne R\u00e9union : l&rsquo;\u00e9mission \u00ab\u00a0le d\u00e9partement des g\u00e9n\u00e9rations\u00a0\u00bb<\/a> du 9 septembre 2025<\/p>\n\n\n\n<p><\/p>\n","protected":false},"excerpt":{"rendered":"<p>Le Quotidien du 16 ao\u00fbt 2025 R\u00e9union Premi\u00e8re du 11 ao\u00fbt 2025 Zinfos974 du 17 ao\u00fbt 2025 D\u00e9partement974 du 20 ao\u00fbt 2025 Antenne R\u00e9union : l&rsquo;\u00e9mission \u00ab\u00a0le d\u00e9partement des g\u00e9n\u00e9rations\u00a0\u00bb du 9 septembre 2025<\/p>\n","protected":false},"author":6403,"featured_media":0,"parent":0,"menu_order":0,"comment_status":"closed","ping_status":"closed","template":"","meta":{"footnotes":""},"class_list":["post-3689","page","type-page","status-publish","hentry"],"_links":{"self":[{"href":"https:\/\/etab.ac-reunion.fr\/clg-gaston-crochet\/wp-json\/wp\/v2\/pages\/3689","targetHints":{"allow":["GET"]}}],"collection":[{"href":"https:\/\/etab.ac-reunion.fr\/clg-gaston-crochet\/wp-json\/wp\/v2\/pages"}],"about":[{"href":"https:\/\/etab.ac-reunion.fr\/clg-gaston-crochet\/wp-json\/wp\/v2\/types\/page"}],"author":[{"embeddable":true,"href":"https:\/\/etab.ac-reunion.fr\/clg-gaston-crochet\/wp-json\/wp\/v2\/users\/6403"}],"replies":[{"embeddable":true,"href":"https:\/\/etab.ac-reunion.fr\/clg-gaston-crochet\/wp-json\/wp\/v2\/comments?post=3689"}],"version-history":[{"count":3,"href":"https:\/\/etab.ac-reunion.fr\/clg-gaston-crochet\/wp-json\/wp\/v2\/pages\/3689\/revisions"}],"predecessor-version":[{"id":3695,"href":"https:\/\/etab.ac-reunion.fr\/clg-gaston-crochet\/wp-json\/wp\/v2\/pages\/3689\/revisions\/3695"}],"wp:attachment":[{"href":"https:\/\/etab.ac-reunion.fr\/clg-gaston-crochet\/wp-json\/wp\/v2\/media?parent=3689"}],"curies":[{"name":"wp","href":"https:\/\/api.w.org\/{rel}","templated":true}]}}