{"id":3699,"date":"2025-11-17T15:04:53","date_gmt":"2025-11-17T12:04:53","guid":{"rendered":"https:\/\/etab.ac-reunion.fr\/clg-gaston-crochet\/?page_id=3699"},"modified":"2025-12-01T10:36:19","modified_gmt":"2025-12-01T07:36:19","slug":"la-carte-des-formations-des-lycees-de-st-benoit","status":"publish","type":"page","link":"https:\/\/etab.ac-reunion.fr\/clg-gaston-crochet\/la-carte-des-formations-des-lycees-de-st-benoit\/","title":{"rendered":"La carte des formations des lyc\u00e9es de St Benoit"},"content":{"rendered":"\n<h3 class=\"wp-block-heading has-accent-2-color has-text-color has-link-color has-large-font-size wp-elements-6567cd05379a87aa42352d1535006469\">Choisir sa voie apr\u00e8s la 3\u1d49 : les formations des lyc\u00e9es de Saint-Beno\u00eet<\/h3>\n\n\n\n<p class=\"has-headings-color has-text-color has-link-color has-large-font-size wp-elements-3f9749db8223c09c7400bb937909ff4d\">Pour accompagner nos \u00e9l\u00e8ves de 3\u1d49 dans la construction de leur projet d\u2019orientation, nous mettons \u00e0 disposition une vid\u00e9o pr\u00e9sentant <strong>l\u2019ensemble des formations propos\u00e9es par les lyc\u00e9es de Saint-Beno\u00eet<\/strong>.<br>Elle permet de d\u00e9couvrir, de mani\u00e8re simple et concr\u00e8te, les diff\u00e9rentes voies possibles apr\u00e8s le coll\u00e8ge : voies g\u00e9n\u00e9rale et technologique, voies professionnelles, CAP, sp\u00e9cialit\u00e9s, fili\u00e8res sp\u00e9cifiques\u2026<\/p>\n\n\n\n<p class=\"has-large-font-size\"><strong>T\u00e9l\u00e9charger la vid\u00e9o (34 Mo)<\/strong>&nbsp;:<br><a href=\"https:\/\/drive.cr-reunion.fr\/d\/s\/15kzaulpgEzqdltopygiKikgtGAcx8Gs\/CIe-zYxkVMAdlc-jfW9UnX_IDulwz06U-bLrDt-K1ugw\">https:\/\/drive.cr-reunion.fr\/d\/s\/15kzaulpgEzqdltopygiKikgtGAcx8Gs\/CIe-zYxkVMAdlc-jfW9UnX_IDulwz06U-bLrDt-K1ugw<\/a><\/p>\n","protected":false},"excerpt":{"rendered":"<p>Choisir sa voie apr\u00e8s la 3\u1d49 : les formations des lyc\u00e9es de Saint-Beno\u00eet Pour accompagner nos \u00e9l\u00e8ves de 3\u1d49 dans la construction de leur projet d\u2019orientation, nous mettons \u00e0 disposition une vid\u00e9o pr\u00e9sentant l\u2019ensemble des formations propos\u00e9es par les lyc\u00e9es de Saint-Beno\u00eet.Elle permet de d\u00e9couvrir, de mani\u00e8re simple et concr\u00e8te, &hellip;<\/p>\n","protected":false},"author":6403,"featured_media":0,"parent":0,"menu_order":0,"comment_status":"closed","ping_status":"closed","template":"","meta":{"footnotes":""},"class_list":["post-3699","page","type-page","status-publish","hentry"],"_links":{"self":[{"href":"https:\/\/etab.ac-reunion.fr\/clg-gaston-crochet\/wp-json\/wp\/v2\/pages\/3699","targetHints":{"allow":["GET"]}}],"collection":[{"href":"https:\/\/etab.ac-reunion.fr\/clg-gaston-crochet\/wp-json\/wp\/v2\/pages"}],"about":[{"href":"https:\/\/etab.ac-reunion.fr\/clg-gaston-crochet\/wp-json\/wp\/v2\/types\/page"}],"author":[{"embeddable":true,"href":"https:\/\/etab.ac-reunion.fr\/clg-gaston-crochet\/wp-json\/wp\/v2\/users\/6403"}],"replies":[{"embeddable":true,"href":"https:\/\/etab.ac-reunion.fr\/clg-gaston-crochet\/wp-json\/wp\/v2\/comments?post=3699"}],"version-history":[{"count":5,"href":"https:\/\/etab.ac-reunion.fr\/clg-gaston-crochet\/wp-json\/wp\/v2\/pages\/3699\/revisions"}],"predecessor-version":[{"id":3746,"href":"https:\/\/etab.ac-reunion.fr\/clg-gaston-crochet\/wp-json\/wp\/v2\/pages\/3699\/revisions\/3746"}],"wp:attachment":[{"href":"https:\/\/etab.ac-reunion.fr\/clg-gaston-crochet\/wp-json\/wp\/v2\/media?parent=3699"}],"curies":[{"name":"wp","href":"https:\/\/api.w.org\/{rel}","templated":true}]}}