{"id":3706,"date":"2025-11-18T09:27:04","date_gmt":"2025-11-18T06:27:04","guid":{"rendered":"https:\/\/etab.ac-reunion.fr\/clg-gaston-crochet\/?page_id=3706"},"modified":"2025-11-19T11:20:34","modified_gmt":"2025-11-19T08:20:34","slug":"examens-certifications","status":"publish","type":"page","link":"https:\/\/etab.ac-reunion.fr\/clg-gaston-crochet\/examens-certifications\/","title":{"rendered":"EXAMENS &amp; CERTIFICATIONS"},"content":{"rendered":"\n<p class=\"has-accent-2-color has-text-color has-link-color has-large-font-size wp-elements-2220424fb5a95a100eceadccec18c3f6\"><strong>Pr\u00e9parer sereinement les examens avec toutes les informations essentielles<\/strong><\/p>\n\n\n\n<p class=\"has-large-font-size\">Cette rubrique est d\u00e9di\u00e9e \u00e0 l\u2019organisation des examens au coll\u00e8ge Gaston Crochet. Elle permet aux \u00e9l\u00e8ves de 3\u1d49 et \u00e0 leurs familles d\u2019acc\u00e9der facilement \u00e0 tous les documents, circulaires et formulaires utiles pour :<\/p>\n\n\n\n<ul class=\"wp-block-list\">\n<li class=\"has-accent-1-color has-text-color has-link-color has-large-font-size wp-elements-7d3c18ce64ec3728ffbda4ea65d43ee8\">Le <strong>Dipl\u00f4me National du Brevet (DNB)<\/strong><\/li>\n\n\n\n<li class=\"has-accent-1-color has-text-color has-link-color has-large-font-size wp-elements-cfd2d632586d39810de5fc43f994115e\">Les <strong>certifications en Langues Vivantes \u00c9trang\u00e8res (anglais, espagnol, allemand)<\/strong><\/li>\n\n\n\n<li class=\"has-accent-1-color has-text-color has-link-color has-large-font-size wp-elements-1a0a8846e6efe7af83e9dd6855f9ce73\">Les <strong>am\u00e9nagements d\u2019\u00e9preuves<\/strong> pour les \u00e9l\u00e8ves \u00e0 besoins sp\u00e9cifiques<\/li>\n\n\n\n<li class=\"has-accent-1-color has-text-color has-link-color has-large-font-size wp-elements-d8b5a2c9803f4160a51b18256e68492e\">Les <strong>contacts utiles<\/strong> pour tout renseignement compl\u00e9mentaire<\/li>\n<\/ul>\n\n\n\n<p class=\"has-large-font-size\">\ud83e\uddfe <em>Tous les documents relatifs aux examens sont t\u00e9l\u00e9chargeables ci-dessous. Veuillez respecter les dates limites indiqu\u00e9es pour chaque d\u00e9marche.<\/em><\/p>\n\n\n\n<h3 class=\"wp-block-heading has-accent-2-color has-text-color has-link-color has-large-font-size wp-elements-3376ce1f800f281e56923deb88964a21\"><strong>Organisation de la page<\/strong><\/h3>\n\n\n\n<h4 class=\"wp-block-heading has-large-font-size\">\ud83d\udcc5 1. <strong>Calendriers et circulaires<\/strong><\/h4>\n\n\n\n<ul class=\"wp-block-list\">\n<li class=\"has-large-font-size\"><a href=\"https:\/\/etab.ac-reunion.fr\/clg-gaston-crochet\/wp-content\/uploads\/sites\/97\/2025\/11\/Annexe-2-Calendrier-des-campagnes-de-demandes-damenagements-depreuves-session-2026-1.pdf\" data-type=\"attachment\" data-id=\"3730\">\ud83d\uddd3\ufe0f Calendrier des demandes d&rsquo;am\u00e9nagements d&rsquo;\u00e9preuves<\/a><\/li>\n\n\n\n<li class=\"has-large-font-size\"><a href=\"https:\/\/etab.ac-reunion.fr\/clg-gaston-crochet\/wp-content\/uploads\/sites\/97\/2025\/11\/Circulaire-de-CL-Session-2026-ANGLAIS.pdf\" data-type=\"attachment\" data-id=\"3723\">\ud83d\udccc Circulaire Certification en Anglais (CEC &#8211; Session 2026)<\/a><\/li>\n\n\n\n<li class=\"has-large-font-size\"><a href=\"https:\/\/etab.ac-reunion.fr\/clg-gaston-crochet\/wp-content\/uploads\/sites\/97\/2025\/11\/Circulaire-de-CL-Session-2026-ESPAGNOL.pdf\" data-type=\"attachment\" data-id=\"3724\">\ud83d\udccc Circulaire Certification en Espagnol \u2013 Session 2026<\/a><\/li>\n\n\n\n<li class=\"has-large-font-size\"><a href=\"https:\/\/etab.ac-reunion.fr\/clg-gaston-crochet\/wp-content\/uploads\/sites\/97\/2025\/11\/Circulaire-de-CL-Session-2026-ALLEMAND.pdf\" data-type=\"attachment\" data-id=\"3722\">\ud83d\udccc Circulaire Certification en Allemand \u2013 Session 2026<\/a><\/li>\n<\/ul>\n\n\n\n<h4 class=\"wp-block-heading has-large-font-size\">\ud83d\udcdd 2. <strong>Formulaire \u00e0 t\u00e9l\u00e9charger<\/strong><\/h4>\n\n\n\n<ul class=\"wp-block-list\">\n<li class=\"has-large-font-size\"><a href=\"https:\/\/etab.ac-reunion.fr\/clg-gaston-crochet\/wp-content\/uploads\/sites\/97\/2025\/11\/Annexe-2-Demande-dadaptation-des-supports-depreuves-1.pdf\" data-type=\"attachment\" data-id=\"3727\">\ud83d\udcc4 Formulaire d\u2019adaptation des supports pour \u00e9l\u00e8ves en situation de handicap (PDF)<\/a><\/li>\n<\/ul>\n\n\n\n<p><\/p>\n","protected":false},"excerpt":{"rendered":"<p>Pr\u00e9parer sereinement les examens avec toutes les informations essentielles Cette rubrique est d\u00e9di\u00e9e \u00e0 l\u2019organisation des examens au coll\u00e8ge Gaston Crochet. Elle permet aux \u00e9l\u00e8ves de 3\u1d49 et \u00e0 leurs familles d\u2019acc\u00e9der facilement \u00e0 tous les documents, circulaires et formulaires utiles pour : \ud83e\uddfe Tous les documents relatifs aux examens &hellip;<\/p>\n","protected":false},"author":6403,"featured_media":0,"parent":0,"menu_order":0,"comment_status":"closed","ping_status":"closed","template":"","meta":{"footnotes":""},"class_list":["post-3706","page","type-page","status-publish","hentry"],"_links":{"self":[{"href":"https:\/\/etab.ac-reunion.fr\/clg-gaston-crochet\/wp-json\/wp\/v2\/pages\/3706","targetHints":{"allow":["GET"]}}],"collection":[{"href":"https:\/\/etab.ac-reunion.fr\/clg-gaston-crochet\/wp-json\/wp\/v2\/pages"}],"about":[{"href":"https:\/\/etab.ac-reunion.fr\/clg-gaston-crochet\/wp-json\/wp\/v2\/types\/page"}],"author":[{"embeddable":true,"href":"https:\/\/etab.ac-reunion.fr\/clg-gaston-crochet\/wp-json\/wp\/v2\/users\/6403"}],"replies":[{"embeddable":true,"href":"https:\/\/etab.ac-reunion.fr\/clg-gaston-crochet\/wp-json\/wp\/v2\/comments?post=3706"}],"version-history":[{"count":6,"href":"https:\/\/etab.ac-reunion.fr\/clg-gaston-crochet\/wp-json\/wp\/v2\/pages\/3706\/revisions"}],"predecessor-version":[{"id":3731,"href":"https:\/\/etab.ac-reunion.fr\/clg-gaston-crochet\/wp-json\/wp\/v2\/pages\/3706\/revisions\/3731"}],"wp:attachment":[{"href":"https:\/\/etab.ac-reunion.fr\/clg-gaston-crochet\/wp-json\/wp\/v2\/media?parent=3706"}],"curies":[{"name":"wp","href":"https:\/\/api.w.org\/{rel}","templated":true}]}}