{"id":3826,"date":"2025-12-05T14:30:13","date_gmt":"2025-12-05T11:30:13","guid":{"rendered":"https:\/\/etab.ac-reunion.fr\/clg-gaston-crochet\/?page_id=3826"},"modified":"2025-12-25T16:44:53","modified_gmt":"2025-12-25T13:44:53","slug":"ce-qui-change-en-2026","status":"publish","type":"page","link":"https:\/\/etab.ac-reunion.fr\/clg-gaston-crochet\/ce-qui-change-en-2026\/","title":{"rendered":"CE QUI CHANGE EN 2026"},"content":{"rendered":"\n<p class=\"has-large-font-size\">Un document d\u2019information <a href=\"https:\/\/www.education.gouv.fr\/media\/229601\/download\" target=\"_blank\" rel=\"noreferrer noopener\"><strong>\u00ab\u00a0Tout savoir sur le brevet\u00a0\u00bb<\/strong><\/a>, \u00e0 destination des \u00e9l\u00e8ves et de leurs familles, d\u00e9taillant les nouvelles modalit\u00e9s.<\/p>\n\n\n\n<p class=\".wp-block-file__embed, .wp-block-file__embed iframe, object, embed[type=&quot;application\/pdf&quot;] { height: 800px; max-height: none; has-accent-2-color has-text-color has-link-color has-large-font-size wp-elements-c3cd1845a3bf64b59b86c01920eaa7d1\">A t\u00e9l\u00e9charger ici <strong>en cliquant sur la fl\u00e8che (vers le bas) positionn\u00e9e \u00e0 droite du bandeau noir ci-dessous, juste avant l\u2019image de l\u2019imprimante<\/strong><\/p>\n\n\n\n<div class=\"wp-block-file .wp-block-file__embed, .wp-block-file__embed iframe, object, embed[type=&quot;application\/pdf&quot;] {  height: 800px; max-height: none; }\"><a id=\"wp-block-file--media-6bf76a4b-dec6-4284-a824-945a2b7f1904\" href=\"https:\/\/etab.ac-reunion.fr\/clg-gaston-crochet\/wp-content\/uploads\/sites\/97\/2025\/12\/l-ves-de-3e-tout-savoir-sur-le-nouveau-brevet-2026-229601.pdf\">-l-ves-de-3e-tout-savoir-sur-le-nouveau-brevet-2026-229601<\/a><a href=\"https:\/\/etab.ac-reunion.fr\/clg-gaston-crochet\/wp-content\/uploads\/sites\/97\/2025\/12\/l-ves-de-3e-tout-savoir-sur-le-nouveau-brevet-2026-229601.pdf\" class=\"wp-block-file__button wp-element-button\" download aria-describedby=\"wp-block-file--media-6bf76a4b-dec6-4284-a824-945a2b7f1904\">T\u00e9l\u00e9charger<\/a><\/div>\n\n\n<a href=\"https:\/\/etab.ac-reunion.fr\/clg-gaston-crochet\/wp-content\/uploads\/sites\/97\/2025\/12\/l-ves-de-3e-tout-savoir-sur-le-nouveau-brevet-2026-229601.pdf\" class=\"pdfemb-viewer\" style=\"\" data-width=\"max\" data-height=\"max\" data-toolbar=\"top\" data-toolbar-fixed=\"off\">l-ves-de-3e-tout-savoir-sur-le-nouveau-brevet-2026-229601<\/a>","protected":false},"excerpt":{"rendered":"<p>Un document d\u2019information \u00ab\u00a0Tout savoir sur le brevet\u00a0\u00bb, \u00e0 destination des \u00e9l\u00e8ves et de leurs familles, d\u00e9taillant les nouvelles modalit\u00e9s. A t\u00e9l\u00e9charger ici en cliquant sur la fl\u00e8che (vers le bas) positionn\u00e9e \u00e0 droite du bandeau noir ci-dessous, juste avant l\u2019image de l\u2019imprimante<\/p>\n","protected":false},"author":6403,"featured_media":0,"parent":0,"menu_order":0,"comment_status":"closed","ping_status":"closed","template":"","meta":{"footnotes":""},"class_list":["post-3826","page","type-page","status-publish","hentry"],"_links":{"self":[{"href":"https:\/\/etab.ac-reunion.fr\/clg-gaston-crochet\/wp-json\/wp\/v2\/pages\/3826","targetHints":{"allow":["GET"]}}],"collection":[{"href":"https:\/\/etab.ac-reunion.fr\/clg-gaston-crochet\/wp-json\/wp\/v2\/pages"}],"about":[{"href":"https:\/\/etab.ac-reunion.fr\/clg-gaston-crochet\/wp-json\/wp\/v2\/types\/page"}],"author":[{"embeddable":true,"href":"https:\/\/etab.ac-reunion.fr\/clg-gaston-crochet\/wp-json\/wp\/v2\/users\/6403"}],"replies":[{"embeddable":true,"href":"https:\/\/etab.ac-reunion.fr\/clg-gaston-crochet\/wp-json\/wp\/v2\/comments?post=3826"}],"version-history":[{"count":7,"href":"https:\/\/etab.ac-reunion.fr\/clg-gaston-crochet\/wp-json\/wp\/v2\/pages\/3826\/revisions"}],"predecessor-version":[{"id":3889,"href":"https:\/\/etab.ac-reunion.fr\/clg-gaston-crochet\/wp-json\/wp\/v2\/pages\/3826\/revisions\/3889"}],"wp:attachment":[{"href":"https:\/\/etab.ac-reunion.fr\/clg-gaston-crochet\/wp-json\/wp\/v2\/media?parent=3826"}],"curies":[{"name":"wp","href":"https:\/\/api.w.org\/{rel}","templated":true}]}}