{"id":3849,"date":"2025-12-19T10:14:08","date_gmt":"2025-12-19T07:14:08","guid":{"rendered":"https:\/\/etab.ac-reunion.fr\/clg-gaston-crochet\/?page_id=3849"},"modified":"2025-12-25T16:31:51","modified_gmt":"2025-12-25T13:31:51","slug":"bien-preparer-sa-rentree-en-5eme","status":"publish","type":"page","link":"https:\/\/etab.ac-reunion.fr\/clg-gaston-crochet\/bien-preparer-sa-rentree-en-5eme\/","title":{"rendered":"Bien pr\u00e9parer sa rentr\u00e9e en 5\u00e8me"},"content":{"rendered":"\n<p class=\"has-accent-2-color has-text-color has-link-color has-large-font-size wp-elements-763d5efb33ee9f42f0186aafcd6c9d03\"><strong>Brochure : Bien pr\u00e9parer sa rentr\u00e9e en 5\u1d49<\/strong><br>Retrouvez ici toutes les infos essentielles pour aborder sereinement la classe de 5\u1d49 : l\u2019organisation des enseignements, l\u2019autonomie attendue des \u00e9l\u00e8ves, les dispositifs d\u2019aide et d\u2019accompagnement (soutien, <em>Devoirs faits<\/em>, stages de r\u00e9ussite), ainsi que des conseils pratiques pour les familles et les \u00e9l\u00e8ves.<\/p>\n\n\n\n<p class=\"has-large-font-size\"><em>Bien pr\u00e9parer sa rentr\u00e9e en 5\u1d49<\/em> \u2014 site du minist\u00e8re de l\u2019\u00c9ducation nationale : <a href=\"https:\/\/www.education.gouv.fr\/annee-scolaire-2024-2025-bien-preparer-sa-rentree-en-5e-414405?utm_source=chatgpt.com\"><a href=\"https:\/\/aca.re\/EqmYb\" target=\"_blank\" rel=\"noreferrer noopener\">aca.re\/EqmYb<\/a><\/a><\/p>\n\n\n\n<p class=\"has-accent-1-color has-text-color has-link-color has-large-font-size wp-elements-760b14289b6a0a1ec3ccda4d76c126ae\"><strong>T\u00e9l\u00e9charger<\/strong>\u00a0<strong>en cliquant sur le bouton noir ci-dessous<\/strong>.<\/p>\n\n\n\n<div class=\"wp-block-file\"><a id=\"wp-block-file--media-e904d6d7-a99d-4955-9f7c-5232b6d0f1ca\" href=\"https:\/\/etab.ac-reunion.fr\/clg-gaston-crochet\/wp-content\/uploads\/sites\/97\/2025\/12\/BIEN-PRPARER-SA-5EME.pdf\">BIEN PRPARER SA 5EME<\/a><a href=\"https:\/\/etab.ac-reunion.fr\/clg-gaston-crochet\/wp-content\/uploads\/sites\/97\/2025\/12\/BIEN-PRPARER-SA-5EME.pdf\" class=\"wp-block-file__button wp-element-button\" download aria-describedby=\"wp-block-file--media-e904d6d7-a99d-4955-9f7c-5232b6d0f1ca\">T\u00e9l\u00e9charger<\/a><\/div>\n\n\n<a href=\"https:\/\/etab.ac-reunion.fr\/clg-gaston-crochet\/wp-content\/uploads\/sites\/97\/2025\/12\/BIEN-PRPARER-SA-5EME.pdf\" class=\"pdfemb-viewer\" style=\"\" data-width=\"max\" data-height=\"max\" data-toolbar=\"top\" data-toolbar-fixed=\"off\">BIEN-PRPARER-SA-5EME<\/a>","protected":false},"excerpt":{"rendered":"<p>Brochure : Bien pr\u00e9parer sa rentr\u00e9e en 5\u1d49Retrouvez ici toutes les infos essentielles pour aborder sereinement la classe de 5\u1d49 : l\u2019organisation des enseignements, l\u2019autonomie attendue des \u00e9l\u00e8ves, les dispositifs d\u2019aide et d\u2019accompagnement (soutien, Devoirs faits, stages de r\u00e9ussite), ainsi que des conseils pratiques pour les familles et les \u00e9l\u00e8ves. &hellip;<\/p>\n","protected":false},"author":6403,"featured_media":0,"parent":0,"menu_order":0,"comment_status":"closed","ping_status":"closed","template":"","meta":{"footnotes":""},"class_list":["post-3849","page","type-page","status-publish","hentry"],"_links":{"self":[{"href":"https:\/\/etab.ac-reunion.fr\/clg-gaston-crochet\/wp-json\/wp\/v2\/pages\/3849","targetHints":{"allow":["GET"]}}],"collection":[{"href":"https:\/\/etab.ac-reunion.fr\/clg-gaston-crochet\/wp-json\/wp\/v2\/pages"}],"about":[{"href":"https:\/\/etab.ac-reunion.fr\/clg-gaston-crochet\/wp-json\/wp\/v2\/types\/page"}],"author":[{"embeddable":true,"href":"https:\/\/etab.ac-reunion.fr\/clg-gaston-crochet\/wp-json\/wp\/v2\/users\/6403"}],"replies":[{"embeddable":true,"href":"https:\/\/etab.ac-reunion.fr\/clg-gaston-crochet\/wp-json\/wp\/v2\/comments?post=3849"}],"version-history":[{"count":5,"href":"https:\/\/etab.ac-reunion.fr\/clg-gaston-crochet\/wp-json\/wp\/v2\/pages\/3849\/revisions"}],"predecessor-version":[{"id":3883,"href":"https:\/\/etab.ac-reunion.fr\/clg-gaston-crochet\/wp-json\/wp\/v2\/pages\/3849\/revisions\/3883"}],"wp:attachment":[{"href":"https:\/\/etab.ac-reunion.fr\/clg-gaston-crochet\/wp-json\/wp\/v2\/media?parent=3849"}],"curies":[{"name":"wp","href":"https:\/\/api.w.org\/{rel}","templated":true}]}}