{"id":3856,"date":"2025-12-19T10:28:52","date_gmt":"2025-12-19T07:28:52","guid":{"rendered":"https:\/\/etab.ac-reunion.fr\/clg-gaston-crochet\/?page_id=3856"},"modified":"2025-12-19T10:39:39","modified_gmt":"2025-12-19T07:39:39","slug":"nos-resultats-aux-examens","status":"publish","type":"page","link":"https:\/\/etab.ac-reunion.fr\/clg-gaston-crochet\/nos-resultats-aux-examens\/","title":{"rendered":"Nos r\u00e9sultats aux examens"},"content":{"rendered":"\n<p class=\"has-large-font-size\">Le coll\u00e8ge <strong>Gaston Crochet<\/strong> est heureux de partager les <strong>r\u00e9sultats aux examens de la session 2025<\/strong>, qui t\u00e9moignent de l\u2019engagement et du s\u00e9rieux de nos \u00e9l\u00e8ves, ainsi que du travail collectif des \u00e9quipes p\u00e9dagogiques et \u00e9ducatives.<\/p>\n\n\n\n<p class=\"has-accent-2-color has-text-color has-link-color has-large-font-size wp-elements-d6d3367570bb4963bf1b3dd6700f2caf\">Avec des taux de r\u00e9ussite<strong> <\/strong> dans l\u2019ensemble des s\u00e9ries (g\u00e9n\u00e9rale, professionnelle et CFG) et de nombreuses <strong>mentions<\/strong>, ces r\u00e9sultats confirment la dynamique positive de l\u2019\u00e9tablissement et l\u2019accompagnement mis en place pour conduire chaque \u00e9l\u00e8ve vers la r\u00e9ussite.<\/p>\n\n\n\n<p class=\"has-accent-1-color has-text-color has-link-color has-large-font-size wp-elements-82dbbe4aff57df655c6adf329d7ab17c\">Nous adressons nos f\u00e9licitations \u00e0 l\u2019ensemble des \u00e9l\u00e8ves admis, ainsi que nos remerciements aux personnels et aux familles pour leur implication tout au long de l\u2019ann\u00e9e scolaire.<\/p>\n\n\n\n<p class=\"has-large-font-size\">\ud83d\udccc <em>Vous trouverez ci-dessous le tableau r\u00e9capitulatif des r\u00e9sultats de la session 2025, ainsi qu\u2019un rappel des taux de r\u00e9ussite des ann\u00e9es pr\u00e9c\u00e9dentes.<\/em><\/p>\n\n\n\n<figure class=\"wp-block-image size-full\"><img loading=\"lazy\" decoding=\"async\" width=\"696\" height=\"640\" src=\"https:\/\/etab.ac-reunion.fr\/clg-gaston-crochet\/wp-content\/uploads\/sites\/97\/2025\/12\/dnb2025.png\" alt=\"\" class=\"wp-image-3857\" srcset=\"https:\/\/etab.ac-reunion.fr\/clg-gaston-crochet\/wp-content\/uploads\/sites\/97\/2025\/12\/dnb2025.png 696w, https:\/\/etab.ac-reunion.fr\/clg-gaston-crochet\/wp-content\/uploads\/sites\/97\/2025\/12\/dnb2025-300x276.png 300w, https:\/\/etab.ac-reunion.fr\/clg-gaston-crochet\/wp-content\/uploads\/sites\/97\/2025\/12\/dnb2025-218x200.png 218w\" sizes=\"auto, (max-width: 696px) 100vw, 696px\" \/><\/figure>\n\n\n\n<p><\/p>\n","protected":false},"excerpt":{"rendered":"<p>Le coll\u00e8ge Gaston Crochet est heureux de partager les r\u00e9sultats aux examens de la session 2025, qui t\u00e9moignent de l\u2019engagement et du s\u00e9rieux de nos \u00e9l\u00e8ves, ainsi que du travail collectif des \u00e9quipes p\u00e9dagogiques et \u00e9ducatives. Avec des taux de r\u00e9ussite dans l\u2019ensemble des s\u00e9ries (g\u00e9n\u00e9rale, professionnelle et CFG) et &hellip;<\/p>\n","protected":false},"author":6403,"featured_media":0,"parent":0,"menu_order":0,"comment_status":"closed","ping_status":"closed","template":"","meta":{"footnotes":""},"class_list":["post-3856","page","type-page","status-publish","hentry"],"_links":{"self":[{"href":"https:\/\/etab.ac-reunion.fr\/clg-gaston-crochet\/wp-json\/wp\/v2\/pages\/3856","targetHints":{"allow":["GET"]}}],"collection":[{"href":"https:\/\/etab.ac-reunion.fr\/clg-gaston-crochet\/wp-json\/wp\/v2\/pages"}],"about":[{"href":"https:\/\/etab.ac-reunion.fr\/clg-gaston-crochet\/wp-json\/wp\/v2\/types\/page"}],"author":[{"embeddable":true,"href":"https:\/\/etab.ac-reunion.fr\/clg-gaston-crochet\/wp-json\/wp\/v2\/users\/6403"}],"replies":[{"embeddable":true,"href":"https:\/\/etab.ac-reunion.fr\/clg-gaston-crochet\/wp-json\/wp\/v2\/comments?post=3856"}],"version-history":[{"count":2,"href":"https:\/\/etab.ac-reunion.fr\/clg-gaston-crochet\/wp-json\/wp\/v2\/pages\/3856\/revisions"}],"predecessor-version":[{"id":3861,"href":"https:\/\/etab.ac-reunion.fr\/clg-gaston-crochet\/wp-json\/wp\/v2\/pages\/3856\/revisions\/3861"}],"wp:attachment":[{"href":"https:\/\/etab.ac-reunion.fr\/clg-gaston-crochet\/wp-json\/wp\/v2\/media?parent=3856"}],"curies":[{"name":"wp","href":"https:\/\/api.w.org\/{rel}","templated":true}]}}