{"id":3897,"date":"2026-02-13T08:50:40","date_gmt":"2026-02-13T05:50:40","guid":{"rendered":"https:\/\/etab.ac-reunion.fr\/clg-gaston-crochet\/?page_id=3897"},"modified":"2026-02-13T09:17:56","modified_gmt":"2026-02-13T06:17:56","slug":"orienta-nou","status":"publish","type":"page","link":"https:\/\/etab.ac-reunion.fr\/clg-gaston-crochet\/orienta-nou\/","title":{"rendered":"ORIENT&rsquo;A NOU"},"content":{"rendered":"\n<p class=\"has-accent-2-color has-text-color has-link-color has-large-font-size wp-elements-8f2bf89ecc12cbe29f117841c11316bc\">Consulter le guide sur l&rsquo;orientation \u00e0 la R\u00e9union, de la R\u00e9gion R\u00e9union <\/p>\n\n\n\n<p class=\"has-accent-1-color has-text-color has-link-color has-large-font-size wp-elements-12e33ae463334945bcb93dc6ddd7cb3a\">Dans le cadre de la politique r\u00e9gionale d\u2019information \u00e0 l\u2019orientation, la R\u00e9gion R\u00e9union vous informe de la <strong>publication des nouveaux guides de la R\u00e9gion<\/strong>, destin\u00e9s \u00e0 accompagner les \u00e9l\u00e8ves et leurs familles dans leurs choix d\u2019orientation.<\/p>\n\n\n\n\ud83c\udf10 <a href=\"https:\/\/www.regionreunion.com\/aides-services\/article\/orientation \" target=\"_blank\" style=\"color: #3A8A3D\">Site officiel<\/a>\n    <\/li>\n\n\n\n<figure class=\"wp-block-image size-full\"><img loading=\"lazy\" decoding=\"async\" width=\"162\" height=\"162\" src=\"https:\/\/etab.ac-reunion.fr\/clg-gaston-crochet\/wp-content\/uploads\/sites\/97\/2026\/02\/image.png\" alt=\"\" class=\"wp-image-3900\" srcset=\"https:\/\/etab.ac-reunion.fr\/clg-gaston-crochet\/wp-content\/uploads\/sites\/97\/2026\/02\/image.png 162w, https:\/\/etab.ac-reunion.fr\/clg-gaston-crochet\/wp-content\/uploads\/sites\/97\/2026\/02\/image-150x150.png 150w\" sizes=\"auto, (max-width: 162px) 100vw, 162px\" \/><\/figure>\n\n\n\n<p><\/p>\n","protected":false},"excerpt":{"rendered":"<p>Consulter le guide sur l&rsquo;orientation \u00e0 la R\u00e9union, de la R\u00e9gion R\u00e9union Dans le cadre de la politique r\u00e9gionale d\u2019information \u00e0 l\u2019orientation, la R\u00e9gion R\u00e9union vous informe de la publication des nouveaux guides de la R\u00e9gion, destin\u00e9s \u00e0 accompagner les \u00e9l\u00e8ves et leurs familles dans leurs choix d\u2019orientation. \ud83c\udf10 Site &hellip;<\/p>\n","protected":false},"author":6403,"featured_media":0,"parent":0,"menu_order":0,"comment_status":"closed","ping_status":"closed","template":"","meta":{"footnotes":""},"class_list":["post-3897","page","type-page","status-publish","hentry"],"_links":{"self":[{"href":"https:\/\/etab.ac-reunion.fr\/clg-gaston-crochet\/wp-json\/wp\/v2\/pages\/3897","targetHints":{"allow":["GET"]}}],"collection":[{"href":"https:\/\/etab.ac-reunion.fr\/clg-gaston-crochet\/wp-json\/wp\/v2\/pages"}],"about":[{"href":"https:\/\/etab.ac-reunion.fr\/clg-gaston-crochet\/wp-json\/wp\/v2\/types\/page"}],"author":[{"embeddable":true,"href":"https:\/\/etab.ac-reunion.fr\/clg-gaston-crochet\/wp-json\/wp\/v2\/users\/6403"}],"replies":[{"embeddable":true,"href":"https:\/\/etab.ac-reunion.fr\/clg-gaston-crochet\/wp-json\/wp\/v2\/comments?post=3897"}],"version-history":[{"count":6,"href":"https:\/\/etab.ac-reunion.fr\/clg-gaston-crochet\/wp-json\/wp\/v2\/pages\/3897\/revisions"}],"predecessor-version":[{"id":3906,"href":"https:\/\/etab.ac-reunion.fr\/clg-gaston-crochet\/wp-json\/wp\/v2\/pages\/3897\/revisions\/3906"}],"wp:attachment":[{"href":"https:\/\/etab.ac-reunion.fr\/clg-gaston-crochet\/wp-json\/wp\/v2\/media?parent=3897"}],"curies":[{"name":"wp","href":"https:\/\/api.w.org\/{rel}","templated":true}]}}