{"id":1011,"date":"2013-10-04T08:31:57","date_gmt":"2013-10-04T04:31:57","guid":{"rendered":"https:\/\/portail.college-guymoquet.re\/wordpress\/?page_id=1011"},"modified":"2025-05-17T19:07:11","modified_gmt":"2025-05-17T15:07:11","slug":"histoire-geographie","status":"publish","type":"page","link":"https:\/\/etab.ac-reunion.fr\/clg-guy-moquet\/les-disciplines-2\/histoire-geographie\/","title":{"rendered":"Histoire g\u00e9ographie"},"content":{"rendered":"<ul class=\"wp-block-latest-posts__list is-grid columns-3 has-dates has-author wp-block-latest-posts\"><li><div class=\"wp-block-latest-posts__featured-image\"><a href=\"https:\/\/etab.ac-reunion.fr\/clg-guy-moquet\/2026\/01\/12\/tous-aux-archives\/\" title=\"Tous aux Archives !\"><img loading=\"lazy\" decoding=\"async\" width=\"150\" height=\"150\" src=\"https:\/\/etab.ac-reunion.fr\/clg-guy-moquet\/wp-content\/uploads\/sites\/63\/2026\/01\/be234e9d-36ad-4b9e-be00-4e965ae899d7-150x150.jpg\" class=\"attachment-thumbnail size-thumbnail wp-post-image\" alt=\"\" style=\"\" \/><\/a><\/div><a class=\"wp-block-latest-posts__post-title\" href=\"https:\/\/etab.ac-reunion.fr\/clg-guy-moquet\/2026\/01\/12\/tous-aux-archives\/\">Tous aux Archives !<\/a><div class=\"wp-block-latest-posts__post-author\">par Elodie Hoarau<\/div><time datetime=\"2026-01-12T15:04:05+04:00\" class=\"wp-block-latest-posts__post-date\">12 janvier 2026<\/time><div class=\"wp-block-latest-posts__post-excerpt\">La 4\u00e8me C, classe D\u00e9fense, ainsi que d&rsquo;autres classes de 4\u00e8me ont pu participer \u00e0 la visite des ADR, archives d\u00e9partementales de la R\u00e9union, aussi appel\u00e9es Archives D\u00e9partementales Sudel Fuma. La sortie a eu lieu le vendredi 3 octobre pour les 4\u00e8mes B et C. Le but de la sortie \u00e9tait de d\u00e9couvrir l&rsquo;histoire de&#8230;<p> <a class=\"continue-reading-link\" href=\"https:\/\/etab.ac-reunion.fr\/clg-guy-moquet\/2026\/01\/12\/tous-aux-archives\/\"><span>Lire la suite<\/span><i class=\"crycon-right-dir\"><\/i><\/a> <\/p><\/div><\/li>\n<li><div class=\"wp-block-latest-posts__featured-image\"><a href=\"https:\/\/etab.ac-reunion.fr\/clg-guy-moquet\/2025\/05\/30\/journees-de-lantiquite-4e-edition\/\" title=\"Journ\u00e9es de l&#039;Antiquit\u00e9 - 4e \u00e9dition\"><img loading=\"lazy\" decoding=\"async\" width=\"150\" height=\"150\" src=\"https:\/\/etab.ac-reunion.fr\/clg-guy-moquet\/wp-content\/uploads\/sites\/63\/2025\/05\/Les-Journees-de-lAntiquite-2025-150x150.jpg\" class=\"attachment-thumbnail size-thumbnail wp-post-image\" alt=\"\" style=\"\" \/><\/a><\/div><a class=\"wp-block-latest-posts__post-title\" href=\"https:\/\/etab.ac-reunion.fr\/clg-guy-moquet\/2025\/05\/30\/journees-de-lantiquite-4e-edition\/\">Journ\u00e9es de l&rsquo;Antiquit\u00e9 &#8211; 4e \u00e9dition<\/a><div class=\"wp-block-latest-posts__post-author\">par Madavjee<\/div><time datetime=\"2025-05-30T12:22:48+04:00\" class=\"wp-block-latest-posts__post-date\">30 mai 2025<\/time><div class=\"wp-block-latest-posts__post-excerpt\">Les 26 et 27 mai 2025 se sont d\u00e9roul\u00e9es les journ\u00e9es de l&rsquo;Antiquit\u00e9. Ces journ\u00e9es, devenues incontournables, sont l&rsquo;occasion pour les \u00e9l\u00e8ves de l&rsquo;option latin de pr\u00e9senter les projets men\u00e9s tout au long de l&rsquo;ann\u00e9e et de permettre aux \u00e9l\u00e8ves de 6e de d\u00e9couvrir l&rsquo;option \u00e0 travers des ateliers r\u00e9alis\u00e9s et anim\u00e9s par eux. Pour&#8230;<p> <a class=\"continue-reading-link\" href=\"https:\/\/etab.ac-reunion.fr\/clg-guy-moquet\/2025\/05\/30\/journees-de-lantiquite-4e-edition\/\"><span>Lire la suite<\/span><i class=\"crycon-right-dir\"><\/i><\/a> <\/p><\/div><\/li>\n<li><div class=\"wp-block-latest-posts__featured-image\"><a href=\"https:\/\/etab.ac-reunion.fr\/clg-guy-moquet\/2025\/05\/26\/a-la-decouverte-des-archives\/\" title=\"\u00c0 la d\u00e9couverte des Archives !\"><img loading=\"lazy\" decoding=\"async\" width=\"150\" height=\"150\" src=\"https:\/\/etab.ac-reunion.fr\/clg-guy-moquet\/wp-content\/uploads\/sites\/63\/2025\/05\/IMG_0071-2-150x150.jpg\" class=\"attachment-thumbnail size-thumbnail wp-post-image\" alt=\"\" style=\"\" \/><\/a><\/div><a class=\"wp-block-latest-posts__post-title\" href=\"https:\/\/etab.ac-reunion.fr\/clg-guy-moquet\/2025\/05\/26\/a-la-decouverte-des-archives\/\">\u00c0 la d\u00e9couverte des Archives !<\/a><div class=\"wp-block-latest-posts__post-author\">par Elodie Hoarau<\/div><time datetime=\"2025-05-26T18:21:41+04:00\" class=\"wp-block-latest-posts__post-date\">26 mai 2025<\/time><div class=\"wp-block-latest-posts__post-excerpt\">Les 4\u00e8me C, D, E et I ont eu le plaisir de d\u00e9couvrir les Archives D\u00e9partementales de la R\u00e9union, aussi appel\u00e9es Archives D\u00e9partementales Sudel Fuma. La sortie a eu lieu le vendredi 11 avril pour les 4\u00e8mes C et D, et le vendredi 25 avril pour les 4\u00e8mes E et I. Le but de la&#8230;<p> <a class=\"continue-reading-link\" href=\"https:\/\/etab.ac-reunion.fr\/clg-guy-moquet\/2025\/05\/26\/a-la-decouverte-des-archives\/\"><span>Lire la suite<\/span><i class=\"crycon-right-dir\"><\/i><\/a> <\/p><\/div><\/li>\n<li><div class=\"wp-block-latest-posts__featured-image\"><a href=\"https:\/\/etab.ac-reunion.fr\/clg-guy-moquet\/2025\/05\/12\/la-participation-des-classes-de-6eme-au-trophee-atlas\/\" title=\"La participation des classes de 6\u00e8me au Troph\u00e9e Atlas\"><img loading=\"lazy\" decoding=\"async\" width=\"150\" height=\"150\" src=\"https:\/\/etab.ac-reunion.fr\/clg-guy-moquet\/wp-content\/uploads\/sites\/63\/2025\/05\/PHOTO-2025-05-05-09-48-13-150x150.jpg\" class=\"attachment-thumbnail size-thumbnail wp-post-image\" alt=\"\" style=\"\" \/><\/a><\/div><a class=\"wp-block-latest-posts__post-title\" href=\"https:\/\/etab.ac-reunion.fr\/clg-guy-moquet\/2025\/05\/12\/la-participation-des-classes-de-6eme-au-trophee-atlas\/\">La participation des classes de 6\u00e8me au Troph\u00e9e Atlas<\/a><div class=\"wp-block-latest-posts__post-author\">par Elodie Hoarau<\/div><time datetime=\"2025-05-12T17:00:56+04:00\" class=\"wp-block-latest-posts__post-date\">12 mai 2025<\/time><div class=\"wp-block-latest-posts__post-excerpt\">Cette ann\u00e9e encore, les \u00e9l\u00e8ves des classes de 6\u00e8me du coll\u00e8ge Guy M\u00f4quet ont pu participer au Troph\u00e9e Atlas, organis\u00e9 par les enseignants d&rsquo;Histoire-G\u00e9ographie. Les \u00e9l\u00e8ves ont dans un premier temps r\u00e9pondu \u00e0 un questionnaire portant sur le programme d&rsquo;Histoire-G\u00e9ographie et d&rsquo;EMC de 6\u00e8me, mais il y avait aussi des questions de culture g\u00e9n\u00e9rale. La&#8230;<p> <a class=\"continue-reading-link\" href=\"https:\/\/etab.ac-reunion.fr\/clg-guy-moquet\/2025\/05\/12\/la-participation-des-classes-de-6eme-au-trophee-atlas\/\"><span>Lire la suite<\/span><i class=\"crycon-right-dir\"><\/i><\/a> <\/p><\/div><\/li>\n<\/ul>","protected":false},"excerpt":{"rendered":"<p> <a class=\"continue-reading-link\" href=\"https:\/\/etab.ac-reunion.fr\/clg-guy-moquet\/les-disciplines-2\/histoire-geographie\/\"><span>Lire la suite<\/span><i class=\"crycon-right-dir\"><\/i><\/a> <\/p>\n","protected":false},"author":1037,"featured_media":0,"parent":933,"menu_order":5,"comment_status":"closed","ping_status":"closed","template":"","meta":{"footnotes":""},"class_list":["post-1011","page","type-page","status-publish","hentry"],"_links":{"self":[{"href":"https:\/\/etab.ac-reunion.fr\/clg-guy-moquet\/wp-json\/wp\/v2\/pages\/1011","targetHints":{"allow":["GET"]}}],"collection":[{"href":"https:\/\/etab.ac-reunion.fr\/clg-guy-moquet\/wp-json\/wp\/v2\/pages"}],"about":[{"href":"https:\/\/etab.ac-reunion.fr\/clg-guy-moquet\/wp-json\/wp\/v2\/types\/page"}],"author":[{"embeddable":true,"href":"https:\/\/etab.ac-reunion.fr\/clg-guy-moquet\/wp-json\/wp\/v2\/users\/1037"}],"replies":[{"embeddable":true,"href":"https:\/\/etab.ac-reunion.fr\/clg-guy-moquet\/wp-json\/wp\/v2\/comments?post=1011"}],"version-history":[{"count":3,"href":"https:\/\/etab.ac-reunion.fr\/clg-guy-moquet\/wp-json\/wp\/v2\/pages\/1011\/revisions"}],"predecessor-version":[{"id":6026,"href":"https:\/\/etab.ac-reunion.fr\/clg-guy-moquet\/wp-json\/wp\/v2\/pages\/1011\/revisions\/6026"}],"up":[{"embeddable":true,"href":"https:\/\/etab.ac-reunion.fr\/clg-guy-moquet\/wp-json\/wp\/v2\/pages\/933"}],"wp:attachment":[{"href":"https:\/\/etab.ac-reunion.fr\/clg-guy-moquet\/wp-json\/wp\/v2\/media?parent=1011"}],"curies":[{"name":"wp","href":"https:\/\/api.w.org\/{rel}","templated":true}]}}