{"id":1085,"date":"2024-02-26T10:43:48","date_gmt":"2024-02-26T06:43:48","guid":{"rendered":"https:\/\/portail.college-guymoquet.re\/wordpress\/?page_id=1085"},"modified":"2025-04-25T10:51:04","modified_gmt":"2025-04-25T06:51:04","slug":"culture-antique","status":"publish","type":"page","link":"https:\/\/etab.ac-reunion.fr\/clg-guy-moquet\/les-disciplines-2\/culture-antique\/","title":{"rendered":"Culture Antique"},"content":{"rendered":"<ul class=\"wp-block-latest-posts__list is-grid columns-3 has-dates has-author wp-block-latest-posts\"><li><div class=\"wp-block-latest-posts__featured-image\"><a href=\"https:\/\/etab.ac-reunion.fr\/clg-guy-moquet\/2026\/04\/12\/les-mots-ont-une-histoire-edition-2026\/\" aria-label=\"Les mots ont une histoire &#8211; \u00e9dition 2026\"><a href=\"https:\/\/etab.ac-reunion.fr\/clg-guy-moquet\/2026\/04\/12\/les-mots-ont-une-histoire-edition-2026\/\" title=\"Les mots ont une histoire - \u00e9dition 2026\"><img loading=\"lazy\" decoding=\"async\" width=\"150\" height=\"150\" src=\"https:\/\/etab.ac-reunion.fr\/clg-guy-moquet\/wp-content\/uploads\/sites\/63\/2024\/12\/lofo-6fca-150x150.jpg\" class=\"attachment-thumbnail size-thumbnail wp-post-image\" alt=\"\" style=\"max-width:75px;max-height:75px;\" \/><\/a><\/a><\/div><a class=\"wp-block-latest-posts__post-title\" href=\"https:\/\/etab.ac-reunion.fr\/clg-guy-moquet\/2026\/04\/12\/les-mots-ont-une-histoire-edition-2026\/\">Les mots ont une histoire &#8211; \u00e9dition 2026<\/a><div class=\"wp-block-latest-posts__post-author\">par Madavjee<\/div><time datetime=\"2026-04-12T14:13:05+04:00\" class=\"wp-block-latest-posts__post-date\">12 avril 2026<\/time><div class=\"wp-block-latest-posts__post-excerpt\">\u00a03 nouveaux mots sont disponibles dans le podcast \u00ab\u00a0Les Mots ont une Histoire\u00a0\u00bb. Cette ann\u00e9e, les \u00e9l\u00e8ves de 6\u00e8me D de l&rsquo;option Fran\u00e7ais culture antique ont travaill\u00e9 sur les origines mythologiques d&rsquo;animaux et d&rsquo;insectes. Vous allez ainsi d\u00e9couvrir l&rsquo;histoire de l&rsquo;araign\u00e9e, du ver \u00e0 soie et du scarab\u00e9e. A venir : celui du moustique !&#8230;<p> <a class=\"continue-reading-link\" href=\"https:\/\/etab.ac-reunion.fr\/clg-guy-moquet\/2026\/04\/12\/les-mots-ont-une-histoire-edition-2026\/\"><span>Lire la suite<\/span><i class=\"crycon-right-dir\"><\/i><\/a> <\/p><\/div><\/li>\n<li><div class=\"wp-block-latest-posts__featured-image\"><a href=\"https:\/\/etab.ac-reunion.fr\/clg-guy-moquet\/2026\/04\/12\/musee-virtuel-de-la-4eme-h\/\" aria-label=\"Mus\u00e9e virtuel de la 4\u00e8me H\"><a href=\"https:\/\/etab.ac-reunion.fr\/clg-guy-moquet\/2026\/04\/12\/musee-virtuel-de-la-4eme-h\/\" title=\"Mus\u00e9e virtuel de la 4\u00e8me H\"><img loading=\"lazy\" decoding=\"async\" width=\"150\" height=\"150\" src=\"https:\/\/etab.ac-reunion.fr\/clg-guy-moquet\/wp-content\/uploads\/sites\/63\/2026\/04\/logo-musee-2-150x150.png\" class=\"attachment-thumbnail size-thumbnail wp-post-image\" alt=\"\" style=\"max-width:75px;max-height:75px;\" srcset=\"https:\/\/etab.ac-reunion.fr\/clg-guy-moquet\/wp-content\/uploads\/sites\/63\/2026\/04\/logo-musee-2-150x150.png 150w, https:\/\/etab.ac-reunion.fr\/clg-guy-moquet\/wp-content\/uploads\/sites\/63\/2026\/04\/logo-musee-2-300x300.png 300w, https:\/\/etab.ac-reunion.fr\/clg-guy-moquet\/wp-content\/uploads\/sites\/63\/2026\/04\/logo-musee-2-1024x1024.png 1024w, https:\/\/etab.ac-reunion.fr\/clg-guy-moquet\/wp-content\/uploads\/sites\/63\/2026\/04\/logo-musee-2-768x768.png 768w, https:\/\/etab.ac-reunion.fr\/clg-guy-moquet\/wp-content\/uploads\/sites\/63\/2026\/04\/logo-musee-2-1536x1536.png 1536w, https:\/\/etab.ac-reunion.fr\/clg-guy-moquet\/wp-content\/uploads\/sites\/63\/2026\/04\/logo-musee-2-580x580.png 580w, https:\/\/etab.ac-reunion.fr\/clg-guy-moquet\/wp-content\/uploads\/sites\/63\/2026\/04\/logo-musee-2.png 2000w\" sizes=\"auto, (max-width: 150px) 100vw, 150px\" \/><\/a><\/a><\/div><a class=\"wp-block-latest-posts__post-title\" href=\"https:\/\/etab.ac-reunion.fr\/clg-guy-moquet\/2026\/04\/12\/musee-virtuel-de-la-4eme-h\/\">Mus\u00e9e virtuel de la 4\u00e8me H<\/a><div class=\"wp-block-latest-posts__post-author\">par Madavjee<\/div><time datetime=\"2026-04-12T14:07:46+04:00\" class=\"wp-block-latest-posts__post-date\">12 avril 2026<\/time><div class=\"wp-block-latest-posts__post-excerpt\">Cette ann\u00e9e 2025-2026, le projet de classe de la 4\u00e8me H \u00e9tait de cr\u00e9er son propre mus\u00e9e virtuel. Pour cela les \u00e9l\u00e8ves ont eu la chance de visiter plusieurs types de mus\u00e9es tels que le mus\u00e9e L\u00e9on Dierx, le Museum d&rsquo;histoire naturelle, Stella Matutina, la Cit\u00e9 du Volcan mais \u00e9galement de b\u00e9n\u00e9ficier de visites guid\u00e9es&#8230;<p> <a class=\"continue-reading-link\" href=\"https:\/\/etab.ac-reunion.fr\/clg-guy-moquet\/2026\/04\/12\/musee-virtuel-de-la-4eme-h\/\"><span>Lire la suite<\/span><i class=\"crycon-right-dir\"><\/i><\/a> <\/p><\/div><\/li>\n<li><div class=\"wp-block-latest-posts__featured-image\"><a href=\"https:\/\/etab.ac-reunion.fr\/clg-guy-moquet\/2025\/05\/30\/journees-de-lantiquite-4e-edition\/\" aria-label=\"Journ\u00e9es de l&rsquo;Antiquit\u00e9 &#8211; 4e \u00e9dition\"><a href=\"https:\/\/etab.ac-reunion.fr\/clg-guy-moquet\/2025\/05\/30\/journees-de-lantiquite-4e-edition\/\" title=\"Journ\u00e9es de l&#039;Antiquit\u00e9 - 4e \u00e9dition\"><img loading=\"lazy\" decoding=\"async\" width=\"150\" height=\"150\" src=\"https:\/\/etab.ac-reunion.fr\/clg-guy-moquet\/wp-content\/uploads\/sites\/63\/2025\/05\/Les-Journees-de-lAntiquite-2025-150x150.jpg\" class=\"attachment-thumbnail size-thumbnail wp-post-image\" alt=\"\" style=\"max-width:75px;max-height:75px;\" \/><\/a><\/a><\/div><a class=\"wp-block-latest-posts__post-title\" href=\"https:\/\/etab.ac-reunion.fr\/clg-guy-moquet\/2025\/05\/30\/journees-de-lantiquite-4e-edition\/\">Journ\u00e9es de l&rsquo;Antiquit\u00e9 &#8211; 4e \u00e9dition<\/a><div class=\"wp-block-latest-posts__post-author\">par Madavjee<\/div><time datetime=\"2025-05-30T12:22:48+04:00\" class=\"wp-block-latest-posts__post-date\">30 mai 2025<\/time><div class=\"wp-block-latest-posts__post-excerpt\">Les 26 et 27 mai 2025 se sont d\u00e9roul\u00e9es les journ\u00e9es de l&rsquo;Antiquit\u00e9. Ces journ\u00e9es, devenues incontournables, sont l&rsquo;occasion pour les \u00e9l\u00e8ves de l&rsquo;option latin de pr\u00e9senter les projets men\u00e9s tout au long de l&rsquo;ann\u00e9e et de permettre aux \u00e9l\u00e8ves de 6e de d\u00e9couvrir l&rsquo;option \u00e0 travers des ateliers r\u00e9alis\u00e9s et anim\u00e9s par eux. Pour&#8230;<p> <a class=\"continue-reading-link\" href=\"https:\/\/etab.ac-reunion.fr\/clg-guy-moquet\/2025\/05\/30\/journees-de-lantiquite-4e-edition\/\"><span>Lire la suite<\/span><i class=\"crycon-right-dir\"><\/i><\/a> <\/p><\/div><\/li>\n<li><div class=\"wp-block-latest-posts__featured-image\"><a href=\"https:\/\/etab.ac-reunion.fr\/clg-guy-moquet\/2025\/05\/28\/6166\/\" aria-label=\"Th\u00e9\u00e2tre : \u0152dipe etc&#8230;\"><a href=\"https:\/\/etab.ac-reunion.fr\/clg-guy-moquet\/2025\/05\/28\/6166\/\" title=\"Th\u00e9\u00e2tre : \u0152dipe etc...\"><img loading=\"lazy\" decoding=\"async\" width=\"150\" height=\"150\" src=\"https:\/\/etab.ac-reunion.fr\/clg-guy-moquet\/wp-content\/uploads\/sites\/63\/2025\/05\/Oedipe-etc-150x150.gif\" class=\"attachment-thumbnail size-thumbnail wp-post-image\" alt=\"\" style=\"max-width:75px;max-height:75px;\" \/><\/a><\/a><\/div><a class=\"wp-block-latest-posts__post-title\" href=\"https:\/\/etab.ac-reunion.fr\/clg-guy-moquet\/2025\/05\/28\/6166\/\">Th\u00e9\u00e2tre : \u0152dipe etc&#8230;<\/a><div class=\"wp-block-latest-posts__post-author\">par vboolaky1866<\/div><time datetime=\"2025-05-28T17:12:33+04:00\" class=\"wp-block-latest-posts__post-date\">28 mai 2025<\/time><div class=\"wp-block-latest-posts__post-excerpt\"><p> <a class=\"continue-reading-link\" href=\"https:\/\/etab.ac-reunion.fr\/clg-guy-moquet\/2025\/05\/28\/6166\/\"><span>Lire la suite<\/span><i class=\"crycon-right-dir\"><\/i><\/a> <\/p><\/div><\/li>\n<li><div class=\"wp-block-latest-posts__featured-image\"><a href=\"https:\/\/etab.ac-reunion.fr\/clg-guy-moquet\/2025\/04\/06\/concours-cgenial-2025-prix-de-la-culture\/\" aria-label=\"Concours CG\u00e9nial 2025 &#8211; Prix de la culture\"><a href=\"https:\/\/etab.ac-reunion.fr\/clg-guy-moquet\/2025\/04\/06\/concours-cgenial-2025-prix-de-la-culture\/\" title=\"Concours CG\u00e9nial 2025 - Prix de la culture\"><img loading=\"lazy\" decoding=\"async\" width=\"150\" height=\"150\" src=\"https:\/\/etab.ac-reunion.fr\/clg-guy-moquet\/wp-content\/uploads\/sites\/63\/2025\/04\/IMG-20250406-WA0042-150x150.jpg\" class=\"attachment-thumbnail size-thumbnail wp-post-image\" alt=\"\" style=\"max-width:75px;max-height:75px;\" \/><\/a><\/a><\/div><a class=\"wp-block-latest-posts__post-title\" href=\"https:\/\/etab.ac-reunion.fr\/clg-guy-moquet\/2025\/04\/06\/concours-cgenial-2025-prix-de-la-culture\/\">Concours CG\u00e9nial 2025 &#8211; Prix de la culture<\/a><div class=\"wp-block-latest-posts__post-author\">par Madavjee<\/div><time datetime=\"2025-04-06T13:36:58+04:00\" class=\"wp-block-latest-posts__post-date\">6 avril 2025<\/time><div class=\"wp-block-latest-posts__post-excerpt\">Le Vendredi 04 avril 2025, les \u00e9l\u00e8ves latinistes de 4e\/3e se sont rendus \u00e0 l&rsquo;ESIROI pour pr\u00e9senter leur projet interdisciplinaire physique chimie \/ latin \u00ab\u00a0Nous sommes tous des poussi\u00e8res d&rsquo;\u00e9toiles\u00a0\u00bb, \u00e0 l&rsquo;occasion de la finale du concours CG\u00e9nial 2025. Apr\u00e8s une prestation orale devant le jury, pertinente et convaincante, les \u00e9l\u00e8ves du coll\u00e8ge ont \u00e9t\u00e9&#8230;<p> <a class=\"continue-reading-link\" href=\"https:\/\/etab.ac-reunion.fr\/clg-guy-moquet\/2025\/04\/06\/concours-cgenial-2025-prix-de-la-culture\/\"><span>Lire la suite<\/span><i class=\"crycon-right-dir\"><\/i><\/a> <\/p><\/div><\/li>\n<li><div class=\"wp-block-latest-posts__featured-image\"><a href=\"https:\/\/etab.ac-reunion.fr\/clg-guy-moquet\/2025\/03\/30\/sortie-aux-makes\/\" aria-label=\"Sortie aux Makes\"><a href=\"https:\/\/etab.ac-reunion.fr\/clg-guy-moquet\/2025\/03\/30\/sortie-aux-makes\/\" title=\"Sortie aux Makes\"><img loading=\"lazy\" decoding=\"async\" width=\"150\" height=\"150\" src=\"https:\/\/etab.ac-reunion.fr\/clg-guy-moquet\/wp-content\/uploads\/sites\/63\/2025\/03\/affiche-etoile-150x150.png\" class=\"attachment-thumbnail size-thumbnail wp-post-image\" alt=\"\" style=\"max-width:75px;max-height:75px;\" \/><\/a><\/a><\/div><a class=\"wp-block-latest-posts__post-title\" href=\"https:\/\/etab.ac-reunion.fr\/clg-guy-moquet\/2025\/03\/30\/sortie-aux-makes\/\">Sortie aux Makes<\/a><div class=\"wp-block-latest-posts__post-author\">par Madavjee<\/div><time datetime=\"2025-03-30T10:29:53+04:00\" class=\"wp-block-latest-posts__post-date\">30 mars 2025<\/time><div class=\"wp-block-latest-posts__post-excerpt\">Dans le cadre du projet \u00ab\u00a0Nous sommes tous des poussi\u00e8res d&rsquo;\u00e9toiles\u00a0\u00bb men\u00e9 conjointement en option latin et en physique chimie, les \u00e9l\u00e8ves latinistes de 4e et de 3e ont s\u00e9journ\u00e9 3 jours et 2 nuits \u00e0 Saint Louis, \u00e0 l&lsquo;observatoire des Makes. Ils ont pu s&rsquo;initier davantage \u00e0 l&rsquo;astronomie et ont mis en pratique ce&#8230;<p> <a class=\"continue-reading-link\" href=\"https:\/\/etab.ac-reunion.fr\/clg-guy-moquet\/2025\/03\/30\/sortie-aux-makes\/\"><span>Lire la suite<\/span><i class=\"crycon-right-dir\"><\/i><\/a> <\/p><\/div><\/li>\n<li><div class=\"wp-block-latest-posts__featured-image\"><a href=\"https:\/\/etab.ac-reunion.fr\/clg-guy-moquet\/2025\/03\/30\/les-mots-ont-une-histoire-nouveau-podcast\/\" aria-label=\"\u00ab\u00a0Les mots ont une histoire\u00a0\u00bb &#8211; nouveau podcast\"><a href=\"https:\/\/etab.ac-reunion.fr\/clg-guy-moquet\/2025\/03\/30\/les-mots-ont-une-histoire-nouveau-podcast\/\" title=\"&quot;Les mots ont une histoire&quot; - nouveau podcast\"><img loading=\"lazy\" decoding=\"async\" width=\"150\" height=\"150\" src=\"https:\/\/etab.ac-reunion.fr\/clg-guy-moquet\/wp-content\/uploads\/sites\/63\/2024\/12\/lofo-6fca-150x150.jpg\" class=\"attachment-thumbnail size-thumbnail wp-post-image\" alt=\"\" style=\"max-width:75px;max-height:75px;\" \/><\/a><\/a><\/div><a class=\"wp-block-latest-posts__post-title\" href=\"https:\/\/etab.ac-reunion.fr\/clg-guy-moquet\/2025\/03\/30\/les-mots-ont-une-histoire-nouveau-podcast\/\">\u00ab\u00a0Les mots ont une histoire\u00a0\u00bb &#8211; nouveau podcast<\/a><div class=\"wp-block-latest-posts__post-author\">par Madavjee<\/div><time datetime=\"2025-03-30T09:25:10+04:00\" class=\"wp-block-latest-posts__post-date\">30 mars 2025<\/time><div class=\"wp-block-latest-posts__post-excerpt\">D&rsquo;o\u00f9 viennent les mots de la langue fran\u00e7aise ? Pour r\u00e9pondre \u00e0 cette question, les \u00e9l\u00e8ves de l&rsquo;option Fran\u00e7ais Culture Antique de la 6eD ont pr\u00e9par\u00e9 un podcast sur l&rsquo;origine des mots de la langue fran\u00e7aise et leurs liens avec la mythologie gr\u00e9co-romaine. Les mots expliqu\u00e9s ont \u00e9t\u00e9 accompagn\u00e9s d&rsquo;un livret d&rsquo;activit\u00e9s ludique \u00e0 destination&#8230;<p> <a class=\"continue-reading-link\" href=\"https:\/\/etab.ac-reunion.fr\/clg-guy-moquet\/2025\/03\/30\/les-mots-ont-une-histoire-nouveau-podcast\/\"><span>Lire la suite<\/span><i class=\"crycon-right-dir\"><\/i><\/a> <\/p><\/div><\/li>\n<li><div class=\"wp-block-latest-posts__featured-image\"><a href=\"https:\/\/etab.ac-reunion.fr\/clg-guy-moquet\/2024\/07\/02\/le-passage-de-la-flamme-olympique\/\" aria-label=\"Le passage de la flamme olympique\"><a href=\"https:\/\/etab.ac-reunion.fr\/clg-guy-moquet\/2024\/07\/02\/le-passage-de-la-flamme-olympique\/\" title=\"Le passage de la flamme olympique\"><img loading=\"lazy\" decoding=\"async\" width=\"150\" height=\"150\" src=\"https:\/\/etab.ac-reunion.fr\/clg-guy-moquet\/wp-content\/uploads\/sites\/63\/2024\/04\/cropped-Faites-vos-jeux-logo-1-150x150.png\" class=\"attachment-thumbnail size-thumbnail wp-post-image\" alt=\"\" style=\"max-width:75px;max-height:75px;\" srcset=\"https:\/\/etab.ac-reunion.fr\/clg-guy-moquet\/wp-content\/uploads\/sites\/63\/2024\/04\/cropped-Faites-vos-jeux-logo-1-150x150.png 150w, https:\/\/etab.ac-reunion.fr\/clg-guy-moquet\/wp-content\/uploads\/sites\/63\/2024\/04\/cropped-Faites-vos-jeux-logo-1-300x300.png 300w, https:\/\/etab.ac-reunion.fr\/clg-guy-moquet\/wp-content\/uploads\/sites\/63\/2024\/04\/cropped-Faites-vos-jeux-logo-1-185x185.png 185w, https:\/\/etab.ac-reunion.fr\/clg-guy-moquet\/wp-content\/uploads\/sites\/63\/2024\/04\/cropped-Faites-vos-jeux-logo-1-90x90.png 90w, https:\/\/etab.ac-reunion.fr\/clg-guy-moquet\/wp-content\/uploads\/sites\/63\/2024\/04\/cropped-Faites-vos-jeux-logo-1-25x25.png 25w, https:\/\/etab.ac-reunion.fr\/clg-guy-moquet\/wp-content\/uploads\/sites\/63\/2024\/04\/cropped-Faites-vos-jeux-logo-1-184x184.png 184w, https:\/\/etab.ac-reunion.fr\/clg-guy-moquet\/wp-content\/uploads\/sites\/63\/2024\/04\/cropped-Faites-vos-jeux-logo-1-270x270.png 270w, https:\/\/etab.ac-reunion.fr\/clg-guy-moquet\/wp-content\/uploads\/sites\/63\/2024\/04\/cropped-Faites-vos-jeux-logo-1-192x192.png 192w, https:\/\/etab.ac-reunion.fr\/clg-guy-moquet\/wp-content\/uploads\/sites\/63\/2024\/04\/cropped-Faites-vos-jeux-logo-1-180x180.png 180w, https:\/\/etab.ac-reunion.fr\/clg-guy-moquet\/wp-content\/uploads\/sites\/63\/2024\/04\/cropped-Faites-vos-jeux-logo-1-32x32.png 32w, https:\/\/etab.ac-reunion.fr\/clg-guy-moquet\/wp-content\/uploads\/sites\/63\/2024\/04\/cropped-Faites-vos-jeux-logo-1.png 512w\" sizes=\"auto, (max-width: 150px) 100vw, 150px\" \/><\/a><\/a><\/div><a class=\"wp-block-latest-posts__post-title\" href=\"https:\/\/etab.ac-reunion.fr\/clg-guy-moquet\/2024\/07\/02\/le-passage-de-la-flamme-olympique\/\">Le passage de la flamme olympique<\/a><div class=\"wp-block-latest-posts__post-author\">par Madavjee<\/div><time datetime=\"2024-07-02T08:01:53+04:00\" class=\"wp-block-latest-posts__post-date\">2 juillet 2024<\/time><div class=\"wp-block-latest-posts__post-excerpt\">Les \u00e9l\u00e8ves ayant particip\u00e9 au projet Podcast \u00ab\u00a0Faites vos jeux\u00a0\u00bb ont pu assister au passage de la flamme olympique au stade Allane de St Benoit le Mercredi 12 juin 2024. Une bonne mani\u00e8re de mettre un point final \u00e0 ce projet qui les a tous r\u00e9unis autour du th\u00e8me des jeux olympiques le temps d&rsquo;une&#8230;<p> <a class=\"continue-reading-link\" href=\"https:\/\/etab.ac-reunion.fr\/clg-guy-moquet\/2024\/07\/02\/le-passage-de-la-flamme-olympique\/\"><span>Lire la suite<\/span><i class=\"crycon-right-dir\"><\/i><\/a> <\/p><\/div><\/li>\n<li><div class=\"wp-block-latest-posts__featured-image\"><a href=\"https:\/\/etab.ac-reunion.fr\/clg-guy-moquet\/2024\/07\/02\/les-journees-de-lantiquite-3eme-edition\/\" aria-label=\"Les journ\u00e9es de l&rsquo;antiquit\u00e9 3\u00e8me \u00e9dition\"><a href=\"https:\/\/etab.ac-reunion.fr\/clg-guy-moquet\/2024\/07\/02\/les-journees-de-lantiquite-3eme-edition\/\" title=\"Les journ\u00e9es de l&#039;antiquit\u00e9 3\u00e8me \u00e9dition\"><img loading=\"lazy\" decoding=\"async\" width=\"150\" height=\"150\" src=\"https:\/\/etab.ac-reunion.fr\/clg-guy-moquet\/wp-content\/uploads\/sites\/63\/2024\/07\/Screenshot_20240610_194039_Drive-150x150.jpg\" class=\"attachment-thumbnail size-thumbnail wp-post-image\" alt=\"\" style=\"max-width:75px;max-height:75px;\" srcset=\"https:\/\/etab.ac-reunion.fr\/clg-guy-moquet\/wp-content\/uploads\/sites\/63\/2024\/07\/Screenshot_20240610_194039_Drive-150x150.jpg 150w, https:\/\/etab.ac-reunion.fr\/clg-guy-moquet\/wp-content\/uploads\/sites\/63\/2024\/07\/Screenshot_20240610_194039_Drive-185x185.jpg 185w, https:\/\/etab.ac-reunion.fr\/clg-guy-moquet\/wp-content\/uploads\/sites\/63\/2024\/07\/Screenshot_20240610_194039_Drive-90x90.jpg 90w, https:\/\/etab.ac-reunion.fr\/clg-guy-moquet\/wp-content\/uploads\/sites\/63\/2024\/07\/Screenshot_20240610_194039_Drive-25x25.jpg 25w, https:\/\/etab.ac-reunion.fr\/clg-guy-moquet\/wp-content\/uploads\/sites\/63\/2024\/07\/Screenshot_20240610_194039_Drive-184x184.jpg 184w\" sizes=\"auto, (max-width: 150px) 100vw, 150px\" \/><\/a><\/a><\/div><a class=\"wp-block-latest-posts__post-title\" href=\"https:\/\/etab.ac-reunion.fr\/clg-guy-moquet\/2024\/07\/02\/les-journees-de-lantiquite-3eme-edition\/\">Les journ\u00e9es de l&rsquo;antiquit\u00e9 3\u00e8me \u00e9dition<\/a><div class=\"wp-block-latest-posts__post-author\">par Madavjee<\/div><time datetime=\"2024-07-02T07:57:53+04:00\" class=\"wp-block-latest-posts__post-date\">2 juillet 2024<\/time><div class=\"wp-block-latest-posts__post-excerpt\">Le mardi 4 juin et le jeudi 6 juin, le coll\u00e8ge a accueilli la 3e \u00e9dition des journ\u00e9es de l&rsquo;antiquit\u00e9, afin de valoriser les projets des \u00e9l\u00e8ves de l&rsquo;option latin et d&rsquo;initier les 6e \u00e0 la culture antique. La 3e \u00e9dition \u00e9tait, sans trop de surprises, plac\u00e9e sous le signe des J.O. \u00ab\u00a0Les jeux olympiques&#8230;<p> <a class=\"continue-reading-link\" href=\"https:\/\/etab.ac-reunion.fr\/clg-guy-moquet\/2024\/07\/02\/les-journees-de-lantiquite-3eme-edition\/\"><span>Lire la suite<\/span><i class=\"crycon-right-dir\"><\/i><\/a> <\/p><\/div><\/li>\n<\/ul>","protected":false},"excerpt":{"rendered":"<p> <a class=\"continue-reading-link\" href=\"https:\/\/etab.ac-reunion.fr\/clg-guy-moquet\/les-disciplines-2\/culture-antique\/\"><span>Lire la suite<\/span><i class=\"crycon-right-dir\"><\/i><\/a> <\/p>\n","protected":false},"author":16626,"featured_media":0,"parent":933,"menu_order":0,"comment_status":"closed","ping_status":"closed","template":"","meta":{"footnotes":""},"class_list":["post-1085","page","type-page","status-publish","hentry"],"_links":{"self":[{"href":"https:\/\/etab.ac-reunion.fr\/clg-guy-moquet\/wp-json\/wp\/v2\/pages\/1085","targetHints":{"allow":["GET"]}}],"collection":[{"href":"https:\/\/etab.ac-reunion.fr\/clg-guy-moquet\/wp-json\/wp\/v2\/pages"}],"about":[{"href":"https:\/\/etab.ac-reunion.fr\/clg-guy-moquet\/wp-json\/wp\/v2\/types\/page"}],"author":[{"embeddable":true,"href":"https:\/\/etab.ac-reunion.fr\/clg-guy-moquet\/wp-json\/wp\/v2\/users\/16626"}],"replies":[{"embeddable":true,"href":"https:\/\/etab.ac-reunion.fr\/clg-guy-moquet\/wp-json\/wp\/v2\/comments?post=1085"}],"version-history":[{"count":5,"href":"https:\/\/etab.ac-reunion.fr\/clg-guy-moquet\/wp-json\/wp\/v2\/pages\/1085\/revisions"}],"predecessor-version":[{"id":5946,"href":"https:\/\/etab.ac-reunion.fr\/clg-guy-moquet\/wp-json\/wp\/v2\/pages\/1085\/revisions\/5946"}],"up":[{"embeddable":true,"href":"https:\/\/etab.ac-reunion.fr\/clg-guy-moquet\/wp-json\/wp\/v2\/pages\/933"}],"wp:attachment":[{"href":"https:\/\/etab.ac-reunion.fr\/clg-guy-moquet\/wp-json\/wp\/v2\/media?parent=1085"}],"curies":[{"name":"wp","href":"https:\/\/api.w.org\/{rel}","templated":true}]}}