{"id":11,"date":"2012-08-23T14:47:07","date_gmt":"2012-08-23T10:47:07","guid":{"rendered":"https:\/\/portail.college-guymoquet.re\/wordpress\/?page_id=11"},"modified":"2026-02-23T10:28:06","modified_gmt":"2026-02-23T06:28:06","slug":"presentation","status":"publish","type":"page","link":"https:\/\/etab.ac-reunion.fr\/clg-guy-moquet\/presentation\/","title":{"rendered":"Notre Coll\u00e8ge"},"content":{"rendered":"<p>Le coll\u00e8ge Guy M\u00f4quet a \u00e9t\u00e9 ouvert en Ao\u00fbt 2007 \u00e0 Saint Benoit dans le quartier de Bras Fusil. Inaugur\u00e9 le lundi 29 Octobre 2007 par Madame Nassima DINDAR, pr\u00e9sidente du conseil g\u00e9n\u00e9ral en pr\u00e9sence de Monsieur Patrick THOMAS principal du coll\u00e8ge, de Monsieur Pierre-Henry MACCIONI Pr\u00e9fet de la R\u00e9union et Monsieur Paul CANIONY recteur de l&rsquo;acad\u00e9mie de la R\u00e9union, Chancelier des Universit\u00e9s .<\/p>\n<p><strong>Les points forts<\/strong>.<br \/>\nLes options et activit\u00e9s propos\u00e9es:<br \/>\n\u00c9tablissement r\u00e9cent, class\u00e9 en REP +, d&rsquo;une capacit\u00e9 d&rsquo;accueil de 900 \u00e9l\u00e8ves, le coll\u00e8ge n&rsquo;a cess\u00e9 d&rsquo;\u00e9voluer depuis sa naissance. D\u00e8s 2008 des sections sportives ont \u00e9t\u00e9 cr\u00e9\u00e9es en classe de 5\u00e8me, 4\u00e8me et 3\u00e8me (Volley-ball, badminton, danse), les\u00a0 classes bilangues espagnol, l&rsquo;option latin, ainsi qu&rsquo;une classe pr\u00e9pa-m\u00e9tiers sont propos\u00e9es aux \u00e9l\u00e8ves.<\/p>\n<p><strong>\u00a0A d\u00e9couvrir :<\/strong><\/p>\n<ul>\n<li>La<a title=\"La direction\" href=\"http:\/\/etab.ac-reunion.fr\/clg-guy-moquet\/le-personnel\/ladministration\/\"> direction<\/a> de l&rsquo;\u00e9tablissement<\/li>\n<li>Qui est <a title=\"Guy M\u00f4quet\" href=\"http:\/\/etab.ac-reunion.fr\/clg-guy-moquet\/presentation\/guy-moquet\/\">Guy M\u00f4quet<\/a>?<\/li>\n<li>L&rsquo;<a title=\"Organigramme du coll\u00e8ge\" href=\"http:\/\/etab.ac-reunion.fr\/clg-guy-moquet\/presentation\/le-college\/\">organigramme du coll\u00e8ge <\/a><\/li>\n<li>La <a title=\"La politique p\u00e9dagogique\" href=\"http:\/\/etab.ac-reunion.fr\/clg-guy-moquet\/presentation\/la-politique-pedagogique\/\">politique \u00e9ducative<\/a><\/li>\n<li>Les <a title=\"Les chiffres cl\u00e9s\" href=\"http:\/\/etab.ac-reunion.fr\/clg-guy-moquet\/presentation\/les-chiffres-cles\/\">chiffres cl\u00e9s <\/a><\/li>\n<li><a title=\"Contact\" href=\"http:\/\/etab.ac-reunion.fr\/clg-guy-moquet\/contact\/\">Contacts<\/a><\/li>\n<\/ul>\n","protected":false},"excerpt":{"rendered":"<p>Le coll\u00e8ge Guy M\u00f4quet a \u00e9t\u00e9 ouvert en Ao\u00fbt 2007 \u00e0 Saint Benoit dans le quartier de Bras Fusil. Inaugur\u00e9 le lundi 29 Octobre 2007 par Madame Nassima DINDAR, pr\u00e9sidente du conseil g\u00e9n\u00e9ral en pr\u00e9sence de Monsieur Patrick THOMAS principal du coll\u00e8ge, de Monsieur Pierre-Henry MACCIONI Pr\u00e9fet de la R\u00e9union&#8230;<\/p>\n<p> <a class=\"continue-reading-link\" href=\"https:\/\/etab.ac-reunion.fr\/clg-guy-moquet\/presentation\/\"><span>Lire la suite<\/span><i class=\"crycon-right-dir\"><\/i><\/a> <\/p>\n","protected":false},"author":1037,"featured_media":0,"parent":0,"menu_order":0,"comment_status":"closed","ping_status":"closed","template":"","meta":{"footnotes":""},"class_list":["post-11","page","type-page","status-publish","hentry"],"_links":{"self":[{"href":"https:\/\/etab.ac-reunion.fr\/clg-guy-moquet\/wp-json\/wp\/v2\/pages\/11","targetHints":{"allow":["GET"]}}],"collection":[{"href":"https:\/\/etab.ac-reunion.fr\/clg-guy-moquet\/wp-json\/wp\/v2\/pages"}],"about":[{"href":"https:\/\/etab.ac-reunion.fr\/clg-guy-moquet\/wp-json\/wp\/v2\/types\/page"}],"author":[{"embeddable":true,"href":"https:\/\/etab.ac-reunion.fr\/clg-guy-moquet\/wp-json\/wp\/v2\/users\/1037"}],"replies":[{"embeddable":true,"href":"https:\/\/etab.ac-reunion.fr\/clg-guy-moquet\/wp-json\/wp\/v2\/comments?post=11"}],"version-history":[{"count":8,"href":"https:\/\/etab.ac-reunion.fr\/clg-guy-moquet\/wp-json\/wp\/v2\/pages\/11\/revisions"}],"predecessor-version":[{"id":6555,"href":"https:\/\/etab.ac-reunion.fr\/clg-guy-moquet\/wp-json\/wp\/v2\/pages\/11\/revisions\/6555"}],"wp:attachment":[{"href":"https:\/\/etab.ac-reunion.fr\/clg-guy-moquet\/wp-json\/wp\/v2\/media?parent=11"}],"curies":[{"name":"wp","href":"https:\/\/api.w.org\/{rel}","templated":true}]}}