{"id":1138,"date":"2014-02-28T10:21:46","date_gmt":"2014-02-28T09:21:46","guid":{"rendered":"http:\/\/college-guymoquet-tmp.ac-reunion.fr\/?page_id=1138"},"modified":"2025-04-09T09:41:36","modified_gmt":"2025-04-09T05:41:36","slug":"mentions-legales","status":"publish","type":"page","link":"https:\/\/etab.ac-reunion.fr\/clg-guy-moquet\/mentions-legales\/","title":{"rendered":"Mentions l\u00e9gales"},"content":{"rendered":"<p><strong>\u00c9tablissement<\/strong><\/p>\n<p>Coll\u00e8ge Guy M\u00f4quet<br \/>55 Rue Poinsettias, 97470 Saint-Beno\u00eet<\/p>\n<p>Courriel: ce.9741366s@ac-reunion.fr<br \/>Num\u00e9ro de t\u00e9l\u00e9phone: 0262 90 06 25<\/p>\n<p>Directeur de la publication: M. PHAM-SI<\/p>\n<p><strong>H\u00e9bergeur du site<\/strong><\/p>\n<p>Rectorat de l\u2019acad\u00e9mie de la R\u00e9union<\/p>\n<p>24, avenue Georges Brassens<\/p>\n<p>CS 71003<br \/>97743 Saint Denis Cedex 9<\/p>\n<p>T\u00e9l.+262 (0)2 62 48 10 10<\/p>\n<p><strong>Conditions d\u2019utilisation<\/strong><\/p>\n<p>Sur ce site, les photos ne sont pas libres de droit. Elles sont prot\u00e9g\u00e9es par le Code de la Propri\u00e9t\u00e9 Intellectuelle (CPI). Sauf mention contraire, les textes sont r\u00e9utilisables dans le respect de la licence Creative Commons Attribution \u2013 Pas d\u2019Utilisation Commerciale \u2013 Partage dans les M\u00eames Conditions (CC BY-NC-SA).<\/p>\n<p><img loading=\"lazy\" decoding=\"async\" class=\" wp-image-5285 aligncenter\" src=\"https:\/\/etab.ac-reunion.fr\/clg-guy-moquet\/wp-content\/uploads\/sites\/63\/2024\/12\/cc_byncsa-300x105-1.png\" alt=\"\" width=\"263\" height=\"92\" srcset=\"https:\/\/etab.ac-reunion.fr\/clg-guy-moquet\/wp-content\/uploads\/sites\/63\/2024\/12\/cc_byncsa-300x105-1.png 300w, https:\/\/etab.ac-reunion.fr\/clg-guy-moquet\/wp-content\/uploads\/sites\/63\/2024\/12\/cc_byncsa-300x105-1-150x53.png 150w\" sizes=\"auto, (max-width: 263px) 100vw, 263px\" \/><\/p>\n<p><a href=\"https:\/\/etab.ac-reunion.fr\/clg-guy-moquet\/donnees-personnelles\/\" target=\"_blank\" rel=\"noopener\">Donn\u00e9es personnelles<\/a><\/p>\n\n\n<p><\/p>\n","protected":false},"excerpt":{"rendered":"<p>\u00c9tablissement Coll\u00e8ge Guy M\u00f4quet55 Rue Poinsettias, 97470 Saint-Beno\u00eet Courriel: ce.9741366s@ac-reunion.frNum\u00e9ro de t\u00e9l\u00e9phone: 0262 90 06 25 Directeur de la publication: M. PHAM-SI H\u00e9bergeur du site Rectorat de l\u2019acad\u00e9mie de la R\u00e9union 24, avenue Georges Brassens CS 7100397743 Saint Denis Cedex 9 T\u00e9l.+262 (0)2 62 48 10 10 Conditions d\u2019utilisation Sur&#8230;<\/p>\n<p> <a class=\"continue-reading-link\" href=\"https:\/\/etab.ac-reunion.fr\/clg-guy-moquet\/mentions-legales\/\"><span>Lire la suite<\/span><i class=\"crycon-right-dir\"><\/i><\/a> <\/p>\n","protected":false},"author":1,"featured_media":0,"parent":0,"menu_order":0,"comment_status":"closed","ping_status":"open","template":"","meta":{"footnotes":""},"class_list":["post-1138","page","type-page","status-publish","hentry"],"_links":{"self":[{"href":"https:\/\/etab.ac-reunion.fr\/clg-guy-moquet\/wp-json\/wp\/v2\/pages\/1138","targetHints":{"allow":["GET"]}}],"collection":[{"href":"https:\/\/etab.ac-reunion.fr\/clg-guy-moquet\/wp-json\/wp\/v2\/pages"}],"about":[{"href":"https:\/\/etab.ac-reunion.fr\/clg-guy-moquet\/wp-json\/wp\/v2\/types\/page"}],"author":[{"embeddable":true,"href":"https:\/\/etab.ac-reunion.fr\/clg-guy-moquet\/wp-json\/wp\/v2\/users\/1"}],"replies":[{"embeddable":true,"href":"https:\/\/etab.ac-reunion.fr\/clg-guy-moquet\/wp-json\/wp\/v2\/comments?post=1138"}],"version-history":[{"count":26,"href":"https:\/\/etab.ac-reunion.fr\/clg-guy-moquet\/wp-json\/wp\/v2\/pages\/1138\/revisions"}],"predecessor-version":[{"id":5838,"href":"https:\/\/etab.ac-reunion.fr\/clg-guy-moquet\/wp-json\/wp\/v2\/pages\/1138\/revisions\/5838"}],"wp:attachment":[{"href":"https:\/\/etab.ac-reunion.fr\/clg-guy-moquet\/wp-json\/wp\/v2\/media?parent=1138"}],"curies":[{"name":"wp","href":"https:\/\/api.w.org\/{rel}","templated":true}]}}