{"id":167,"date":"2012-09-11T08:46:08","date_gmt":"2012-09-11T04:46:08","guid":{"rendered":"https:\/\/portail.college-guymoquet.re\/wordpress\/?page_id=167"},"modified":"2025-02-17T08:33:17","modified_gmt":"2025-02-17T04:33:17","slug":"charte-informatique","status":"publish","type":"page","link":"https:\/\/etab.ac-reunion.fr\/clg-guy-moquet\/la-vie-du-college\/les-regles-de-vie__trashed\/charte-informatique\/","title":{"rendered":"La charte informatique"},"content":{"rendered":"<p><span style=\"color: #ff0000\"><span style=\"text-decoration: underline\"><strong>CHARTE D\u2019UTILISATION DE L\u2019INFORMATIQUE PEDAGOGIQUE<\/strong><\/span><\/span><br \/>\nLa pr\u00e9sente charte a pour objet de d\u00e9finir les r\u00e8gles d\u2019utilisation des moyens et syst\u00e8mes<br \/>\ninformatiques du Coll\u00e8ge Guy M\u00f4quet.<br \/>\nLa charte propose de d\u00e9finir des r\u00e8gles d\u2019ordre d\u00e9ontologique et \u00e9ditorial : Internet est un<br \/>\nformidable espace de libert\u00e9 et de communication dont il faut aussi savoir se prot\u00e9ger.<br \/>\n<span style=\"color: #0000ff\"><strong>1. CHAMP D\u2019APPLICATION DE LA CHARTE<\/strong><\/span><br \/>\nLes r\u00e8gles et obligations ci-dessous \u00e9nonc\u00e9es s\u2019appliquent \u00e0 toute personne -\u00e9l\u00e8ves,<br \/>\nenseignant, personnel administratif ou technique- autoris\u00e9e \u00e0 utiliser les moyens et syst\u00e8mes informatiques \u00e0 usage p\u00e9dagogique du coll\u00e8ge Guy M\u00f4quet.<br \/>\n<span style=\"color: #0000ff\"><strong>2. REGLES DE GESTION DU RESEAU ET DES MOYENS INFORMATIQUES<\/strong><\/span><br \/>\n2.1 MISSION DE L\u2019ADMINISTRATEUR<br \/>\nChaque ordinateur ou chaque r\u00e9seau est g\u00e9r\u00e9 par l\u2019administrateur. Il g\u00e8re les comptes des utilisateurs.<br \/>\nDe mani\u00e8re g\u00e9n\u00e9rale, l\u2019administrateur a le droit de faire tout ce qui est n\u00e9cessaire pour<br \/>\nassurer le bon fonctionnement des moyens informatiques du coll\u00e8ge.<br \/>\n2.2 CONDITIONS D\u2019ACCES AUX MOYENS INFORMATIQUES DU COLLEGE<br \/>\nL\u2019utilisation des moyens informatiques du coll\u00e8ge a pour objet exclusif de mener des activit\u00e9s d\u2019enseignement ou de documentation. Sauf autorisation pr\u00e9alable ou convention sign\u00e9e par le Principal du coll\u00e8ge, ces moyens ne peuvent \u00eatre utilis\u00e9s en vue de r\u00e9aliser des projets ne relevant pas des missions confi\u00e9es aux utilisateurs.<br \/>\n<span style=\"color: #0000ff\"><strong>3. LE RESPECT DE LA DEONTOLOGIE INFORMATIQUE<\/strong><\/span><br \/>\n3.1 L\u2019UTILISATEUR DU RESEAU<br \/>\nChaque utilisateur s\u2019engage \u00e0 utiliser le r\u00e9seau en respectant les r\u00e8gles de la d\u00e9ontologie<br \/>\ninformatique et notamment \u00e0 ne pas effectuer intentionnellement des op\u00e9rations qui pourraient avoir pour cons\u00e9quences :<\/p>\n<ul>\n<li>De masquer sa v\u00e9ritable identit\u00e9.<\/li>\n<li>De modifier ou de d\u00e9truire des informations ne lui appartenant pas.<\/li>\n<li>D\u2019acc\u00e9der \u00e0 des informations appartenant \u00e0 d\u2019autres utilisateurs sans leur autorisation.<\/li>\n<li>De porter atteinte \u00e0 l\u2019int\u00e9grit\u00e9 d\u2019un autre utilisateur ou \u00e0 sa sensibilit\u00e9, notamment par<\/li>\n<li>l\u2019interm\u00e9diaire de messages, textes ou images provocants.<\/li>\n<li>D\u2019interrompre le fonctionnement normal du r\u00e9seau ou d\u2019un des syst\u00e8mes, connect\u00e9 ou non.<\/li>\n<li>De se connecter ou d\u2019essayer de se connecter \u00e0 un compte ou au serveur sans y \u00eatre autoris\u00e9.<\/li>\n<\/ul>\n<p>La r\u00e9alisation, l\u2019utilisation ou la diffusion d\u2019un programme informatique ayant de tels objectifs est strictement interdite.<br \/>\n3.2 L\u2019UTILISATION DE L\u2019INTERNET<br \/>\nLes messages \u00e9lectroniques de nature diffamatoire, discriminatoire (raciste, sexiste),<br \/>\npornographique ou d\u2019incitation \u00e0 la violence sont interdits sous peine de sanctions p\u00e9nales.<br \/>\nLa connexion \u00e0 des services de dialogue en direct (chat, IRC, ICQ&#8230;) ainsi que le<br \/>\nt\u00e9l\u00e9chargement de fichiers MP3, d\u2019images ou de programmes est interdit sauf \u00e0 des fins<br \/>\np\u00e9dagogiques et sous le contr\u00f4le d\u2019un adulte responsable.<br \/>\nLa consultation de sites \u00e0 caract\u00e8re non p\u00e9dagogiques est strictement interdite, notamment :<br \/>\n\u2022 Les sites \u00e9rotiques ou pornographiques.<br \/>\n\u2022 Les sites d\u2019ench\u00e8re, sites boursiers.<br \/>\n\u2022 Les sites poussant \u00e0 la consommation de produits stup\u00e9fiants.<br \/>\n\u2022 Les sites pr\u00e9sentant toute forme d\u2019apologie (crime, racisme&#8230;)<br \/>\n\u2022 Les sites de jeux et d\u2019\u00e9missions t\u00e9l\u00e9 n\u2019ayant aucun int\u00e9r\u00eat p\u00e9dagogique.<br \/>\n\u2022 Les sites traitant de piratage informatique (warez, hacker).<br \/>\n\u2022 Les sites de t\u00e9l\u00e9chargement de logos et sonneries de portables.<br \/>\net d\u2019une mani\u00e8re g\u00e9n\u00e9rale, tout site ne respectant pas la l\u00e9gislation en vigueur et la personne humaine.<br \/>\n3.3 L\u2019UTILISATION DE LOGICIELS ET LE RESPECT DU DROIT DE PROPRIETE<br \/>\nAfin d\u2019\u00e9viter de contaminer le r\u00e9seau par des virus informatiques, il est fortement d\u00e9conseill\u00e9 d\u2019utiliser des cl\u00e9s USB qui n\u2019auraient pas \u00e9t\u00e9 trait\u00e9es \u00ab anti-virus \u00bb.<br \/>\nL\u2019utilisateur ne peut installer un logiciel sur un ordinateur ou le rendre accessible sur le<br \/>\nr\u00e9seau qu\u2019apr\u00e8s accord de l\u2019administration.<br \/>\nL\u2019utilisateur s\u2019interdit de faire des copies de logiciels et\/ou de documents n\u2019appartenant pas au domaine public. Il ne devra donc en aucun cas :<\/p>\n<ul>\n<li>T\u00e9l\u00e9charger un programme et le stocker dans un dossier, sans l\u2019accord d\u2019un adulte responsable.<\/li>\n<li>Installer des logiciels \u00e0 caract\u00e8re ludique ou \u00e0 des fins scientifiques ou p\u00e9dagogiques.<\/li>\n<li>Faire une copie d\u2019un logiciel commercial et contourner les restrictions d\u2019utilisation du logiciel.<\/li>\n<li>D\u00e9velopper, copier des programmes qui s\u2019auto dupliquent ou s\u2019attachent \u00e0 d\u2019autres programmes (virus informatiques).<\/li>\n<li>Utiliser le dossier \u00ab mes documents \u00bb local pour y stocker des informations qui viseraient \u00e0 contourner l\u2019usage l\u00e9gal du r\u00e9seau. Ce dossier sera par ailleurs nettoy\u00e9 r\u00e9guli\u00e8rement et les dossiers partag\u00e9s de chaque classe r\u00e9guli\u00e8rement contr\u00f4l\u00e9s.<\/li>\n<\/ul>\n<p style=\"text-align: justify\">3.4 UTILISATION EQUITABLE DES MOYENS INFORMATIQUES<br \/>\nChaque utilisateur s\u2019engage \u00e0 prendre soin du mat\u00e9riel et des locaux informatiques mis \u00e0 sa disposition . Il informera l\u2019administrateur r\u00e9seau de toute anomalie constat\u00e9e.<br \/>\nLes activit\u00e9s risquant d\u2019accaparer fortement les ressources informatiques (impression de<br \/>\ngros documents, calculs importants, utilisation intensive du r\u00e9seau&#8230;) devront \u00eatre effectu\u00e9es aux moments qui p\u00e9nalisent le moins la communaut\u00e9.<br \/>\nIl est fortement conseill\u00e9 \u00e0 chaque utilisateur de ne jamais quitter un poste de travail sans se d\u00e9connecter (DEMARRER, DECONNEXION), son r\u00e9pertoire personnel restant accessible \u00e0 tout utilisateur dans le cas contraire.<br \/>\n3.5 L\u2019UTILISATION DES SALLES INFORMATIQUES<br \/>\nLes \u00e9l\u00e8ves acc\u00e8dent aux salles informatiques encadr\u00e9s par un professeur ou un aide<br \/>\n\u00e9ducateur. Un planning hebdomadaire pourra \u00eatre affich\u00e9 en salle des professeurs et au CDI.<br \/>\n<span style=\"color: #0000ff\"><strong>4. SANCTIONS<\/strong><\/span><br \/>\nLe logiciel utilis\u00e9 pour la gestion du r\u00e9seau informatique du coll\u00e8ge permet un suivi de ces<br \/>\nusages par les \u00e9l\u00e8ves et notamment un certain nombre de contr\u00f4les existent pour identifier les usages prohib\u00e9s des ressources informatiques de l\u2019\u00e9tablissement et leurs auteurs.<br \/>\nLe professeur principal, la Vie Scolaire et la Direction seront syst\u00e9matiquement inform\u00e9s des infractions. Toute d\u00e9gradation volontaire du mat\u00e9riel et\/ou non-respect de cette pr\u00e9sente charte rel\u00e8veront des sanctions pr\u00e9vues dans le r\u00e8glement int\u00e9rieur.<br \/>\nLes utilisateurs contrevenant \u00e0 ces r\u00e8gles pourront \u00eatre exclus de toute s\u00e9quence de travail et de recherche sur l\u2019outil informatique pendant un certain d\u00e9lai.<\/p>\n","protected":false},"excerpt":{"rendered":"<p>CHARTE D\u2019UTILISATION DE L\u2019INFORMATIQUE PEDAGOGIQUE La pr\u00e9sente charte a pour objet de d\u00e9finir les r\u00e8gles d\u2019utilisation des moyens et syst\u00e8mes informatiques du Coll\u00e8ge Guy M\u00f4quet. La charte propose de d\u00e9finir des r\u00e8gles d\u2019ordre d\u00e9ontologique et \u00e9ditorial : Internet est un formidable espace de libert\u00e9 et de communication dont il faut&#8230;<\/p>\n<p> <a class=\"continue-reading-link\" href=\"https:\/\/etab.ac-reunion.fr\/clg-guy-moquet\/la-vie-du-college\/les-regles-de-vie__trashed\/charte-informatique\/\"><span>Lire la suite<\/span><i class=\"crycon-right-dir\"><\/i><\/a> <\/p>\n","protected":false},"author":1037,"featured_media":0,"parent":80,"menu_order":2,"comment_status":"closed","ping_status":"closed","template":"","meta":{"footnotes":""},"class_list":["post-167","page","type-page","status-publish","hentry"],"_links":{"self":[{"href":"https:\/\/etab.ac-reunion.fr\/clg-guy-moquet\/wp-json\/wp\/v2\/pages\/167","targetHints":{"allow":["GET"]}}],"collection":[{"href":"https:\/\/etab.ac-reunion.fr\/clg-guy-moquet\/wp-json\/wp\/v2\/pages"}],"about":[{"href":"https:\/\/etab.ac-reunion.fr\/clg-guy-moquet\/wp-json\/wp\/v2\/types\/page"}],"author":[{"embeddable":true,"href":"https:\/\/etab.ac-reunion.fr\/clg-guy-moquet\/wp-json\/wp\/v2\/users\/1037"}],"replies":[{"embeddable":true,"href":"https:\/\/etab.ac-reunion.fr\/clg-guy-moquet\/wp-json\/wp\/v2\/comments?post=167"}],"version-history":[{"count":1,"href":"https:\/\/etab.ac-reunion.fr\/clg-guy-moquet\/wp-json\/wp\/v2\/pages\/167\/revisions"}],"predecessor-version":[{"id":5657,"href":"https:\/\/etab.ac-reunion.fr\/clg-guy-moquet\/wp-json\/wp\/v2\/pages\/167\/revisions\/5657"}],"up":[{"embeddable":true,"href":"https:\/\/etab.ac-reunion.fr\/clg-guy-moquet\/wp-json\/wp\/v2\/pages\/80"}],"wp:attachment":[{"href":"https:\/\/etab.ac-reunion.fr\/clg-guy-moquet\/wp-json\/wp\/v2\/media?parent=167"}],"curies":[{"name":"wp","href":"https:\/\/api.w.org\/{rel}","templated":true}]}}