{"id":17,"date":"2024-08-23T15:15:31","date_gmt":"2024-08-23T11:15:31","guid":{"rendered":"https:\/\/portail.college-guymoquet.re\/wordpress\/?page_id=17"},"modified":"2025-04-28T15:56:05","modified_gmt":"2025-04-28T11:56:05","slug":"la-vie-du-college","status":"publish","type":"page","link":"https:\/\/etab.ac-reunion.fr\/clg-guy-moquet\/la-vie-du-college\/","title":{"rendered":"La vie de l&rsquo;\u00e9l\u00e8ve"},"content":{"rendered":"<p>Vous pouvez trouver les informations sur la vie du coll\u00e8ge au quotidien<\/p>\n<ul>\n<li>Les associations (<a title=\"Le foyer FSE\" href=\"http:\/\/etab.ac-reunion.fr\/clg-guy-moquet\/la-vie-du-college\/le-foyer\/\">FSE<\/a>, <a title=\"L\u2019UNSS\" href=\"http:\/\/etab.ac-reunion.fr\/clg-guy-moquet\/la-vie-du-college\/lunss\/\">UNSS<\/a>) du coll\u00e8ge<\/li>\n<li>Les r\u00e8gles de vie (r\u00e8glement int\u00e9rieur, la <a title=\"La charte informatique\" href=\"http:\/\/etab.ac-reunion.fr\/clg-guy-moquet\/la-vie-du-college\/les-regles-de-vie\/charte-informatique\/\">charte informatique et libert\u00e9s<\/a>, &#8230;)<\/li>\n<\/ul>\n\n\n<p><\/p>\n","protected":false},"excerpt":{"rendered":"<p>Vous pouvez trouver les informations sur la vie du coll\u00e8ge au quotidien Les associations (FSE, UNSS) du coll\u00e8ge Les r\u00e8gles de vie (r\u00e8glement int\u00e9rieur, la charte informatique et libert\u00e9s, &#8230;)<\/p>\n<p> <a class=\"continue-reading-link\" href=\"https:\/\/etab.ac-reunion.fr\/clg-guy-moquet\/la-vie-du-college\/\"><span>Lire la suite<\/span><i class=\"crycon-right-dir\"><\/i><\/a> <\/p>\n","protected":false},"author":16626,"featured_media":0,"parent":0,"menu_order":4,"comment_status":"closed","ping_status":"closed","template":"","meta":{"footnotes":""},"class_list":["post-17","page","type-page","status-publish","hentry"],"_links":{"self":[{"href":"https:\/\/etab.ac-reunion.fr\/clg-guy-moquet\/wp-json\/wp\/v2\/pages\/17","targetHints":{"allow":["GET"]}}],"collection":[{"href":"https:\/\/etab.ac-reunion.fr\/clg-guy-moquet\/wp-json\/wp\/v2\/pages"}],"about":[{"href":"https:\/\/etab.ac-reunion.fr\/clg-guy-moquet\/wp-json\/wp\/v2\/types\/page"}],"author":[{"embeddable":true,"href":"https:\/\/etab.ac-reunion.fr\/clg-guy-moquet\/wp-json\/wp\/v2\/users\/16626"}],"replies":[{"embeddable":true,"href":"https:\/\/etab.ac-reunion.fr\/clg-guy-moquet\/wp-json\/wp\/v2\/comments?post=17"}],"version-history":[{"count":5,"href":"https:\/\/etab.ac-reunion.fr\/clg-guy-moquet\/wp-json\/wp\/v2\/pages\/17\/revisions"}],"predecessor-version":[{"id":5688,"href":"https:\/\/etab.ac-reunion.fr\/clg-guy-moquet\/wp-json\/wp\/v2\/pages\/17\/revisions\/5688"}],"wp:attachment":[{"href":"https:\/\/etab.ac-reunion.fr\/clg-guy-moquet\/wp-json\/wp\/v2\/media?parent=17"}],"curies":[{"name":"wp","href":"https:\/\/api.w.org\/{rel}","templated":true}]}}