{"id":267,"date":"2012-09-18T22:05:47","date_gmt":"2012-09-18T18:05:47","guid":{"rendered":"https:\/\/portail.college-guymoquet.re\/wordpress\/?page_id=267"},"modified":"2024-12-19T14:19:29","modified_gmt":"2024-12-19T10:19:29","slug":"le-foyer","status":"publish","type":"page","link":"https:\/\/etab.ac-reunion.fr\/clg-guy-moquet\/la-vie-du-college\/le-foyer\/","title":{"rendered":"Le foyer FSE"},"content":{"rendered":"<p align=\"CENTER\"><span style=\"font-size: small\"><strong>Le FOYER SOCIO-EDUCATIF du Coll\u00e8ge Guy M\u00f4quet<\/strong><\/span><\/p>\n<p><span style=\"font-size: small\"><span style=\"text-decoration: underline\"><strong>But <\/strong><\/span><\/span><\/p>\n<p><span style=\"font-size: small\">Le Foyer Socio-\u00e9ducatif du Coll\u00e8ge Guy M\u00f4quet (FSE) est une association \u00e0 but non lucratif, cr\u00e9e en 2010, r\u00e9gie par la loi de 1901. Le FSE fonctionne \u00e0 l\u2019int\u00e9rieur de l\u2019\u00e9tablissement et a pour vocation principale d\u2019offrir aux \u00e9l\u00e8ves du coll\u00e8ge des activit\u00e9s leur permettant d\u2019occuper leur temps hors classe. <\/span><\/p>\n<p><span style=\"font-size: small\"><strong>La cotisation annuelle au FSE est fix\u00e9e \u00e0 5 euros. <\/strong><\/span><\/p>\n<p><span style=\"font-size: small\">Cette cotisation n\u2019est pas obligatoire,<\/span><span style=\"font-size: small\"> mais elle procure les avantages suivants\u00a0: <\/span><\/p>\n<ul>\n<li><span style=\"font-size: small\">Acc\u00e8s \u00e0 tous les clubs <\/span><\/li>\n<li><span style=\"font-size: small\">\u00e0 toutes les activit\u00e9s (sorties, rencontre avec des intervenants divers, \u2026) organis\u00e9es par le FSE.<\/span><\/li>\n<li><span style=\"font-size: small\">Tarif pr\u00e9f\u00e9rentiel pour les photos de classe<\/span><\/li>\n<\/ul>\n<p><span style=\"font-size: small\">Pour le moment, le FSE propose les activit\u00e9s suivantes\u00a0: <\/span><\/p>\n<ul>\n<li><span style=\"font-size: small\">Club de lecture<\/span><\/li>\n<li><span style=\"font-size: small\">Club presse <\/span><\/li>\n<li><span style=\"font-size: small\"><em>Les actions de solidarit\u00e9\u00a0:<\/em><\/span><span style=\"font-size: small\"> les membres du FSE se sont mobilis\u00e9s pour organiser des actions de solidarit\u00e9 ponctuelles (ex\u00a0: T\u00e9l\u00e9thon, journ\u00e9e nationale du SIDA, don,\u2026<\/span><\/li>\n<li><span style=\"font-size: small\"><em>Les voyages\u00a0:<\/em><\/span><span style=\"font-size: small\"> le FSE peut participer au financement d\u2019une partie des voyages, ainsi que de certains projets culturels, en permettant notamment la confection et la vente d\u2019objets par les \u00e9l\u00e8ves concern\u00e9s.<\/span><\/li>\n<\/ul>\n<p><span style=\"font-size: small\">D\u2019autres activit\u00e9s peuvent \u00eatre mises en place en fonction de la demande des adh\u00e9rents.<\/span><\/p>\n<p><span style=\"font-size: small\">Ces activit\u00e9s sont encadr\u00e9es par des personnels employ\u00e9s par le coll\u00e8ge<\/span><span style=\"font-size: small\">. <\/span><\/p>\n\n<ul class=\"wp-block-latest-posts__list is-grid columns-2 wp-block-latest-posts\"><li><div class=\"wp-block-latest-posts__featured-image\"><a href=\"https:\/\/etab.ac-reunion.fr\/clg-guy-moquet\/2025\/05\/15\/school-party-2-bal-de-fin-dannee-des-3e\/\" title=\"School Party 2 : bal de fin d&#039;ann\u00e9e des 3e\"><img loading=\"lazy\" decoding=\"async\" width=\"150\" height=\"150\" src=\"https:\/\/etab.ac-reunion.fr\/clg-guy-moquet\/wp-content\/uploads\/sites\/63\/2025\/05\/logo-school-party-2-150x150.jpg\" class=\"attachment-thumbnail size-thumbnail wp-post-image\" alt=\"logo de School party\" style=\"\" srcset=\"https:\/\/etab.ac-reunion.fr\/clg-guy-moquet\/wp-content\/uploads\/sites\/63\/2025\/05\/logo-school-party-2-150x150.jpg 150w, https:\/\/etab.ac-reunion.fr\/clg-guy-moquet\/wp-content\/uploads\/sites\/63\/2025\/05\/logo-school-party-2-300x300.jpg 300w, https:\/\/etab.ac-reunion.fr\/clg-guy-moquet\/wp-content\/uploads\/sites\/63\/2025\/05\/logo-school-party-2-1024x1024.jpg 1024w, https:\/\/etab.ac-reunion.fr\/clg-guy-moquet\/wp-content\/uploads\/sites\/63\/2025\/05\/logo-school-party-2-768x768.jpg 768w, https:\/\/etab.ac-reunion.fr\/clg-guy-moquet\/wp-content\/uploads\/sites\/63\/2025\/05\/logo-school-party-2-1536x1536.jpg 1536w, https:\/\/etab.ac-reunion.fr\/clg-guy-moquet\/wp-content\/uploads\/sites\/63\/2025\/05\/logo-school-party-2-580x580.jpg 580w, https:\/\/etab.ac-reunion.fr\/clg-guy-moquet\/wp-content\/uploads\/sites\/63\/2025\/05\/logo-school-party-2.jpg 2048w\" sizes=\"auto, (max-width: 150px) 100vw, 150px\" \/><\/a><\/div><a class=\"wp-block-latest-posts__post-title\" href=\"https:\/\/etab.ac-reunion.fr\/clg-guy-moquet\/2025\/05\/15\/school-party-2-bal-de-fin-dannee-des-3e\/\">School Party 2 : bal de fin d&rsquo;ann\u00e9e des 3e<\/a><div class=\"wp-block-latest-posts__post-excerpt\">En 2023-2024, les \u00e9l\u00e8ves de 3e D ont cr\u00e9e une mini-entreprise de l&rsquo;\u00e9v\u00e8nementiel dont le but \u00e9tait de cr\u00e9er un moment festif en fin d&rsquo;ann\u00e9e afin de permettre \u00e0 tous les 3e qui le souhaitent de c\u00e9l\u00e9brer ensemble la fin de leurs ann\u00e9es coll\u00e8ge. Pour la 1\u00e8re fois depuis de nombreuses ann\u00e9es, un bal de&#8230;<p> <a class=\"continue-reading-link\" href=\"https:\/\/etab.ac-reunion.fr\/clg-guy-moquet\/2025\/05\/15\/school-party-2-bal-de-fin-dannee-des-3e\/\"><span>Lire la suite<\/span><i class=\"crycon-right-dir\"><\/i><\/a> <\/p><\/div><\/li>\n<li><div class=\"wp-block-latest-posts__featured-image\"><a href=\"https:\/\/etab.ac-reunion.fr\/clg-guy-moquet\/2024\/12\/16\/school-party-bal-de-fin-dannee-des-3e\/\" title=\"School Party : bal de fin d&#039;ann\u00e9e des 3e\"><img loading=\"lazy\" decoding=\"async\" width=\"150\" height=\"150\" src=\"https:\/\/etab.ac-reunion.fr\/clg-guy-moquet\/wp-content\/uploads\/sites\/63\/2024\/12\/Bal-de-Promo-2024-00016-Copie-150x150.jpg\" class=\"attachment-thumbnail size-thumbnail wp-post-image\" alt=\"\" style=\"\" \/><\/a><\/div><a class=\"wp-block-latest-posts__post-title\" href=\"https:\/\/etab.ac-reunion.fr\/clg-guy-moquet\/2024\/12\/16\/school-party-bal-de-fin-dannee-des-3e\/\">School Party : bal de fin d&rsquo;ann\u00e9e des 3e<\/a><div class=\"wp-block-latest-posts__post-excerpt\">L&rsquo;ann\u00e9e derni\u00e8re (2023-2024), les \u00e9l\u00e8ves de 3e D ont cr\u00e9e une mini-entreprise qu&rsquo;ils ont baptis\u00e9 \u00ab\u00a0School Party\u00a0\u00bb. Leur objectif : mettre en place un bal de fin d&rsquo;ann\u00e9e pour l&rsquo;ensemble des 3e afin de f\u00eater tous ensemble la fin de leur scolarit\u00e9 au coll\u00e8ge Guy M\u00f4quet. Pour cela, ils ont men\u00e9 des actions tout au&#8230;<p> <a class=\"continue-reading-link\" href=\"https:\/\/etab.ac-reunion.fr\/clg-guy-moquet\/2024\/12\/16\/school-party-bal-de-fin-dannee-des-3e\/\"><span>Lire la suite<\/span><i class=\"crycon-right-dir\"><\/i><\/a> <\/p><\/div><\/li>\n<\/ul>\n\n\n<div class=\"wp-block-buttons is-layout-flex wp-block-buttons-is-layout-flex\">\n<div class=\"wp-block-button has-custom-width wp-block-button__width-50\"><a class=\"wp-block-button__link wp-element-button\" href=\"https:\/\/etab.ac-reunion.fr\/clg-guy-moquet\/articles-fse\/\">Tous les articles<\/a><\/div>\n<\/div>\n\n\n\n<p><\/p>\n","protected":false},"excerpt":{"rendered":"<p>Le FOYER SOCIO-EDUCATIF du Coll\u00e8ge Guy M\u00f4quet But Le Foyer Socio-\u00e9ducatif du Coll\u00e8ge Guy M\u00f4quet (FSE) est une association \u00e0 but non lucratif, cr\u00e9e en 2010, r\u00e9gie par la loi de 1901. Le FSE fonctionne \u00e0 l\u2019int\u00e9rieur de l\u2019\u00e9tablissement et a pour vocation principale d\u2019offrir aux \u00e9l\u00e8ves du coll\u00e8ge des&#8230;<\/p>\n<p> <a class=\"continue-reading-link\" href=\"https:\/\/etab.ac-reunion.fr\/clg-guy-moquet\/la-vie-du-college\/le-foyer\/\"><span>Lire la suite<\/span><i class=\"crycon-right-dir\"><\/i><\/a> <\/p>\n","protected":false},"author":1037,"featured_media":5219,"parent":17,"menu_order":3,"comment_status":"closed","ping_status":"closed","template":"","meta":{"footnotes":""},"class_list":["post-267","page","type-page","status-publish","has-post-thumbnail","hentry"],"_links":{"self":[{"href":"https:\/\/etab.ac-reunion.fr\/clg-guy-moquet\/wp-json\/wp\/v2\/pages\/267","targetHints":{"allow":["GET"]}}],"collection":[{"href":"https:\/\/etab.ac-reunion.fr\/clg-guy-moquet\/wp-json\/wp\/v2\/pages"}],"about":[{"href":"https:\/\/etab.ac-reunion.fr\/clg-guy-moquet\/wp-json\/wp\/v2\/types\/page"}],"author":[{"embeddable":true,"href":"https:\/\/etab.ac-reunion.fr\/clg-guy-moquet\/wp-json\/wp\/v2\/users\/1037"}],"replies":[{"embeddable":true,"href":"https:\/\/etab.ac-reunion.fr\/clg-guy-moquet\/wp-json\/wp\/v2\/comments?post=267"}],"version-history":[{"count":32,"href":"https:\/\/etab.ac-reunion.fr\/clg-guy-moquet\/wp-json\/wp\/v2\/pages\/267\/revisions"}],"predecessor-version":[{"id":5435,"href":"https:\/\/etab.ac-reunion.fr\/clg-guy-moquet\/wp-json\/wp\/v2\/pages\/267\/revisions\/5435"}],"up":[{"embeddable":true,"href":"https:\/\/etab.ac-reunion.fr\/clg-guy-moquet\/wp-json\/wp\/v2\/pages\/17"}],"wp:featuredmedia":[{"embeddable":true,"href":"https:\/\/etab.ac-reunion.fr\/clg-guy-moquet\/wp-json\/wp\/v2\/media\/5219"}],"wp:attachment":[{"href":"https:\/\/etab.ac-reunion.fr\/clg-guy-moquet\/wp-json\/wp\/v2\/media?parent=267"}],"curies":[{"name":"wp","href":"https:\/\/api.w.org\/{rel}","templated":true}]}}