{"id":269,"date":"2024-09-18T22:06:25","date_gmt":"2024-09-18T18:06:25","guid":{"rendered":"https:\/\/portail.college-guymoquet.re\/wordpress\/?page_id=269"},"modified":"2026-04-02T09:11:28","modified_gmt":"2026-04-02T05:11:28","slug":"lunss","status":"publish","type":"page","link":"https:\/\/etab.ac-reunion.fr\/clg-guy-moquet\/la-vie-du-college\/lunss\/","title":{"rendered":"L&rsquo;UNSS \u00e0 Guy M\u00f4quet!"},"content":{"rendered":"<p>Voici une pr\u00e9sentation des activit\u00e9s pour l&rsquo;ann\u00e9e :<\/p>\n<p><strong><u>FOOT 100% F\u00c9MININ<\/u><\/strong> : activit\u00e9 sportive collective opposant deux \u00e9quipes de 11 joueuses. L&rsquo;objectif est de marquer plus de buts que l&rsquo;\u00e9quipe adverse en envoyant un ballon dans le but adverse, tout en respectant les r\u00e8gles du jeu. Cette discipline, qui favorise l&rsquo;esprit d&rsquo;\u00e9quipe, la rapidit\u00e9 et la strat\u00e9gie, est encadr\u00e9e par M. LEBEAU F sur le terrain de sport chaque lundi de 12H20 \u00e0 13h20.<\/p>\n<p><u><strong>BADMINTON<\/strong>\u00a0<\/u>: activit\u00e9 de raquette individuelle ou collective (double) consistant \u00e0 renvoyer un volant au-dessus d\u2019un filet pour marquer plus de points que l\u2019adversaire. L&rsquo;organisation retenue cette ann\u00e9e :<\/p>\n<ul>\n<li>M. LEBEAU B. le mardi et le vendredi de 12h30 \u00e0 13h30,<\/li>\n<li>Mme TOURNEUR et M ETHEVE le mercredi de 12h30 \u00e0 14h30,<\/li>\n<li>M LEBEAU B. et M ETHEVE le jeudi de 12h30 \u00e0 14h30,<\/li>\n<\/ul>\n<p><u><strong>ESCALADE<\/strong>\u00a0<\/u>: activit\u00e9 de pleine nature ou surface artificielle consistant \u00e0 grimper des voies de difficult\u00e9s diff\u00e9rentes, avec d\u00e9vers parfois et \u00e0 assurer son partenaire en apprenant les gestes d\u2019assurage ne moulinette ou en t\u00eate. Organis\u00e9 par Mme DAILLY, Mme TOURNEUR le lundi et jeudi au gymnase de 12h30 \u00e0 13h20.<\/p>\n<p><u><strong>VOLLEY-BAL<\/strong>L<\/u> : activit\u00e9 collective de ballon dont le but est de marquer plus de points que l\u2019\u00e9quipe adverse en renvoyant le ballon par-dessus un filet. Organis\u00e9 par Mme SANTOS le lundi de 12h20 \u00e0 13h20.<\/p>\n<p><strong><u>DANSE <\/u><\/strong>: activit\u00e9 artistique et corporelle qui consiste \u00e0 exprimer des \u00e9motions, des histoires ou des rythmes \u00e0 travers des mouvements du corps. Elle peut \u00eatre pratiqu\u00e9e en solo ou en groupe et se d\u00e9cline en plusieurs styles tels que le classique, le moderne, le hip-hop ou le jazz. La danse d\u00e9veloppe la coordination, la souplesse et la cr\u00e9ativit\u00e9. Organis\u00e9 par Mme HELIES.<\/p>\n<ul>\n<li>\u00a0lundi de 12h20 \u00e0 13h20, <\/li>\n<li>\u00a0mercredi de 12h30 \u00e0 14h30 en semaine A,<\/li>\n<li>\u00a0jeudi de 12h20 \u00e0 13h20.<\/li>\n<\/ul>\n<p><u><strong>BASKET<\/strong><\/u> : sport collectif opposant deux \u00e9quipes de cinq joueurs, o\u00f9 l&rsquo;objectif est de marquer des paniers en envoyant un ballon dans le cerceau de l&rsquo;\u00e9quipe adverse. Ce jeu demande rapidit\u00e9, agilit\u00e9 et esprit d&rsquo;\u00e9quipe. Les matchs se jouent sur un terrain rectangulaire, avec des r\u00e8gles pr\u00e9cises pour le dribble, les passes et les tirs.. Organis\u00e9 par Mme DAILLY le mardi de 12h20 \u00e0 13h20.<\/p>\n<p><u><strong>SPORT SANT\u00c9<\/strong><\/u> : Organis\u00e9 par Mme SANTOS le mercredi de 12h30 \u00e0 14h30.<\/p>\n\n<ul class=\"wp-block-latest-posts__list is-grid columns-3 has-dates wp-block-latest-posts\"><li><div class=\"wp-block-latest-posts__featured-image\"><a href=\"https:\/\/etab.ac-reunion.fr\/clg-guy-moquet\/2026\/04\/02\/2026-resultats-de-nos-equipes-pour-les-championnats-academiques-badminton-minime\/\" title=\"2026 - R\u00e9sultats de nos \u00e9quipes pour les championnats acad\u00e9miques badminton minime!\"><img loading=\"lazy\" decoding=\"async\" width=\"150\" height=\"150\" src=\"https:\/\/etab.ac-reunion.fr\/clg-guy-moquet\/wp-content\/uploads\/sites\/63\/2026\/04\/26-BAD3-150x150.jpg\" class=\"attachment-thumbnail size-thumbnail wp-post-image\" alt=\"\" style=\"\" \/><\/a><\/div><a class=\"wp-block-latest-posts__post-title\" href=\"https:\/\/etab.ac-reunion.fr\/clg-guy-moquet\/2026\/04\/02\/2026-resultats-de-nos-equipes-pour-les-championnats-academiques-badminton-minime\/\">2026 &#8211; R\u00e9sultats de nos \u00e9quipes pour les championnats acad\u00e9miques badminton minime!<\/a><time datetime=\"2026-04-02T09:10:51+04:00\" class=\"wp-block-latest-posts__post-date\">2 avril 2026<\/time><div class=\"wp-block-latest-posts__post-excerpt\"><p> <a class=\"continue-reading-link\" href=\"https:\/\/etab.ac-reunion.fr\/clg-guy-moquet\/2026\/04\/02\/2026-resultats-de-nos-equipes-pour-les-championnats-academiques-badminton-minime\/\"><span>Lire la suite<\/span><i class=\"crycon-right-dir\"><\/i><\/a> <\/p><\/div><\/li>\n<li><div class=\"wp-block-latest-posts__featured-image\"><a href=\"https:\/\/etab.ac-reunion.fr\/clg-guy-moquet\/2025\/02\/14\/championnat-district-de-badminton\/\" title=\"Championnat district de badminton.\"><img loading=\"lazy\" decoding=\"async\" width=\"150\" height=\"150\" src=\"https:\/\/etab.ac-reunion.fr\/clg-guy-moquet\/wp-content\/uploads\/sites\/63\/2025\/02\/IMG_5753-150x150.jpeg\" class=\"attachment-thumbnail size-thumbnail wp-post-image\" alt=\"\" style=\"\" \/><\/a><\/div><a class=\"wp-block-latest-posts__post-title\" href=\"https:\/\/etab.ac-reunion.fr\/clg-guy-moquet\/2025\/02\/14\/championnat-district-de-badminton\/\">Championnat district de badminton.<\/a><time datetime=\"2025-02-14T11:46:59+04:00\" class=\"wp-block-latest-posts__post-date\">14 f\u00e9vrier 2025<\/time><div class=\"wp-block-latest-posts__post-excerpt\">\/ Une quarantaine d&rsquo;\u00e9l\u00e8ves (UNSS et section) ont particip\u00e9 au premier championnat de district.<p> <a class=\"continue-reading-link\" href=\"https:\/\/etab.ac-reunion.fr\/clg-guy-moquet\/2025\/02\/14\/championnat-district-de-badminton\/\"><span>Lire la suite<\/span><i class=\"crycon-right-dir\"><\/i><\/a> <\/p><\/div><\/li>\n<li><div class=\"wp-block-latest-posts__featured-image\"><a href=\"https:\/\/etab.ac-reunion.fr\/clg-guy-moquet\/2024\/12\/18\/1ere-sortie-de-las-sante-joyeuses-fetes\/\" title=\"1\u00e8re SORTIE DE L&#039;AS SANTE! JOYEUSES F\u00caTES !!!\"><img loading=\"lazy\" decoding=\"async\" width=\"150\" height=\"150\" src=\"https:\/\/etab.ac-reunion.fr\/clg-guy-moquet\/wp-content\/uploads\/sites\/63\/2024\/12\/470051881_562746993285198_663726322030699019_n-1-edited-150x150.jpg\" class=\"attachment-thumbnail size-thumbnail wp-post-image\" alt=\"\" style=\"\" \/><\/a><\/div><a class=\"wp-block-latest-posts__post-title\" href=\"https:\/\/etab.ac-reunion.fr\/clg-guy-moquet\/2024\/12\/18\/1ere-sortie-de-las-sante-joyeuses-fetes\/\">1\u00e8re SORTIE DE L&rsquo;AS SANTE! JOYEUSES F\u00caTES !!!<\/a><time datetime=\"2024-12-18T20:07:12+04:00\" class=\"wp-block-latest-posts__post-date\">18 d\u00e9cembre 2024<\/time><div class=\"wp-block-latest-posts__post-excerpt\">Pour leur premi\u00e8re sortie, les \u00e9l\u00e8ves de l&rsquo;AS sant\u00e9 ont d\u00e9couvert le trampoline park de St Denis ! Un vrai bonheur pour eux de \u00ab\u00a0jumper\u00a0\u00bb sur les nombreux trampolines du site : trampoline olympique, \u00ab\u00a0basket jump\u00a0\u00bb , tyrolienne, parcours du combattant, tumbling et j&rsquo;en passe. Un moment de plaisir et d&rsquo;activit\u00e9 physique mais \u00e9galement de&#8230;<p> <a class=\"continue-reading-link\" href=\"https:\/\/etab.ac-reunion.fr\/clg-guy-moquet\/2024\/12\/18\/1ere-sortie-de-las-sante-joyeuses-fetes\/\"><span>Lire la suite<\/span><i class=\"crycon-right-dir\"><\/i><\/a> <\/p><\/div><\/li>\n<li><div class=\"wp-block-latest-posts__featured-image\"><a href=\"https:\/\/etab.ac-reunion.fr\/clg-guy-moquet\/2024\/07\/02\/le-passage-de-la-flamme-olympique\/\" title=\"Le passage de la flamme olympique\"><img loading=\"lazy\" decoding=\"async\" width=\"150\" height=\"150\" src=\"https:\/\/etab.ac-reunion.fr\/clg-guy-moquet\/wp-content\/uploads\/sites\/63\/2024\/04\/cropped-Faites-vos-jeux-logo-1-150x150.png\" class=\"attachment-thumbnail size-thumbnail wp-post-image\" alt=\"\" style=\"\" srcset=\"https:\/\/etab.ac-reunion.fr\/clg-guy-moquet\/wp-content\/uploads\/sites\/63\/2024\/04\/cropped-Faites-vos-jeux-logo-1-150x150.png 150w, https:\/\/etab.ac-reunion.fr\/clg-guy-moquet\/wp-content\/uploads\/sites\/63\/2024\/04\/cropped-Faites-vos-jeux-logo-1-300x300.png 300w, https:\/\/etab.ac-reunion.fr\/clg-guy-moquet\/wp-content\/uploads\/sites\/63\/2024\/04\/cropped-Faites-vos-jeux-logo-1-185x185.png 185w, https:\/\/etab.ac-reunion.fr\/clg-guy-moquet\/wp-content\/uploads\/sites\/63\/2024\/04\/cropped-Faites-vos-jeux-logo-1-90x90.png 90w, https:\/\/etab.ac-reunion.fr\/clg-guy-moquet\/wp-content\/uploads\/sites\/63\/2024\/04\/cropped-Faites-vos-jeux-logo-1-25x25.png 25w, https:\/\/etab.ac-reunion.fr\/clg-guy-moquet\/wp-content\/uploads\/sites\/63\/2024\/04\/cropped-Faites-vos-jeux-logo-1-184x184.png 184w, https:\/\/etab.ac-reunion.fr\/clg-guy-moquet\/wp-content\/uploads\/sites\/63\/2024\/04\/cropped-Faites-vos-jeux-logo-1-270x270.png 270w, https:\/\/etab.ac-reunion.fr\/clg-guy-moquet\/wp-content\/uploads\/sites\/63\/2024\/04\/cropped-Faites-vos-jeux-logo-1-192x192.png 192w, https:\/\/etab.ac-reunion.fr\/clg-guy-moquet\/wp-content\/uploads\/sites\/63\/2024\/04\/cropped-Faites-vos-jeux-logo-1-180x180.png 180w, https:\/\/etab.ac-reunion.fr\/clg-guy-moquet\/wp-content\/uploads\/sites\/63\/2024\/04\/cropped-Faites-vos-jeux-logo-1-32x32.png 32w, https:\/\/etab.ac-reunion.fr\/clg-guy-moquet\/wp-content\/uploads\/sites\/63\/2024\/04\/cropped-Faites-vos-jeux-logo-1.png 512w\" sizes=\"auto, (max-width: 150px) 100vw, 150px\" \/><\/a><\/div><a class=\"wp-block-latest-posts__post-title\" href=\"https:\/\/etab.ac-reunion.fr\/clg-guy-moquet\/2024\/07\/02\/le-passage-de-la-flamme-olympique\/\">Le passage de la flamme olympique<\/a><time datetime=\"2024-07-02T08:01:53+04:00\" class=\"wp-block-latest-posts__post-date\">2 juillet 2024<\/time><div class=\"wp-block-latest-posts__post-excerpt\">Les \u00e9l\u00e8ves ayant particip\u00e9 au projet Podcast \u00ab\u00a0Faites vos jeux\u00a0\u00bb ont pu assister au passage de la flamme olympique au stade Allane de St Benoit le Mercredi 12 juin 2024. Une bonne mani\u00e8re de mettre un point final \u00e0 ce projet qui les a tous r\u00e9unis autour du th\u00e8me des jeux olympiques le temps d&rsquo;une&#8230;<p> <a class=\"continue-reading-link\" href=\"https:\/\/etab.ac-reunion.fr\/clg-guy-moquet\/2024\/07\/02\/le-passage-de-la-flamme-olympique\/\"><span>Lire la suite<\/span><i class=\"crycon-right-dir\"><\/i><\/a> <\/p><\/div><\/li>\n<li><div class=\"wp-block-latest-posts__featured-image\"><a href=\"https:\/\/etab.ac-reunion.fr\/clg-guy-moquet\/2024\/05\/21\/emissions-webradio-jeux-olympiques-a-paris-2024-a-ecouter-sur-peertube\/\" title=\"Emissions webradio &quot;Jeux Olympiques \u00e0 Paris 2024&quot; \u00e0 \u00e9couter sur Peertube\"><img loading=\"lazy\" decoding=\"async\" width=\"150\" height=\"150\" src=\"https:\/\/etab.ac-reunion.fr\/clg-guy-moquet\/wp-content\/uploads\/sites\/63\/2024\/04\/Faites-vos-jeux-logo-1-150x150.png\" class=\"attachment-thumbnail size-thumbnail wp-post-image\" alt=\"\" style=\"\" srcset=\"https:\/\/etab.ac-reunion.fr\/clg-guy-moquet\/wp-content\/uploads\/sites\/63\/2024\/04\/Faites-vos-jeux-logo-1-150x150.png 150w, https:\/\/etab.ac-reunion.fr\/clg-guy-moquet\/wp-content\/uploads\/sites\/63\/2024\/04\/Faites-vos-jeux-logo-1-300x300.png 300w, https:\/\/etab.ac-reunion.fr\/clg-guy-moquet\/wp-content\/uploads\/sites\/63\/2024\/04\/Faites-vos-jeux-logo-1-768x768.png 768w, https:\/\/etab.ac-reunion.fr\/clg-guy-moquet\/wp-content\/uploads\/sites\/63\/2024\/04\/Faites-vos-jeux-logo-1-185x185.png 185w, https:\/\/etab.ac-reunion.fr\/clg-guy-moquet\/wp-content\/uploads\/sites\/63\/2024\/04\/Faites-vos-jeux-logo-1-90x90.png 90w, https:\/\/etab.ac-reunion.fr\/clg-guy-moquet\/wp-content\/uploads\/sites\/63\/2024\/04\/Faites-vos-jeux-logo-1-25x25.png 25w, https:\/\/etab.ac-reunion.fr\/clg-guy-moquet\/wp-content\/uploads\/sites\/63\/2024\/04\/Faites-vos-jeux-logo-1-184x184.png 184w, https:\/\/etab.ac-reunion.fr\/clg-guy-moquet\/wp-content\/uploads\/sites\/63\/2024\/04\/Faites-vos-jeux-logo-1.png 800w\" sizes=\"auto, (max-width: 150px) 100vw, 150px\" \/><\/a><\/div><a class=\"wp-block-latest-posts__post-title\" href=\"https:\/\/etab.ac-reunion.fr\/clg-guy-moquet\/2024\/05\/21\/emissions-webradio-jeux-olympiques-a-paris-2024-a-ecouter-sur-peertube\/\">Emissions webradio \u00ab\u00a0Jeux Olympiques \u00e0 Paris 2024\u00a0\u00bb \u00e0 \u00e9couter sur Peertube<\/a><time datetime=\"2024-05-21T10:58:32+04:00\" class=\"wp-block-latest-posts__post-date\">21 mai 2024<\/time><div class=\"wp-block-latest-posts__post-excerpt\">Pour \u00e9couter les \u00e9missions 1, 2,3 et 4 sp\u00e9cial \u00ab\u00a0Jeux Olympiques \u00e0 Paris 2024\u00a0\u00bb cliquez ICI. Et, voici toutes les sources utilis\u00e9es pour les sons et bruitages<p> <a class=\"continue-reading-link\" href=\"https:\/\/etab.ac-reunion.fr\/clg-guy-moquet\/2024\/05\/21\/emissions-webradio-jeux-olympiques-a-paris-2024-a-ecouter-sur-peertube\/\"><span>Lire la suite<\/span><i class=\"crycon-right-dir\"><\/i><\/a> <\/p><\/div><\/li>\n<li><div class=\"wp-block-latest-posts__featured-image\"><a href=\"https:\/\/etab.ac-reunion.fr\/clg-guy-moquet\/2023\/10\/11\/cross-du-college-guy-moquet-jeudi-12-octobre-2023-de-7h30-a-11h45\/\" title=\"CROSS du Coll\u00e8ge Guy M\u00f4quet : Jeudi 12 Octobre 2023 de 7H30 \u00e0 11H45\"><img loading=\"lazy\" decoding=\"async\" width=\"150\" height=\"150\" src=\"https:\/\/etab.ac-reunion.fr\/clg-guy-moquet\/wp-content\/uploads\/sites\/63\/2023\/10\/cross-du-college-page-001-150x150.jpg\" class=\"attachment-thumbnail size-thumbnail wp-post-image\" alt=\"\" style=\"\" srcset=\"https:\/\/etab.ac-reunion.fr\/clg-guy-moquet\/wp-content\/uploads\/sites\/63\/2023\/10\/cross-du-college-page-001-150x150.jpg 150w, https:\/\/etab.ac-reunion.fr\/clg-guy-moquet\/wp-content\/uploads\/sites\/63\/2023\/10\/cross-du-college-page-001-185x185.jpg 185w, https:\/\/etab.ac-reunion.fr\/clg-guy-moquet\/wp-content\/uploads\/sites\/63\/2023\/10\/cross-du-college-page-001-90x90.jpg 90w, https:\/\/etab.ac-reunion.fr\/clg-guy-moquet\/wp-content\/uploads\/sites\/63\/2023\/10\/cross-du-college-page-001-25x25.jpg 25w, https:\/\/etab.ac-reunion.fr\/clg-guy-moquet\/wp-content\/uploads\/sites\/63\/2023\/10\/cross-du-college-page-001-184x184.jpg 184w\" sizes=\"auto, (max-width: 150px) 100vw, 150px\" \/><\/a><\/div><a class=\"wp-block-latest-posts__post-title\" href=\"https:\/\/etab.ac-reunion.fr\/clg-guy-moquet\/2023\/10\/11\/cross-du-college-guy-moquet-jeudi-12-octobre-2023-de-7h30-a-11h45\/\">CROSS du Coll\u00e8ge Guy M\u00f4quet : Jeudi 12 Octobre 2023 de 7H30 \u00e0 11H45<\/a><time datetime=\"2023-10-11T10:42:25+04:00\" class=\"wp-block-latest-posts__post-date\">11 octobre 2023<\/time><div class=\"wp-block-latest-posts__post-excerpt\"><p> <a class=\"continue-reading-link\" href=\"https:\/\/etab.ac-reunion.fr\/clg-guy-moquet\/2023\/10\/11\/cross-du-college-guy-moquet-jeudi-12-octobre-2023-de-7h30-a-11h45\/\"><span>Lire la suite<\/span><i class=\"crycon-right-dir\"><\/i><\/a> <\/p><\/div><\/li>\n<\/ul>\n\n\n<div class=\"wp-block-buttons is-layout-flex wp-block-buttons-is-layout-flex\">\n<div class=\"wp-block-button\"><a class=\"wp-block-button__link wp-element-button\" href=\"https:\/\/etab.ac-reunion.fr\/clg-guy-moquet\/articles-unss\/\">Autres articles &#8230;<\/a><\/div>\n<\/div>\n\n\n\n<p><\/p>\n","protected":false},"excerpt":{"rendered":"<p>Voici une pr\u00e9sentation des activit\u00e9s pour l&rsquo;ann\u00e9e : FOOT 100% F\u00c9MININ : activit\u00e9 sportive collective opposant deux \u00e9quipes de 11 joueuses. L&rsquo;objectif est de marquer plus de buts que l&rsquo;\u00e9quipe adverse en envoyant un ballon dans le but adverse, tout en respectant les r\u00e8gles du jeu. Cette discipline, qui favorise&#8230;<\/p>\n<p> <a class=\"continue-reading-link\" href=\"https:\/\/etab.ac-reunion.fr\/clg-guy-moquet\/la-vie-du-college\/lunss\/\"><span>Lire la suite<\/span><i class=\"crycon-right-dir\"><\/i><\/a> <\/p>\n","protected":false},"author":16626,"featured_media":0,"parent":17,"menu_order":4,"comment_status":"closed","ping_status":"closed","template":"","meta":{"footnotes":""},"class_list":["post-269","page","type-page","status-publish","hentry"],"_links":{"self":[{"href":"https:\/\/etab.ac-reunion.fr\/clg-guy-moquet\/wp-json\/wp\/v2\/pages\/269","targetHints":{"allow":["GET"]}}],"collection":[{"href":"https:\/\/etab.ac-reunion.fr\/clg-guy-moquet\/wp-json\/wp\/v2\/pages"}],"about":[{"href":"https:\/\/etab.ac-reunion.fr\/clg-guy-moquet\/wp-json\/wp\/v2\/types\/page"}],"author":[{"embeddable":true,"href":"https:\/\/etab.ac-reunion.fr\/clg-guy-moquet\/wp-json\/wp\/v2\/users\/16626"}],"replies":[{"embeddable":true,"href":"https:\/\/etab.ac-reunion.fr\/clg-guy-moquet\/wp-json\/wp\/v2\/comments?post=269"}],"version-history":[{"count":24,"href":"https:\/\/etab.ac-reunion.fr\/clg-guy-moquet\/wp-json\/wp\/v2\/pages\/269\/revisions"}],"predecessor-version":[{"id":6604,"href":"https:\/\/etab.ac-reunion.fr\/clg-guy-moquet\/wp-json\/wp\/v2\/pages\/269\/revisions\/6604"}],"up":[{"embeddable":true,"href":"https:\/\/etab.ac-reunion.fr\/clg-guy-moquet\/wp-json\/wp\/v2\/pages\/17"}],"wp:attachment":[{"href":"https:\/\/etab.ac-reunion.fr\/clg-guy-moquet\/wp-json\/wp\/v2\/media?parent=269"}],"curies":[{"name":"wp","href":"https:\/\/api.w.org\/{rel}","templated":true}]}}