{"id":5323,"date":"2024-12-18T08:55:18","date_gmt":"2024-12-18T04:55:18","guid":{"rendered":"https:\/\/etab.ac-reunion.fr\/clg-guy-moquet\/?page_id=5323"},"modified":"2024-12-18T09:08:21","modified_gmt":"2024-12-18T05:08:21","slug":"donnees-personnelles","status":"publish","type":"page","link":"https:\/\/etab.ac-reunion.fr\/clg-guy-moquet\/donnees-personnelles\/","title":{"rendered":"Donn\u00e9es personnelles"},"content":{"rendered":"<p>L\u2019\u00e9tablissement traite des donn\u00e9es personnelles conform\u00e9ment au R\u00e8glement G\u00e9n\u00e9ral sur la Protection des Donn\u00e9es (RGPD) et \u00e0 la loi Informatique et Libert\u00e9s.<\/p>\n<h2>Politique de protection des donn\u00e9es<\/h2>\n<p>Les informations fournies via le formulaire de contact sont transmises par protocole s\u00e9curis\u00e9 au destinataire pour traitement.<\/p>\n<h2>Exercez vos droits<\/h2>\n<p>Pour toute information ou exercice de vos droits Informatique et Libert\u00e9s sur les traitements de donn\u00e9es personnelles g\u00e9r\u00e9s par l\u2019\u00e9tablissement, vous pouvez contacter l\u2019\u00e9tablissement :<\/p>\n<ul>\n<li>par courrier (avec copie de votre pi\u00e8ce d\u2019identit\u00e9 en cas d\u2019exercice de vos droits) \u00e0 l\u2019adresse suivante :\n<ul>\n<li>Coll\u00e8ge Guy M\u00f4quet<br \/>\n55 Rue Poinsettias, 97470 Saint-Beno\u00eet<\/li>\n<\/ul>\n<\/li>\n<\/ul>\n<h2>A propos des \u201ccookies\u201d<\/h2>\n<p>Les \u201ccookies\u201d sont des petits fichiers qui collectent des donn\u00e9es lors de l\u2019usage de sites internet.<\/p>\n<p>Trois types de cookies sont cr\u00e9\u00e9s lors de la consultation du site :<\/p>\n<h3>Cookies internes n\u00e9cessaires au site pour fonctionner<\/h3>\n<p>Exemples :<\/p>\n<ul>\n<li>PHPSESSID<\/li>\n<li>tarteaucitron<\/li>\n<\/ul>\n<h3>Cookie de mesure d\u2019audience<\/h3>\n<p>La mesure d\u2019audience se fait avec Matomo o\u00f9 l\u2019adresse IP est anonymis\u00e9e sur 2 octets, conform\u00e9ment aux pr\u00e9conisations de la CNIL.<\/p>\n<h3>Cookies tiers li\u00e9s \u00e0 des contenus tiers en ligne<\/h3>\n<p>Des services tiers n\u00e9cessitent l\u2019acceptation des cookies pour fonctionner :<\/p>\n<ul>\n<li>Vid\u00e9os en ligne (Dailymotion, YouTube)<\/li>\n<\/ul>\n<p>Pr\u00e9sentations anim\u00e9es (Mindomo, Prezi)<\/p>\n","protected":false},"excerpt":{"rendered":"<p>L\u2019\u00e9tablissement traite des donn\u00e9es personnelles conform\u00e9ment au R\u00e8glement G\u00e9n\u00e9ral sur la Protection des Donn\u00e9es (RGPD) et \u00e0 la loi Informatique et Libert\u00e9s. Politique de protection des donn\u00e9es Les informations fournies via le formulaire de contact sont transmises par protocole s\u00e9curis\u00e9 au destinataire pour traitement. Exercez vos droits Pour toute information&#8230;<\/p>\n<p> <a class=\"continue-reading-link\" href=\"https:\/\/etab.ac-reunion.fr\/clg-guy-moquet\/donnees-personnelles\/\"><span>Lire la suite<\/span><i class=\"crycon-right-dir\"><\/i><\/a> <\/p>\n","protected":false},"author":37583,"featured_media":0,"parent":0,"menu_order":0,"comment_status":"closed","ping_status":"closed","template":"","meta":{"footnotes":""},"class_list":["post-5323","page","type-page","status-publish","hentry"],"_links":{"self":[{"href":"https:\/\/etab.ac-reunion.fr\/clg-guy-moquet\/wp-json\/wp\/v2\/pages\/5323","targetHints":{"allow":["GET"]}}],"collection":[{"href":"https:\/\/etab.ac-reunion.fr\/clg-guy-moquet\/wp-json\/wp\/v2\/pages"}],"about":[{"href":"https:\/\/etab.ac-reunion.fr\/clg-guy-moquet\/wp-json\/wp\/v2\/types\/page"}],"author":[{"embeddable":true,"href":"https:\/\/etab.ac-reunion.fr\/clg-guy-moquet\/wp-json\/wp\/v2\/users\/37583"}],"replies":[{"embeddable":true,"href":"https:\/\/etab.ac-reunion.fr\/clg-guy-moquet\/wp-json\/wp\/v2\/comments?post=5323"}],"version-history":[{"count":2,"href":"https:\/\/etab.ac-reunion.fr\/clg-guy-moquet\/wp-json\/wp\/v2\/pages\/5323\/revisions"}],"predecessor-version":[{"id":5330,"href":"https:\/\/etab.ac-reunion.fr\/clg-guy-moquet\/wp-json\/wp\/v2\/pages\/5323\/revisions\/5330"}],"wp:attachment":[{"href":"https:\/\/etab.ac-reunion.fr\/clg-guy-moquet\/wp-json\/wp\/v2\/media?parent=5323"}],"curies":[{"name":"wp","href":"https:\/\/api.w.org\/{rel}","templated":true}]}}