{"id":5351,"date":"2024-12-19T08:33:16","date_gmt":"2024-12-19T04:33:16","guid":{"rendered":"https:\/\/etab.ac-reunion.fr\/clg-guy-moquet\/?page_id=5351"},"modified":"2025-03-31T10:45:24","modified_gmt":"2025-03-31T06:45:24","slug":"contact","status":"publish","type":"page","link":"https:\/\/etab.ac-reunion.fr\/clg-guy-moquet\/contact\/","title":{"rendered":"Contacts"},"content":{"rendered":"\n<h2 class=\"wp-block-heading\">Standard<\/h2>\n\n\n\n<p><strong>02 62 90 06 25<\/strong><\/p>\n\n\n\n<h2 class=\"wp-block-heading\">Horaires<\/h2>\n\n\n\n<p>Lundi, mardi, jeudi et vendredi de 7h30 \u00e0 16h30.<\/p>\n\n\n\n<p>Mercredi de 7h30 \u00e0 11h45. UNSS de 12h30 \u00e0 14h30.<\/p>\n\n\n\n<hr class=\"wp-block-separator has-alpha-channel-opacity\" \/>\n\n\n\n<h2 class=\"wp-block-heading\">Adresse<\/h2>\n\n\n\n<p>Coll\u00e8ge Guy M\u00f4quet &#8211; 55 rue des poinsettias &#8211; BP37 &#8211; 97470 SAINT-BENO\u00ceT<\/p>\n\n\n\n<hr class=\"wp-block-separator has-alpha-channel-opacity\" \/>\n\n\n\n<h2 class=\"wp-block-heading\">Transports (non scolaires)<\/h2>\n\n\n\n<p>Les lignes du r\u00e9seau <strong>ESTIVAL<\/strong>, <strong>L15A <\/strong>et <strong>L15B<\/strong> s&rsquo;arr\u00eatent devant le coll\u00e8ge.<\/p>\n\n\n\n<h2 class=\"wp-block-heading\">Carte d&rsquo;acc\u00e8s<\/h2>\n\n\n\n\n<!-- iframe plugin v.5.2 wordpress.org\/plugins\/iframe\/ -->\n<iframe loading=\"lazy\" src=\"https:\/\/www.google.com\/maps\/embed?pb=!1m18!1m12!1m3!1d4494.352766312748!2d55.707517876076714!3d-21.05361357428107!2m3!1f0!2f0!3f0!3m2!1i1024!2i768!4f13.1!3m3!1m2!1s0x217863769b4e1cf1%3A0xf57626e43f57e355!2sColl%C3%A8ge%20Guy%20Moquet!5e1!3m2!1sfr!2sfr!4v1739257970884!5m2!1sfr!2sfr\" width=\"100%\" height=\"500\" scrolling=\"yes\" class=\"iframe-class\" frameborder=\"0\"><\/iframe>\n\n\n\n\n<p><\/p>\n","protected":false},"excerpt":{"rendered":"<p>Standard 02 62 90 06 25 Horaires Lundi, mardi, jeudi et vendredi de 7h30 \u00e0 16h30. Mercredi de 7h30 \u00e0 11h45. UNSS de 12h30 \u00e0 14h30. Adresse Coll\u00e8ge Guy M\u00f4quet &#8211; 55 rue des poinsettias &#8211; BP37 &#8211; 97470 SAINT-BENO\u00ceT Transports (non scolaires) Les lignes du r\u00e9seau ESTIVAL, L15A et&#8230;<\/p>\n<p> <a class=\"continue-reading-link\" href=\"https:\/\/etab.ac-reunion.fr\/clg-guy-moquet\/contact\/\"><span>Lire la suite<\/span><i class=\"crycon-right-dir\"><\/i><\/a> <\/p>\n","protected":false},"author":37583,"featured_media":0,"parent":0,"menu_order":0,"comment_status":"closed","ping_status":"closed","template":"","meta":{"footnotes":""},"class_list":["post-5351","page","type-page","status-publish","hentry"],"_links":{"self":[{"href":"https:\/\/etab.ac-reunion.fr\/clg-guy-moquet\/wp-json\/wp\/v2\/pages\/5351","targetHints":{"allow":["GET"]}}],"collection":[{"href":"https:\/\/etab.ac-reunion.fr\/clg-guy-moquet\/wp-json\/wp\/v2\/pages"}],"about":[{"href":"https:\/\/etab.ac-reunion.fr\/clg-guy-moquet\/wp-json\/wp\/v2\/types\/page"}],"author":[{"embeddable":true,"href":"https:\/\/etab.ac-reunion.fr\/clg-guy-moquet\/wp-json\/wp\/v2\/users\/37583"}],"replies":[{"embeddable":true,"href":"https:\/\/etab.ac-reunion.fr\/clg-guy-moquet\/wp-json\/wp\/v2\/comments?post=5351"}],"version-history":[{"count":15,"href":"https:\/\/etab.ac-reunion.fr\/clg-guy-moquet\/wp-json\/wp\/v2\/pages\/5351\/revisions"}],"predecessor-version":[{"id":5770,"href":"https:\/\/etab.ac-reunion.fr\/clg-guy-moquet\/wp-json\/wp\/v2\/pages\/5351\/revisions\/5770"}],"wp:attachment":[{"href":"https:\/\/etab.ac-reunion.fr\/clg-guy-moquet\/wp-json\/wp\/v2\/media?parent=5351"}],"curies":[{"name":"wp","href":"https:\/\/api.w.org\/{rel}","templated":true}]}}