{"id":5455,"date":"2024-12-19T15:21:35","date_gmt":"2024-12-19T11:21:35","guid":{"rendered":"https:\/\/etab.ac-reunion.fr\/clg-guy-moquet\/?page_id=5455"},"modified":"2025-04-09T09:16:00","modified_gmt":"2025-04-09T05:16:00","slug":"parcours-avenir","status":"publish","type":"page","link":"https:\/\/etab.ac-reunion.fr\/clg-guy-moquet\/parcours-avenir\/","title":{"rendered":"Parcours Avenir"},"content":{"rendered":"\n<p><\/p>\n\n\n\n<div class=\"wp-block-buttons is-horizontal is-content-justification-left is-nowrap is-layout-flex wp-container-core-buttons-is-layout-8e8a235c wp-block-buttons-is-layout-flex\">\n<div class=\"wp-block-button is-style-fill\"><a class=\"wp-block-button__link wp-element-button\" href=\"https:\/\/padlet.com\/psyenciostbenoit\/s-orienter-apr-s-la-3-me-iolz5w62kdr95nlv\" target=\"_blank\" rel=\"noreferrer noopener\">S&rsquo;orienter en 3\u00e8me<\/a><\/div>\n\n\n\n<div class=\"wp-block-button\"><a class=\"wp-block-button__link wp-element-button\" href=\"https:\/\/padlet.com\/psyenciostbenoit\/mon-orientation-au-lycee-general-et-technologique-4yz0smh88f1cizzj\" target=\"_blank\" rel=\"noreferrer noopener\">Mon orientation au lyc\u00e9e g\u00e9n\u00e9ral et technologique<\/a><\/div>\n\n\n\n<div class=\"wp-block-button\"><a class=\"wp-block-button__link wp-element-button\" href=\"https:\/\/padlet.com\/psyenciostbenoit\/mon-orientation-au-lycee-professionnel-wioiyu2f1fwvc9c9\" target=\"_blank\" rel=\"noreferrer noopener\">Mon orientation au lyc\u00e9e professionnel<\/a><\/div>\n<\/div>\n\n\n\n<p><\/p>\n\n\n<ul class=\"wp-block-latest-posts__list is-grid columns-3 has-dates has-author wp-block-latest-posts\"><li><div class=\"wp-block-latest-posts__featured-image aligncenter\"><a href=\"https:\/\/etab.ac-reunion.fr\/clg-guy-moquet\/2026\/02\/26\/college-of-legends-2026\/\" title=\"Coll\u00e8ge of Legends 2026\"><img loading=\"lazy\" decoding=\"async\" width=\"300\" height=\"169\" src=\"https:\/\/etab.ac-reunion.fr\/clg-guy-moquet\/wp-content\/uploads\/sites\/63\/2026\/02\/IMG_20260225_153949-300x169.jpg\" class=\"attachment-medium size-medium wp-post-image\" alt=\"\" style=\"\" srcset=\"https:\/\/etab.ac-reunion.fr\/clg-guy-moquet\/wp-content\/uploads\/sites\/63\/2026\/02\/IMG_20260225_153949-300x169.jpg 300w, https:\/\/etab.ac-reunion.fr\/clg-guy-moquet\/wp-content\/uploads\/sites\/63\/2026\/02\/IMG_20260225_153949-1024x576.jpg 1024w, https:\/\/etab.ac-reunion.fr\/clg-guy-moquet\/wp-content\/uploads\/sites\/63\/2026\/02\/IMG_20260225_153949-768x432.jpg 768w, https:\/\/etab.ac-reunion.fr\/clg-guy-moquet\/wp-content\/uploads\/sites\/63\/2026\/02\/IMG_20260225_153949-1536x864.jpg 1536w, https:\/\/etab.ac-reunion.fr\/clg-guy-moquet\/wp-content\/uploads\/sites\/63\/2026\/02\/IMG_20260225_153949-2048x1152.jpg 2048w, https:\/\/etab.ac-reunion.fr\/clg-guy-moquet\/wp-content\/uploads\/sites\/63\/2026\/02\/IMG_20260225_153949-150x84.jpg 150w, https:\/\/etab.ac-reunion.fr\/clg-guy-moquet\/wp-content\/uploads\/sites\/63\/2026\/02\/IMG_20260225_153949-900x506.jpg 900w\" sizes=\"auto, (max-width: 300px) 100vw, 300px\" \/><\/a><\/div><a class=\"wp-block-latest-posts__post-title\" href=\"https:\/\/etab.ac-reunion.fr\/clg-guy-moquet\/2026\/02\/26\/college-of-legends-2026\/\">Coll\u00e8ge of Legends 2026<\/a><div class=\"wp-block-latest-posts__post-author\">par Arginthe Jean-Bruno<\/div><time datetime=\"2026-02-26T11:25:29+04:00\" class=\"wp-block-latest-posts__post-date\">26 f\u00e9vrier 2026<\/time><div class=\"wp-block-latest-posts__post-excerpt\">Notre coll\u00e8ge participe \u00e0 la 2\u00e8me\u00a0saison du concours d\u2019Esport \u00ab\u00a0Coll\u00e8ge of Legends\u00a0\u00bb organis\u00e9 par le d\u00e9partement de la R\u00e9union. Notre partenaire, l&rsquo;association \u00ab\u00a0Make Your Clutch\u00ab\u00a0, l&rsquo;un des acteurs de la promotion et du d\u00e9veloppement de l&rsquo;Esport \u00e0 la R\u00e9union intervient tous les mercredis apr\u00e8s-midi pour des ateliers de pr\u00e9vention et des entra\u00eenements. La phase de&#8230;<p> <a class=\"continue-reading-link\" href=\"https:\/\/etab.ac-reunion.fr\/clg-guy-moquet\/2026\/02\/26\/college-of-legends-2026\/\"><span>Lire la suite<\/span><i class=\"crycon-right-dir\"><\/i><\/a> <\/p><\/div><\/li>\n<li><div class=\"wp-block-latest-posts__featured-image aligncenter\"><a href=\"https:\/\/etab.ac-reunion.fr\/clg-guy-moquet\/2025\/11\/02\/des-3emes-aux-coulisses-du-batiment\/\" title=\"Des 3\u00e8mes aux coulisses du b\u00e2timent.\"><img loading=\"lazy\" decoding=\"async\" width=\"300\" height=\"169\" src=\"https:\/\/etab.ac-reunion.fr\/clg-guy-moquet\/wp-content\/uploads\/sites\/63\/2025\/11\/IMG_20251010_082815-1-300x169.jpg\" class=\"attachment-medium size-medium wp-post-image\" alt=\"\" style=\"\" srcset=\"https:\/\/etab.ac-reunion.fr\/clg-guy-moquet\/wp-content\/uploads\/sites\/63\/2025\/11\/IMG_20251010_082815-1-300x169.jpg 300w, https:\/\/etab.ac-reunion.fr\/clg-guy-moquet\/wp-content\/uploads\/sites\/63\/2025\/11\/IMG_20251010_082815-1-1024x576.jpg 1024w, https:\/\/etab.ac-reunion.fr\/clg-guy-moquet\/wp-content\/uploads\/sites\/63\/2025\/11\/IMG_20251010_082815-1-768x432.jpg 768w, https:\/\/etab.ac-reunion.fr\/clg-guy-moquet\/wp-content\/uploads\/sites\/63\/2025\/11\/IMG_20251010_082815-1-1536x864.jpg 1536w, https:\/\/etab.ac-reunion.fr\/clg-guy-moquet\/wp-content\/uploads\/sites\/63\/2025\/11\/IMG_20251010_082815-1-2048x1152.jpg 2048w, https:\/\/etab.ac-reunion.fr\/clg-guy-moquet\/wp-content\/uploads\/sites\/63\/2025\/11\/IMG_20251010_082815-1-150x84.jpg 150w, https:\/\/etab.ac-reunion.fr\/clg-guy-moquet\/wp-content\/uploads\/sites\/63\/2025\/11\/IMG_20251010_082815-1-900x506.jpg 900w\" sizes=\"auto, (max-width: 300px) 100vw, 300px\" \/><\/a><\/div><a class=\"wp-block-latest-posts__post-title\" href=\"https:\/\/etab.ac-reunion.fr\/clg-guy-moquet\/2025\/11\/02\/des-3emes-aux-coulisses-du-batiment\/\">Des 3\u00e8mes aux coulisses du b\u00e2timent.<\/a><div class=\"wp-block-latest-posts__post-author\">par Arginthe Jean-Bruno<\/div><time datetime=\"2025-11-02T20:06:55+04:00\" class=\"wp-block-latest-posts__post-date\">2 novembre 2025<\/time><div class=\"wp-block-latest-posts__post-excerpt\">Un groupe d&rsquo;\u00e9l\u00e8ves volontaires ont particip\u00e9 \u00e0 la journ\u00e9e des coulisses du b\u00e2timent le vendredi 10 octobre. Au programme, les \u00e9l\u00e8ves ont visit\u00e9 le chantier de construction du nouvel incin\u00e9rateur de bois rouge puis celui du parc des orchid\u00e9es de Bras-Panon. L&rsquo;occasion pour eux de d\u00e9couvrir les m\u00e9tiers du BTP : chef de chantier, responsable&#8230;<p> <a class=\"continue-reading-link\" href=\"https:\/\/etab.ac-reunion.fr\/clg-guy-moquet\/2025\/11\/02\/des-3emes-aux-coulisses-du-batiment\/\"><span>Lire la suite<\/span><i class=\"crycon-right-dir\"><\/i><\/a> <\/p><\/div><\/li>\n<li><div class=\"wp-block-latest-posts__featured-image aligncenter\"><a href=\"https:\/\/etab.ac-reunion.fr\/clg-guy-moquet\/2025\/05\/30\/journees-de-lantiquite-4e-edition\/\" title=\"Journ\u00e9es de l&#039;Antiquit\u00e9 - 4e \u00e9dition\"><img loading=\"lazy\" decoding=\"async\" width=\"212\" height=\"300\" src=\"https:\/\/etab.ac-reunion.fr\/clg-guy-moquet\/wp-content\/uploads\/sites\/63\/2025\/05\/Les-Journees-de-lAntiquite-2025-212x300.jpg\" class=\"attachment-medium size-medium wp-post-image\" alt=\"\" style=\"\" srcset=\"https:\/\/etab.ac-reunion.fr\/clg-guy-moquet\/wp-content\/uploads\/sites\/63\/2025\/05\/Les-Journees-de-lAntiquite-2025-212x300.jpg 212w, https:\/\/etab.ac-reunion.fr\/clg-guy-moquet\/wp-content\/uploads\/sites\/63\/2025\/05\/Les-Journees-de-lAntiquite-2025-724x1024.jpg 724w, https:\/\/etab.ac-reunion.fr\/clg-guy-moquet\/wp-content\/uploads\/sites\/63\/2025\/05\/Les-Journees-de-lAntiquite-2025-768x1086.jpg 768w, https:\/\/etab.ac-reunion.fr\/clg-guy-moquet\/wp-content\/uploads\/sites\/63\/2025\/05\/Les-Journees-de-lAntiquite-2025-1086x1536.jpg 1086w, https:\/\/etab.ac-reunion.fr\/clg-guy-moquet\/wp-content\/uploads\/sites\/63\/2025\/05\/Les-Journees-de-lAntiquite-2025-1448x2048.jpg 1448w, https:\/\/etab.ac-reunion.fr\/clg-guy-moquet\/wp-content\/uploads\/sites\/63\/2025\/05\/Les-Journees-de-lAntiquite-2025-106x150.jpg 106w, https:\/\/etab.ac-reunion.fr\/clg-guy-moquet\/wp-content\/uploads\/sites\/63\/2025\/05\/Les-Journees-de-lAntiquite-2025-410x580.jpg 410w, https:\/\/etab.ac-reunion.fr\/clg-guy-moquet\/wp-content\/uploads\/sites\/63\/2025\/05\/Les-Journees-de-lAntiquite-2025.jpg 1587w\" sizes=\"auto, (max-width: 212px) 100vw, 212px\" \/><\/a><\/div><a class=\"wp-block-latest-posts__post-title\" href=\"https:\/\/etab.ac-reunion.fr\/clg-guy-moquet\/2025\/05\/30\/journees-de-lantiquite-4e-edition\/\">Journ\u00e9es de l&rsquo;Antiquit\u00e9 &#8211; 4e \u00e9dition<\/a><div class=\"wp-block-latest-posts__post-author\">par Madavjee<\/div><time datetime=\"2025-05-30T12:22:48+04:00\" class=\"wp-block-latest-posts__post-date\">30 mai 2025<\/time><div class=\"wp-block-latest-posts__post-excerpt\">Les 26 et 27 mai 2025 se sont d\u00e9roul\u00e9es les journ\u00e9es de l&rsquo;Antiquit\u00e9. Ces journ\u00e9es, devenues incontournables, sont l&rsquo;occasion pour les \u00e9l\u00e8ves de l&rsquo;option latin de pr\u00e9senter les projets men\u00e9s tout au long de l&rsquo;ann\u00e9e et de permettre aux \u00e9l\u00e8ves de 6e de d\u00e9couvrir l&rsquo;option \u00e0 travers des ateliers r\u00e9alis\u00e9s et anim\u00e9s par eux. Pour&#8230;<p> <a class=\"continue-reading-link\" href=\"https:\/\/etab.ac-reunion.fr\/clg-guy-moquet\/2025\/05\/30\/journees-de-lantiquite-4e-edition\/\"><span>Lire la suite<\/span><i class=\"crycon-right-dir\"><\/i><\/a> <\/p><\/div><\/li>\n<li><div class=\"wp-block-latest-posts__featured-image aligncenter\"><a href=\"https:\/\/etab.ac-reunion.fr\/clg-guy-moquet\/2025\/04\/23\/classe-defense-au-forum-des-metiers-de-la-defense\/\" title=\"Classe d\u00e9fense au forum des m\u00e9tiers de la D\u00e9fense!\"><img loading=\"lazy\" decoding=\"async\" width=\"239\" height=\"300\" src=\"https:\/\/etab.ac-reunion.fr\/clg-guy-moquet\/wp-content\/uploads\/sites\/63\/2025\/04\/Forum1-239x300.jpg\" class=\"attachment-medium size-medium wp-post-image\" alt=\"\" style=\"\" srcset=\"https:\/\/etab.ac-reunion.fr\/clg-guy-moquet\/wp-content\/uploads\/sites\/63\/2025\/04\/Forum1-239x300.jpg 239w, https:\/\/etab.ac-reunion.fr\/clg-guy-moquet\/wp-content\/uploads\/sites\/63\/2025\/04\/Forum1-120x150.jpg 120w, https:\/\/etab.ac-reunion.fr\/clg-guy-moquet\/wp-content\/uploads\/sites\/63\/2025\/04\/Forum1-462x580.jpg 462w, https:\/\/etab.ac-reunion.fr\/clg-guy-moquet\/wp-content\/uploads\/sites\/63\/2025\/04\/Forum1.jpg 647w\" sizes=\"auto, (max-width: 239px) 100vw, 239px\" \/><\/a><\/div><a class=\"wp-block-latest-posts__post-title\" href=\"https:\/\/etab.ac-reunion.fr\/clg-guy-moquet\/2025\/04\/23\/classe-defense-au-forum-des-metiers-de-la-defense\/\">Classe d\u00e9fense au forum des m\u00e9tiers de la D\u00e9fense!<\/a><div class=\"wp-block-latest-posts__post-author\">par Arginthe Jean-Bruno<\/div><time datetime=\"2025-04-23T09:29:37+04:00\" class=\"wp-block-latest-posts__post-date\">23 avril 2025<\/time><div class=\"wp-block-latest-posts__post-excerpt\">Le 4 septembre 2024, les \u00e9l\u00e8ves de la 4\u00e8me C, ont pu participer au premier forum des m\u00e9tiers de la D\u00e9fense, organis\u00e9 par le village connect\u00e9 de Saint-Beno\u00eet. Au programme, d\u00e9couverte des diff\u00e9rents corps de m\u00e9tiers li\u00e9s \u00e0 la D\u00e9fense nationale. La classe a pu faire la rencontre de repr\u00e9sentants de la gendarmerie, mais aussi&#8230;<p> <a class=\"continue-reading-link\" href=\"https:\/\/etab.ac-reunion.fr\/clg-guy-moquet\/2025\/04\/23\/classe-defense-au-forum-des-metiers-de-la-defense\/\"><span>Lire la suite<\/span><i class=\"crycon-right-dir\"><\/i><\/a> <\/p><\/div><\/li>\n<li><div class=\"wp-block-latest-posts__featured-image aligncenter\"><a href=\"https:\/\/etab.ac-reunion.fr\/clg-guy-moquet\/2025\/04\/20\/les-ulis-mettent-la-main-a-la-pate\/\" title=\"Les Ulis mettent la main \u00e0 la p\u00e2te !\"><img loading=\"lazy\" decoding=\"async\" width=\"300\" height=\"289\" src=\"https:\/\/etab.ac-reunion.fr\/clg-guy-moquet\/wp-content\/uploads\/sites\/63\/2025\/04\/Bredanler1-300x289.jpg\" class=\"attachment-medium size-medium wp-post-image\" alt=\"\" style=\"\" srcset=\"https:\/\/etab.ac-reunion.fr\/clg-guy-moquet\/wp-content\/uploads\/sites\/63\/2025\/04\/Bredanler1-300x289.jpg 300w, https:\/\/etab.ac-reunion.fr\/clg-guy-moquet\/wp-content\/uploads\/sites\/63\/2025\/04\/Bredanler1-150x145.jpg 150w, https:\/\/etab.ac-reunion.fr\/clg-guy-moquet\/wp-content\/uploads\/sites\/63\/2025\/04\/Bredanler1.jpg 370w\" sizes=\"auto, (max-width: 300px) 100vw, 300px\" \/><\/a><\/div><a class=\"wp-block-latest-posts__post-title\" href=\"https:\/\/etab.ac-reunion.fr\/clg-guy-moquet\/2025\/04\/20\/les-ulis-mettent-la-main-a-la-pate\/\">Les Ulis mettent la main \u00e0 la p\u00e2te !<\/a><div class=\"wp-block-latest-posts__post-author\">par Elma Marie-Evelyne<\/div><time datetime=\"2025-04-20T18:33:23+04:00\" class=\"wp-block-latest-posts__post-date\">20 avril 2025<\/time><div class=\"wp-block-latest-posts__post-excerpt\">Les 10 et 11 avril dernier, les \u00e9l\u00e8ves du dispositif ULIS ont particip\u00e9 \u00e0 une activit\u00e9 culinaire dans le cadre du projet BREDANLER. Les \u00e9l\u00e8ve se sont rendus \u00e0 la cuisine centrale de Bras-Panon. D\u00e8s leur arriv\u00e9e, ils ont \u00e9t\u00e9 accueilli chaleureusement par les animateurs avec un petit d\u00e9jeuner : macatia avec du beurre. Puis&#8230;<p> <a class=\"continue-reading-link\" href=\"https:\/\/etab.ac-reunion.fr\/clg-guy-moquet\/2025\/04\/20\/les-ulis-mettent-la-main-a-la-pate\/\"><span>Lire la suite<\/span><i class=\"crycon-right-dir\"><\/i><\/a> <\/p><\/div><\/li>\n<li><div class=\"wp-block-latest-posts__featured-image aligncenter\"><a href=\"https:\/\/etab.ac-reunion.fr\/clg-guy-moquet\/2025\/03\/30\/sortie-aux-makes\/\" title=\"Sortie aux Makes\"><img loading=\"lazy\" decoding=\"async\" width=\"212\" height=\"300\" src=\"https:\/\/etab.ac-reunion.fr\/clg-guy-moquet\/wp-content\/uploads\/sites\/63\/2025\/03\/affiche-etoile-212x300.png\" class=\"attachment-medium size-medium wp-post-image\" alt=\"\" style=\"\" srcset=\"https:\/\/etab.ac-reunion.fr\/clg-guy-moquet\/wp-content\/uploads\/sites\/63\/2025\/03\/affiche-etoile-212x300.png 212w, https:\/\/etab.ac-reunion.fr\/clg-guy-moquet\/wp-content\/uploads\/sites\/63\/2025\/03\/affiche-etoile-724x1024.png 724w, https:\/\/etab.ac-reunion.fr\/clg-guy-moquet\/wp-content\/uploads\/sites\/63\/2025\/03\/affiche-etoile-768x1086.png 768w, https:\/\/etab.ac-reunion.fr\/clg-guy-moquet\/wp-content\/uploads\/sites\/63\/2025\/03\/affiche-etoile-1086x1536.png 1086w, https:\/\/etab.ac-reunion.fr\/clg-guy-moquet\/wp-content\/uploads\/sites\/63\/2025\/03\/affiche-etoile-1448x2048.png 1448w, https:\/\/etab.ac-reunion.fr\/clg-guy-moquet\/wp-content\/uploads\/sites\/63\/2025\/03\/affiche-etoile-106x150.png 106w, https:\/\/etab.ac-reunion.fr\/clg-guy-moquet\/wp-content\/uploads\/sites\/63\/2025\/03\/affiche-etoile-410x580.png 410w, https:\/\/etab.ac-reunion.fr\/clg-guy-moquet\/wp-content\/uploads\/sites\/63\/2025\/03\/affiche-etoile.png 1587w\" sizes=\"auto, (max-width: 212px) 100vw, 212px\" \/><\/a><\/div><a class=\"wp-block-latest-posts__post-title\" href=\"https:\/\/etab.ac-reunion.fr\/clg-guy-moquet\/2025\/03\/30\/sortie-aux-makes\/\">Sortie aux Makes<\/a><div class=\"wp-block-latest-posts__post-author\">par Madavjee<\/div><time datetime=\"2025-03-30T10:29:53+04:00\" class=\"wp-block-latest-posts__post-date\">30 mars 2025<\/time><div class=\"wp-block-latest-posts__post-excerpt\">Dans le cadre du projet \u00ab\u00a0Nous sommes tous des poussi\u00e8res d&rsquo;\u00e9toiles\u00a0\u00bb men\u00e9 conjointement en option latin et en physique chimie, les \u00e9l\u00e8ves latinistes de 4e et de 3e ont s\u00e9journ\u00e9 3 jours et 2 nuits \u00e0 Saint Louis, \u00e0 l&lsquo;observatoire des Makes. Ils ont pu s&rsquo;initier davantage \u00e0 l&rsquo;astronomie et ont mis en pratique ce&#8230;<p> <a class=\"continue-reading-link\" href=\"https:\/\/etab.ac-reunion.fr\/clg-guy-moquet\/2025\/03\/30\/sortie-aux-makes\/\"><span>Lire la suite<\/span><i class=\"crycon-right-dir\"><\/i><\/a> <\/p><\/div><\/li>\n<\/ul>","protected":false},"excerpt":{"rendered":"<p> <a class=\"continue-reading-link\" href=\"https:\/\/etab.ac-reunion.fr\/clg-guy-moquet\/parcours-avenir\/\"><span>Lire la suite<\/span><i class=\"crycon-right-dir\"><\/i><\/a> <\/p>\n","protected":false},"author":16626,"featured_media":0,"parent":0,"menu_order":0,"comment_status":"closed","ping_status":"closed","template":"","meta":{"footnotes":""},"class_list":["post-5455","page","type-page","status-publish","hentry"],"_links":{"self":[{"href":"https:\/\/etab.ac-reunion.fr\/clg-guy-moquet\/wp-json\/wp\/v2\/pages\/5455","targetHints":{"allow":["GET"]}}],"collection":[{"href":"https:\/\/etab.ac-reunion.fr\/clg-guy-moquet\/wp-json\/wp\/v2\/pages"}],"about":[{"href":"https:\/\/etab.ac-reunion.fr\/clg-guy-moquet\/wp-json\/wp\/v2\/types\/page"}],"author":[{"embeddable":true,"href":"https:\/\/etab.ac-reunion.fr\/clg-guy-moquet\/wp-json\/wp\/v2\/users\/16626"}],"replies":[{"embeddable":true,"href":"https:\/\/etab.ac-reunion.fr\/clg-guy-moquet\/wp-json\/wp\/v2\/comments?post=5455"}],"version-history":[{"count":11,"href":"https:\/\/etab.ac-reunion.fr\/clg-guy-moquet\/wp-json\/wp\/v2\/pages\/5455\/revisions"}],"predecessor-version":[{"id":5806,"href":"https:\/\/etab.ac-reunion.fr\/clg-guy-moquet\/wp-json\/wp\/v2\/pages\/5455\/revisions\/5806"}],"wp:attachment":[{"href":"https:\/\/etab.ac-reunion.fr\/clg-guy-moquet\/wp-json\/wp\/v2\/media?parent=5455"}],"curies":[{"name":"wp","href":"https:\/\/api.w.org\/{rel}","templated":true}]}}