{"id":5461,"date":"2024-12-19T15:22:41","date_gmt":"2024-12-19T11:22:41","guid":{"rendered":"https:\/\/etab.ac-reunion.fr\/clg-guy-moquet\/?page_id=5461"},"modified":"2025-02-17T11:20:42","modified_gmt":"2025-02-17T07:20:42","slug":"parcours-deducation-artistique-et-culturelle","status":"publish","type":"page","link":"https:\/\/etab.ac-reunion.fr\/clg-guy-moquet\/parcours-deducation-artistique-et-culturelle\/","title":{"rendered":"Parcours d&rsquo;\u00e9ducation artistique et culturelle"},"content":{"rendered":"<ul class=\"wp-block-latest-posts__list is-grid columns-3 has-dates has-author wp-block-latest-posts\"><li><div class=\"wp-block-latest-posts__featured-image aligncenter\"><a href=\"https:\/\/etab.ac-reunion.fr\/clg-guy-moquet\/2026\/04\/12\/les-mots-ont-une-histoire-edition-2026\/\" title=\"Les mots ont une histoire - \u00e9dition 2026\"><img loading=\"lazy\" decoding=\"async\" width=\"300\" height=\"287\" src=\"https:\/\/etab.ac-reunion.fr\/clg-guy-moquet\/wp-content\/uploads\/sites\/63\/2024\/12\/lofo-6fca-300x287.jpg\" class=\"attachment-medium size-medium wp-post-image\" alt=\"\" style=\"\" srcset=\"https:\/\/etab.ac-reunion.fr\/clg-guy-moquet\/wp-content\/uploads\/sites\/63\/2024\/12\/lofo-6fca-300x287.jpg 300w, https:\/\/etab.ac-reunion.fr\/clg-guy-moquet\/wp-content\/uploads\/sites\/63\/2024\/12\/lofo-6fca-150x144.jpg 150w, https:\/\/etab.ac-reunion.fr\/clg-guy-moquet\/wp-content\/uploads\/sites\/63\/2024\/12\/lofo-6fca.jpg 622w\" sizes=\"auto, (max-width: 300px) 100vw, 300px\" \/><\/a><\/div><a class=\"wp-block-latest-posts__post-title\" href=\"https:\/\/etab.ac-reunion.fr\/clg-guy-moquet\/2026\/04\/12\/les-mots-ont-une-histoire-edition-2026\/\">Les mots ont une histoire &#8211; \u00e9dition 2026<\/a><div class=\"wp-block-latest-posts__post-author\">par Madavjee<\/div><time datetime=\"2026-04-12T14:13:05+04:00\" class=\"wp-block-latest-posts__post-date\">12 avril 2026<\/time><div class=\"wp-block-latest-posts__post-excerpt\">\u00a03 nouveaux mots sont disponibles dans le podcast \u00ab\u00a0Les Mots ont une Histoire\u00a0\u00bb. Cette ann\u00e9e, les \u00e9l\u00e8ves de 6\u00e8me D de l&rsquo;option Fran\u00e7ais culture antique ont travaill\u00e9 sur les origines mythologiques d&rsquo;animaux et d&rsquo;insectes. Vous allez ainsi d\u00e9couvrir l&rsquo;histoire de l&rsquo;araign\u00e9e, du ver \u00e0 soie et du scarab\u00e9e. A venir : celui du moustique !&#8230;<p> <a class=\"continue-reading-link\" href=\"https:\/\/etab.ac-reunion.fr\/clg-guy-moquet\/2026\/04\/12\/les-mots-ont-une-histoire-edition-2026\/\"><span>Lire la suite<\/span><i class=\"crycon-right-dir\"><\/i><\/a> <\/p><\/div><\/li>\n<li><div class=\"wp-block-latest-posts__featured-image aligncenter\"><a href=\"https:\/\/etab.ac-reunion.fr\/clg-guy-moquet\/2026\/04\/12\/musee-virtuel-de-la-4eme-h\/\" title=\"Mus\u00e9e virtuel de la 4\u00e8me H\"><img loading=\"lazy\" decoding=\"async\" width=\"300\" height=\"300\" src=\"https:\/\/etab.ac-reunion.fr\/clg-guy-moquet\/wp-content\/uploads\/sites\/63\/2026\/04\/logo-musee-2-300x300.png\" class=\"attachment-medium size-medium wp-post-image\" alt=\"\" style=\"\" srcset=\"https:\/\/etab.ac-reunion.fr\/clg-guy-moquet\/wp-content\/uploads\/sites\/63\/2026\/04\/logo-musee-2-300x300.png 300w, https:\/\/etab.ac-reunion.fr\/clg-guy-moquet\/wp-content\/uploads\/sites\/63\/2026\/04\/logo-musee-2-1024x1024.png 1024w, https:\/\/etab.ac-reunion.fr\/clg-guy-moquet\/wp-content\/uploads\/sites\/63\/2026\/04\/logo-musee-2-150x150.png 150w, https:\/\/etab.ac-reunion.fr\/clg-guy-moquet\/wp-content\/uploads\/sites\/63\/2026\/04\/logo-musee-2-768x768.png 768w, https:\/\/etab.ac-reunion.fr\/clg-guy-moquet\/wp-content\/uploads\/sites\/63\/2026\/04\/logo-musee-2-1536x1536.png 1536w, https:\/\/etab.ac-reunion.fr\/clg-guy-moquet\/wp-content\/uploads\/sites\/63\/2026\/04\/logo-musee-2-580x580.png 580w, https:\/\/etab.ac-reunion.fr\/clg-guy-moquet\/wp-content\/uploads\/sites\/63\/2026\/04\/logo-musee-2.png 2000w\" sizes=\"auto, (max-width: 300px) 100vw, 300px\" \/><\/a><\/div><a class=\"wp-block-latest-posts__post-title\" href=\"https:\/\/etab.ac-reunion.fr\/clg-guy-moquet\/2026\/04\/12\/musee-virtuel-de-la-4eme-h\/\">Mus\u00e9e virtuel de la 4\u00e8me H<\/a><div class=\"wp-block-latest-posts__post-author\">par Madavjee<\/div><time datetime=\"2026-04-12T14:07:46+04:00\" class=\"wp-block-latest-posts__post-date\">12 avril 2026<\/time><div class=\"wp-block-latest-posts__post-excerpt\">Cette ann\u00e9e 2025-2026, le projet de classe de la 4\u00e8me H \u00e9tait de cr\u00e9er son propre mus\u00e9e virtuel. Pour cela les \u00e9l\u00e8ves ont eu la chance de visiter plusieurs types de mus\u00e9es tels que le mus\u00e9e L\u00e9on Dierx, le Museum d&rsquo;histoire naturelle, Stella Matutina, la Cit\u00e9 du Volcan mais \u00e9galement de b\u00e9n\u00e9ficier de visites guid\u00e9es&#8230;<p> <a class=\"continue-reading-link\" href=\"https:\/\/etab.ac-reunion.fr\/clg-guy-moquet\/2026\/04\/12\/musee-virtuel-de-la-4eme-h\/\"><span>Lire la suite<\/span><i class=\"crycon-right-dir\"><\/i><\/a> <\/p><\/div><\/li>\n<li><div class=\"wp-block-latest-posts__featured-image aligncenter\"><a href=\"https:\/\/etab.ac-reunion.fr\/clg-guy-moquet\/2026\/04\/12\/concours-academique-de-lecture-a-voix-haute-2026\/\" title=\"Concours acad\u00e9mique de lecture \u00e0 voix haute 2026\"><img loading=\"lazy\" decoding=\"async\" width=\"300\" height=\"225\" src=\"https:\/\/etab.ac-reunion.fr\/clg-guy-moquet\/wp-content\/uploads\/sites\/63\/2026\/04\/20260408_172838-300x225.jpg\" class=\"attachment-medium size-medium wp-post-image\" alt=\"\" style=\"\" srcset=\"https:\/\/etab.ac-reunion.fr\/clg-guy-moquet\/wp-content\/uploads\/sites\/63\/2026\/04\/20260408_172838-300x225.jpg 300w, https:\/\/etab.ac-reunion.fr\/clg-guy-moquet\/wp-content\/uploads\/sites\/63\/2026\/04\/20260408_172838-1024x768.jpg 1024w, https:\/\/etab.ac-reunion.fr\/clg-guy-moquet\/wp-content\/uploads\/sites\/63\/2026\/04\/20260408_172838-768x576.jpg 768w, https:\/\/etab.ac-reunion.fr\/clg-guy-moquet\/wp-content\/uploads\/sites\/63\/2026\/04\/20260408_172838-1536x1152.jpg 1536w, https:\/\/etab.ac-reunion.fr\/clg-guy-moquet\/wp-content\/uploads\/sites\/63\/2026\/04\/20260408_172838-2048x1536.jpg 2048w, https:\/\/etab.ac-reunion.fr\/clg-guy-moquet\/wp-content\/uploads\/sites\/63\/2026\/04\/20260408_172838-150x113.jpg 150w, https:\/\/etab.ac-reunion.fr\/clg-guy-moquet\/wp-content\/uploads\/sites\/63\/2026\/04\/20260408_172838-773x580.jpg 773w\" sizes=\"auto, (max-width: 300px) 100vw, 300px\" \/><\/a><\/div><a class=\"wp-block-latest-posts__post-title\" href=\"https:\/\/etab.ac-reunion.fr\/clg-guy-moquet\/2026\/04\/12\/concours-academique-de-lecture-a-voix-haute-2026\/\">Concours acad\u00e9mique de lecture \u00e0 voix haute 2026<\/a><div class=\"wp-block-latest-posts__post-author\">par Madavjee<\/div><time datetime=\"2026-04-12T13:58:02+04:00\" class=\"wp-block-latest-posts__post-date\">12 avril 2026<\/time><div class=\"wp-block-latest-posts__post-excerpt\">Les \u00e9l\u00e8ves de 6\u00e8me du coll\u00e8ge Guy M\u00f4quet ont particip\u00e9 cette ann\u00e9e au concours acad\u00e9mique de lecture \u00e0 voix haute. Le th\u00e8me de cette ann\u00e9e \u00e9tait : la nature. La marraine du concours \u00e9tait l&rsquo;\u00e9crivain Isabelle Hoarau-Joly. Pour repr\u00e9senter le coll\u00e8ge Guy M\u00f4quet, ce sont 4 \u00e9l\u00e8ves de la 6E qui ont \u00e9t\u00e9 s\u00e9lectionn\u00e9s :&#8230;<p> <a class=\"continue-reading-link\" href=\"https:\/\/etab.ac-reunion.fr\/clg-guy-moquet\/2026\/04\/12\/concours-academique-de-lecture-a-voix-haute-2026\/\"><span>Lire la suite<\/span><i class=\"crycon-right-dir\"><\/i><\/a> <\/p><\/div><\/li>\n<li><div class=\"wp-block-latest-posts__featured-image aligncenter\"><a href=\"https:\/\/etab.ac-reunion.fr\/clg-guy-moquet\/2026\/04\/12\/concours-de-slam-poesie-2026\/\" title=\"Concours de Slam-po\u00e9sie 2026\"><img loading=\"lazy\" decoding=\"async\" width=\"300\" height=\"292\" src=\"https:\/\/etab.ac-reunion.fr\/clg-guy-moquet\/wp-content\/uploads\/sites\/63\/2026\/04\/Capture-decran-2026-03-25-125521-300x292.png\" class=\"attachment-medium size-medium wp-post-image\" alt=\"\" style=\"\" srcset=\"https:\/\/etab.ac-reunion.fr\/clg-guy-moquet\/wp-content\/uploads\/sites\/63\/2026\/04\/Capture-decran-2026-03-25-125521-300x292.png 300w, https:\/\/etab.ac-reunion.fr\/clg-guy-moquet\/wp-content\/uploads\/sites\/63\/2026\/04\/Capture-decran-2026-03-25-125521-150x146.png 150w, https:\/\/etab.ac-reunion.fr\/clg-guy-moquet\/wp-content\/uploads\/sites\/63\/2026\/04\/Capture-decran-2026-03-25-125521.png 536w\" sizes=\"auto, (max-width: 300px) 100vw, 300px\" \/><\/a><\/div><a class=\"wp-block-latest-posts__post-title\" href=\"https:\/\/etab.ac-reunion.fr\/clg-guy-moquet\/2026\/04\/12\/concours-de-slam-poesie-2026\/\">Concours de Slam-po\u00e9sie 2026<\/a><div class=\"wp-block-latest-posts__post-author\">par Madavjee<\/div><time datetime=\"2026-04-12T13:39:08+04:00\" class=\"wp-block-latest-posts__post-date\">12 avril 2026<\/time><div class=\"wp-block-latest-posts__post-excerpt\">La 2\u00e8me \u00e9dition de la finale du concours de slam-po\u00e9sie\u00a0a eu lieu vendredi 27 mars\u00a02026 sur la sc\u00e8ne des Bambous :\u00a0une matin\u00e9e po\u00e9tique riche en \u00e9motions. Voici les laur\u00e9ats de cette 2\u00e8me \u00e9dition : 1\u00e8re place &#8211; ABDALLAH Abdoul-Latwif (4E) 2\u00e8me place &#8211; IMIZA TOURNEUR Leelou-Anne (4E) 3\u00e8me place &#8211; BARC Anna\u00efg (4H) Une nouveaut\u00e9&#8230;<p> <a class=\"continue-reading-link\" href=\"https:\/\/etab.ac-reunion.fr\/clg-guy-moquet\/2026\/04\/12\/concours-de-slam-poesie-2026\/\"><span>Lire la suite<\/span><i class=\"crycon-right-dir\"><\/i><\/a> <\/p><\/div><\/li>\n<li><div class=\"wp-block-latest-posts__featured-image aligncenter\"><a href=\"https:\/\/etab.ac-reunion.fr\/clg-guy-moquet\/2025\/10\/24\/ziguile\/\" title=\"Ziguil\u00e9\"><img loading=\"lazy\" decoding=\"async\" width=\"212\" height=\"300\" src=\"https:\/\/etab.ac-reunion.fr\/clg-guy-moquet\/wp-content\/uploads\/sites\/63\/2025\/10\/ZIGUILE-RESIDENCE--212x300.jpg\" class=\"attachment-medium size-medium wp-post-image\" alt=\"\" style=\"\" srcset=\"https:\/\/etab.ac-reunion.fr\/clg-guy-moquet\/wp-content\/uploads\/sites\/63\/2025\/10\/ZIGUILE-RESIDENCE--212x300.jpg 212w, https:\/\/etab.ac-reunion.fr\/clg-guy-moquet\/wp-content\/uploads\/sites\/63\/2025\/10\/ZIGUILE-RESIDENCE--724x1024.jpg 724w, https:\/\/etab.ac-reunion.fr\/clg-guy-moquet\/wp-content\/uploads\/sites\/63\/2025\/10\/ZIGUILE-RESIDENCE--768x1086.jpg 768w, https:\/\/etab.ac-reunion.fr\/clg-guy-moquet\/wp-content\/uploads\/sites\/63\/2025\/10\/ZIGUILE-RESIDENCE--1086x1536.jpg 1086w, https:\/\/etab.ac-reunion.fr\/clg-guy-moquet\/wp-content\/uploads\/sites\/63\/2025\/10\/ZIGUILE-RESIDENCE--106x150.jpg 106w, https:\/\/etab.ac-reunion.fr\/clg-guy-moquet\/wp-content\/uploads\/sites\/63\/2025\/10\/ZIGUILE-RESIDENCE--410x580.jpg 410w, https:\/\/etab.ac-reunion.fr\/clg-guy-moquet\/wp-content\/uploads\/sites\/63\/2025\/10\/ZIGUILE-RESIDENCE-.jpg 1414w\" sizes=\"auto, (max-width: 212px) 100vw, 212px\" \/><\/a><\/div><a class=\"wp-block-latest-posts__post-title\" href=\"https:\/\/etab.ac-reunion.fr\/clg-guy-moquet\/2025\/10\/24\/ziguile\/\">Ziguil\u00e9<\/a><div class=\"wp-block-latest-posts__post-author\">par vboolaky1866<\/div><time datetime=\"2025-10-24T12:37:58+04:00\" class=\"wp-block-latest-posts__post-date\">24 octobre 2025<\/time><div class=\"wp-block-latest-posts__post-excerpt\"><p> <a class=\"continue-reading-link\" href=\"https:\/\/etab.ac-reunion.fr\/clg-guy-moquet\/2025\/10\/24\/ziguile\/\"><span>Lire la suite<\/span><i class=\"crycon-right-dir\"><\/i><\/a> <\/p><\/div><\/li>\n<li><div class=\"wp-block-latest-posts__featured-image aligncenter\"><a href=\"https:\/\/etab.ac-reunion.fr\/clg-guy-moquet\/2025\/10\/24\/residence-dartistes-en-territoire-scolaire-octobre-2025\/\" title=\"R\u00e9sidence d&#039;artistes en territoire scolaire             octobre 2025\"><img loading=\"lazy\" decoding=\"async\" width=\"300\" height=\"300\" src=\"https:\/\/etab.ac-reunion.fr\/clg-guy-moquet\/wp-content\/uploads\/sites\/63\/2025\/10\/ZIGUILE1-300x300.jpg\" class=\"attachment-medium size-medium wp-post-image\" alt=\"\" style=\"\" srcset=\"https:\/\/etab.ac-reunion.fr\/clg-guy-moquet\/wp-content\/uploads\/sites\/63\/2025\/10\/ZIGUILE1-300x300.jpg 300w, https:\/\/etab.ac-reunion.fr\/clg-guy-moquet\/wp-content\/uploads\/sites\/63\/2025\/10\/ZIGUILE1-150x150.jpg 150w, https:\/\/etab.ac-reunion.fr\/clg-guy-moquet\/wp-content\/uploads\/sites\/63\/2025\/10\/ZIGUILE1.jpg 500w\" sizes=\"auto, (max-width: 300px) 100vw, 300px\" \/><\/a><\/div><a class=\"wp-block-latest-posts__post-title\" href=\"https:\/\/etab.ac-reunion.fr\/clg-guy-moquet\/2025\/10\/24\/residence-dartistes-en-territoire-scolaire-octobre-2025\/\">R\u00e9sidence d&rsquo;artistes en territoire scolaire             octobre 2025<\/a><div class=\"wp-block-latest-posts__post-author\">par vboolaky1866<\/div><time datetime=\"2025-10-24T12:35:40+04:00\" class=\"wp-block-latest-posts__post-date\">24 octobre 2025<\/time><div class=\"wp-block-latest-posts__post-excerpt\"><p> <a class=\"continue-reading-link\" href=\"https:\/\/etab.ac-reunion.fr\/clg-guy-moquet\/2025\/10\/24\/residence-dartistes-en-territoire-scolaire-octobre-2025\/\"><span>Lire la suite<\/span><i class=\"crycon-right-dir\"><\/i><\/a> <\/p><\/div><\/li>\n<li><div class=\"wp-block-latest-posts__featured-image aligncenter\"><a href=\"https:\/\/etab.ac-reunion.fr\/clg-guy-moquet\/2025\/10\/24\/segael\/\" title=\"S\u00e9ga\u00ebl\"><img loading=\"lazy\" decoding=\"async\" width=\"300\" height=\"300\" src=\"https:\/\/etab.ac-reunion.fr\/clg-guy-moquet\/wp-content\/uploads\/sites\/63\/2025\/10\/1-300x300.jpg\" class=\"attachment-medium size-medium wp-post-image\" alt=\"\" style=\"\" srcset=\"https:\/\/etab.ac-reunion.fr\/clg-guy-moquet\/wp-content\/uploads\/sites\/63\/2025\/10\/1-300x300.jpg 300w, https:\/\/etab.ac-reunion.fr\/clg-guy-moquet\/wp-content\/uploads\/sites\/63\/2025\/10\/1-150x150.jpg 150w, https:\/\/etab.ac-reunion.fr\/clg-guy-moquet\/wp-content\/uploads\/sites\/63\/2025\/10\/1.jpg 500w\" sizes=\"auto, (max-width: 300px) 100vw, 300px\" \/><\/a><\/div><a class=\"wp-block-latest-posts__post-title\" href=\"https:\/\/etab.ac-reunion.fr\/clg-guy-moquet\/2025\/10\/24\/segael\/\">S\u00e9ga\u00ebl<\/a><div class=\"wp-block-latest-posts__post-author\">par vboolaky1866<\/div><time datetime=\"2025-10-24T12:31:53+04:00\" class=\"wp-block-latest-posts__post-date\">24 octobre 2025<\/time><div class=\"wp-block-latest-posts__post-excerpt\"><p> <a class=\"continue-reading-link\" href=\"https:\/\/etab.ac-reunion.fr\/clg-guy-moquet\/2025\/10\/24\/segael\/\"><span>Lire la suite<\/span><i class=\"crycon-right-dir\"><\/i><\/a> <\/p><\/div><\/li>\n<li><div class=\"wp-block-latest-posts__featured-image aligncenter\"><a href=\"https:\/\/etab.ac-reunion.fr\/clg-guy-moquet\/2025\/10\/24\/maloya-le-gayar\/\" title=\"Maloya l\u00e9 gayar!\"><img loading=\"lazy\" decoding=\"async\" width=\"212\" height=\"300\" src=\"https:\/\/etab.ac-reunion.fr\/clg-guy-moquet\/wp-content\/uploads\/sites\/63\/2025\/10\/1-1-212x300.jpg\" class=\"attachment-medium size-medium wp-post-image\" alt=\"\" style=\"\" srcset=\"https:\/\/etab.ac-reunion.fr\/clg-guy-moquet\/wp-content\/uploads\/sites\/63\/2025\/10\/1-1-212x300.jpg 212w, https:\/\/etab.ac-reunion.fr\/clg-guy-moquet\/wp-content\/uploads\/sites\/63\/2025\/10\/1-1-724x1024.jpg 724w, https:\/\/etab.ac-reunion.fr\/clg-guy-moquet\/wp-content\/uploads\/sites\/63\/2025\/10\/1-1-768x1086.jpg 768w, https:\/\/etab.ac-reunion.fr\/clg-guy-moquet\/wp-content\/uploads\/sites\/63\/2025\/10\/1-1-1086x1536.jpg 1086w, https:\/\/etab.ac-reunion.fr\/clg-guy-moquet\/wp-content\/uploads\/sites\/63\/2025\/10\/1-1-106x150.jpg 106w, https:\/\/etab.ac-reunion.fr\/clg-guy-moquet\/wp-content\/uploads\/sites\/63\/2025\/10\/1-1-410x580.jpg 410w, https:\/\/etab.ac-reunion.fr\/clg-guy-moquet\/wp-content\/uploads\/sites\/63\/2025\/10\/1-1.jpg 1414w\" sizes=\"auto, (max-width: 212px) 100vw, 212px\" \/><\/a><\/div><a class=\"wp-block-latest-posts__post-title\" href=\"https:\/\/etab.ac-reunion.fr\/clg-guy-moquet\/2025\/10\/24\/maloya-le-gayar\/\">Maloya l\u00e9 gayar!<\/a><div class=\"wp-block-latest-posts__post-author\">par vboolaky1866<\/div><time datetime=\"2025-10-24T12:31:13+04:00\" class=\"wp-block-latest-posts__post-date\">24 octobre 2025<\/time><div class=\"wp-block-latest-posts__post-excerpt\"><p> <a class=\"continue-reading-link\" href=\"https:\/\/etab.ac-reunion.fr\/clg-guy-moquet\/2025\/10\/24\/maloya-le-gayar\/\"><span>Lire la suite<\/span><i class=\"crycon-right-dir\"><\/i><\/a> <\/p><\/div><\/li>\n<li><div class=\"wp-block-latest-posts__featured-image aligncenter\"><a href=\"https:\/\/etab.ac-reunion.fr\/clg-guy-moquet\/2025\/06\/23\/rencontre-academique-deleves-conteurs\/\" title=\"Rencontre acad\u00e9mique d\u2019\u00e9l\u00e8ves conteurs\"><img loading=\"lazy\" decoding=\"async\" width=\"300\" height=\"225\" src=\"https:\/\/etab.ac-reunion.fr\/clg-guy-moquet\/wp-content\/uploads\/sites\/63\/2025\/06\/1000008543-300x225.jpg\" class=\"attachment-medium size-medium wp-post-image\" alt=\"\" style=\"\" srcset=\"https:\/\/etab.ac-reunion.fr\/clg-guy-moquet\/wp-content\/uploads\/sites\/63\/2025\/06\/1000008543-300x225.jpg 300w, https:\/\/etab.ac-reunion.fr\/clg-guy-moquet\/wp-content\/uploads\/sites\/63\/2025\/06\/1000008543-1024x768.jpg 1024w, https:\/\/etab.ac-reunion.fr\/clg-guy-moquet\/wp-content\/uploads\/sites\/63\/2025\/06\/1000008543-768x576.jpg 768w, https:\/\/etab.ac-reunion.fr\/clg-guy-moquet\/wp-content\/uploads\/sites\/63\/2025\/06\/1000008543-150x113.jpg 150w, https:\/\/etab.ac-reunion.fr\/clg-guy-moquet\/wp-content\/uploads\/sites\/63\/2025\/06\/1000008543-773x580.jpg 773w, https:\/\/etab.ac-reunion.fr\/clg-guy-moquet\/wp-content\/uploads\/sites\/63\/2025\/06\/1000008543.jpg 1280w\" sizes=\"auto, (max-width: 300px) 100vw, 300px\" \/><\/a><\/div><a class=\"wp-block-latest-posts__post-title\" href=\"https:\/\/etab.ac-reunion.fr\/clg-guy-moquet\/2025\/06\/23\/rencontre-academique-deleves-conteurs\/\">Rencontre acad\u00e9mique d\u2019\u00e9l\u00e8ves conteurs<\/a><div class=\"wp-block-latest-posts__post-author\">par Madavjee<\/div><time datetime=\"2025-06-23T20:06:54+04:00\" class=\"wp-block-latest-posts__post-date\">23 juin 2025<\/time><div class=\"wp-block-latest-posts__post-excerpt\">Classes engag\u00e9es&nbsp;: 6eDE groupe 1 et 4eA Objectifs&nbsp;: D\u00e9roulement du projet en quatre temps 1 &#8211; Lecture de plusieurs contes et choix d\u2019un conte \u00e0 pr\u00e9senter. Cette ann\u00e9e, c\u2019est Cendrillon qui a \u00e9t\u00e9 \u00e9lu. 2 &#8211; D\u00e9limitation du texte par \u00e9l\u00e8ve et phase de m\u00e9morisation \/ r\u00e9\u00e9criture. Il a fallu en effet raccourcir et r\u00e9\u00e9crire&#8230;<p> <a class=\"continue-reading-link\" href=\"https:\/\/etab.ac-reunion.fr\/clg-guy-moquet\/2025\/06\/23\/rencontre-academique-deleves-conteurs\/\"><span>Lire la suite<\/span><i class=\"crycon-right-dir\"><\/i><\/a> <\/p><\/div><\/li>\n<\/ul>","protected":false},"excerpt":{"rendered":"<p> <a class=\"continue-reading-link\" href=\"https:\/\/etab.ac-reunion.fr\/clg-guy-moquet\/parcours-deducation-artistique-et-culturelle\/\"><span>Lire la suite<\/span><i class=\"crycon-right-dir\"><\/i><\/a> <\/p>\n","protected":false},"author":16626,"featured_media":0,"parent":0,"menu_order":0,"comment_status":"closed","ping_status":"closed","template":"","meta":{"footnotes":""},"class_list":["post-5461","page","type-page","status-publish","hentry"],"_links":{"self":[{"href":"https:\/\/etab.ac-reunion.fr\/clg-guy-moquet\/wp-json\/wp\/v2\/pages\/5461","targetHints":{"allow":["GET"]}}],"collection":[{"href":"https:\/\/etab.ac-reunion.fr\/clg-guy-moquet\/wp-json\/wp\/v2\/pages"}],"about":[{"href":"https:\/\/etab.ac-reunion.fr\/clg-guy-moquet\/wp-json\/wp\/v2\/types\/page"}],"author":[{"embeddable":true,"href":"https:\/\/etab.ac-reunion.fr\/clg-guy-moquet\/wp-json\/wp\/v2\/users\/16626"}],"replies":[{"embeddable":true,"href":"https:\/\/etab.ac-reunion.fr\/clg-guy-moquet\/wp-json\/wp\/v2\/comments?post=5461"}],"version-history":[{"count":5,"href":"https:\/\/etab.ac-reunion.fr\/clg-guy-moquet\/wp-json\/wp\/v2\/pages\/5461\/revisions"}],"predecessor-version":[{"id":5666,"href":"https:\/\/etab.ac-reunion.fr\/clg-guy-moquet\/wp-json\/wp\/v2\/pages\/5461\/revisions\/5666"}],"wp:attachment":[{"href":"https:\/\/etab.ac-reunion.fr\/clg-guy-moquet\/wp-json\/wp\/v2\/media?parent=5461"}],"curies":[{"name":"wp","href":"https:\/\/api.w.org\/{rel}","templated":true}]}}