{"id":56,"date":"2012-08-24T11:39:28","date_gmt":"2012-08-24T07:39:28","guid":{"rendered":"https:\/\/portail.college-guymoquet.re\/wordpress\/?page_id=56"},"modified":"2025-06-14T20:56:49","modified_gmt":"2025-06-14T16:56:49","slug":"les-agents","status":"publish","type":"page","link":"https:\/\/etab.ac-reunion.fr\/clg-guy-moquet\/les-agents\/","title":{"rendered":"Les parents"},"content":{"rendered":"<ul class=\"wp-block-latest-posts__list is-grid columns-3 has-dates has-author wp-block-latest-posts\"><li><div class=\"wp-block-latest-posts__featured-image aligncenter\"><a href=\"https:\/\/etab.ac-reunion.fr\/clg-guy-moquet\/2026\/02\/10\/2026_orientation-post-3eme\/\" aria-label=\"2026_Orientation post 3\u00e8me\"><a href=\"https:\/\/etab.ac-reunion.fr\/clg-guy-moquet\/2026\/02\/10\/2026_orientation-post-3eme\/\" title=\"2026_Orientation post 3\u00e8me\"><img loading=\"lazy\" decoding=\"async\" width=\"150\" height=\"139\" src=\"https:\/\/etab.ac-reunion.fr\/clg-guy-moquet\/wp-content\/uploads\/sites\/63\/2026\/02\/Logo-orientation-150x139.jpg\" class=\"attachment-thumbnail size-thumbnail wp-post-image\" alt=\"\" style=\"\" \/><\/a><\/a><\/div><a class=\"wp-block-latest-posts__post-title\" href=\"https:\/\/etab.ac-reunion.fr\/clg-guy-moquet\/2026\/02\/10\/2026_orientation-post-3eme\/\">2026_Orientation post 3\u00e8me<\/a><div class=\"wp-block-latest-posts__post-author\">par Arginthe Jean-Bruno<\/div><time datetime=\"2026-02-10T09:13:14+04:00\" class=\"wp-block-latest-posts__post-date\">10 f\u00e9vrier 2026<\/time><div class=\"wp-block-latest-posts__post-excerpt\">Activer son compte EDUCONNECT! Poursuite d&rsquo;\u00e9tudes apr\u00e8s la 3\u00e8me : suivez le guide!<p> <a class=\"continue-reading-link\" href=\"https:\/\/etab.ac-reunion.fr\/clg-guy-moquet\/2026\/02\/10\/2026_orientation-post-3eme\/\"><span>Lire la suite<\/span><i class=\"crycon-right-dir\"><\/i><\/a> <\/p><\/div><\/li>\n<li><div class=\"wp-block-latest-posts__featured-image aligncenter\"><a href=\"https:\/\/etab.ac-reunion.fr\/clg-guy-moquet\/2025\/08\/25\/reunion-de-rentree-6eme\/\" aria-label=\"R\u00e9union de rentr\u00e9e 6\u00e8me.\"><a href=\"https:\/\/etab.ac-reunion.fr\/clg-guy-moquet\/2025\/08\/25\/reunion-de-rentree-6eme\/\" title=\"R\u00e9union de rentr\u00e9e 6\u00e8me.\"><img loading=\"lazy\" decoding=\"async\" width=\"150\" height=\"150\" src=\"https:\/\/etab.ac-reunion.fr\/clg-guy-moquet\/wp-content\/uploads\/sites\/63\/2025\/08\/Infos-Parents-au-Coeur-du-Paysage-150x150.png\" class=\"attachment-thumbnail size-thumbnail wp-post-image\" alt=\"\" style=\"\" \/><\/a><\/a><\/div><a class=\"wp-block-latest-posts__post-title\" href=\"https:\/\/etab.ac-reunion.fr\/clg-guy-moquet\/2025\/08\/25\/reunion-de-rentree-6eme\/\">R\u00e9union de rentr\u00e9e 6\u00e8me.<\/a><div class=\"wp-block-latest-posts__post-author\">par Arginthe Jean-Bruno<\/div><time datetime=\"2025-08-25T10:57:14+04:00\" class=\"wp-block-latest-posts__post-date\">25 ao\u00fbt 2025<\/time><div class=\"wp-block-latest-posts__post-excerpt\">Mesdames, Messieurs, Comme annonc\u00e9 le 19 ao\u00fbt 2025, jour de la rentr\u00e9e scolaire, les responsables l\u00e9gaux des \u00e9l\u00e8ves de 6e ainsi que les parents des \u00e9l\u00e8ves de CM2 des \u00e9coles du r\u00e9seau Guy M\u00d4QUET, sont cordialement invit\u00e9s \u00e0 une r\u00e9union d\u2019information.<p> <a class=\"continue-reading-link\" href=\"https:\/\/etab.ac-reunion.fr\/clg-guy-moquet\/2025\/08\/25\/reunion-de-rentree-6eme\/\"><span>Lire la suite<\/span><i class=\"crycon-right-dir\"><\/i><\/a> <\/p><\/div><\/li>\n<li><div class=\"wp-block-latest-posts__featured-image aligncenter\"><a href=\"https:\/\/etab.ac-reunion.fr\/clg-guy-moquet\/2025\/08\/12\/rentree-scolaire-2025-2026\/\" aria-label=\"(pas de titre)\"><a href=\"https:\/\/etab.ac-reunion.fr\/clg-guy-moquet\/2025\/08\/12\/rentree-scolaire-2025-2026\/\" title=\"\"><img loading=\"lazy\" decoding=\"async\" width=\"150\" height=\"150\" src=\"https:\/\/etab.ac-reunion.fr\/clg-guy-moquet\/wp-content\/uploads\/sites\/63\/2025\/08\/RENTREE-2025-2026-150x150.jpg\" class=\"attachment-thumbnail size-thumbnail wp-post-image\" alt=\"\" style=\"\" \/><\/a><\/a><\/div><a class=\"wp-block-latest-posts__post-title\" href=\"https:\/\/etab.ac-reunion.fr\/clg-guy-moquet\/2025\/08\/12\/rentree-scolaire-2025-2026\/\">(pas de titre)<\/a><div class=\"wp-block-latest-posts__post-author\">par Arginthe Jean-Bruno<\/div><time datetime=\"2025-08-12T18:11:23+04:00\" class=\"wp-block-latest-posts__post-date\">12 ao\u00fbt 2025<\/time><div class=\"wp-block-latest-posts__post-excerpt\"><p> <a class=\"continue-reading-link\" href=\"https:\/\/etab.ac-reunion.fr\/clg-guy-moquet\/2025\/08\/12\/rentree-scolaire-2025-2026\/\"><span>Lire la suite<\/span><i class=\"crycon-right-dir\"><\/i><\/a> <\/p><\/div><\/li>\n<li><div class=\"wp-block-latest-posts__featured-image aligncenter\"><a href=\"https:\/\/etab.ac-reunion.fr\/clg-guy-moquet\/2025\/06\/23\/rentree-2025-2026-liste-du-materiel-scolaire\/\" aria-label=\"Rentr\u00e9e 2025-2026 &#8211; Liste du mat\u00e9riel scolaire\"><a href=\"https:\/\/etab.ac-reunion.fr\/clg-guy-moquet\/2025\/06\/23\/rentree-2025-2026-liste-du-materiel-scolaire\/\" title=\"Rentr\u00e9e 2025-2026 - Liste du mat\u00e9riel scolaire\"><img loading=\"lazy\" decoding=\"async\" width=\"150\" height=\"150\" src=\"https:\/\/etab.ac-reunion.fr\/clg-guy-moquet\/wp-content\/uploads\/sites\/63\/2025\/06\/I4834_Fournitures-scolaires-150x150.jpeg\" class=\"attachment-thumbnail size-thumbnail wp-post-image\" alt=\"\" style=\"\" \/><\/a><\/a><\/div><a class=\"wp-block-latest-posts__post-title\" href=\"https:\/\/etab.ac-reunion.fr\/clg-guy-moquet\/2025\/06\/23\/rentree-2025-2026-liste-du-materiel-scolaire\/\">Rentr\u00e9e 2025-2026 &#8211; Liste du mat\u00e9riel scolaire<\/a><div class=\"wp-block-latest-posts__post-author\">par Sautron Mickael<\/div><time datetime=\"2025-06-23T13:41:56+04:00\" class=\"wp-block-latest-posts__post-date\">23 juin 2025<\/time><div class=\"wp-block-latest-posts__post-excerpt\"><p> <a class=\"continue-reading-link\" href=\"https:\/\/etab.ac-reunion.fr\/clg-guy-moquet\/2025\/06\/23\/rentree-2025-2026-liste-du-materiel-scolaire\/\"><span>Lire la suite<\/span><i class=\"crycon-right-dir\"><\/i><\/a> <\/p><\/div><\/li>\n<li><div class=\"wp-block-latest-posts__featured-image aligncenter\"><a href=\"https:\/\/etab.ac-reunion.fr\/clg-guy-moquet\/2025\/03\/28\/cafe-des-parents-le-8-avril\/\" aria-label=\"Caf\u00e9 des parents le 8 avril\"><a href=\"https:\/\/etab.ac-reunion.fr\/clg-guy-moquet\/2025\/03\/28\/cafe-des-parents-le-8-avril\/\" title=\"Caf\u00e9 des parents le 8 avril\"><img loading=\"lazy\" decoding=\"async\" width=\"150\" height=\"150\" src=\"https:\/\/etab.ac-reunion.fr\/clg-guy-moquet\/wp-content\/uploads\/sites\/63\/2025\/03\/LOGO-cafedesparents-ORANGE_0-150x150.png\" class=\"attachment-thumbnail size-thumbnail wp-post-image\" alt=\"\" style=\"\" \/><\/a><\/a><\/div><a class=\"wp-block-latest-posts__post-title\" href=\"https:\/\/etab.ac-reunion.fr\/clg-guy-moquet\/2025\/03\/28\/cafe-des-parents-le-8-avril\/\">Caf\u00e9 des parents le 8 avril<\/a><div class=\"wp-block-latest-posts__post-author\">par Sautron Mickael<\/div><time datetime=\"2025-03-28T15:20:53+04:00\" class=\"wp-block-latest-posts__post-date\">28 mars 2025<\/time><div class=\"wp-block-latest-posts__post-excerpt\">Chers parents, Nous avons le plaisir de vous inviter \u00e0 un Caf\u00e9 des Parents qui se tiendra le mardi 8 avril de 9h \u00e0 11h au sein du coll\u00e8ge.Le th\u00e8me de cette rencontre sera \u00ab\u00a0Les \u00e9crans et leurs impacts\u00a0\u00bb. Ce sera l&rsquo;occasion d\u2019\u00e9changer sur les pratiques num\u00e9riques des adolescents, les enjeux li\u00e9s \u00e0 l\u2019utilisation des&#8230;<p> <a class=\"continue-reading-link\" href=\"https:\/\/etab.ac-reunion.fr\/clg-guy-moquet\/2025\/03\/28\/cafe-des-parents-le-8-avril\/\"><span>Lire la suite<\/span><i class=\"crycon-right-dir\"><\/i><\/a> <\/p><\/div><\/li>\n<li><div class=\"wp-block-latest-posts__featured-image aligncenter\"><a href=\"https:\/\/etab.ac-reunion.fr\/clg-guy-moquet\/2024\/08\/13\/organisation-rentree-scolaire-2024-2025\/\" aria-label=\"ORGANISATION RENTR\u00c9E SCOLAIRE 2024-2025\"><a href=\"https:\/\/etab.ac-reunion.fr\/clg-guy-moquet\/2024\/08\/13\/organisation-rentree-scolaire-2024-2025\/\" title=\"ORGANISATION RENTR\u00c9E SCOLAIRE 2024-2025\"><img loading=\"lazy\" decoding=\"async\" width=\"150\" height=\"150\" src=\"https:\/\/etab.ac-reunion.fr\/clg-guy-moquet\/wp-content\/uploads\/sites\/63\/2014\/03\/DSCN2708-e1396252131344-150x150.jpg\" class=\"attachment-thumbnail size-thumbnail wp-post-image\" alt=\"\" style=\"\" srcset=\"https:\/\/etab.ac-reunion.fr\/clg-guy-moquet\/wp-content\/uploads\/sites\/63\/2014\/03\/DSCN2708-e1396252131344-150x150.jpg 150w, https:\/\/etab.ac-reunion.fr\/clg-guy-moquet\/wp-content\/uploads\/sites\/63\/2014\/03\/DSCN2708-e1396252131344-218x218.jpg 218w, https:\/\/etab.ac-reunion.fr\/clg-guy-moquet\/wp-content\/uploads\/sites\/63\/2014\/03\/DSCN2708-e1396252131344-73x73.jpg 73w, https:\/\/etab.ac-reunion.fr\/clg-guy-moquet\/wp-content\/uploads\/sites\/63\/2014\/03\/DSCN2708-e1396252131344-40x40.jpg 40w, https:\/\/etab.ac-reunion.fr\/clg-guy-moquet\/wp-content\/uploads\/sites\/63\/2014\/03\/DSCN2708-e1396252131344-184x184.jpg 184w\" sizes=\"auto, (max-width: 150px) 100vw, 150px\" \/><\/a><\/a><\/div><a class=\"wp-block-latest-posts__post-title\" href=\"https:\/\/etab.ac-reunion.fr\/clg-guy-moquet\/2024\/08\/13\/organisation-rentree-scolaire-2024-2025\/\">ORGANISATION RENTR\u00c9E SCOLAIRE 2024-2025<\/a><div class=\"wp-block-latest-posts__post-author\">par Sautron Mickael<\/div><time datetime=\"2024-08-13T10:35:48+04:00\" class=\"wp-block-latest-posts__post-date\">13 ao\u00fbt 2024<\/time><div class=\"wp-block-latest-posts__post-excerpt\">COLL\u00c8GE GUY MOQUET Lundi 19 ao\u00fbt 2024\u00a0: accueil des classes de 6\u00e8me de 7h30 \u00e0 16h30.8h45 &#8211; 9h30: \u00e9change entre les \u00a0responsables l\u00e9gaux des \u00e9l\u00e8ves de 6\u00e8me, les personnels du coll\u00e8ge et les associations des parents d&rsquo;\u00e9l\u00e8ves.Restauration scolaire pour les demi-pensionnaires. Mardi 20 ao\u00fbt 2024&nbsp;: accueil des classes de 5\u00e8me, 4\u00e8me et 3\u00e8me de 7h30&#8230;<p> <a class=\"continue-reading-link\" href=\"https:\/\/etab.ac-reunion.fr\/clg-guy-moquet\/2024\/08\/13\/organisation-rentree-scolaire-2024-2025\/\"><span>Lire la suite<\/span><i class=\"crycon-right-dir\"><\/i><\/a> <\/p><\/div><\/li>\n<li><div class=\"wp-block-latest-posts__featured-image aligncenter\"><a href=\"https:\/\/etab.ac-reunion.fr\/clg-guy-moquet\/2024\/06\/14\/le-petit-journal-en-reseau-de-guy-moquet\/\" aria-label=\"Le petit Journal en r\u00e9seau de Guy M\u00f4quet 2023-2024\"><a href=\"https:\/\/etab.ac-reunion.fr\/clg-guy-moquet\/2024\/06\/14\/le-petit-journal-en-reseau-de-guy-moquet\/\" title=\"Le petit Journal en r\u00e9seau de Guy M\u00f4quet 2023-2024\"><img loading=\"lazy\" decoding=\"async\" width=\"150\" height=\"150\" src=\"https:\/\/etab.ac-reunion.fr\/clg-guy-moquet\/wp-content\/uploads\/sites\/63\/2024\/12\/livre-150x150.jpg\" class=\"attachment-thumbnail size-thumbnail wp-post-image\" alt=\"\" style=\"\" \/><\/a><\/a><\/div><a class=\"wp-block-latest-posts__post-title\" href=\"https:\/\/etab.ac-reunion.fr\/clg-guy-moquet\/2024\/06\/14\/le-petit-journal-en-reseau-de-guy-moquet\/\">Le petit Journal en r\u00e9seau de Guy M\u00f4quet 2023-2024<\/a><div class=\"wp-block-latest-posts__post-author\">par Marie-Sandrine Andy<\/div><time datetime=\"2024-06-14T10:19:20+04:00\" class=\"wp-block-latest-posts__post-date\">14 juin 2024<\/time><div class=\"wp-block-latest-posts__post-excerpt\"><p> <a class=\"continue-reading-link\" href=\"https:\/\/etab.ac-reunion.fr\/clg-guy-moquet\/2024\/06\/14\/le-petit-journal-en-reseau-de-guy-moquet\/\"><span>Lire la suite<\/span><i class=\"crycon-right-dir\"><\/i><\/a> <\/p><\/div><\/li>\n<\/ul>","protected":false},"excerpt":{"rendered":"<p> <a class=\"continue-reading-link\" href=\"https:\/\/etab.ac-reunion.fr\/clg-guy-moquet\/les-agents\/\"><span>Lire la suite<\/span><i class=\"crycon-right-dir\"><\/i><\/a> <\/p>\n","protected":false},"author":1037,"featured_media":0,"parent":0,"menu_order":3,"comment_status":"closed","ping_status":"closed","template":"","meta":{"footnotes":""},"class_list":["post-56","page","type-page","status-publish","hentry"],"_links":{"self":[{"href":"https:\/\/etab.ac-reunion.fr\/clg-guy-moquet\/wp-json\/wp\/v2\/pages\/56","targetHints":{"allow":["GET"]}}],"collection":[{"href":"https:\/\/etab.ac-reunion.fr\/clg-guy-moquet\/wp-json\/wp\/v2\/pages"}],"about":[{"href":"https:\/\/etab.ac-reunion.fr\/clg-guy-moquet\/wp-json\/wp\/v2\/types\/page"}],"author":[{"embeddable":true,"href":"https:\/\/etab.ac-reunion.fr\/clg-guy-moquet\/wp-json\/wp\/v2\/users\/1037"}],"replies":[{"embeddable":true,"href":"https:\/\/etab.ac-reunion.fr\/clg-guy-moquet\/wp-json\/wp\/v2\/comments?post=56"}],"version-history":[{"count":13,"href":"https:\/\/etab.ac-reunion.fr\/clg-guy-moquet\/wp-json\/wp\/v2\/pages\/56\/revisions"}],"predecessor-version":[{"id":6239,"href":"https:\/\/etab.ac-reunion.fr\/clg-guy-moquet\/wp-json\/wp\/v2\/pages\/56\/revisions\/6239"}],"wp:attachment":[{"href":"https:\/\/etab.ac-reunion.fr\/clg-guy-moquet\/wp-json\/wp\/v2\/media?parent=56"}],"curies":[{"name":"wp","href":"https:\/\/api.w.org\/{rel}","templated":true}]}}