{"id":5696,"date":"2025-02-21T11:37:05","date_gmt":"2025-02-21T07:37:05","guid":{"rendered":"https:\/\/etab.ac-reunion.fr\/clg-guy-moquet\/?page_id=5696"},"modified":"2025-04-09T09:22:15","modified_gmt":"2025-04-09T05:22:15","slug":"orientation","status":"publish","type":"page","link":"https:\/\/etab.ac-reunion.fr\/clg-guy-moquet\/orientation\/","title":{"rendered":"Orientation post 3\u00e8me!"},"content":{"rendered":"\n<p><strong>L&rsquo;orientation est une \u00e9tape essentielle!<\/strong><\/p>\n\n\n\n<div class=\"wp-block-buttons is-horizontal is-content-justification-left is-nowrap is-layout-flex wp-container-core-buttons-is-layout-8e8a235c wp-block-buttons-is-layout-flex\">\n<div class=\"wp-block-button is-style-fill\"><a class=\"wp-block-button__link wp-element-button\" href=\"https:\/\/padlet.com\/psyenciostbenoit\/s-orienter-apr-s-la-3-me-iolz5w62kdr95nlv\" target=\"_blank\" rel=\"noreferrer noopener\">S&rsquo;orienter en 3\u00e8me<\/a><\/div>\n\n\n\n<div class=\"wp-block-button\"><a class=\"wp-block-button__link wp-element-button\" href=\"https:\/\/padlet.com\/psyenciostbenoit\/mon-orientation-au-lycee-general-et-technologique-4yz0smh88f1cizzj\" target=\"_blank\" rel=\"noreferrer noopener\">Mon orientation au lyc\u00e9e g\u00e9n\u00e9ral et technologique<\/a><\/div>\n\n\n\n<div class=\"wp-block-button\"><a class=\"wp-block-button__link wp-element-button\" href=\"https:\/\/padlet.com\/psyenciostbenoit\/mon-orientation-au-lycee-professionnel-wioiyu2f1fwvc9c9\" target=\"_blank\" rel=\"noreferrer noopener\">Mon orientation au lyc\u00e9e professionnel<\/a><\/div>\n<\/div>\n\n\n\n<p><\/p>\n\n\n<ul class=\"wp-block-latest-posts__list is-grid columns-2 has-dates has-author wp-block-latest-posts\"><li><div class=\"wp-block-latest-posts__featured-image aligncenter\"><a href=\"https:\/\/etab.ac-reunion.fr\/clg-guy-moquet\/2026\/03\/24\/2026-orientation-saisie-de-voeux-post-3eme\/\" aria-label=\"2026 &#8211; Orientation : saisie de v\u0153ux post 3\u00e8me!\"><a href=\"https:\/\/etab.ac-reunion.fr\/clg-guy-moquet\/2026\/03\/24\/2026-orientation-saisie-de-voeux-post-3eme\/\" title=\"2026 - Orientation : saisie de v\u0153ux post 3\u00e8me!\"><img loading=\"lazy\" decoding=\"async\" width=\"300\" height=\"168\" src=\"https:\/\/etab.ac-reunion.fr\/clg-guy-moquet\/wp-content\/uploads\/sites\/63\/2026\/03\/orientation-300x168.jpg\" class=\"attachment-medium size-medium wp-post-image\" alt=\"\" style=\"\" srcset=\"https:\/\/etab.ac-reunion.fr\/clg-guy-moquet\/wp-content\/uploads\/sites\/63\/2026\/03\/orientation-300x168.jpg 300w, https:\/\/etab.ac-reunion.fr\/clg-guy-moquet\/wp-content\/uploads\/sites\/63\/2026\/03\/orientation-1024x574.jpg 1024w, https:\/\/etab.ac-reunion.fr\/clg-guy-moquet\/wp-content\/uploads\/sites\/63\/2026\/03\/orientation-768x430.jpg 768w, https:\/\/etab.ac-reunion.fr\/clg-guy-moquet\/wp-content\/uploads\/sites\/63\/2026\/03\/orientation-150x84.jpg 150w, https:\/\/etab.ac-reunion.fr\/clg-guy-moquet\/wp-content\/uploads\/sites\/63\/2026\/03\/orientation-900x504.jpg 900w, https:\/\/etab.ac-reunion.fr\/clg-guy-moquet\/wp-content\/uploads\/sites\/63\/2026\/03\/orientation.jpg 1249w\" sizes=\"auto, (max-width: 300px) 100vw, 300px\" \/><\/a><\/a><\/div><a class=\"wp-block-latest-posts__post-title\" href=\"https:\/\/etab.ac-reunion.fr\/clg-guy-moquet\/2026\/03\/24\/2026-orientation-saisie-de-voeux-post-3eme\/\">2026 &#8211; Orientation : saisie de v\u0153ux post 3\u00e8me!<\/a><div class=\"wp-block-latest-posts__post-author\">par Arginthe Jean-Bruno<\/div><time datetime=\"2026-03-24T11:41:47+04:00\" class=\"wp-block-latest-posts__post-date\">24 mars 2026<\/time><div class=\"wp-block-latest-posts__post-excerpt\">Les conseils de classe du 2nd trimestre marquent une \u00e9tape importante dans le processus d&rsquo;orientation de nos \u00e9l\u00e8ves, puisque nous devrons d\u00e9lib\u00e9rer sur les intentions des responsables l\u00e9gaux. A cette fin, le canal t\u00e9l\u00e9matique Educonnect doit \u00eatre privil\u00e9gi\u00e9. De mani\u00e8re \u00e0 \u00e9clairer les parents, vous trouverez ci-dessous un diaporama con\u00e7u par le minist\u00e8re rappelant sous&#8230;<p> <a class=\"continue-reading-link\" href=\"https:\/\/etab.ac-reunion.fr\/clg-guy-moquet\/2026\/03\/24\/2026-orientation-saisie-de-voeux-post-3eme\/\"><span>Lire la suite<\/span><i class=\"crycon-right-dir\"><\/i><\/a> <\/p><\/div><\/li>\n<li><div class=\"wp-block-latest-posts__featured-image aligncenter\"><a href=\"https:\/\/etab.ac-reunion.fr\/clg-guy-moquet\/2026\/02\/10\/2026_orientation-post-3eme\/\" aria-label=\"2026_Orientation post 3\u00e8me\"><a href=\"https:\/\/etab.ac-reunion.fr\/clg-guy-moquet\/2026\/02\/10\/2026_orientation-post-3eme\/\" title=\"2026_Orientation post 3\u00e8me\"><img loading=\"lazy\" decoding=\"async\" width=\"300\" height=\"91\" src=\"https:\/\/etab.ac-reunion.fr\/clg-guy-moquet\/wp-content\/uploads\/sites\/63\/2026\/02\/Logo-orientation-300x91.jpg\" class=\"attachment-medium size-medium wp-post-image\" alt=\"\" style=\"\" srcset=\"https:\/\/etab.ac-reunion.fr\/clg-guy-moquet\/wp-content\/uploads\/sites\/63\/2026\/02\/Logo-orientation-300x91.jpg 300w, https:\/\/etab.ac-reunion.fr\/clg-guy-moquet\/wp-content\/uploads\/sites\/63\/2026\/02\/Logo-orientation-150x46.jpg 150w, https:\/\/etab.ac-reunion.fr\/clg-guy-moquet\/wp-content\/uploads\/sites\/63\/2026\/02\/Logo-orientation.jpg 458w\" sizes=\"auto, (max-width: 300px) 100vw, 300px\" \/><\/a><\/a><\/div><a class=\"wp-block-latest-posts__post-title\" href=\"https:\/\/etab.ac-reunion.fr\/clg-guy-moquet\/2026\/02\/10\/2026_orientation-post-3eme\/\">2026_Orientation post 3\u00e8me<\/a><div class=\"wp-block-latest-posts__post-author\">par Arginthe Jean-Bruno<\/div><time datetime=\"2026-02-10T09:13:14+04:00\" class=\"wp-block-latest-posts__post-date\">10 f\u00e9vrier 2026<\/time><div class=\"wp-block-latest-posts__post-excerpt\">Activer son compte EDUCONNECT! Poursuite d&rsquo;\u00e9tudes apr\u00e8s la 3\u00e8me : suivez le guide!<p> <a class=\"continue-reading-link\" href=\"https:\/\/etab.ac-reunion.fr\/clg-guy-moquet\/2026\/02\/10\/2026_orientation-post-3eme\/\"><span>Lire la suite<\/span><i class=\"crycon-right-dir\"><\/i><\/a> <\/p><\/div><\/li>\n<li><div class=\"wp-block-latest-posts__featured-image aligncenter\"><a href=\"https:\/\/etab.ac-reunion.fr\/clg-guy-moquet\/2025\/04\/28\/brochure-ma-voie-apres-la-3e-rentree-2025\/\" aria-label=\"Brochure Ma Voie Apr\u00e8s La 3\u00e8 &#8211; Rentr\u00e9e 2025\"><a href=\"https:\/\/etab.ac-reunion.fr\/clg-guy-moquet\/2025\/04\/28\/brochure-ma-voie-apres-la-3e-rentree-2025\/\" title=\"Brochure Ma Voie Apr\u00e8s La 3\u00e8 - Rentr\u00e9e 2025\"><img loading=\"lazy\" decoding=\"async\" width=\"209\" height=\"300\" src=\"https:\/\/etab.ac-reunion.fr\/clg-guy-moquet\/wp-content\/uploads\/sites\/63\/2025\/04\/Screenshot-2025-04-28-at-11.23.00-209x300.png\" class=\"attachment-medium size-medium wp-post-image\" alt=\"\" style=\"\" srcset=\"https:\/\/etab.ac-reunion.fr\/clg-guy-moquet\/wp-content\/uploads\/sites\/63\/2025\/04\/Screenshot-2025-04-28-at-11.23.00-209x300.png 209w, https:\/\/etab.ac-reunion.fr\/clg-guy-moquet\/wp-content\/uploads\/sites\/63\/2025\/04\/Screenshot-2025-04-28-at-11.23.00-712x1024.png 712w, https:\/\/etab.ac-reunion.fr\/clg-guy-moquet\/wp-content\/uploads\/sites\/63\/2025\/04\/Screenshot-2025-04-28-at-11.23.00-768x1104.png 768w, https:\/\/etab.ac-reunion.fr\/clg-guy-moquet\/wp-content\/uploads\/sites\/63\/2025\/04\/Screenshot-2025-04-28-at-11.23.00-104x150.png 104w, https:\/\/etab.ac-reunion.fr\/clg-guy-moquet\/wp-content\/uploads\/sites\/63\/2025\/04\/Screenshot-2025-04-28-at-11.23.00-403x580.png 403w, https:\/\/etab.ac-reunion.fr\/clg-guy-moquet\/wp-content\/uploads\/sites\/63\/2025\/04\/Screenshot-2025-04-28-at-11.23.00.png 790w\" sizes=\"auto, (max-width: 209px) 100vw, 209px\" \/><\/a><\/a><\/div><a class=\"wp-block-latest-posts__post-title\" href=\"https:\/\/etab.ac-reunion.fr\/clg-guy-moquet\/2025\/04\/28\/brochure-ma-voie-apres-la-3e-rentree-2025\/\">Brochure Ma Voie Apr\u00e8s La 3\u00e8 &#8211; Rentr\u00e9e 2025<\/a><div class=\"wp-block-latest-posts__post-author\">par Sautron Mickael<\/div><time datetime=\"2025-04-28T11:20:24+04:00\" class=\"wp-block-latest-posts__post-date\">28 avril 2025<\/time><div class=\"wp-block-latest-posts__post-excerpt\"><p> <a class=\"continue-reading-link\" href=\"https:\/\/etab.ac-reunion.fr\/clg-guy-moquet\/2025\/04\/28\/brochure-ma-voie-apres-la-3e-rentree-2025\/\"><span>Lire la suite<\/span><i class=\"crycon-right-dir\"><\/i><\/a> <\/p><\/div><\/li>\n<li><div class=\"wp-block-latest-posts__featured-image aligncenter\"><a href=\"https:\/\/etab.ac-reunion.fr\/clg-guy-moquet\/2025\/02\/21\/ouverture-de-la-saisie-dorientation\/\" aria-label=\"Ouverture de la saisie d&rsquo;orientation\"><a href=\"https:\/\/etab.ac-reunion.fr\/clg-guy-moquet\/2025\/02\/21\/ouverture-de-la-saisie-dorientation\/\" title=\"Ouverture de la saisie d&#039;orientation\"><img loading=\"lazy\" decoding=\"async\" width=\"300\" height=\"168\" src=\"https:\/\/etab.ac-reunion.fr\/clg-guy-moquet\/wp-content\/uploads\/sites\/63\/2025\/02\/Capture_flyerOrientation-e1740132619118-300x168.png\" class=\"attachment-medium size-medium wp-post-image\" alt=\"\" style=\"\" srcset=\"https:\/\/etab.ac-reunion.fr\/clg-guy-moquet\/wp-content\/uploads\/sites\/63\/2025\/02\/Capture_flyerOrientation-e1740132619118-300x168.png 300w, https:\/\/etab.ac-reunion.fr\/clg-guy-moquet\/wp-content\/uploads\/sites\/63\/2025\/02\/Capture_flyerOrientation-e1740132619118-768x430.png 768w, https:\/\/etab.ac-reunion.fr\/clg-guy-moquet\/wp-content\/uploads\/sites\/63\/2025\/02\/Capture_flyerOrientation-e1740132619118-150x84.png 150w, https:\/\/etab.ac-reunion.fr\/clg-guy-moquet\/wp-content\/uploads\/sites\/63\/2025\/02\/Capture_flyerOrientation-e1740132619118.png 843w\" sizes=\"auto, (max-width: 300px) 100vw, 300px\" \/><\/a><\/a><\/div><a class=\"wp-block-latest-posts__post-title\" href=\"https:\/\/etab.ac-reunion.fr\/clg-guy-moquet\/2025\/02\/21\/ouverture-de-la-saisie-dorientation\/\">Ouverture de la saisie d&rsquo;orientation<\/a><div class=\"wp-block-latest-posts__post-author\">par Sautron Mickael<\/div><time datetime=\"2025-02-21T14:09:39+04:00\" class=\"wp-block-latest-posts__post-date\">21 f\u00e9vrier 2025<\/time><div class=\"wp-block-latest-posts__post-excerpt\">La saisie des intentions d&rsquo;orientation est ouverte !Vous \u00eates invit\u00e9s \u00e0 la r\u00e9aliser avant le 22\/03, en vous connectant \u00e0 votre compte Educonnect sur teleservices.education.gouv.fr, rubrique \u00ab\u00a0Mes Services\u00a0\u00bb puis \u00ab\u00a0Orientation\u00a0\u00bb.<p> <a class=\"continue-reading-link\" href=\"https:\/\/etab.ac-reunion.fr\/clg-guy-moquet\/2025\/02\/21\/ouverture-de-la-saisie-dorientation\/\"><span>Lire la suite<\/span><i class=\"crycon-right-dir\"><\/i><\/a> <\/p><\/div><\/li>\n<\/ul>","protected":false},"excerpt":{"rendered":"<p>L&rsquo;orientation est une \u00e9tape essentielle!<\/p>\n<p> <a class=\"continue-reading-link\" href=\"https:\/\/etab.ac-reunion.fr\/clg-guy-moquet\/orientation\/\"><span>Lire la suite<\/span><i class=\"crycon-right-dir\"><\/i><\/a> <\/p>\n","protected":false},"author":16626,"featured_media":0,"parent":0,"menu_order":0,"comment_status":"closed","ping_status":"closed","template":"","meta":{"footnotes":""},"class_list":["post-5696","page","type-page","status-publish","hentry"],"_links":{"self":[{"href":"https:\/\/etab.ac-reunion.fr\/clg-guy-moquet\/wp-json\/wp\/v2\/pages\/5696","targetHints":{"allow":["GET"]}}],"collection":[{"href":"https:\/\/etab.ac-reunion.fr\/clg-guy-moquet\/wp-json\/wp\/v2\/pages"}],"about":[{"href":"https:\/\/etab.ac-reunion.fr\/clg-guy-moquet\/wp-json\/wp\/v2\/types\/page"}],"author":[{"embeddable":true,"href":"https:\/\/etab.ac-reunion.fr\/clg-guy-moquet\/wp-json\/wp\/v2\/users\/16626"}],"replies":[{"embeddable":true,"href":"https:\/\/etab.ac-reunion.fr\/clg-guy-moquet\/wp-json\/wp\/v2\/comments?post=5696"}],"version-history":[{"count":9,"href":"https:\/\/etab.ac-reunion.fr\/clg-guy-moquet\/wp-json\/wp\/v2\/pages\/5696\/revisions"}],"predecessor-version":[{"id":5812,"href":"https:\/\/etab.ac-reunion.fr\/clg-guy-moquet\/wp-json\/wp\/v2\/pages\/5696\/revisions\/5812"}],"wp:attachment":[{"href":"https:\/\/etab.ac-reunion.fr\/clg-guy-moquet\/wp-json\/wp\/v2\/media?parent=5696"}],"curies":[{"name":"wp","href":"https:\/\/api.w.org\/{rel}","templated":true}]}}