{"id":5763,"date":"2025-03-31T10:28:37","date_gmt":"2025-03-31T06:28:37","guid":{"rendered":"https:\/\/etab.ac-reunion.fr\/clg-guy-moquet\/?page_id=5763"},"modified":"2025-08-18T16:21:59","modified_gmt":"2025-08-18T12:21:59","slug":"agmi","status":"publish","type":"page","link":"https:\/\/etab.ac-reunion.fr\/clg-guy-moquet\/presentation\/agmi\/","title":{"rendered":"Association GMI"},"content":{"rendered":"\n<h2 class=\"wp-block-heading has-cyan-bluish-gray-background-color has-background\">AGMI : Association Guy M\u00f4quet Interg\u00e9n\u00e9rationnelle<\/h2>\n\n\n\n<p>\/<\/p>\n\n\n\n<div data-wp-interactive=\"core\/file\" class=\"wp-block-file\"><object data-wp-bind--hidden=\"!state.hasPdfPreview\" hidden class=\"wp-block-file__embed\" data=\"https:\/\/etab.ac-reunion.fr\/clg-guy-moquet\/wp-content\/uploads\/sites\/63\/2025\/03\/NEWSLETTER-1-AGMI.pdf\" type=\"application\/pdf\" style=\"width:100%;height:1343px\" aria-label=\"Contenu embarqu\u00e9 NEWSLETTER 1 AGMI.\"><\/object><a id=\"wp-block-file--media-88d0ff74-4eff-4647-87f0-9b98c7aaf2d2\" href=\"https:\/\/etab.ac-reunion.fr\/clg-guy-moquet\/wp-content\/uploads\/sites\/63\/2025\/03\/NEWSLETTER-1-AGMI.pdf\">NEWSLETTER 1 AGMI<\/a><a href=\"https:\/\/etab.ac-reunion.fr\/clg-guy-moquet\/wp-content\/uploads\/sites\/63\/2025\/03\/NEWSLETTER-1-AGMI.pdf\" class=\"wp-block-file__button wp-element-button\" download aria-describedby=\"wp-block-file--media-88d0ff74-4eff-4647-87f0-9b98c7aaf2d2\">T\u00e9l\u00e9charger<\/a><\/div>\n\n\n\n<p>\/<\/p>\n\n\n\n<div class=\"wp-block-file\"><a id=\"wp-block-file--media-ddd7d391-4ddd-43c5-91ab-99591689044e\" href=\"https:\/\/etab.ac-reunion.fr\/clg-guy-moquet\/wp-content\/uploads\/sites\/63\/2025\/08\/Newsletter-2-AGMI-1.pdf\">Newsletter 2 AGMI<\/a><a href=\"https:\/\/etab.ac-reunion.fr\/clg-guy-moquet\/wp-content\/uploads\/sites\/63\/2025\/08\/Newsletter-2-AGMI-1.pdf\" class=\"wp-block-file__button wp-element-button\" download aria-describedby=\"wp-block-file--media-ddd7d391-4ddd-43c5-91ab-99591689044e\">T\u00e9l\u00e9charger<\/a><\/div>\n\n\n\n<p><\/p>\n","protected":false},"excerpt":{"rendered":"<p>AGMI : Association Guy M\u00f4quet Interg\u00e9n\u00e9rationnelle \/ \/<\/p>\n<p> <a class=\"continue-reading-link\" href=\"https:\/\/etab.ac-reunion.fr\/clg-guy-moquet\/presentation\/agmi\/\"><span>Lire la suite<\/span><i class=\"crycon-right-dir\"><\/i><\/a> <\/p>\n","protected":false},"author":16626,"featured_media":0,"parent":11,"menu_order":0,"comment_status":"closed","ping_status":"closed","template":"","meta":{"footnotes":""},"class_list":["post-5763","page","type-page","status-publish","hentry"],"_links":{"self":[{"href":"https:\/\/etab.ac-reunion.fr\/clg-guy-moquet\/wp-json\/wp\/v2\/pages\/5763","targetHints":{"allow":["GET"]}}],"collection":[{"href":"https:\/\/etab.ac-reunion.fr\/clg-guy-moquet\/wp-json\/wp\/v2\/pages"}],"about":[{"href":"https:\/\/etab.ac-reunion.fr\/clg-guy-moquet\/wp-json\/wp\/v2\/types\/page"}],"author":[{"embeddable":true,"href":"https:\/\/etab.ac-reunion.fr\/clg-guy-moquet\/wp-json\/wp\/v2\/users\/16626"}],"replies":[{"embeddable":true,"href":"https:\/\/etab.ac-reunion.fr\/clg-guy-moquet\/wp-json\/wp\/v2\/comments?post=5763"}],"version-history":[{"count":8,"href":"https:\/\/etab.ac-reunion.fr\/clg-guy-moquet\/wp-json\/wp\/v2\/pages\/5763\/revisions"}],"predecessor-version":[{"id":6404,"href":"https:\/\/etab.ac-reunion.fr\/clg-guy-moquet\/wp-json\/wp\/v2\/pages\/5763\/revisions\/6404"}],"up":[{"embeddable":true,"href":"https:\/\/etab.ac-reunion.fr\/clg-guy-moquet\/wp-json\/wp\/v2\/pages\/11"}],"wp:attachment":[{"href":"https:\/\/etab.ac-reunion.fr\/clg-guy-moquet\/wp-json\/wp\/v2\/media?parent=5763"}],"curies":[{"name":"wp","href":"https:\/\/api.w.org\/{rel}","templated":true}]}}