{"id":5877,"date":"2025-04-23T09:10:20","date_gmt":"2025-04-23T05:10:20","guid":{"rendered":"https:\/\/etab.ac-reunion.fr\/clg-guy-moquet\/?page_id=5877"},"modified":"2025-12-04T16:06:53","modified_gmt":"2025-12-04T12:06:53","slug":"articles-ulis","status":"publish","type":"page","link":"https:\/\/etab.ac-reunion.fr\/clg-guy-moquet\/articles-ulis\/","title":{"rendered":"Articles ULIS"},"content":{"rendered":"\n<p><\/p>\n\n\n<ul class=\"wp-block-latest-posts__list is-grid columns-3 has-dates has-author aligncenter wp-block-latest-posts\"><li><div class=\"wp-block-latest-posts__featured-image aligncenter\"><a href=\"https:\/\/etab.ac-reunion.fr\/clg-guy-moquet\/2026\/04\/10\/ulis-en-action\/\" title=\"ULIS en action\"><img loading=\"lazy\" decoding=\"async\" width=\"150\" height=\"150\" src=\"https:\/\/etab.ac-reunion.fr\/clg-guy-moquet\/wp-content\/uploads\/sites\/63\/2026\/04\/Ulis-action3-150x150.jpg\" class=\"attachment-thumbnail size-thumbnail wp-post-image\" alt=\"\" style=\"\" \/><\/a><\/div><a class=\"wp-block-latest-posts__post-title\" href=\"https:\/\/etab.ac-reunion.fr\/clg-guy-moquet\/2026\/04\/10\/ulis-en-action\/\">ULIS en action<\/a><div class=\"wp-block-latest-posts__post-author\">par Elma Marie-Evelyne<\/div><time datetime=\"2026-04-10T05:43:56+04:00\" class=\"wp-block-latest-posts__post-date\">10 avril 2026<\/time><div class=\"wp-block-latest-posts__post-excerpt\">Le vendredi 20 mars, les \u00e9l\u00e8ves ULIS ont renouvel\u00e9 leur exp\u00e9rience avec l&rsquo;association ADICA. Elle est venue construire des bancs avec les \u00e9l\u00e8ves. Au total, 10 ont \u00e9t\u00e9 construits afin d&#8217;embellir le coll\u00e8ge. Ils ont \u00e9t\u00e9 pos\u00e9, au plus grand bonheur de l&rsquo;ensemble des coll\u00e9giens.<p> <a class=\"continue-reading-link\" href=\"https:\/\/etab.ac-reunion.fr\/clg-guy-moquet\/2026\/04\/10\/ulis-en-action\/\"><span>Lire la suite<\/span><i class=\"crycon-right-dir\"><\/i><\/a> <\/p><\/div><\/li>\n<li><div class=\"wp-block-latest-posts__featured-image aligncenter\"><a href=\"https:\/\/etab.ac-reunion.fr\/clg-guy-moquet\/2026\/02\/24\/les-ulis-au-lagon\/\" title=\"Les ULIS au lagon\"><img loading=\"lazy\" decoding=\"async\" width=\"150\" height=\"150\" src=\"https:\/\/etab.ac-reunion.fr\/clg-guy-moquet\/wp-content\/uploads\/sites\/63\/2026\/02\/50de566e-5583-4cb5-b31c-1b663a659ebb-150x150.jpeg\" class=\"attachment-thumbnail size-thumbnail wp-post-image\" alt=\"\" style=\"\" \/><\/a><\/div><a class=\"wp-block-latest-posts__post-title\" href=\"https:\/\/etab.ac-reunion.fr\/clg-guy-moquet\/2026\/02\/24\/les-ulis-au-lagon\/\">Les ULIS au lagon<\/a><div class=\"wp-block-latest-posts__post-author\">par Elma Marie-Evelyne<\/div><time datetime=\"2026-02-24T10:33:50+04:00\" class=\"wp-block-latest-posts__post-date\">24 f\u00e9vrier 2026<\/time><div class=\"wp-block-latest-posts__post-excerpt\">Le jeudi 5 f\u00e9vrier dernier, les \u00e9l\u00e8ves du dispositif ULIS du coll\u00e8ge ont profit\u00e9 d\u2019une belle sortie \u00e0 la plage de l&rsquo;Hermitage. Ils ont v\u00e9cu une journ\u00e9e riche en d\u00e9couvertes, en rires et en partage. C&rsquo;\u00e9tait une journ\u00e9e sous le signe du soleil et de la bonne humeur. Deux activit\u00e9s \u00e9taient propos\u00e9es aux \u00e9l\u00e8ves :&#8230;<p> <a class=\"continue-reading-link\" href=\"https:\/\/etab.ac-reunion.fr\/clg-guy-moquet\/2026\/02\/24\/les-ulis-au-lagon\/\"><span>Lire la suite<\/span><i class=\"crycon-right-dir\"><\/i><\/a> <\/p><\/div><\/li>\n<li><div class=\"wp-block-latest-posts__featured-image aligncenter\"><a href=\"https:\/\/etab.ac-reunion.fr\/clg-guy-moquet\/2025\/11\/20\/ulis-et-kayak\/\" title=\"ULIS ET KAYAK\"><img loading=\"lazy\" decoding=\"async\" width=\"150\" height=\"150\" src=\"https:\/\/etab.ac-reunion.fr\/clg-guy-moquet\/wp-content\/uploads\/sites\/63\/2025\/11\/IMG_8456-150x150.jpeg\" class=\"attachment-thumbnail size-thumbnail wp-post-image\" alt=\"\" style=\"\" srcset=\"https:\/\/etab.ac-reunion.fr\/clg-guy-moquet\/wp-content\/uploads\/sites\/63\/2025\/11\/IMG_8456-150x150.jpeg 150w, https:\/\/etab.ac-reunion.fr\/clg-guy-moquet\/wp-content\/uploads\/sites\/63\/2025\/11\/IMG_8456-300x300.jpeg 300w, https:\/\/etab.ac-reunion.fr\/clg-guy-moquet\/wp-content\/uploads\/sites\/63\/2025\/11\/IMG_8456-1024x1024.jpeg 1024w, https:\/\/etab.ac-reunion.fr\/clg-guy-moquet\/wp-content\/uploads\/sites\/63\/2025\/11\/IMG_8456-768x768.jpeg 768w, https:\/\/etab.ac-reunion.fr\/clg-guy-moquet\/wp-content\/uploads\/sites\/63\/2025\/11\/IMG_8456-1536x1536.jpeg 1536w, https:\/\/etab.ac-reunion.fr\/clg-guy-moquet\/wp-content\/uploads\/sites\/63\/2025\/11\/IMG_8456-2048x2048.jpeg 2048w, https:\/\/etab.ac-reunion.fr\/clg-guy-moquet\/wp-content\/uploads\/sites\/63\/2025\/11\/IMG_8456-580x580.jpeg 580w\" sizes=\"auto, (max-width: 150px) 100vw, 150px\" \/><\/a><\/div><a class=\"wp-block-latest-posts__post-title\" href=\"https:\/\/etab.ac-reunion.fr\/clg-guy-moquet\/2025\/11\/20\/ulis-et-kayak\/\">ULIS ET KAYAK<\/a><div class=\"wp-block-latest-posts__post-author\">par Elma Marie-Evelyne<\/div><time datetime=\"2025-11-20T16:44:52+04:00\" class=\"wp-block-latest-posts__post-date\">20 novembre 2025<\/time><div class=\"wp-block-latest-posts__post-excerpt\">Pour notre sortie de coh\u00e9sion, nous nous sommes rendus aux berges de la rivi\u00e8re des roches pour pratiquer le kayak afin de consolider le vivre ensemble et le d\u00e9passement de soi. Pari r\u00e9ussi, TOUS les \u00e9l\u00e8ves ont fait le pas. Quelle belle victoire !<p> <a class=\"continue-reading-link\" href=\"https:\/\/etab.ac-reunion.fr\/clg-guy-moquet\/2025\/11\/20\/ulis-et-kayak\/\"><span>Lire la suite<\/span><i class=\"crycon-right-dir\"><\/i><\/a> <\/p><\/div><\/li>\n<li><a class=\"wp-block-latest-posts__post-title\" href=\"https:\/\/etab.ac-reunion.fr\/clg-guy-moquet\/2025\/11\/20\/atelier-de-semi\/\">Atelier de semi<\/a><div class=\"wp-block-latest-posts__post-author\">par Elma Marie-Evelyne<\/div><time datetime=\"2025-11-20T16:41:49+04:00\" class=\"wp-block-latest-posts__post-date\">20 novembre 2025<\/time><div class=\"wp-block-latest-posts__post-excerpt\">Un atelier s\u2019est tenu avec Mr NATIVEL. Au programme&nbsp;: Des bouturages&nbsp;: &#8211; la menthe &#8211; la citronnelle &#8211; la g\u00e9ranium &#8211; du basilic &#8211; du romarin Des semis&nbsp;: &#8211; des br\u00e8des &#8211; la salade &#8211; la roquette &#8211; des haricots &#8211; ma\u00efs &#8211; vou\u00e8me Ils seront ensuite transplant\u00e9s dans les jardini\u00e8res. Ensuite l\u2019apr\u00e8s-midi, on a&#8230;<p> <a class=\"continue-reading-link\" href=\"https:\/\/etab.ac-reunion.fr\/clg-guy-moquet\/2025\/11\/20\/atelier-de-semi\/\"><span>Lire la suite<\/span><i class=\"crycon-right-dir\"><\/i><\/a> <\/p><\/div><\/li>\n<li><div class=\"wp-block-latest-posts__featured-image aligncenter\"><a href=\"https:\/\/etab.ac-reunion.fr\/clg-guy-moquet\/2025\/10\/24\/ziguile\/\" title=\"Ziguil\u00e9\"><img loading=\"lazy\" decoding=\"async\" width=\"150\" height=\"150\" src=\"https:\/\/etab.ac-reunion.fr\/clg-guy-moquet\/wp-content\/uploads\/sites\/63\/2025\/10\/ZIGUILE-RESIDENCE--150x150.jpg\" class=\"attachment-thumbnail size-thumbnail wp-post-image\" alt=\"\" style=\"\" \/><\/a><\/div><a class=\"wp-block-latest-posts__post-title\" href=\"https:\/\/etab.ac-reunion.fr\/clg-guy-moquet\/2025\/10\/24\/ziguile\/\">Ziguil\u00e9<\/a><div class=\"wp-block-latest-posts__post-author\">par vboolaky1866<\/div><time datetime=\"2025-10-24T12:37:58+04:00\" class=\"wp-block-latest-posts__post-date\">24 octobre 2025<\/time><div class=\"wp-block-latest-posts__post-excerpt\"><p> <a class=\"continue-reading-link\" href=\"https:\/\/etab.ac-reunion.fr\/clg-guy-moquet\/2025\/10\/24\/ziguile\/\"><span>Lire la suite<\/span><i class=\"crycon-right-dir\"><\/i><\/a> <\/p><\/div><\/li>\n<li><div class=\"wp-block-latest-posts__featured-image aligncenter\"><a href=\"https:\/\/etab.ac-reunion.fr\/clg-guy-moquet\/2025\/10\/24\/residence-dartistes-en-territoire-scolaire-octobre-2025\/\" title=\"R\u00e9sidence d&#039;artistes en territoire scolaire             octobre 2025\"><img loading=\"lazy\" decoding=\"async\" width=\"150\" height=\"150\" src=\"https:\/\/etab.ac-reunion.fr\/clg-guy-moquet\/wp-content\/uploads\/sites\/63\/2025\/10\/ZIGUILE1-150x150.jpg\" class=\"attachment-thumbnail size-thumbnail wp-post-image\" alt=\"\" style=\"\" srcset=\"https:\/\/etab.ac-reunion.fr\/clg-guy-moquet\/wp-content\/uploads\/sites\/63\/2025\/10\/ZIGUILE1-150x150.jpg 150w, https:\/\/etab.ac-reunion.fr\/clg-guy-moquet\/wp-content\/uploads\/sites\/63\/2025\/10\/ZIGUILE1-300x300.jpg 300w, https:\/\/etab.ac-reunion.fr\/clg-guy-moquet\/wp-content\/uploads\/sites\/63\/2025\/10\/ZIGUILE1.jpg 500w\" sizes=\"auto, (max-width: 150px) 100vw, 150px\" \/><\/a><\/div><a class=\"wp-block-latest-posts__post-title\" href=\"https:\/\/etab.ac-reunion.fr\/clg-guy-moquet\/2025\/10\/24\/residence-dartistes-en-territoire-scolaire-octobre-2025\/\">R\u00e9sidence d&rsquo;artistes en territoire scolaire             octobre 2025<\/a><div class=\"wp-block-latest-posts__post-author\">par vboolaky1866<\/div><time datetime=\"2025-10-24T12:35:40+04:00\" class=\"wp-block-latest-posts__post-date\">24 octobre 2025<\/time><div class=\"wp-block-latest-posts__post-excerpt\"><p> <a class=\"continue-reading-link\" href=\"https:\/\/etab.ac-reunion.fr\/clg-guy-moquet\/2025\/10\/24\/residence-dartistes-en-territoire-scolaire-octobre-2025\/\"><span>Lire la suite<\/span><i class=\"crycon-right-dir\"><\/i><\/a> <\/p><\/div><\/li>\n<li><div class=\"wp-block-latest-posts__featured-image aligncenter\"><a href=\"https:\/\/etab.ac-reunion.fr\/clg-guy-moquet\/2025\/10\/24\/segael\/\" title=\"S\u00e9ga\u00ebl\"><img loading=\"lazy\" decoding=\"async\" width=\"150\" height=\"150\" src=\"https:\/\/etab.ac-reunion.fr\/clg-guy-moquet\/wp-content\/uploads\/sites\/63\/2025\/10\/1-150x150.jpg\" class=\"attachment-thumbnail size-thumbnail wp-post-image\" alt=\"\" style=\"\" srcset=\"https:\/\/etab.ac-reunion.fr\/clg-guy-moquet\/wp-content\/uploads\/sites\/63\/2025\/10\/1-150x150.jpg 150w, https:\/\/etab.ac-reunion.fr\/clg-guy-moquet\/wp-content\/uploads\/sites\/63\/2025\/10\/1-300x300.jpg 300w, https:\/\/etab.ac-reunion.fr\/clg-guy-moquet\/wp-content\/uploads\/sites\/63\/2025\/10\/1.jpg 500w\" sizes=\"auto, (max-width: 150px) 100vw, 150px\" \/><\/a><\/div><a class=\"wp-block-latest-posts__post-title\" href=\"https:\/\/etab.ac-reunion.fr\/clg-guy-moquet\/2025\/10\/24\/segael\/\">S\u00e9ga\u00ebl<\/a><div class=\"wp-block-latest-posts__post-author\">par vboolaky1866<\/div><time datetime=\"2025-10-24T12:31:53+04:00\" class=\"wp-block-latest-posts__post-date\">24 octobre 2025<\/time><div class=\"wp-block-latest-posts__post-excerpt\"><p> <a class=\"continue-reading-link\" href=\"https:\/\/etab.ac-reunion.fr\/clg-guy-moquet\/2025\/10\/24\/segael\/\"><span>Lire la suite<\/span><i class=\"crycon-right-dir\"><\/i><\/a> <\/p><\/div><\/li>\n<li><div class=\"wp-block-latest-posts__featured-image aligncenter\"><a href=\"https:\/\/etab.ac-reunion.fr\/clg-guy-moquet\/2025\/06\/19\/concours-embellissement-des-colleges-2024-2025\/\" title=\"CONCOURS EMBELLISSEMENT DES COLL\u00c8GES 2024-2025\"><img loading=\"lazy\" decoding=\"async\" width=\"150\" height=\"150\" src=\"https:\/\/etab.ac-reunion.fr\/clg-guy-moquet\/wp-content\/uploads\/sites\/63\/2025\/06\/1-3-150x150.jpg\" class=\"attachment-thumbnail size-thumbnail wp-post-image\" alt=\"\" style=\"\" \/><\/a><\/div><a class=\"wp-block-latest-posts__post-title\" href=\"https:\/\/etab.ac-reunion.fr\/clg-guy-moquet\/2025\/06\/19\/concours-embellissement-des-colleges-2024-2025\/\">CONCOURS EMBELLISSEMENT DES COLL\u00c8GES 2024-2025<\/a><div class=\"wp-block-latest-posts__post-author\">par vboolaky1866<\/div><time datetime=\"2025-06-19T15:09:25+04:00\" class=\"wp-block-latest-posts__post-date\">19 juin 2025<\/time><div class=\"wp-block-latest-posts__post-excerpt\"><p> <a class=\"continue-reading-link\" href=\"https:\/\/etab.ac-reunion.fr\/clg-guy-moquet\/2025\/06\/19\/concours-embellissement-des-colleges-2024-2025\/\"><span>Lire la suite<\/span><i class=\"crycon-right-dir\"><\/i><\/a> <\/p><\/div><\/li>\n<li><div class=\"wp-block-latest-posts__featured-image aligncenter\"><a href=\"https:\/\/etab.ac-reunion.fr\/clg-guy-moquet\/2025\/05\/30\/ulis-au-kayak\/\" title=\"ULIS au Kayak\"><img loading=\"lazy\" decoding=\"async\" width=\"150\" height=\"150\" src=\"https:\/\/etab.ac-reunion.fr\/clg-guy-moquet\/wp-content\/uploads\/sites\/63\/2025\/05\/1ED90623-12A2-431F-83AA-EFDC7FEB32F9-150x150.png\" class=\"attachment-thumbnail size-thumbnail wp-post-image\" alt=\"\" style=\"\" \/><\/a><\/div><a class=\"wp-block-latest-posts__post-title\" href=\"https:\/\/etab.ac-reunion.fr\/clg-guy-moquet\/2025\/05\/30\/ulis-au-kayak\/\">ULIS au Kayak<\/a><div class=\"wp-block-latest-posts__post-author\">par Elma Marie-Evelyne<\/div><time datetime=\"2025-05-30T06:01:44+04:00\" class=\"wp-block-latest-posts__post-date\">30 mai 2025<\/time><div class=\"wp-block-latest-posts__post-excerpt\">Ce mardi 27 mai 2025, les dispositifs ULIS 1 et 2 ont pass\u00e9 la journ\u00e9e \u00e0 la Rivi\u00e8re des roches. Au programme, il y avait activit\u00e9 kayak, pic pic et jeu de ballon. Ils ont tous pass\u00e9 une belle journ\u00e9e ensoleill\u00e9e, rythm\u00e9e par les rires, l&rsquo;amusement et surtout le d\u00e9passement de soi. Bravo \u00e0 tous&#8230;.<p> <a class=\"continue-reading-link\" href=\"https:\/\/etab.ac-reunion.fr\/clg-guy-moquet\/2025\/05\/30\/ulis-au-kayak\/\"><span>Lire la suite<\/span><i class=\"crycon-right-dir\"><\/i><\/a> <\/p><\/div><\/li>\n<li><div class=\"wp-block-latest-posts__featured-image aligncenter\"><a href=\"https:\/\/etab.ac-reunion.fr\/clg-guy-moquet\/2025\/04\/26\/a-lheure-du-bricolage\/\" title=\"A l&#039;heure du bricolage !\"><img loading=\"lazy\" decoding=\"async\" width=\"150\" height=\"150\" src=\"https:\/\/etab.ac-reunion.fr\/clg-guy-moquet\/wp-content\/uploads\/sites\/63\/2025\/04\/IMG_6307-150x150.jpg\" class=\"attachment-thumbnail size-thumbnail wp-post-image\" alt=\"\" style=\"\" srcset=\"https:\/\/etab.ac-reunion.fr\/clg-guy-moquet\/wp-content\/uploads\/sites\/63\/2025\/04\/IMG_6307-150x150.jpg 150w, https:\/\/etab.ac-reunion.fr\/clg-guy-moquet\/wp-content\/uploads\/sites\/63\/2025\/04\/IMG_6307-300x300.jpg 300w, https:\/\/etab.ac-reunion.fr\/clg-guy-moquet\/wp-content\/uploads\/sites\/63\/2025\/04\/IMG_6307-1024x1024.jpg 1024w, https:\/\/etab.ac-reunion.fr\/clg-guy-moquet\/wp-content\/uploads\/sites\/63\/2025\/04\/IMG_6307-768x768.jpg 768w, https:\/\/etab.ac-reunion.fr\/clg-guy-moquet\/wp-content\/uploads\/sites\/63\/2025\/04\/IMG_6307-1536x1536.jpg 1536w, https:\/\/etab.ac-reunion.fr\/clg-guy-moquet\/wp-content\/uploads\/sites\/63\/2025\/04\/IMG_6307-2048x2048.jpg 2048w, https:\/\/etab.ac-reunion.fr\/clg-guy-moquet\/wp-content\/uploads\/sites\/63\/2025\/04\/IMG_6307-580x580.jpg 580w\" sizes=\"auto, (max-width: 150px) 100vw, 150px\" \/><\/a><\/div><a class=\"wp-block-latest-posts__post-title\" href=\"https:\/\/etab.ac-reunion.fr\/clg-guy-moquet\/2025\/04\/26\/a-lheure-du-bricolage\/\">A l&rsquo;heure du bricolage !<\/a><div class=\"wp-block-latest-posts__post-author\">par Elma Marie-Evelyne<\/div><time datetime=\"2025-04-26T21:50:45+04:00\" class=\"wp-block-latest-posts__post-date\">26 avril 2025<\/time><div class=\"wp-block-latest-posts__post-excerpt\">Le vendredi 25 avril 2025, nous avons accueilli l&rsquo;association ADICA (Association d&rsquo;animation globale visant \u00e0 la dynamisation de la vie du quartier de Cambuston) au coll\u00e8ge. Ils avaient pour mission d&rsquo;accompagner les \u00e9l\u00e8ves dans la confection de jardini\u00e8res et bancs, en bois de palette. Ces confections seront utilis\u00e9es dans le cadre d&rsquo;un projet jardin potager,&#8230;<p> <a class=\"continue-reading-link\" href=\"https:\/\/etab.ac-reunion.fr\/clg-guy-moquet\/2025\/04\/26\/a-lheure-du-bricolage\/\"><span>Lire la suite<\/span><i class=\"crycon-right-dir\"><\/i><\/a> <\/p><\/div><\/li>\n<li><div class=\"wp-block-latest-posts__featured-image aligncenter\"><a href=\"https:\/\/etab.ac-reunion.fr\/clg-guy-moquet\/2025\/04\/20\/les-ulis-mettent-la-main-a-la-pate\/\" title=\"Les Ulis mettent la main \u00e0 la p\u00e2te !\"><img loading=\"lazy\" decoding=\"async\" width=\"150\" height=\"150\" src=\"https:\/\/etab.ac-reunion.fr\/clg-guy-moquet\/wp-content\/uploads\/sites\/63\/2025\/04\/Bredanler1-150x150.jpg\" class=\"attachment-thumbnail size-thumbnail wp-post-image\" alt=\"\" style=\"\" \/><\/a><\/div><a class=\"wp-block-latest-posts__post-title\" href=\"https:\/\/etab.ac-reunion.fr\/clg-guy-moquet\/2025\/04\/20\/les-ulis-mettent-la-main-a-la-pate\/\">Les Ulis mettent la main \u00e0 la p\u00e2te !<\/a><div class=\"wp-block-latest-posts__post-author\">par Elma Marie-Evelyne<\/div><time datetime=\"2025-04-20T18:33:23+04:00\" class=\"wp-block-latest-posts__post-date\">20 avril 2025<\/time><div class=\"wp-block-latest-posts__post-excerpt\">Les 10 et 11 avril dernier, les \u00e9l\u00e8ves du dispositif ULIS ont particip\u00e9 \u00e0 une activit\u00e9 culinaire dans le cadre du projet BREDANLER. Les \u00e9l\u00e8ve se sont rendus \u00e0 la cuisine centrale de Bras-Panon. D\u00e8s leur arriv\u00e9e, ils ont \u00e9t\u00e9 accueilli chaleureusement par les animateurs avec un petit d\u00e9jeuner : macatia avec du beurre. Puis&#8230;<p> <a class=\"continue-reading-link\" href=\"https:\/\/etab.ac-reunion.fr\/clg-guy-moquet\/2025\/04\/20\/les-ulis-mettent-la-main-a-la-pate\/\"><span>Lire la suite<\/span><i class=\"crycon-right-dir\"><\/i><\/a> <\/p><\/div><\/li>\n<li><div class=\"wp-block-latest-posts__featured-image aligncenter\"><a href=\"https:\/\/etab.ac-reunion.fr\/clg-guy-moquet\/2024\/07\/02\/le-passage-de-la-flamme-olympique\/\" title=\"Le passage de la flamme olympique\"><img loading=\"lazy\" decoding=\"async\" width=\"150\" height=\"150\" src=\"https:\/\/etab.ac-reunion.fr\/clg-guy-moquet\/wp-content\/uploads\/sites\/63\/2024\/04\/cropped-Faites-vos-jeux-logo-1-150x150.png\" class=\"attachment-thumbnail size-thumbnail wp-post-image\" alt=\"\" style=\"\" srcset=\"https:\/\/etab.ac-reunion.fr\/clg-guy-moquet\/wp-content\/uploads\/sites\/63\/2024\/04\/cropped-Faites-vos-jeux-logo-1-150x150.png 150w, https:\/\/etab.ac-reunion.fr\/clg-guy-moquet\/wp-content\/uploads\/sites\/63\/2024\/04\/cropped-Faites-vos-jeux-logo-1-300x300.png 300w, https:\/\/etab.ac-reunion.fr\/clg-guy-moquet\/wp-content\/uploads\/sites\/63\/2024\/04\/cropped-Faites-vos-jeux-logo-1-185x185.png 185w, https:\/\/etab.ac-reunion.fr\/clg-guy-moquet\/wp-content\/uploads\/sites\/63\/2024\/04\/cropped-Faites-vos-jeux-logo-1-90x90.png 90w, https:\/\/etab.ac-reunion.fr\/clg-guy-moquet\/wp-content\/uploads\/sites\/63\/2024\/04\/cropped-Faites-vos-jeux-logo-1-25x25.png 25w, https:\/\/etab.ac-reunion.fr\/clg-guy-moquet\/wp-content\/uploads\/sites\/63\/2024\/04\/cropped-Faites-vos-jeux-logo-1-184x184.png 184w, https:\/\/etab.ac-reunion.fr\/clg-guy-moquet\/wp-content\/uploads\/sites\/63\/2024\/04\/cropped-Faites-vos-jeux-logo-1-270x270.png 270w, https:\/\/etab.ac-reunion.fr\/clg-guy-moquet\/wp-content\/uploads\/sites\/63\/2024\/04\/cropped-Faites-vos-jeux-logo-1-192x192.png 192w, https:\/\/etab.ac-reunion.fr\/clg-guy-moquet\/wp-content\/uploads\/sites\/63\/2024\/04\/cropped-Faites-vos-jeux-logo-1-180x180.png 180w, https:\/\/etab.ac-reunion.fr\/clg-guy-moquet\/wp-content\/uploads\/sites\/63\/2024\/04\/cropped-Faites-vos-jeux-logo-1-32x32.png 32w, https:\/\/etab.ac-reunion.fr\/clg-guy-moquet\/wp-content\/uploads\/sites\/63\/2024\/04\/cropped-Faites-vos-jeux-logo-1.png 512w\" sizes=\"auto, (max-width: 150px) 100vw, 150px\" \/><\/a><\/div><a class=\"wp-block-latest-posts__post-title\" href=\"https:\/\/etab.ac-reunion.fr\/clg-guy-moquet\/2024\/07\/02\/le-passage-de-la-flamme-olympique\/\">Le passage de la flamme olympique<\/a><div class=\"wp-block-latest-posts__post-author\">par Madavjee<\/div><time datetime=\"2024-07-02T08:01:53+04:00\" class=\"wp-block-latest-posts__post-date\">2 juillet 2024<\/time><div class=\"wp-block-latest-posts__post-excerpt\">Les \u00e9l\u00e8ves ayant particip\u00e9 au projet Podcast \u00ab\u00a0Faites vos jeux\u00a0\u00bb ont pu assister au passage de la flamme olympique au stade Allane de St Benoit le Mercredi 12 juin 2024. Une bonne mani\u00e8re de mettre un point final \u00e0 ce projet qui les a tous r\u00e9unis autour du th\u00e8me des jeux olympiques le temps d&rsquo;une&#8230;<p> <a class=\"continue-reading-link\" href=\"https:\/\/etab.ac-reunion.fr\/clg-guy-moquet\/2024\/07\/02\/le-passage-de-la-flamme-olympique\/\"><span>Lire la suite<\/span><i class=\"crycon-right-dir\"><\/i><\/a> <\/p><\/div><\/li>\n<li><div class=\"wp-block-latest-posts__featured-image aligncenter\"><a href=\"https:\/\/etab.ac-reunion.fr\/clg-guy-moquet\/2024\/05\/21\/emissions-webradio-jeux-olympiques-a-paris-2024-a-ecouter-sur-peertube\/\" title=\"Emissions webradio &quot;Jeux Olympiques \u00e0 Paris 2024&quot; \u00e0 \u00e9couter sur Peertube\"><img loading=\"lazy\" decoding=\"async\" width=\"150\" height=\"150\" src=\"https:\/\/etab.ac-reunion.fr\/clg-guy-moquet\/wp-content\/uploads\/sites\/63\/2024\/04\/Faites-vos-jeux-logo-1-150x150.png\" class=\"attachment-thumbnail size-thumbnail wp-post-image\" alt=\"\" style=\"\" srcset=\"https:\/\/etab.ac-reunion.fr\/clg-guy-moquet\/wp-content\/uploads\/sites\/63\/2024\/04\/Faites-vos-jeux-logo-1-150x150.png 150w, https:\/\/etab.ac-reunion.fr\/clg-guy-moquet\/wp-content\/uploads\/sites\/63\/2024\/04\/Faites-vos-jeux-logo-1-300x300.png 300w, https:\/\/etab.ac-reunion.fr\/clg-guy-moquet\/wp-content\/uploads\/sites\/63\/2024\/04\/Faites-vos-jeux-logo-1-768x768.png 768w, https:\/\/etab.ac-reunion.fr\/clg-guy-moquet\/wp-content\/uploads\/sites\/63\/2024\/04\/Faites-vos-jeux-logo-1-185x185.png 185w, https:\/\/etab.ac-reunion.fr\/clg-guy-moquet\/wp-content\/uploads\/sites\/63\/2024\/04\/Faites-vos-jeux-logo-1-90x90.png 90w, https:\/\/etab.ac-reunion.fr\/clg-guy-moquet\/wp-content\/uploads\/sites\/63\/2024\/04\/Faites-vos-jeux-logo-1-25x25.png 25w, https:\/\/etab.ac-reunion.fr\/clg-guy-moquet\/wp-content\/uploads\/sites\/63\/2024\/04\/Faites-vos-jeux-logo-1-184x184.png 184w, https:\/\/etab.ac-reunion.fr\/clg-guy-moquet\/wp-content\/uploads\/sites\/63\/2024\/04\/Faites-vos-jeux-logo-1.png 800w\" sizes=\"auto, (max-width: 150px) 100vw, 150px\" \/><\/a><\/div><a class=\"wp-block-latest-posts__post-title\" href=\"https:\/\/etab.ac-reunion.fr\/clg-guy-moquet\/2024\/05\/21\/emissions-webradio-jeux-olympiques-a-paris-2024-a-ecouter-sur-peertube\/\">Emissions webradio \u00ab\u00a0Jeux Olympiques \u00e0 Paris 2024\u00a0\u00bb \u00e0 \u00e9couter sur Peertube<\/a><div class=\"wp-block-latest-posts__post-author\">par Madavjee<\/div><time datetime=\"2024-05-21T10:58:32+04:00\" class=\"wp-block-latest-posts__post-date\">21 mai 2024<\/time><div class=\"wp-block-latest-posts__post-excerpt\">Pour \u00e9couter les \u00e9missions 1, 2,3 et 4 sp\u00e9cial \u00ab\u00a0Jeux Olympiques \u00e0 Paris 2024\u00a0\u00bb cliquez ICI. Et, voici toutes les sources utilis\u00e9es pour les sons et bruitages<p> <a class=\"continue-reading-link\" href=\"https:\/\/etab.ac-reunion.fr\/clg-guy-moquet\/2024\/05\/21\/emissions-webradio-jeux-olympiques-a-paris-2024-a-ecouter-sur-peertube\/\"><span>Lire la suite<\/span><i class=\"crycon-right-dir\"><\/i><\/a> <\/p><\/div><\/li>\n<\/ul>","protected":false},"excerpt":{"rendered":"<p> <a class=\"continue-reading-link\" href=\"https:\/\/etab.ac-reunion.fr\/clg-guy-moquet\/articles-ulis\/\"><span>Lire la suite<\/span><i class=\"crycon-right-dir\"><\/i><\/a> <\/p>\n","protected":false},"author":37583,"featured_media":0,"parent":0,"menu_order":0,"comment_status":"closed","ping_status":"closed","template":"","meta":{"footnotes":""},"class_list":["post-5877","page","type-page","status-publish","hentry"],"_links":{"self":[{"href":"https:\/\/etab.ac-reunion.fr\/clg-guy-moquet\/wp-json\/wp\/v2\/pages\/5877","targetHints":{"allow":["GET"]}}],"collection":[{"href":"https:\/\/etab.ac-reunion.fr\/clg-guy-moquet\/wp-json\/wp\/v2\/pages"}],"about":[{"href":"https:\/\/etab.ac-reunion.fr\/clg-guy-moquet\/wp-json\/wp\/v2\/types\/page"}],"author":[{"embeddable":true,"href":"https:\/\/etab.ac-reunion.fr\/clg-guy-moquet\/wp-json\/wp\/v2\/users\/37583"}],"replies":[{"embeddable":true,"href":"https:\/\/etab.ac-reunion.fr\/clg-guy-moquet\/wp-json\/wp\/v2\/comments?post=5877"}],"version-history":[{"count":5,"href":"https:\/\/etab.ac-reunion.fr\/clg-guy-moquet\/wp-json\/wp\/v2\/pages\/5877\/revisions"}],"predecessor-version":[{"id":6500,"href":"https:\/\/etab.ac-reunion.fr\/clg-guy-moquet\/wp-json\/wp\/v2\/pages\/5877\/revisions\/6500"}],"wp:attachment":[{"href":"https:\/\/etab.ac-reunion.fr\/clg-guy-moquet\/wp-json\/wp\/v2\/media?parent=5877"}],"curies":[{"name":"wp","href":"https:\/\/api.w.org\/{rel}","templated":true}]}}