{"id":5889,"date":"2025-04-23T09:20:14","date_gmt":"2025-04-23T05:20:14","guid":{"rendered":"https:\/\/etab.ac-reunion.fr\/clg-guy-moquet\/?page_id=5889"},"modified":"2025-04-23T09:20:14","modified_gmt":"2025-04-23T05:20:14","slug":"les-ulis","status":"publish","type":"page","link":"https:\/\/etab.ac-reunion.fr\/clg-guy-moquet\/les-ulis\/","title":{"rendered":"Les ULIS"},"content":{"rendered":"<ul class=\"wp-block-latest-posts__list is-grid columns-2 has-dates has-author wp-block-latest-posts\"><li><div class=\"wp-block-latest-posts__featured-image aligncenter\"><a href=\"https:\/\/etab.ac-reunion.fr\/clg-guy-moquet\/2026\/04\/10\/ulis-en-action\/\" title=\"ULIS en action\"><img loading=\"lazy\" decoding=\"async\" width=\"150\" height=\"150\" src=\"https:\/\/etab.ac-reunion.fr\/clg-guy-moquet\/wp-content\/uploads\/sites\/63\/2026\/04\/Ulis-action3-150x150.jpg\" class=\"attachment-thumbnail size-thumbnail wp-post-image\" alt=\"\" style=\"\" \/><\/a><\/div><a class=\"wp-block-latest-posts__post-title\" href=\"https:\/\/etab.ac-reunion.fr\/clg-guy-moquet\/2026\/04\/10\/ulis-en-action\/\">ULIS en action<\/a><div class=\"wp-block-latest-posts__post-author\">par Elma Marie-Evelyne<\/div><time datetime=\"2026-04-10T05:43:56+04:00\" class=\"wp-block-latest-posts__post-date\">10 avril 2026<\/time><div class=\"wp-block-latest-posts__post-excerpt\">Le vendredi 20 mars, les \u00e9l\u00e8ves ULIS ont renouvel\u00e9 leur exp\u00e9rience avec l&rsquo;association ADICA. Elle est venue construire des bancs avec les \u00e9l\u00e8ves. Au total, 10 ont \u00e9t\u00e9 construits afin d&#8217;embellir le coll\u00e8ge. Ils ont \u00e9t\u00e9 pos\u00e9, au plus grand bonheur de l&rsquo;ensemble des coll\u00e9giens.<p> <a class=\"continue-reading-link\" href=\"https:\/\/etab.ac-reunion.fr\/clg-guy-moquet\/2026\/04\/10\/ulis-en-action\/\"><span>Lire la suite<\/span><i class=\"crycon-right-dir\"><\/i><\/a> <\/p><\/div><\/li>\n<li><div class=\"wp-block-latest-posts__featured-image aligncenter\"><a href=\"https:\/\/etab.ac-reunion.fr\/clg-guy-moquet\/2026\/02\/24\/les-ulis-au-lagon\/\" title=\"Les ULIS au lagon\"><img loading=\"lazy\" decoding=\"async\" width=\"150\" height=\"150\" src=\"https:\/\/etab.ac-reunion.fr\/clg-guy-moquet\/wp-content\/uploads\/sites\/63\/2026\/02\/50de566e-5583-4cb5-b31c-1b663a659ebb-150x150.jpeg\" class=\"attachment-thumbnail size-thumbnail wp-post-image\" alt=\"\" style=\"\" \/><\/a><\/div><a class=\"wp-block-latest-posts__post-title\" href=\"https:\/\/etab.ac-reunion.fr\/clg-guy-moquet\/2026\/02\/24\/les-ulis-au-lagon\/\">Les ULIS au lagon<\/a><div class=\"wp-block-latest-posts__post-author\">par Elma Marie-Evelyne<\/div><time datetime=\"2026-02-24T10:33:50+04:00\" class=\"wp-block-latest-posts__post-date\">24 f\u00e9vrier 2026<\/time><div class=\"wp-block-latest-posts__post-excerpt\">Le jeudi 5 f\u00e9vrier dernier, les \u00e9l\u00e8ves du dispositif ULIS du coll\u00e8ge ont profit\u00e9 d\u2019une belle sortie \u00e0 la plage de l&rsquo;Hermitage. Ils ont v\u00e9cu une journ\u00e9e riche en d\u00e9couvertes, en rires et en partage. C&rsquo;\u00e9tait une journ\u00e9e sous le signe du soleil et de la bonne humeur. Deux activit\u00e9s \u00e9taient propos\u00e9es aux \u00e9l\u00e8ves :&#8230;<p> <a class=\"continue-reading-link\" href=\"https:\/\/etab.ac-reunion.fr\/clg-guy-moquet\/2026\/02\/24\/les-ulis-au-lagon\/\"><span>Lire la suite<\/span><i class=\"crycon-right-dir\"><\/i><\/a> <\/p><\/div><\/li>\n<li><div class=\"wp-block-latest-posts__featured-image aligncenter\"><a href=\"https:\/\/etab.ac-reunion.fr\/clg-guy-moquet\/2025\/11\/20\/ulis-et-kayak\/\" title=\"ULIS ET KAYAK\"><img loading=\"lazy\" decoding=\"async\" width=\"150\" height=\"150\" src=\"https:\/\/etab.ac-reunion.fr\/clg-guy-moquet\/wp-content\/uploads\/sites\/63\/2025\/11\/IMG_8456-150x150.jpeg\" class=\"attachment-thumbnail size-thumbnail wp-post-image\" alt=\"\" style=\"\" srcset=\"https:\/\/etab.ac-reunion.fr\/clg-guy-moquet\/wp-content\/uploads\/sites\/63\/2025\/11\/IMG_8456-150x150.jpeg 150w, https:\/\/etab.ac-reunion.fr\/clg-guy-moquet\/wp-content\/uploads\/sites\/63\/2025\/11\/IMG_8456-300x300.jpeg 300w, https:\/\/etab.ac-reunion.fr\/clg-guy-moquet\/wp-content\/uploads\/sites\/63\/2025\/11\/IMG_8456-1024x1024.jpeg 1024w, https:\/\/etab.ac-reunion.fr\/clg-guy-moquet\/wp-content\/uploads\/sites\/63\/2025\/11\/IMG_8456-768x768.jpeg 768w, https:\/\/etab.ac-reunion.fr\/clg-guy-moquet\/wp-content\/uploads\/sites\/63\/2025\/11\/IMG_8456-1536x1536.jpeg 1536w, https:\/\/etab.ac-reunion.fr\/clg-guy-moquet\/wp-content\/uploads\/sites\/63\/2025\/11\/IMG_8456-2048x2048.jpeg 2048w, https:\/\/etab.ac-reunion.fr\/clg-guy-moquet\/wp-content\/uploads\/sites\/63\/2025\/11\/IMG_8456-580x580.jpeg 580w\" sizes=\"auto, (max-width: 150px) 100vw, 150px\" \/><\/a><\/div><a class=\"wp-block-latest-posts__post-title\" href=\"https:\/\/etab.ac-reunion.fr\/clg-guy-moquet\/2025\/11\/20\/ulis-et-kayak\/\">ULIS ET KAYAK<\/a><div class=\"wp-block-latest-posts__post-author\">par Elma Marie-Evelyne<\/div><time datetime=\"2025-11-20T16:44:52+04:00\" class=\"wp-block-latest-posts__post-date\">20 novembre 2025<\/time><div class=\"wp-block-latest-posts__post-excerpt\">Pour notre sortie de coh\u00e9sion, nous nous sommes rendus aux berges de la rivi\u00e8re des roches pour pratiquer le kayak afin de consolider le vivre ensemble et le d\u00e9passement de soi. Pari r\u00e9ussi, TOUS les \u00e9l\u00e8ves ont fait le pas. Quelle belle victoire !<p> <a class=\"continue-reading-link\" href=\"https:\/\/etab.ac-reunion.fr\/clg-guy-moquet\/2025\/11\/20\/ulis-et-kayak\/\"><span>Lire la suite<\/span><i class=\"crycon-right-dir\"><\/i><\/a> <\/p><\/div><\/li>\n<li><a class=\"wp-block-latest-posts__post-title\" href=\"https:\/\/etab.ac-reunion.fr\/clg-guy-moquet\/2025\/11\/20\/atelier-de-semi\/\">Atelier de semi<\/a><div class=\"wp-block-latest-posts__post-author\">par Elma Marie-Evelyne<\/div><time datetime=\"2025-11-20T16:41:49+04:00\" class=\"wp-block-latest-posts__post-date\">20 novembre 2025<\/time><div class=\"wp-block-latest-posts__post-excerpt\">Un atelier s\u2019est tenu avec Mr NATIVEL. Au programme&nbsp;: Des bouturages&nbsp;: &#8211; la menthe &#8211; la citronnelle &#8211; la g\u00e9ranium &#8211; du basilic &#8211; du romarin Des semis&nbsp;: &#8211; des br\u00e8des &#8211; la salade &#8211; la roquette &#8211; des haricots &#8211; ma\u00efs &#8211; vou\u00e8me Ils seront ensuite transplant\u00e9s dans les jardini\u00e8res. Ensuite l\u2019apr\u00e8s-midi, on a&#8230;<p> <a class=\"continue-reading-link\" href=\"https:\/\/etab.ac-reunion.fr\/clg-guy-moquet\/2025\/11\/20\/atelier-de-semi\/\"><span>Lire la suite<\/span><i class=\"crycon-right-dir\"><\/i><\/a> <\/p><\/div><\/li>\n<li><div class=\"wp-block-latest-posts__featured-image aligncenter\"><a href=\"https:\/\/etab.ac-reunion.fr\/clg-guy-moquet\/2025\/10\/24\/ziguile\/\" title=\"Ziguil\u00e9\"><img loading=\"lazy\" decoding=\"async\" width=\"150\" height=\"150\" src=\"https:\/\/etab.ac-reunion.fr\/clg-guy-moquet\/wp-content\/uploads\/sites\/63\/2025\/10\/ZIGUILE-RESIDENCE--150x150.jpg\" class=\"attachment-thumbnail size-thumbnail wp-post-image\" alt=\"\" style=\"\" \/><\/a><\/div><a class=\"wp-block-latest-posts__post-title\" href=\"https:\/\/etab.ac-reunion.fr\/clg-guy-moquet\/2025\/10\/24\/ziguile\/\">Ziguil\u00e9<\/a><div class=\"wp-block-latest-posts__post-author\">par vboolaky1866<\/div><time datetime=\"2025-10-24T12:37:58+04:00\" class=\"wp-block-latest-posts__post-date\">24 octobre 2025<\/time><div class=\"wp-block-latest-posts__post-excerpt\"><p> <a class=\"continue-reading-link\" href=\"https:\/\/etab.ac-reunion.fr\/clg-guy-moquet\/2025\/10\/24\/ziguile\/\"><span>Lire la suite<\/span><i class=\"crycon-right-dir\"><\/i><\/a> <\/p><\/div><\/li>\n<\/ul>\n\n\n<div class=\"wp-block-buttons is-content-justification-left is-layout-flex wp-container-core-buttons-is-layout-fdcfc74e wp-block-buttons-is-layout-flex\">\n<div class=\"wp-block-button\"><a class=\"wp-block-button__link wp-element-button\" href=\"https:\/\/etab.ac-reunion.fr\/clg-guy-moquet\/articles-ulis\/\">Autres articles &#8230;<\/a><\/div>\n<\/div>\n","protected":false},"excerpt":{"rendered":"<p> <a class=\"continue-reading-link\" href=\"https:\/\/etab.ac-reunion.fr\/clg-guy-moquet\/les-ulis\/\"><span>Lire la suite<\/span><i class=\"crycon-right-dir\"><\/i><\/a> <\/p>\n","protected":false},"author":37583,"featured_media":0,"parent":0,"menu_order":0,"comment_status":"closed","ping_status":"closed","template":"","meta":{"footnotes":""},"class_list":["post-5889","page","type-page","status-publish","hentry"],"_links":{"self":[{"href":"https:\/\/etab.ac-reunion.fr\/clg-guy-moquet\/wp-json\/wp\/v2\/pages\/5889","targetHints":{"allow":["GET"]}}],"collection":[{"href":"https:\/\/etab.ac-reunion.fr\/clg-guy-moquet\/wp-json\/wp\/v2\/pages"}],"about":[{"href":"https:\/\/etab.ac-reunion.fr\/clg-guy-moquet\/wp-json\/wp\/v2\/types\/page"}],"author":[{"embeddable":true,"href":"https:\/\/etab.ac-reunion.fr\/clg-guy-moquet\/wp-json\/wp\/v2\/users\/37583"}],"replies":[{"embeddable":true,"href":"https:\/\/etab.ac-reunion.fr\/clg-guy-moquet\/wp-json\/wp\/v2\/comments?post=5889"}],"version-history":[{"count":1,"href":"https:\/\/etab.ac-reunion.fr\/clg-guy-moquet\/wp-json\/wp\/v2\/pages\/5889\/revisions"}],"predecessor-version":[{"id":5892,"href":"https:\/\/etab.ac-reunion.fr\/clg-guy-moquet\/wp-json\/wp\/v2\/pages\/5889\/revisions\/5892"}],"wp:attachment":[{"href":"https:\/\/etab.ac-reunion.fr\/clg-guy-moquet\/wp-json\/wp\/v2\/media?parent=5889"}],"curies":[{"name":"wp","href":"https:\/\/api.w.org\/{rel}","templated":true}]}}