{"id":61,"date":"2012-08-24T11:42:24","date_gmt":"2012-08-24T07:42:24","guid":{"rendered":"https:\/\/portail.college-guymoquet.re\/wordpress\/?page_id=61"},"modified":"2025-06-25T22:03:11","modified_gmt":"2025-06-25T18:03:11","slug":"conseiller-deducation","status":"publish","type":"page","link":"https:\/\/etab.ac-reunion.fr\/clg-guy-moquet\/le-personnel__trashed\/conseiller-deducation\/","title":{"rendered":"La Vie Scolaire"},"content":{"rendered":"<ul class=\"wp-block-latest-posts__list is-grid columns-3 has-dates has-author wp-block-latest-posts\"><li><a class=\"wp-block-latest-posts__post-title\" href=\"https:\/\/etab.ac-reunion.fr\/clg-guy-moquet\/2025\/11\/30\/lutte-contres-les-violences-faites-aux-femmes\/\">Lutte contres les violences faites aux femmes!<\/a><div class=\"wp-block-latest-posts__post-author\">par Arginthe Jean-Bruno<\/div><time datetime=\"2025-11-30T19:43:12+04:00\" class=\"wp-block-latest-posts__post-date\">30 novembre 2025<\/time><div class=\"wp-block-latest-posts__post-excerpt\">Pour la Journ\u00e9e internationale de lutte contre les violences faites aux femmes, le coll\u00e8ge a propos\u00e9 aux \u00e9l\u00e8ves de 3\u1d49 d\u2019assister \u00e0 la pi\u00e8ce \u00ab\u00a0D\u00e8s l\u2019aube je m\u2019enfuirai\u00a0\u00bb de la compagnie Les chemins de faire, un spectacle fort et engag\u00e9 port\u00e9 par la Mission Locale, abordant avec sensibilit\u00e9 et r\u00e9alisme les violences conjugales. Cette action&#8230;<p> <a class=\"continue-reading-link\" href=\"https:\/\/etab.ac-reunion.fr\/clg-guy-moquet\/2025\/11\/30\/lutte-contres-les-violences-faites-aux-femmes\/\"><span>Lire la suite<\/span><i class=\"crycon-right-dir\"><\/i><\/a> <\/p><\/div><\/li>\n<li><div class=\"wp-block-latest-posts__featured-image\"><a href=\"https:\/\/etab.ac-reunion.fr\/clg-guy-moquet\/2025\/11\/30\/formation-des-delegues-25-26\/\" aria-label=\"Formation des d\u00e9l\u00e9gu\u00e9s 25-26\"><a href=\"https:\/\/etab.ac-reunion.fr\/clg-guy-moquet\/2025\/11\/30\/formation-des-delegues-25-26\/\" title=\"Formation des d\u00e9l\u00e9gu\u00e9s 25-26\"><img loading=\"lazy\" decoding=\"async\" width=\"150\" height=\"150\" src=\"https:\/\/etab.ac-reunion.fr\/clg-guy-moquet\/wp-content\/uploads\/sites\/63\/2025\/11\/Delegue2-150x150.jpg\" class=\"attachment-thumbnail size-thumbnail wp-post-image\" alt=\"\" style=\"\" \/><\/a><\/a><\/div><a class=\"wp-block-latest-posts__post-title\" href=\"https:\/\/etab.ac-reunion.fr\/clg-guy-moquet\/2025\/11\/30\/formation-des-delegues-25-26\/\">Formation des d\u00e9l\u00e9gu\u00e9s 25-26<\/a><div class=\"wp-block-latest-posts__post-author\">par Arginthe Jean-Bruno<\/div><time datetime=\"2025-11-30T19:39:18+04:00\" class=\"wp-block-latest-posts__post-date\">30 novembre 2025<\/time><div class=\"wp-block-latest-posts__post-excerpt\">Le 18 novembre, les d\u00e9l\u00e9gu\u00e9s de classe du coll\u00e8ge ont particip\u00e9 \u00e0 une journ\u00e9e de formation exceptionnelle au Domaine Palissade, situ\u00e9 \u00e0 Saint-Andr\u00e9. Cette sortie avait pour objectif de renforcer les comp\u00e9tences citoyennes des \u00e9l\u00e8ves tout en leur offrant un cadre naturel et apaisant, au plus pr\u00e8s des animaux. Tout au long de la journ\u00e9e,&#8230;<p> <a class=\"continue-reading-link\" href=\"https:\/\/etab.ac-reunion.fr\/clg-guy-moquet\/2025\/11\/30\/formation-des-delegues-25-26\/\"><span>Lire la suite<\/span><i class=\"crycon-right-dir\"><\/i><\/a> <\/p><\/div><\/li>\n<li><div class=\"wp-block-latest-posts__featured-image\"><a href=\"https:\/\/etab.ac-reunion.fr\/clg-guy-moquet\/2025\/10\/24\/residence-dartistes-en-territoire-scolaire-octobre-2025\/\" aria-label=\"R\u00e9sidence d&rsquo;artistes en territoire scolaire             octobre 2025\"><a href=\"https:\/\/etab.ac-reunion.fr\/clg-guy-moquet\/2025\/10\/24\/residence-dartistes-en-territoire-scolaire-octobre-2025\/\" title=\"R\u00e9sidence d&#039;artistes en territoire scolaire             octobre 2025\"><img loading=\"lazy\" decoding=\"async\" width=\"150\" height=\"150\" src=\"https:\/\/etab.ac-reunion.fr\/clg-guy-moquet\/wp-content\/uploads\/sites\/63\/2025\/10\/ZIGUILE1-150x150.jpg\" class=\"attachment-thumbnail size-thumbnail wp-post-image\" alt=\"\" style=\"\" srcset=\"https:\/\/etab.ac-reunion.fr\/clg-guy-moquet\/wp-content\/uploads\/sites\/63\/2025\/10\/ZIGUILE1-150x150.jpg 150w, https:\/\/etab.ac-reunion.fr\/clg-guy-moquet\/wp-content\/uploads\/sites\/63\/2025\/10\/ZIGUILE1-300x300.jpg 300w, https:\/\/etab.ac-reunion.fr\/clg-guy-moquet\/wp-content\/uploads\/sites\/63\/2025\/10\/ZIGUILE1.jpg 500w\" sizes=\"auto, (max-width: 150px) 100vw, 150px\" \/><\/a><\/a><\/div><a class=\"wp-block-latest-posts__post-title\" href=\"https:\/\/etab.ac-reunion.fr\/clg-guy-moquet\/2025\/10\/24\/residence-dartistes-en-territoire-scolaire-octobre-2025\/\">R\u00e9sidence d&rsquo;artistes en territoire scolaire             octobre 2025<\/a><div class=\"wp-block-latest-posts__post-author\">par vboolaky1866<\/div><time datetime=\"2025-10-24T12:35:40+04:00\" class=\"wp-block-latest-posts__post-date\">24 octobre 2025<\/time><div class=\"wp-block-latest-posts__post-excerpt\"><p> <a class=\"continue-reading-link\" href=\"https:\/\/etab.ac-reunion.fr\/clg-guy-moquet\/2025\/10\/24\/residence-dartistes-en-territoire-scolaire-octobre-2025\/\"><span>Lire la suite<\/span><i class=\"crycon-right-dir\"><\/i><\/a> <\/p><\/div><\/li>\n<li><a class=\"wp-block-latest-posts__post-title\" href=\"https:\/\/etab.ac-reunion.fr\/clg-guy-moquet\/2025\/08\/31\/school-party-3\/\">School party 3<\/a><div class=\"wp-block-latest-posts__post-author\">par Levrel Mireille<\/div><time datetime=\"2025-08-31T18:55:45+04:00\" class=\"wp-block-latest-posts__post-date\">31 ao\u00fbt 2025<\/time><div class=\"wp-block-latest-posts__post-excerpt\">Mardi 2 septembre : r\u00e9union d&rsquo;information \u00e0 destination des 3e pour la mise en place du nouveau comit\u00e9 School Party 3. Objectif : mener des actions pour financer et organiser le bal des 3e. L&rsquo;an pass\u00e9 (2024-2025), une trentaine d&rsquo;\u00e9l\u00e8ves se sont mobilis\u00e9s et gr\u00e2ce \u00e0 leur engagement les 3e ont pu f\u00eater comme il&#8230;<p> <a class=\"continue-reading-link\" href=\"https:\/\/etab.ac-reunion.fr\/clg-guy-moquet\/2025\/08\/31\/school-party-3\/\"><span>Lire la suite<\/span><i class=\"crycon-right-dir\"><\/i><\/a> <\/p><\/div><\/li>\n<li><div class=\"wp-block-latest-posts__featured-image\"><a href=\"https:\/\/etab.ac-reunion.fr\/clg-guy-moquet\/2025\/08\/25\/reunion-de-rentree-6eme\/\" aria-label=\"R\u00e9union de rentr\u00e9e 6\u00e8me.\"><a href=\"https:\/\/etab.ac-reunion.fr\/clg-guy-moquet\/2025\/08\/25\/reunion-de-rentree-6eme\/\" title=\"R\u00e9union de rentr\u00e9e 6\u00e8me.\"><img loading=\"lazy\" decoding=\"async\" width=\"150\" height=\"150\" src=\"https:\/\/etab.ac-reunion.fr\/clg-guy-moquet\/wp-content\/uploads\/sites\/63\/2025\/08\/Infos-Parents-au-Coeur-du-Paysage-150x150.png\" class=\"attachment-thumbnail size-thumbnail wp-post-image\" alt=\"\" style=\"\" \/><\/a><\/a><\/div><a class=\"wp-block-latest-posts__post-title\" href=\"https:\/\/etab.ac-reunion.fr\/clg-guy-moquet\/2025\/08\/25\/reunion-de-rentree-6eme\/\">R\u00e9union de rentr\u00e9e 6\u00e8me.<\/a><div class=\"wp-block-latest-posts__post-author\">par Arginthe Jean-Bruno<\/div><time datetime=\"2025-08-25T10:57:14+04:00\" class=\"wp-block-latest-posts__post-date\">25 ao\u00fbt 2025<\/time><div class=\"wp-block-latest-posts__post-excerpt\">Mesdames, Messieurs, Comme annonc\u00e9 le 19 ao\u00fbt 2025, jour de la rentr\u00e9e scolaire, les responsables l\u00e9gaux des \u00e9l\u00e8ves de 6e ainsi que les parents des \u00e9l\u00e8ves de CM2 des \u00e9coles du r\u00e9seau Guy M\u00d4QUET, sont cordialement invit\u00e9s \u00e0 une r\u00e9union d\u2019information.<p> <a class=\"continue-reading-link\" href=\"https:\/\/etab.ac-reunion.fr\/clg-guy-moquet\/2025\/08\/25\/reunion-de-rentree-6eme\/\"><span>Lire la suite<\/span><i class=\"crycon-right-dir\"><\/i><\/a> <\/p><\/div><\/li>\n<li><div class=\"wp-block-latest-posts__featured-image\"><a href=\"https:\/\/etab.ac-reunion.fr\/clg-guy-moquet\/2025\/08\/12\/rentree-scolaire-2025-2026\/\" aria-label=\"(pas de titre)\"><a href=\"https:\/\/etab.ac-reunion.fr\/clg-guy-moquet\/2025\/08\/12\/rentree-scolaire-2025-2026\/\" title=\"\"><img loading=\"lazy\" decoding=\"async\" width=\"150\" height=\"150\" src=\"https:\/\/etab.ac-reunion.fr\/clg-guy-moquet\/wp-content\/uploads\/sites\/63\/2025\/08\/RENTREE-2025-2026-150x150.jpg\" class=\"attachment-thumbnail size-thumbnail wp-post-image\" alt=\"\" style=\"\" \/><\/a><\/a><\/div><a class=\"wp-block-latest-posts__post-title\" href=\"https:\/\/etab.ac-reunion.fr\/clg-guy-moquet\/2025\/08\/12\/rentree-scolaire-2025-2026\/\">(pas de titre)<\/a><div class=\"wp-block-latest-posts__post-author\">par Arginthe Jean-Bruno<\/div><time datetime=\"2025-08-12T18:11:23+04:00\" class=\"wp-block-latest-posts__post-date\">12 ao\u00fbt 2025<\/time><div class=\"wp-block-latest-posts__post-excerpt\"><p> <a class=\"continue-reading-link\" href=\"https:\/\/etab.ac-reunion.fr\/clg-guy-moquet\/2025\/08\/12\/rentree-scolaire-2025-2026\/\"><span>Lire la suite<\/span><i class=\"crycon-right-dir\"><\/i><\/a> <\/p><\/div><\/li>\n<li><div class=\"wp-block-latest-posts__featured-image\"><a href=\"https:\/\/etab.ac-reunion.fr\/clg-guy-moquet\/2025\/06\/24\/le-dispositif-tutorat-au-college\/\" aria-label=\"Le dispositif TUTORAT au coll\u00e8ge\"><a href=\"https:\/\/etab.ac-reunion.fr\/clg-guy-moquet\/2025\/06\/24\/le-dispositif-tutorat-au-college\/\" title=\"Le dispositif TUTORAT au coll\u00e8ge\"><img loading=\"lazy\" decoding=\"async\" width=\"150\" height=\"150\" src=\"https:\/\/etab.ac-reunion.fr\/clg-guy-moquet\/wp-content\/uploads\/sites\/63\/2024\/12\/Affiche-modifiee-150x150.png\" class=\"attachment-thumbnail size-thumbnail wp-post-image\" alt=\"\" style=\"\" \/><\/a><\/a><\/div><a class=\"wp-block-latest-posts__post-title\" href=\"https:\/\/etab.ac-reunion.fr\/clg-guy-moquet\/2025\/06\/24\/le-dispositif-tutorat-au-college\/\">Le dispositif TUTORAT au coll\u00e8ge<\/a><div class=\"wp-block-latest-posts__post-author\">par Girardeau Laetitia<\/div><time datetime=\"2025-06-24T11:14:03+04:00\" class=\"wp-block-latest-posts__post-date\">24 juin 2025<\/time><div class=\"wp-block-latest-posts__post-excerpt\">Parle en avec ton professeur principal<p> <a class=\"continue-reading-link\" href=\"https:\/\/etab.ac-reunion.fr\/clg-guy-moquet\/2025\/06\/24\/le-dispositif-tutorat-au-college\/\"><span>Lire la suite<\/span><i class=\"crycon-right-dir\"><\/i><\/a> <\/p><\/div><\/li>\n<li><div class=\"wp-block-latest-posts__featured-image\"><a href=\"https:\/\/etab.ac-reunion.fr\/clg-guy-moquet\/2025\/06\/23\/rentree-2025-2026-liste-du-materiel-scolaire\/\" aria-label=\"Rentr\u00e9e 2025-2026 &#8211; Liste du mat\u00e9riel scolaire\"><a href=\"https:\/\/etab.ac-reunion.fr\/clg-guy-moquet\/2025\/06\/23\/rentree-2025-2026-liste-du-materiel-scolaire\/\" title=\"Rentr\u00e9e 2025-2026 - Liste du mat\u00e9riel scolaire\"><img loading=\"lazy\" decoding=\"async\" width=\"150\" height=\"150\" src=\"https:\/\/etab.ac-reunion.fr\/clg-guy-moquet\/wp-content\/uploads\/sites\/63\/2025\/06\/I4834_Fournitures-scolaires-150x150.jpeg\" class=\"attachment-thumbnail size-thumbnail wp-post-image\" alt=\"\" style=\"\" \/><\/a><\/a><\/div><a class=\"wp-block-latest-posts__post-title\" href=\"https:\/\/etab.ac-reunion.fr\/clg-guy-moquet\/2025\/06\/23\/rentree-2025-2026-liste-du-materiel-scolaire\/\">Rentr\u00e9e 2025-2026 &#8211; Liste du mat\u00e9riel scolaire<\/a><div class=\"wp-block-latest-posts__post-author\">par Sautron Mickael<\/div><time datetime=\"2025-06-23T13:41:56+04:00\" class=\"wp-block-latest-posts__post-date\">23 juin 2025<\/time><div class=\"wp-block-latest-posts__post-excerpt\"><p> <a class=\"continue-reading-link\" href=\"https:\/\/etab.ac-reunion.fr\/clg-guy-moquet\/2025\/06\/23\/rentree-2025-2026-liste-du-materiel-scolaire\/\"><span>Lire la suite<\/span><i class=\"crycon-right-dir\"><\/i><\/a> <\/p><\/div><\/li>\n<li><div class=\"wp-block-latest-posts__featured-image\"><a href=\"https:\/\/etab.ac-reunion.fr\/clg-guy-moquet\/2025\/04\/08\/le-petit-journal-du-reseau-guy-moquet\/\" aria-label=\"Le Petit Journal du R\u00e9seau Guy M\u00f4quet\"><a href=\"https:\/\/etab.ac-reunion.fr\/clg-guy-moquet\/2025\/04\/08\/le-petit-journal-du-reseau-guy-moquet\/\" title=\"Le Petit Journal du R\u00e9seau Guy M\u00f4quet\"><img loading=\"lazy\" decoding=\"async\" width=\"150\" height=\"150\" src=\"https:\/\/etab.ac-reunion.fr\/clg-guy-moquet\/wp-content\/uploads\/sites\/63\/2025\/04\/Sans-titre-150x150.png\" class=\"attachment-thumbnail size-thumbnail wp-post-image\" alt=\"\" style=\"\" \/><\/a><\/a><\/div><a class=\"wp-block-latest-posts__post-title\" href=\"https:\/\/etab.ac-reunion.fr\/clg-guy-moquet\/2025\/04\/08\/le-petit-journal-du-reseau-guy-moquet\/\">Le Petit Journal du R\u00e9seau Guy M\u00f4quet<\/a><div class=\"wp-block-latest-posts__post-author\">par Sautron Mickael<\/div><time datetime=\"2025-04-08T14:30:09+04:00\" class=\"wp-block-latest-posts__post-date\">8 avril 2025<\/time><div class=\"wp-block-latest-posts__post-excerpt\">Le Petit Journal de Guy M\u00f4quet revient pour cette ann\u00e9e scolaire avec de nombreux projets et exp\u00e9riences.Je vous laisse d\u00e9couvrir dans ce num\u00e9ro toutes les activit\u00e9s r\u00e9alis\u00e9es par nos \u00e9l\u00e8ves au cours du premier semestre. Nous remercions les \u00e9l\u00e8ves, les enseignants, les parents et les partenaires (la mairie, la cit\u00e9 \u00e9ducative, le Bisik, les Bambous,&#8230;<p> <a class=\"continue-reading-link\" href=\"https:\/\/etab.ac-reunion.fr\/clg-guy-moquet\/2025\/04\/08\/le-petit-journal-du-reseau-guy-moquet\/\"><span>Lire la suite<\/span><i class=\"crycon-right-dir\"><\/i><\/a> <\/p><\/div><\/li>\n<\/ul>","protected":false},"excerpt":{"rendered":"<p> <a class=\"continue-reading-link\" href=\"https:\/\/etab.ac-reunion.fr\/clg-guy-moquet\/le-personnel__trashed\/conseiller-deducation\/\"><span>Lire la suite<\/span><i class=\"crycon-right-dir\"><\/i><\/a> <\/p>\n","protected":false},"author":1037,"featured_media":0,"parent":13,"menu_order":1,"comment_status":"closed","ping_status":"closed","template":"","meta":{"footnotes":""},"class_list":["post-61","page","type-page","status-publish","hentry"],"_links":{"self":[{"href":"https:\/\/etab.ac-reunion.fr\/clg-guy-moquet\/wp-json\/wp\/v2\/pages\/61","targetHints":{"allow":["GET"]}}],"collection":[{"href":"https:\/\/etab.ac-reunion.fr\/clg-guy-moquet\/wp-json\/wp\/v2\/pages"}],"about":[{"href":"https:\/\/etab.ac-reunion.fr\/clg-guy-moquet\/wp-json\/wp\/v2\/types\/page"}],"author":[{"embeddable":true,"href":"https:\/\/etab.ac-reunion.fr\/clg-guy-moquet\/wp-json\/wp\/v2\/users\/1037"}],"replies":[{"embeddable":true,"href":"https:\/\/etab.ac-reunion.fr\/clg-guy-moquet\/wp-json\/wp\/v2\/comments?post=61"}],"version-history":[{"count":10,"href":"https:\/\/etab.ac-reunion.fr\/clg-guy-moquet\/wp-json\/wp\/v2\/pages\/61\/revisions"}],"predecessor-version":[{"id":6382,"href":"https:\/\/etab.ac-reunion.fr\/clg-guy-moquet\/wp-json\/wp\/v2\/pages\/61\/revisions\/6382"}],"up":[{"embeddable":true,"href":"https:\/\/etab.ac-reunion.fr\/clg-guy-moquet\/wp-json\/wp\/v2\/pages\/13"}],"wp:attachment":[{"href":"https:\/\/etab.ac-reunion.fr\/clg-guy-moquet\/wp-json\/wp\/v2\/media?parent=61"}],"curies":[{"name":"wp","href":"https:\/\/api.w.org\/{rel}","templated":true}]}}