{"id":84,"date":"2012-08-24T11:53:02","date_gmt":"2012-08-24T07:53:02","guid":{"rendered":"https:\/\/portail.college-guymoquet.re\/wordpress\/?page_id=84"},"modified":"2025-04-24T11:22:11","modified_gmt":"2025-04-24T07:22:11","slug":"au-cdi","status":"publish","type":"page","link":"https:\/\/etab.ac-reunion.fr\/clg-guy-moquet\/la-vie-du-college\/au-cdi\/","title":{"rendered":"Le Centre de Connaissance et de Culture (3C)"},"content":{"rendered":"<ul class=\"wp-block-latest-posts__list is-grid columns-3 has-dates has-author wp-block-latest-posts\"><li><a class=\"wp-block-latest-posts__post-title\" href=\"https:\/\/etab.ac-reunion.fr\/clg-guy-moquet\/2025\/06\/06\/retour-des-prets\/\">RETOUR DES PRETS<\/a><div class=\"wp-block-latest-posts__post-author\">par Hoarau Stephanie-M-Cel<\/div><time datetime=\"2025-06-06T13:08:53+04:00\" class=\"wp-block-latest-posts__post-date\">6 juin 2025<\/time><div class=\"wp-block-latest-posts__post-excerpt\">Afin de commencer l&rsquo;inventaire au Centre de Connaissances et de Culture, les emprunts de livres ne pourront plus se faire. N&rsquo;oubliez pas de rapporter les livres (romans, revues&#8230;) qui sont encore avec vous.<p> <a class=\"continue-reading-link\" href=\"https:\/\/etab.ac-reunion.fr\/clg-guy-moquet\/2025\/06\/06\/retour-des-prets\/\"><span>Lire la suite<\/span><i class=\"crycon-right-dir\"><\/i><\/a> <\/p><\/div><\/li>\n<li><div class=\"wp-block-latest-posts__featured-image\"><a href=\"https:\/\/etab.ac-reunion.fr\/clg-guy-moquet\/2025\/03\/31\/atelier-lecture-au-3c-ancien-cdi\/\" aria-label=\"Atelier lecture au 3C (ancien CDI)\"><a href=\"https:\/\/etab.ac-reunion.fr\/clg-guy-moquet\/2025\/03\/31\/atelier-lecture-au-3c-ancien-cdi\/\" title=\"Atelier lecture au 3C (ancien CDI)\"><img loading=\"lazy\" decoding=\"async\" width=\"150\" height=\"150\" src=\"https:\/\/etab.ac-reunion.fr\/clg-guy-moquet\/wp-content\/uploads\/sites\/63\/2024\/12\/livre-1-150x150.jpg\" class=\"attachment-thumbnail size-thumbnail wp-post-image\" alt=\"\" style=\"\" \/><\/a><\/a><\/div><a class=\"wp-block-latest-posts__post-title\" href=\"https:\/\/etab.ac-reunion.fr\/clg-guy-moquet\/2025\/03\/31\/atelier-lecture-au-3c-ancien-cdi\/\">Atelier lecture au 3C (ancien CDI)<\/a><div class=\"wp-block-latest-posts__post-author\">par Hoarau Stephanie-M-Cel<\/div><time datetime=\"2025-03-31T15:00:05+04:00\" class=\"wp-block-latest-posts__post-date\">31 mars 2025<\/time><div class=\"wp-block-latest-posts__post-excerpt\">Tu aimes lire?&#8230;<p> <a class=\"continue-reading-link\" href=\"https:\/\/etab.ac-reunion.fr\/clg-guy-moquet\/2025\/03\/31\/atelier-lecture-au-3c-ancien-cdi\/\"><span>Lire la suite<\/span><i class=\"crycon-right-dir\"><\/i><\/a> <\/p><\/div><\/li>\n<li><div class=\"wp-block-latest-posts__featured-image\"><a href=\"https:\/\/etab.ac-reunion.fr\/clg-guy-moquet\/2024\/07\/02\/les-journees-de-lantiquite-3eme-edition\/\" aria-label=\"Les journ\u00e9es de l&rsquo;antiquit\u00e9 3\u00e8me \u00e9dition\"><a href=\"https:\/\/etab.ac-reunion.fr\/clg-guy-moquet\/2024\/07\/02\/les-journees-de-lantiquite-3eme-edition\/\" title=\"Les journ\u00e9es de l&#039;antiquit\u00e9 3\u00e8me \u00e9dition\"><img loading=\"lazy\" decoding=\"async\" width=\"150\" height=\"150\" src=\"https:\/\/etab.ac-reunion.fr\/clg-guy-moquet\/wp-content\/uploads\/sites\/63\/2024\/07\/Screenshot_20240610_194039_Drive-150x150.jpg\" class=\"attachment-thumbnail size-thumbnail wp-post-image\" alt=\"\" style=\"\" srcset=\"https:\/\/etab.ac-reunion.fr\/clg-guy-moquet\/wp-content\/uploads\/sites\/63\/2024\/07\/Screenshot_20240610_194039_Drive-150x150.jpg 150w, https:\/\/etab.ac-reunion.fr\/clg-guy-moquet\/wp-content\/uploads\/sites\/63\/2024\/07\/Screenshot_20240610_194039_Drive-185x185.jpg 185w, https:\/\/etab.ac-reunion.fr\/clg-guy-moquet\/wp-content\/uploads\/sites\/63\/2024\/07\/Screenshot_20240610_194039_Drive-90x90.jpg 90w, https:\/\/etab.ac-reunion.fr\/clg-guy-moquet\/wp-content\/uploads\/sites\/63\/2024\/07\/Screenshot_20240610_194039_Drive-25x25.jpg 25w, https:\/\/etab.ac-reunion.fr\/clg-guy-moquet\/wp-content\/uploads\/sites\/63\/2024\/07\/Screenshot_20240610_194039_Drive-184x184.jpg 184w\" sizes=\"auto, (max-width: 150px) 100vw, 150px\" \/><\/a><\/a><\/div><a class=\"wp-block-latest-posts__post-title\" href=\"https:\/\/etab.ac-reunion.fr\/clg-guy-moquet\/2024\/07\/02\/les-journees-de-lantiquite-3eme-edition\/\">Les journ\u00e9es de l&rsquo;antiquit\u00e9 3\u00e8me \u00e9dition<\/a><div class=\"wp-block-latest-posts__post-author\">par Madavjee<\/div><time datetime=\"2024-07-02T07:57:53+04:00\" class=\"wp-block-latest-posts__post-date\">2 juillet 2024<\/time><div class=\"wp-block-latest-posts__post-excerpt\">Le mardi 4 juin et le jeudi 6 juin, le coll\u00e8ge a accueilli la 3e \u00e9dition des journ\u00e9es de l&rsquo;antiquit\u00e9, afin de valoriser les projets des \u00e9l\u00e8ves de l&rsquo;option latin et d&rsquo;initier les 6e \u00e0 la culture antique. La 3e \u00e9dition \u00e9tait, sans trop de surprises, plac\u00e9e sous le signe des J.O. \u00ab\u00a0Les jeux olympiques&#8230;<p> <a class=\"continue-reading-link\" href=\"https:\/\/etab.ac-reunion.fr\/clg-guy-moquet\/2024\/07\/02\/les-journees-de-lantiquite-3eme-edition\/\"><span>Lire la suite<\/span><i class=\"crycon-right-dir\"><\/i><\/a> <\/p><\/div><\/li>\n<li><div class=\"wp-block-latest-posts__featured-image\"><a href=\"https:\/\/etab.ac-reunion.fr\/clg-guy-moquet\/2024\/05\/21\/emissions-webradio-jeux-olympiques-a-paris-2024-a-ecouter-sur-peertube\/\" aria-label=\"Emissions webradio \u00ab\u00a0Jeux Olympiques \u00e0 Paris 2024\u00a0\u00bb \u00e0 \u00e9couter sur Peertube\"><a href=\"https:\/\/etab.ac-reunion.fr\/clg-guy-moquet\/2024\/05\/21\/emissions-webradio-jeux-olympiques-a-paris-2024-a-ecouter-sur-peertube\/\" title=\"Emissions webradio &quot;Jeux Olympiques \u00e0 Paris 2024&quot; \u00e0 \u00e9couter sur Peertube\"><img loading=\"lazy\" decoding=\"async\" width=\"150\" height=\"150\" src=\"https:\/\/etab.ac-reunion.fr\/clg-guy-moquet\/wp-content\/uploads\/sites\/63\/2024\/04\/Faites-vos-jeux-logo-1-150x150.png\" class=\"attachment-thumbnail size-thumbnail wp-post-image\" alt=\"\" style=\"\" srcset=\"https:\/\/etab.ac-reunion.fr\/clg-guy-moquet\/wp-content\/uploads\/sites\/63\/2024\/04\/Faites-vos-jeux-logo-1-150x150.png 150w, https:\/\/etab.ac-reunion.fr\/clg-guy-moquet\/wp-content\/uploads\/sites\/63\/2024\/04\/Faites-vos-jeux-logo-1-300x300.png 300w, https:\/\/etab.ac-reunion.fr\/clg-guy-moquet\/wp-content\/uploads\/sites\/63\/2024\/04\/Faites-vos-jeux-logo-1-768x768.png 768w, https:\/\/etab.ac-reunion.fr\/clg-guy-moquet\/wp-content\/uploads\/sites\/63\/2024\/04\/Faites-vos-jeux-logo-1-185x185.png 185w, https:\/\/etab.ac-reunion.fr\/clg-guy-moquet\/wp-content\/uploads\/sites\/63\/2024\/04\/Faites-vos-jeux-logo-1-90x90.png 90w, https:\/\/etab.ac-reunion.fr\/clg-guy-moquet\/wp-content\/uploads\/sites\/63\/2024\/04\/Faites-vos-jeux-logo-1-25x25.png 25w, https:\/\/etab.ac-reunion.fr\/clg-guy-moquet\/wp-content\/uploads\/sites\/63\/2024\/04\/Faites-vos-jeux-logo-1-184x184.png 184w, https:\/\/etab.ac-reunion.fr\/clg-guy-moquet\/wp-content\/uploads\/sites\/63\/2024\/04\/Faites-vos-jeux-logo-1.png 800w\" sizes=\"auto, (max-width: 150px) 100vw, 150px\" \/><\/a><\/a><\/div><a class=\"wp-block-latest-posts__post-title\" href=\"https:\/\/etab.ac-reunion.fr\/clg-guy-moquet\/2024\/05\/21\/emissions-webradio-jeux-olympiques-a-paris-2024-a-ecouter-sur-peertube\/\">Emissions webradio \u00ab\u00a0Jeux Olympiques \u00e0 Paris 2024\u00a0\u00bb \u00e0 \u00e9couter sur Peertube<\/a><div class=\"wp-block-latest-posts__post-author\">par Madavjee<\/div><time datetime=\"2024-05-21T10:58:32+04:00\" class=\"wp-block-latest-posts__post-date\">21 mai 2024<\/time><div class=\"wp-block-latest-posts__post-excerpt\">Pour \u00e9couter les \u00e9missions 1, 2,3 et 4 sp\u00e9cial \u00ab\u00a0Jeux Olympiques \u00e0 Paris 2024\u00a0\u00bb cliquez ICI. Et, voici toutes les sources utilis\u00e9es pour les sons et bruitages<p> <a class=\"continue-reading-link\" href=\"https:\/\/etab.ac-reunion.fr\/clg-guy-moquet\/2024\/05\/21\/emissions-webradio-jeux-olympiques-a-paris-2024-a-ecouter-sur-peertube\/\"><span>Lire la suite<\/span><i class=\"crycon-right-dir\"><\/i><\/a> <\/p><\/div><\/li>\n<li><div class=\"wp-block-latest-posts__featured-image\"><a href=\"https:\/\/etab.ac-reunion.fr\/clg-guy-moquet\/2024\/04\/03\/les-eco-delegues-presentent-limpact-ecologique-du-smartphone-sur-la-planete\/\" aria-label=\"Les \u00e9co-d\u00e9l\u00e9gu\u00e9s pr\u00e9sentent l&rsquo;impact \u00e9cologique du smartphone sur la plan\u00e8te\"><a href=\"https:\/\/etab.ac-reunion.fr\/clg-guy-moquet\/2024\/04\/03\/les-eco-delegues-presentent-limpact-ecologique-du-smartphone-sur-la-planete\/\" title=\"Les \u00e9co-d\u00e9l\u00e9gu\u00e9s pr\u00e9sentent l&#039;impact \u00e9cologique du smartphone sur la plan\u00e8te\"><img loading=\"lazy\" decoding=\"async\" width=\"150\" height=\"150\" src=\"https:\/\/etab.ac-reunion.fr\/clg-guy-moquet\/wp-content\/uploads\/sites\/63\/2024\/04\/limpact-ecologique-du-smartphone-150x150.jpg\" class=\"attachment-thumbnail size-thumbnail wp-post-image\" alt=\"\" style=\"\" srcset=\"https:\/\/etab.ac-reunion.fr\/clg-guy-moquet\/wp-content\/uploads\/sites\/63\/2024\/04\/limpact-ecologique-du-smartphone-150x150.jpg 150w, https:\/\/etab.ac-reunion.fr\/clg-guy-moquet\/wp-content\/uploads\/sites\/63\/2024\/04\/limpact-ecologique-du-smartphone-185x185.jpg 185w, https:\/\/etab.ac-reunion.fr\/clg-guy-moquet\/wp-content\/uploads\/sites\/63\/2024\/04\/limpact-ecologique-du-smartphone-90x90.jpg 90w, https:\/\/etab.ac-reunion.fr\/clg-guy-moquet\/wp-content\/uploads\/sites\/63\/2024\/04\/limpact-ecologique-du-smartphone-25x25.jpg 25w, https:\/\/etab.ac-reunion.fr\/clg-guy-moquet\/wp-content\/uploads\/sites\/63\/2024\/04\/limpact-ecologique-du-smartphone-184x184.jpg 184w\" sizes=\"auto, (max-width: 150px) 100vw, 150px\" \/><\/a><\/a><\/div><a class=\"wp-block-latest-posts__post-title\" href=\"https:\/\/etab.ac-reunion.fr\/clg-guy-moquet\/2024\/04\/03\/les-eco-delegues-presentent-limpact-ecologique-du-smartphone-sur-la-planete\/\">Les \u00e9co-d\u00e9l\u00e9gu\u00e9s pr\u00e9sentent l&rsquo;impact \u00e9cologique du smartphone sur la plan\u00e8te<\/a><div class=\"wp-block-latest-posts__post-author\">par Marie-Sandrine Andy<\/div><time datetime=\"2024-04-03T10:22:16+04:00\" class=\"wp-block-latest-posts__post-date\">3 avril 2024<\/time><div class=\"wp-block-latest-posts__post-excerpt\">Le 25 et 26 Mars 2024, plusieurs \u00e9co-d\u00e9l\u00e9gu\u00e9s du Coll\u00e8ge ont pr\u00e9sent\u00e9 aux classes de 5\u00e8me l&rsquo;impact \u00e9cologique du smartphone sur la plan\u00e8te Terre. Cette action a pu voir le jour gr\u00e2ce \u00e0 Mme Padre, professeur de SVT et r\u00e9f\u00e9rente D\u00e9veloppement Durable, et Mme Taill\u00e9 professeur documentaliste.<p> <a class=\"continue-reading-link\" href=\"https:\/\/etab.ac-reunion.fr\/clg-guy-moquet\/2024\/04\/03\/les-eco-delegues-presentent-limpact-ecologique-du-smartphone-sur-la-planete\/\"><span>Lire la suite<\/span><i class=\"crycon-right-dir\"><\/i><\/a> <\/p><\/div><\/li>\n<li><div class=\"wp-block-latest-posts__featured-image\"><a href=\"https:\/\/etab.ac-reunion.fr\/clg-guy-moquet\/2024\/03\/15\/du-18-mars-2024-au-23-mars-2024-la-35eme-semaine-de-la-presse-et-des-medias-au-college\/\" aria-label=\"Du 18 Mars 2024 au 23 Mars 2024 : la 35\u00e8me Semaine de la Presse et des M\u00e9dias au Coll\u00e8ge\"><a href=\"https:\/\/etab.ac-reunion.fr\/clg-guy-moquet\/2024\/03\/15\/du-18-mars-2024-au-23-mars-2024-la-35eme-semaine-de-la-presse-et-des-medias-au-college\/\" title=\"Du 18 Mars 2024 au 23 Mars 2024 : la 35\u00e8me Semaine de la Presse et des M\u00e9dias au Coll\u00e8ge\"><img loading=\"lazy\" decoding=\"async\" width=\"150\" height=\"150\" src=\"https:\/\/etab.ac-reunion.fr\/clg-guy-moquet\/wp-content\/uploads\/sites\/63\/2024\/03\/affiche_dessin_spme_2024_page-0001-150x150.jpg\" class=\"attachment-thumbnail size-thumbnail wp-post-image\" alt=\"\" style=\"\" srcset=\"https:\/\/etab.ac-reunion.fr\/clg-guy-moquet\/wp-content\/uploads\/sites\/63\/2024\/03\/affiche_dessin_spme_2024_page-0001-150x150.jpg 150w, https:\/\/etab.ac-reunion.fr\/clg-guy-moquet\/wp-content\/uploads\/sites\/63\/2024\/03\/affiche_dessin_spme_2024_page-0001-185x185.jpg 185w, https:\/\/etab.ac-reunion.fr\/clg-guy-moquet\/wp-content\/uploads\/sites\/63\/2024\/03\/affiche_dessin_spme_2024_page-0001-90x90.jpg 90w, https:\/\/etab.ac-reunion.fr\/clg-guy-moquet\/wp-content\/uploads\/sites\/63\/2024\/03\/affiche_dessin_spme_2024_page-0001-25x25.jpg 25w, https:\/\/etab.ac-reunion.fr\/clg-guy-moquet\/wp-content\/uploads\/sites\/63\/2024\/03\/affiche_dessin_spme_2024_page-0001-184x184.jpg 184w\" sizes=\"auto, (max-width: 150px) 100vw, 150px\" \/><\/a><\/a><\/div><a class=\"wp-block-latest-posts__post-title\" href=\"https:\/\/etab.ac-reunion.fr\/clg-guy-moquet\/2024\/03\/15\/du-18-mars-2024-au-23-mars-2024-la-35eme-semaine-de-la-presse-et-des-medias-au-college\/\">Du 18 Mars 2024 au 23 Mars 2024 : la 35\u00e8me Semaine de la Presse et des M\u00e9dias au Coll\u00e8ge<\/a><div class=\"wp-block-latest-posts__post-author\">par Marie-Sandrine Andy<\/div><time datetime=\"2024-03-15T10:31:46+04:00\" class=\"wp-block-latest-posts__post-date\">15 mars 2024<\/time><div class=\"wp-block-latest-posts__post-excerpt\">La 35\u00e8me semaine de la presse et des m\u00e9dias \u00e0 l&rsquo;\u00e9cole se tiendra du 18 Mars 2024 au 23 Mars 2024. Le th\u00e8me abord\u00e9 sera \u00ab\u00a0l&rsquo;info sur tous les fronts\u00a0\u00bb. A cette occasion, plusieurs actions sont propos\u00e9es : enregistrement d&rsquo;\u00e9missions podcast\u00e9es d&rsquo;\u00e9l\u00e8ves via le kit de la webradio, atelier men\u00e9 par les \u00e9co-d\u00e9l\u00e9gu\u00e9s sur les&#8230;<p> <a class=\"continue-reading-link\" href=\"https:\/\/etab.ac-reunion.fr\/clg-guy-moquet\/2024\/03\/15\/du-18-mars-2024-au-23-mars-2024-la-35eme-semaine-de-la-presse-et-des-medias-au-college\/\"><span>Lire la suite<\/span><i class=\"crycon-right-dir\"><\/i><\/a> <\/p><\/div><\/li>\n<\/ul>\n\n<p style=\"text-align: justify\"><span style=\"text-decoration: underline;color: #000000\"><strong><span style=\"text-decoration: underline\">REGLEMENT INTERIEUR DU 3C<\/span><\/strong><\/span><br \/>\nLe 3C est un lieu de travail et de lecture. Il est le t\u00e9moin de l\u2019\u00e9volution de la place de l\u2019information dans la soci\u00e9t\u00e9. C\u2019est pourquoi sa fr\u00e9quentation est essentielle \u00e0 la formation des \u00e9l\u00e8ves.<br \/>\nLe planning d\u2019occupation est affich\u00e9 sur la porte d\u2019entr\u00e9e, en permanence et sur le tableau de la Vie Scolaire.<br \/>\n<strong><span style=\"text-decoration: underline\">LES POSSIBILITES OFFERTES AUX ELEVES<\/span><\/strong><br \/>\nLes \u00e9l\u00e8ves ont acc\u00e8s \u00e0 :<br \/>\n&#8211; des usuels : dictionnaires, encyclop\u00e9dies papier et DVD-ROM, atlas, manuels scolaires<br \/>\n&#8211; des ouvrages documentaires<br \/>\n&#8211; des p\u00e9riodiques<br \/>\n&#8211; de la lecture plaisir : romans en tout genre, po\u00e9sie, th\u00e9\u00e2tre, BD, \u0153uvres classiques, documents sur le fonds local&#8230;<br \/>\n&#8211; des ouvrages d\u2019art pour enrichir leur culture personnelle<br \/>\n&#8211; des documents sur les m\u00e9tiers les \u00e9tudes et leur orientation (la documention ONISEP papier)<br \/>\n&#8211; des ordinateurs pour consulter BCDI, les CD-ROM (Encyclop\u00e9die etc&#8230;) mettre en forme des textes (word, excell&#8230;) et se connecter \u00e0 internet pour un motif p\u00e9dagogique.<br \/>\n&#8211; des informations sur les manifestations culturelles, sportives, d\u2019actualit\u00e9&#8230;<br \/>\nLes \u00e9l\u00e8ves viennent au 3C pour faire un travail de recherche qui n\u00e9cessite l\u2019utilisation de documents du 3C ; ils sont alors prioritaires sur les autres \u00e9l\u00e8ves pour y acc\u00e9der.<br \/>\nLes \u00e9l\u00e8ves peuvent demander \u00e0 tout moment de l\u2019aide au professeur documentaliste pour les aider \u00e0 comprendre une consigne, \u00e0 faire des recherches, choisir un livre&#8230;<br \/>\nLes \u00e9l\u00e8ves peuvent emprunter des ouvrages en pensant bien \u00e0 les ramener quand ils ont termin\u00e9 de les lire pour les autres \u00e9l\u00e8ves y aient acc\u00e8s.<br \/>\n<strong><span style=\"text-decoration: underline\">LES DEVOIRS DES ELEVES<\/span><\/strong><br \/>\nLes \u00e9l\u00e8ves :<br \/>\n&#8211; doivent s\u2019inscrire en permanence avant de venir au 3C pour que les surveillants sachent o\u00f9 ils sont dans l\u2019\u00e9tablissement;<br \/>\n&#8211; restent au 3C pour l\u2019heure enti\u00e8re;<br \/>\n&#8211; enl\u00e8vent leur casquette avant d\u2019entrer;<br \/>\n&#8211; d\u00e9posent leur carnet de liaison en arrivant;<br \/>\n&#8211; d\u00e9posent leur sac \u00e0 l\u2019entr\u00e9e et ne prennent que les affaires dont ils ont besoin;<br \/>\n&#8211; ne retournent \u00e0 leur sac qu\u2019apr\u00e8s avoir re\u00e7u l\u2019autorisation de la Documentaliste;<br \/>\n&#8211; s\u2019inscrivent sur le planning avant d\u2019utiliser un ordinateur;<br \/>\n&#8211; demandent l\u2019autorisation au professeur documentaliste avant d\u2019aller sur internet;<br \/>\n&#8211; chuchotent, ne courent et respectent le CALME pour ne pas g\u00eaner les autres;<br \/>\n&#8211; ne doivent ni manger ni boire et ne pas m\u00e2cher de chewing-gum \u00e0 l\u2019int\u00e9rieur du 3C;<br \/>\n&#8211; doivent laisser \u00e9teints les t\u00e9l\u00e9phones, MP3 qui restent dans les sacs;<br \/>\n&#8211; ne viennent au 3C pour ne rien faire ou pour discuter;<br \/>\n&#8211; remettent les documents \u00e0 leur place apr\u00e8s utilisation;<br \/>\n&#8211; remettent la chaise en place \u00e0 leur d\u00e9part;<br \/>\n&#8211; respectent le personnel du 3C, les documents et le mat\u00e9riel.<\/p>","protected":false},"excerpt":{"rendered":"<p>REGLEMENT INTERIEUR DU 3C Le 3C est un lieu de travail et de lecture. Il est le t\u00e9moin de l\u2019\u00e9volution de la place de l\u2019information dans la soci\u00e9t\u00e9. C\u2019est pourquoi sa fr\u00e9quentation est essentielle \u00e0 la formation des \u00e9l\u00e8ves. Le planning d\u2019occupation est affich\u00e9 sur la porte d\u2019entr\u00e9e, en permanence&#8230;<\/p>\n<p> <a class=\"continue-reading-link\" href=\"https:\/\/etab.ac-reunion.fr\/clg-guy-moquet\/la-vie-du-college\/au-cdi\/\"><span>Lire la suite<\/span><i class=\"crycon-right-dir\"><\/i><\/a> <\/p>\n","protected":false},"author":1037,"featured_media":0,"parent":17,"menu_order":1,"comment_status":"closed","ping_status":"closed","template":"","meta":{"footnotes":""},"class_list":["post-84","page","type-page","status-publish","hentry"],"_links":{"self":[{"href":"https:\/\/etab.ac-reunion.fr\/clg-guy-moquet\/wp-json\/wp\/v2\/pages\/84","targetHints":{"allow":["GET"]}}],"collection":[{"href":"https:\/\/etab.ac-reunion.fr\/clg-guy-moquet\/wp-json\/wp\/v2\/pages"}],"about":[{"href":"https:\/\/etab.ac-reunion.fr\/clg-guy-moquet\/wp-json\/wp\/v2\/types\/page"}],"author":[{"embeddable":true,"href":"https:\/\/etab.ac-reunion.fr\/clg-guy-moquet\/wp-json\/wp\/v2\/users\/1037"}],"replies":[{"embeddable":true,"href":"https:\/\/etab.ac-reunion.fr\/clg-guy-moquet\/wp-json\/wp\/v2\/comments?post=84"}],"version-history":[{"count":4,"href":"https:\/\/etab.ac-reunion.fr\/clg-guy-moquet\/wp-json\/wp\/v2\/pages\/84\/revisions"}],"predecessor-version":[{"id":5934,"href":"https:\/\/etab.ac-reunion.fr\/clg-guy-moquet\/wp-json\/wp\/v2\/pages\/84\/revisions\/5934"}],"up":[{"embeddable":true,"href":"https:\/\/etab.ac-reunion.fr\/clg-guy-moquet\/wp-json\/wp\/v2\/pages\/17"}],"wp:attachment":[{"href":"https:\/\/etab.ac-reunion.fr\/clg-guy-moquet\/wp-json\/wp\/v2\/media?parent=84"}],"curies":[{"name":"wp","href":"https:\/\/api.w.org\/{rel}","templated":true}]}}