{"id":955,"date":"2013-08-26T09:46:48","date_gmt":"2013-08-26T05:46:48","guid":{"rendered":"https:\/\/portail.college-guymoquet.re\/wordpress\/?page_id=955"},"modified":"2026-02-23T10:38:51","modified_gmt":"2026-02-23T06:38:51","slug":"francais-litteratures","status":"publish","type":"page","link":"https:\/\/etab.ac-reunion.fr\/clg-guy-moquet\/les-disciplines-2\/francais-litteratures\/","title":{"rendered":"Fran\u00e7ais-Litt\u00e9ratures"},"content":{"rendered":"<ul class=\"wp-block-latest-posts__list is-grid columns-3 has-dates has-author wp-block-latest-posts\"><li><div class=\"wp-block-latest-posts__featured-image aligncenter\"><a href=\"https:\/\/etab.ac-reunion.fr\/clg-guy-moquet\/2026\/04\/12\/les-mots-ont-une-histoire-edition-2026\/\" aria-label=\"Les mots ont une histoire &#8211; \u00e9dition 2026\"><a href=\"https:\/\/etab.ac-reunion.fr\/clg-guy-moquet\/2026\/04\/12\/les-mots-ont-une-histoire-edition-2026\/\" title=\"Les mots ont une histoire - \u00e9dition 2026\"><img loading=\"lazy\" decoding=\"async\" width=\"150\" height=\"150\" src=\"https:\/\/etab.ac-reunion.fr\/clg-guy-moquet\/wp-content\/uploads\/sites\/63\/2024\/12\/lofo-6fca-150x150.jpg\" class=\"attachment-thumbnail size-thumbnail wp-post-image\" alt=\"\" style=\"\" \/><\/a><\/a><\/div><a class=\"wp-block-latest-posts__post-title\" href=\"https:\/\/etab.ac-reunion.fr\/clg-guy-moquet\/2026\/04\/12\/les-mots-ont-une-histoire-edition-2026\/\">Les mots ont une histoire &#8211; \u00e9dition 2026<\/a><div class=\"wp-block-latest-posts__post-author\">par Madavjee<\/div><time datetime=\"2026-04-12T14:13:05+04:00\" class=\"wp-block-latest-posts__post-date\">12 avril 2026<\/time><div class=\"wp-block-latest-posts__post-excerpt\">\u00a03 nouveaux mots sont disponibles dans le podcast \u00ab\u00a0Les Mots ont une Histoire\u00a0\u00bb. Cette ann\u00e9e, les \u00e9l\u00e8ves de 6\u00e8me D de l&rsquo;option Fran\u00e7ais culture antique ont travaill\u00e9 sur les origines mythologiques d&rsquo;animaux et d&rsquo;insectes. Vous allez ainsi d\u00e9couvrir l&rsquo;histoire de l&rsquo;araign\u00e9e, du ver \u00e0 soie et du scarab\u00e9e. A venir : celui du moustique !&#8230;<p> <a class=\"continue-reading-link\" href=\"https:\/\/etab.ac-reunion.fr\/clg-guy-moquet\/2026\/04\/12\/les-mots-ont-une-histoire-edition-2026\/\"><span>Lire la suite<\/span><i class=\"crycon-right-dir\"><\/i><\/a> <\/p><\/div><\/li>\n<li><div class=\"wp-block-latest-posts__featured-image aligncenter\"><a href=\"https:\/\/etab.ac-reunion.fr\/clg-guy-moquet\/2026\/04\/12\/musee-virtuel-de-la-4eme-h\/\" aria-label=\"Mus\u00e9e virtuel de la 4\u00e8me H\"><a href=\"https:\/\/etab.ac-reunion.fr\/clg-guy-moquet\/2026\/04\/12\/musee-virtuel-de-la-4eme-h\/\" title=\"Mus\u00e9e virtuel de la 4\u00e8me H\"><img loading=\"lazy\" decoding=\"async\" width=\"150\" height=\"150\" src=\"https:\/\/etab.ac-reunion.fr\/clg-guy-moquet\/wp-content\/uploads\/sites\/63\/2026\/04\/logo-musee-2-150x150.png\" class=\"attachment-thumbnail size-thumbnail wp-post-image\" alt=\"\" style=\"\" srcset=\"https:\/\/etab.ac-reunion.fr\/clg-guy-moquet\/wp-content\/uploads\/sites\/63\/2026\/04\/logo-musee-2-150x150.png 150w, https:\/\/etab.ac-reunion.fr\/clg-guy-moquet\/wp-content\/uploads\/sites\/63\/2026\/04\/logo-musee-2-300x300.png 300w, https:\/\/etab.ac-reunion.fr\/clg-guy-moquet\/wp-content\/uploads\/sites\/63\/2026\/04\/logo-musee-2-1024x1024.png 1024w, https:\/\/etab.ac-reunion.fr\/clg-guy-moquet\/wp-content\/uploads\/sites\/63\/2026\/04\/logo-musee-2-768x768.png 768w, https:\/\/etab.ac-reunion.fr\/clg-guy-moquet\/wp-content\/uploads\/sites\/63\/2026\/04\/logo-musee-2-1536x1536.png 1536w, https:\/\/etab.ac-reunion.fr\/clg-guy-moquet\/wp-content\/uploads\/sites\/63\/2026\/04\/logo-musee-2-580x580.png 580w, https:\/\/etab.ac-reunion.fr\/clg-guy-moquet\/wp-content\/uploads\/sites\/63\/2026\/04\/logo-musee-2.png 2000w\" sizes=\"auto, (max-width: 150px) 100vw, 150px\" \/><\/a><\/a><\/div><a class=\"wp-block-latest-posts__post-title\" href=\"https:\/\/etab.ac-reunion.fr\/clg-guy-moquet\/2026\/04\/12\/musee-virtuel-de-la-4eme-h\/\">Mus\u00e9e virtuel de la 4\u00e8me H<\/a><div class=\"wp-block-latest-posts__post-author\">par Madavjee<\/div><time datetime=\"2026-04-12T14:07:46+04:00\" class=\"wp-block-latest-posts__post-date\">12 avril 2026<\/time><div class=\"wp-block-latest-posts__post-excerpt\">Cette ann\u00e9e 2025-2026, le projet de classe de la 4\u00e8me H \u00e9tait de cr\u00e9er son propre mus\u00e9e virtuel. Pour cela les \u00e9l\u00e8ves ont eu la chance de visiter plusieurs types de mus\u00e9es tels que le mus\u00e9e L\u00e9on Dierx, le Museum d&rsquo;histoire naturelle, Stella Matutina, la Cit\u00e9 du Volcan mais \u00e9galement de b\u00e9n\u00e9ficier de visites guid\u00e9es&#8230;<p> <a class=\"continue-reading-link\" href=\"https:\/\/etab.ac-reunion.fr\/clg-guy-moquet\/2026\/04\/12\/musee-virtuel-de-la-4eme-h\/\"><span>Lire la suite<\/span><i class=\"crycon-right-dir\"><\/i><\/a> <\/p><\/div><\/li>\n<li><div class=\"wp-block-latest-posts__featured-image aligncenter\"><a href=\"https:\/\/etab.ac-reunion.fr\/clg-guy-moquet\/2026\/04\/12\/concours-academique-de-lecture-a-voix-haute-2026\/\" aria-label=\"Concours acad\u00e9mique de lecture \u00e0 voix haute 2026\"><a href=\"https:\/\/etab.ac-reunion.fr\/clg-guy-moquet\/2026\/04\/12\/concours-academique-de-lecture-a-voix-haute-2026\/\" title=\"Concours acad\u00e9mique de lecture \u00e0 voix haute 2026\"><img loading=\"lazy\" decoding=\"async\" width=\"150\" height=\"150\" src=\"https:\/\/etab.ac-reunion.fr\/clg-guy-moquet\/wp-content\/uploads\/sites\/63\/2026\/04\/20260408_172838-150x150.jpg\" class=\"attachment-thumbnail size-thumbnail wp-post-image\" alt=\"\" style=\"\" \/><\/a><\/a><\/div><a class=\"wp-block-latest-posts__post-title\" href=\"https:\/\/etab.ac-reunion.fr\/clg-guy-moquet\/2026\/04\/12\/concours-academique-de-lecture-a-voix-haute-2026\/\">Concours acad\u00e9mique de lecture \u00e0 voix haute 2026<\/a><div class=\"wp-block-latest-posts__post-author\">par Madavjee<\/div><time datetime=\"2026-04-12T13:58:02+04:00\" class=\"wp-block-latest-posts__post-date\">12 avril 2026<\/time><div class=\"wp-block-latest-posts__post-excerpt\">Les \u00e9l\u00e8ves de 6\u00e8me du coll\u00e8ge Guy M\u00f4quet ont particip\u00e9 cette ann\u00e9e au concours acad\u00e9mique de lecture \u00e0 voix haute. Le th\u00e8me de cette ann\u00e9e \u00e9tait : la nature. La marraine du concours \u00e9tait l&rsquo;\u00e9crivain Isabelle Hoarau-Joly. Pour repr\u00e9senter le coll\u00e8ge Guy M\u00f4quet, ce sont 4 \u00e9l\u00e8ves de la 6E qui ont \u00e9t\u00e9 s\u00e9lectionn\u00e9s :&#8230;<p> <a class=\"continue-reading-link\" href=\"https:\/\/etab.ac-reunion.fr\/clg-guy-moquet\/2026\/04\/12\/concours-academique-de-lecture-a-voix-haute-2026\/\"><span>Lire la suite<\/span><i class=\"crycon-right-dir\"><\/i><\/a> <\/p><\/div><\/li>\n<li><div class=\"wp-block-latest-posts__featured-image aligncenter\"><a href=\"https:\/\/etab.ac-reunion.fr\/clg-guy-moquet\/2026\/04\/12\/concours-de-slam-poesie-2026\/\" aria-label=\"Concours de Slam-po\u00e9sie 2026\"><a href=\"https:\/\/etab.ac-reunion.fr\/clg-guy-moquet\/2026\/04\/12\/concours-de-slam-poesie-2026\/\" title=\"Concours de Slam-po\u00e9sie 2026\"><img loading=\"lazy\" decoding=\"async\" width=\"150\" height=\"150\" src=\"https:\/\/etab.ac-reunion.fr\/clg-guy-moquet\/wp-content\/uploads\/sites\/63\/2026\/04\/Capture-decran-2026-03-25-125521-150x150.png\" class=\"attachment-thumbnail size-thumbnail wp-post-image\" alt=\"\" style=\"\" \/><\/a><\/a><\/div><a class=\"wp-block-latest-posts__post-title\" href=\"https:\/\/etab.ac-reunion.fr\/clg-guy-moquet\/2026\/04\/12\/concours-de-slam-poesie-2026\/\">Concours de Slam-po\u00e9sie 2026<\/a><div class=\"wp-block-latest-posts__post-author\">par Madavjee<\/div><time datetime=\"2026-04-12T13:39:08+04:00\" class=\"wp-block-latest-posts__post-date\">12 avril 2026<\/time><div class=\"wp-block-latest-posts__post-excerpt\">La 2\u00e8me \u00e9dition de la finale du concours de slam-po\u00e9sie\u00a0a eu lieu vendredi 27 mars\u00a02026 sur la sc\u00e8ne des Bambous :\u00a0une matin\u00e9e po\u00e9tique riche en \u00e9motions. Voici les laur\u00e9ats de cette 2\u00e8me \u00e9dition : 1\u00e8re place &#8211; ABDALLAH Abdoul-Latwif (4E) 2\u00e8me place &#8211; IMIZA TOURNEUR Leelou-Anne (4E) 3\u00e8me place &#8211; BARC Anna\u00efg (4H) Une nouveaut\u00e9&#8230;<p> <a class=\"continue-reading-link\" href=\"https:\/\/etab.ac-reunion.fr\/clg-guy-moquet\/2026\/04\/12\/concours-de-slam-poesie-2026\/\"><span>Lire la suite<\/span><i class=\"crycon-right-dir\"><\/i><\/a> <\/p><\/div><\/li>\n<li><div class=\"wp-block-latest-posts__featured-image aligncenter\"><a href=\"https:\/\/etab.ac-reunion.fr\/clg-guy-moquet\/2025\/06\/23\/rencontre-academique-deleves-conteurs\/\" aria-label=\"Rencontre acad\u00e9mique d\u2019\u00e9l\u00e8ves conteurs\"><a href=\"https:\/\/etab.ac-reunion.fr\/clg-guy-moquet\/2025\/06\/23\/rencontre-academique-deleves-conteurs\/\" title=\"Rencontre acad\u00e9mique d\u2019\u00e9l\u00e8ves conteurs\"><img loading=\"lazy\" decoding=\"async\" width=\"150\" height=\"150\" src=\"https:\/\/etab.ac-reunion.fr\/clg-guy-moquet\/wp-content\/uploads\/sites\/63\/2025\/06\/1000008543-150x150.jpg\" class=\"attachment-thumbnail size-thumbnail wp-post-image\" alt=\"\" style=\"\" \/><\/a><\/a><\/div><a class=\"wp-block-latest-posts__post-title\" href=\"https:\/\/etab.ac-reunion.fr\/clg-guy-moquet\/2025\/06\/23\/rencontre-academique-deleves-conteurs\/\">Rencontre acad\u00e9mique d\u2019\u00e9l\u00e8ves conteurs<\/a><div class=\"wp-block-latest-posts__post-author\">par Madavjee<\/div><time datetime=\"2025-06-23T20:06:54+04:00\" class=\"wp-block-latest-posts__post-date\">23 juin 2025<\/time><div class=\"wp-block-latest-posts__post-excerpt\">Classes engag\u00e9es&nbsp;: 6eDE groupe 1 et 4eA Objectifs&nbsp;: D\u00e9roulement du projet en quatre temps 1 &#8211; Lecture de plusieurs contes et choix d\u2019un conte \u00e0 pr\u00e9senter. Cette ann\u00e9e, c\u2019est Cendrillon qui a \u00e9t\u00e9 \u00e9lu. 2 &#8211; D\u00e9limitation du texte par \u00e9l\u00e8ve et phase de m\u00e9morisation \/ r\u00e9\u00e9criture. Il a fallu en effet raccourcir et r\u00e9\u00e9crire&#8230;<p> <a class=\"continue-reading-link\" href=\"https:\/\/etab.ac-reunion.fr\/clg-guy-moquet\/2025\/06\/23\/rencontre-academique-deleves-conteurs\/\"><span>Lire la suite<\/span><i class=\"crycon-right-dir\"><\/i><\/a> <\/p><\/div><\/li>\n<li><div class=\"wp-block-latest-posts__featured-image aligncenter\"><a href=\"https:\/\/etab.ac-reunion.fr\/clg-guy-moquet\/2025\/06\/23\/rencontre-avec-emmanuelle-laborit\/\" aria-label=\"Rencontre avec Emmanuelle Laborit\"><a href=\"https:\/\/etab.ac-reunion.fr\/clg-guy-moquet\/2025\/06\/23\/rencontre-avec-emmanuelle-laborit\/\" title=\"Rencontre avec Emmanuelle Laborit\"><img loading=\"lazy\" decoding=\"async\" width=\"150\" height=\"150\" src=\"https:\/\/etab.ac-reunion.fr\/clg-guy-moquet\/wp-content\/uploads\/sites\/63\/2025\/06\/9782266128469_1_75-150x150.jpg\" class=\"attachment-thumbnail size-thumbnail wp-post-image\" alt=\"\" style=\"\" \/><\/a><\/a><\/div><a class=\"wp-block-latest-posts__post-title\" href=\"https:\/\/etab.ac-reunion.fr\/clg-guy-moquet\/2025\/06\/23\/rencontre-avec-emmanuelle-laborit\/\">Rencontre avec Emmanuelle Laborit<\/a><div class=\"wp-block-latest-posts__post-author\">par Madavjee<\/div><time datetime=\"2025-06-23T19:23:18+04:00\" class=\"wp-block-latest-posts__post-date\">23 juin 2025<\/time><div class=\"wp-block-latest-posts__post-excerpt\">L&rsquo;association Lino Handicap est intervenue aupr\u00e8s des 3eF lundi 18 novembre, pour une sensibilisation sur le th\u00e8me de la surdit\u00e9 et de la L.S.F., langue des signes fran\u00e7aise. Les \u00e9l\u00e8ves ont pu \u00e9changer avec Audrey Damotte, m\u00e9diatrice sociale et son interpr\u00e8te Karine Baillif, sur la vie quotidienne d&rsquo;un sourd et sur ce handicap invisible. Ils&#8230;<p> <a class=\"continue-reading-link\" href=\"https:\/\/etab.ac-reunion.fr\/clg-guy-moquet\/2025\/06\/23\/rencontre-avec-emmanuelle-laborit\/\"><span>Lire la suite<\/span><i class=\"crycon-right-dir\"><\/i><\/a> <\/p><\/div><\/li>\n<li><div class=\"wp-block-latest-posts__featured-image aligncenter\"><a href=\"https:\/\/etab.ac-reunion.fr\/clg-guy-moquet\/2025\/06\/23\/prix-collidram-2025\/\" aria-label=\"Prix Collidram 2025\"><a href=\"https:\/\/etab.ac-reunion.fr\/clg-guy-moquet\/2025\/06\/23\/prix-collidram-2025\/\" title=\"Prix Collidram 2025\"><img loading=\"lazy\" decoding=\"async\" width=\"150\" height=\"150\" src=\"https:\/\/etab.ac-reunion.fr\/clg-guy-moquet\/wp-content\/uploads\/sites\/63\/2025\/06\/1000008531-150x150.jpg\" class=\"attachment-thumbnail size-thumbnail wp-post-image\" alt=\"\" style=\"\" \/><\/a><\/a><\/div><a class=\"wp-block-latest-posts__post-title\" href=\"https:\/\/etab.ac-reunion.fr\/clg-guy-moquet\/2025\/06\/23\/prix-collidram-2025\/\">Prix Collidram 2025<\/a><div class=\"wp-block-latest-posts__post-author\">par Madavjee<\/div><time datetime=\"2025-06-23T19:19:05+04:00\" class=\"wp-block-latest-posts__post-date\">23 juin 2025<\/time><div class=\"wp-block-latest-posts__post-excerpt\">Les 5eD et les 5eE ont particip\u00e9 cette ann\u00e9e au prix Collidram organis\u00e9 par le th\u00e9\u00e2tre des Bambous. Ils ont lu trois pi\u00e8ces contemporaines : \u00ab\u00a0Il aurait fallu qu\u2019on nous sauve\u00a0\u00bb de Geoffrey Dahm, \u00ab\u00a0Rest\/e\u00a0\u00bb de Azilys Tanneau, \u00ab\u00a0Les M\u00e9ritants\u00a0\u00bb de Julien Guyomard. Trois com\u00e9diens sont venus au coll\u00e8ge Guy M\u00f4quet pour travailler sur ces&#8230;<p> <a class=\"continue-reading-link\" href=\"https:\/\/etab.ac-reunion.fr\/clg-guy-moquet\/2025\/06\/23\/prix-collidram-2025\/\"><span>Lire la suite<\/span><i class=\"crycon-right-dir\"><\/i><\/a> <\/p><\/div><\/li>\n<li><div class=\"wp-block-latest-posts__featured-image aligncenter\"><a href=\"https:\/\/etab.ac-reunion.fr\/clg-guy-moquet\/2025\/06\/23\/concours-de-rimes\/\" aria-label=\"Concours de rimes\"><a href=\"https:\/\/etab.ac-reunion.fr\/clg-guy-moquet\/2025\/06\/23\/concours-de-rimes\/\" title=\"Concours de rimes\"><img loading=\"lazy\" decoding=\"async\" width=\"150\" height=\"150\" src=\"https:\/\/etab.ac-reunion.fr\/clg-guy-moquet\/wp-content\/uploads\/sites\/63\/2025\/06\/unnamed-150x150.jpg\" class=\"attachment-thumbnail size-thumbnail wp-post-image\" alt=\"\" style=\"\" srcset=\"https:\/\/etab.ac-reunion.fr\/clg-guy-moquet\/wp-content\/uploads\/sites\/63\/2025\/06\/unnamed-150x150.jpg 150w, https:\/\/etab.ac-reunion.fr\/clg-guy-moquet\/wp-content\/uploads\/sites\/63\/2025\/06\/unnamed-300x300.jpg 300w, https:\/\/etab.ac-reunion.fr\/clg-guy-moquet\/wp-content\/uploads\/sites\/63\/2025\/06\/unnamed.jpg 440w\" sizes=\"auto, (max-width: 150px) 100vw, 150px\" \/><\/a><\/a><\/div><a class=\"wp-block-latest-posts__post-title\" href=\"https:\/\/etab.ac-reunion.fr\/clg-guy-moquet\/2025\/06\/23\/concours-de-rimes\/\">Concours de rimes<\/a><div class=\"wp-block-latest-posts__post-author\">par Madavjee<\/div><time datetime=\"2025-06-23T18:58:10+04:00\" class=\"wp-block-latest-posts__post-date\">23 juin 2025<\/time><div class=\"wp-block-latest-posts__post-excerpt\">Ce concours organis\u00e9 au sein des classes de M.Ricard voit s&rsquo;affronter des bin\u00f4mes lors de battle de rimes. Il faut bien savoir g\u00e9rer ses \u00e9motions et d\u00e9velopper sa capacit\u00e9 \u00e0 cr\u00e9er des rimes improvis\u00e9es, en cherchant des associations de mots parfois inattendues! Voici les gagnants de cette ann\u00e9e en 5e, 3e et 3e pr\u00e9pa-m\u00e9tiers.<p> <a class=\"continue-reading-link\" href=\"https:\/\/etab.ac-reunion.fr\/clg-guy-moquet\/2025\/06\/23\/concours-de-rimes\/\"><span>Lire la suite<\/span><i class=\"crycon-right-dir\"><\/i><\/a> <\/p><\/div><\/li>\n<li><div class=\"wp-block-latest-posts__featured-image aligncenter\"><a href=\"https:\/\/etab.ac-reunion.fr\/clg-guy-moquet\/2025\/06\/19\/concours-de-vocabulaire-2025-niveau-5e\/\" aria-label=\"Concours de vocabulaire 2025 &#8211; Niveau 5e\"><a href=\"https:\/\/etab.ac-reunion.fr\/clg-guy-moquet\/2025\/06\/19\/concours-de-vocabulaire-2025-niveau-5e\/\" title=\"Concours de vocabulaire 2025 - Niveau 5e\"><img loading=\"lazy\" decoding=\"async\" width=\"150\" height=\"150\" src=\"https:\/\/etab.ac-reunion.fr\/clg-guy-moquet\/wp-content\/uploads\/sites\/63\/2025\/06\/laureats-2025-5e-vocabulaire-150x150.jpg\" class=\"attachment-thumbnail size-thumbnail wp-post-image\" alt=\"\" style=\"\" \/><\/a><\/a><\/div><a class=\"wp-block-latest-posts__post-title\" href=\"https:\/\/etab.ac-reunion.fr\/clg-guy-moquet\/2025\/06\/19\/concours-de-vocabulaire-2025-niveau-5e\/\">Concours de vocabulaire 2025 &#8211; Niveau 5e<\/a><div class=\"wp-block-latest-posts__post-author\">par Madavjee<\/div><time datetime=\"2025-06-19T09:20:30+04:00\" class=\"wp-block-latest-posts__post-date\">19 juin 2025<\/time><div class=\"wp-block-latest-posts__post-excerpt\">Pour pr\u00e9parer nos \u00e9l\u00e8ves \u00e0 des \u00e9preuves communes, de fa\u00e7on attractive et progressive, nous avons mis en place sur le niveau cinqui\u00e8me un concours de vocabulaire.Ce dernier porte sur un corpus de mots rencontr\u00e9s dans l&rsquo;ann\u00e9e, quelque soit le groupe dont l&rsquo;\u00e9l\u00e8ve fait partie. Des affiches ont \u00e9t\u00e9 cr\u00e9\u00e9s pour faciliter le travail de m\u00e9morisation&#8230;<p> <a class=\"continue-reading-link\" href=\"https:\/\/etab.ac-reunion.fr\/clg-guy-moquet\/2025\/06\/19\/concours-de-vocabulaire-2025-niveau-5e\/\"><span>Lire la suite<\/span><i class=\"crycon-right-dir\"><\/i><\/a> <\/p><\/div><\/li>\n<\/ul>","protected":false},"excerpt":{"rendered":"<p> <a class=\"continue-reading-link\" href=\"https:\/\/etab.ac-reunion.fr\/clg-guy-moquet\/les-disciplines-2\/francais-litteratures\/\"><span>Lire la suite<\/span><i class=\"crycon-right-dir\"><\/i><\/a> <\/p>\n","protected":false},"author":1037,"featured_media":0,"parent":933,"menu_order":3,"comment_status":"closed","ping_status":"closed","template":"","meta":{"footnotes":""},"class_list":["post-955","page","type-page","status-publish","hentry"],"_links":{"self":[{"href":"https:\/\/etab.ac-reunion.fr\/clg-guy-moquet\/wp-json\/wp\/v2\/pages\/955","targetHints":{"allow":["GET"]}}],"collection":[{"href":"https:\/\/etab.ac-reunion.fr\/clg-guy-moquet\/wp-json\/wp\/v2\/pages"}],"about":[{"href":"https:\/\/etab.ac-reunion.fr\/clg-guy-moquet\/wp-json\/wp\/v2\/types\/page"}],"author":[{"embeddable":true,"href":"https:\/\/etab.ac-reunion.fr\/clg-guy-moquet\/wp-json\/wp\/v2\/users\/1037"}],"replies":[{"embeddable":true,"href":"https:\/\/etab.ac-reunion.fr\/clg-guy-moquet\/wp-json\/wp\/v2\/comments?post=955"}],"version-history":[{"count":6,"href":"https:\/\/etab.ac-reunion.fr\/clg-guy-moquet\/wp-json\/wp\/v2\/pages\/955\/revisions"}],"predecessor-version":[{"id":6556,"href":"https:\/\/etab.ac-reunion.fr\/clg-guy-moquet\/wp-json\/wp\/v2\/pages\/955\/revisions\/6556"}],"up":[{"embeddable":true,"href":"https:\/\/etab.ac-reunion.fr\/clg-guy-moquet\/wp-json\/wp\/v2\/pages\/933"}],"wp:attachment":[{"href":"https:\/\/etab.ac-reunion.fr\/clg-guy-moquet\/wp-json\/wp\/v2\/media?parent=955"}],"curies":[{"name":"wp","href":"https:\/\/api.w.org\/{rel}","templated":true}]}}