{"id":970,"date":"2024-08-30T08:40:04","date_gmt":"2024-08-30T04:40:04","guid":{"rendered":"https:\/\/portail.college-guymoquet.re\/wordpress\/?page_id=970"},"modified":"2025-04-28T14:27:02","modified_gmt":"2025-04-28T10:27:02","slug":"les-sciences","status":"publish","type":"page","link":"https:\/\/etab.ac-reunion.fr\/clg-guy-moquet\/les-disciplines-2\/les-sciences\/","title":{"rendered":"Sciences et technologie"},"content":{"rendered":"<p style=\"text-align: center\"><strong>L&rsquo;environnement &#8211; la protection de la nature<\/strong><\/p>\n<p style=\"text-align: left\">Le parc national de l&rsquo;Ile de la R\u00e9union : <a href=\"http:\/\/www.reunion-parcnational.fr\/\" target=\"_blank\">http:\/\/www.reunion-parcnational.fr\/<\/a><\/p>\n\n\n<p><\/p>\n\n\n\n<p><\/p>\n\n\n<p style=\"text-align: center\"><strong>LES VOLCANS<\/strong><\/p>\n<p>Tout savoir sur les volcans \u00e0 travers des explications anim\u00e9es :<a href=\"http:\/\/education.francetv.fr\/activite-interactive\/les-volcans-o1710\" target=\"_blank\" rel=\"noopener\">http:\/\/education.francetv.fr\/activite-interactive\/les-volcans-o1710<\/a><\/p>\n<p>D\u00e9finitions autour du volcan : <a href=\"http:\/\/www.futura-sciences.com\/magazines\/terre\/infos\/dico\/d\/volcanologie-volcan-3537\/\" target=\"_blank\" rel=\"noopener\">http:\/\/www.futura-sciences.com\/magazines\/terre\/infos\/dico\/d\/volcanologie-volcan-3537\/<\/a><\/p>\n<p>Site d&rsquo;information sur le Piton de la Fournaise: <a href=\"http:\/\/www.fournaise.info\/\" target=\"_blank\" rel=\"noopener\">http:\/\/www.fournaise.info\/<\/a><\/p>\n\n<ul class=\"wp-block-latest-posts__list is-grid columns-3 has-dates has-author wp-block-latest-posts\"><li><div class=\"wp-block-latest-posts__featured-image\"><a href=\"https:\/\/etab.ac-reunion.fr\/clg-guy-moquet\/2025\/11\/04\/1ere-sortie-eco-delegues\/\" title=\"1\u00e8re sortie Eco-d\u00e9l\u00e9gu\u00e9s\"><img loading=\"lazy\" decoding=\"async\" width=\"225\" height=\"300\" src=\"https:\/\/etab.ac-reunion.fr\/clg-guy-moquet\/wp-content\/uploads\/sites\/63\/2025\/11\/dee083a1-babf-4672-83d2-5fdac456ff67-225x300.jpg\" class=\"attachment-medium size-medium wp-post-image\" alt=\"\" style=\"\" srcset=\"https:\/\/etab.ac-reunion.fr\/clg-guy-moquet\/wp-content\/uploads\/sites\/63\/2025\/11\/dee083a1-babf-4672-83d2-5fdac456ff67-225x300.jpg 225w, https:\/\/etab.ac-reunion.fr\/clg-guy-moquet\/wp-content\/uploads\/sites\/63\/2025\/11\/dee083a1-babf-4672-83d2-5fdac456ff67-768x1024.jpg 768w, https:\/\/etab.ac-reunion.fr\/clg-guy-moquet\/wp-content\/uploads\/sites\/63\/2025\/11\/dee083a1-babf-4672-83d2-5fdac456ff67-1152x1536.jpg 1152w, https:\/\/etab.ac-reunion.fr\/clg-guy-moquet\/wp-content\/uploads\/sites\/63\/2025\/11\/dee083a1-babf-4672-83d2-5fdac456ff67-113x150.jpg 113w, https:\/\/etab.ac-reunion.fr\/clg-guy-moquet\/wp-content\/uploads\/sites\/63\/2025\/11\/dee083a1-babf-4672-83d2-5fdac456ff67-435x580.jpg 435w, https:\/\/etab.ac-reunion.fr\/clg-guy-moquet\/wp-content\/uploads\/sites\/63\/2025\/11\/dee083a1-babf-4672-83d2-5fdac456ff67.jpg 1536w\" sizes=\"auto, (max-width: 225px) 100vw, 225px\" \/><\/a><\/div><a class=\"wp-block-latest-posts__post-title\" href=\"https:\/\/etab.ac-reunion.fr\/clg-guy-moquet\/2025\/11\/04\/1ere-sortie-eco-delegues\/\">1\u00e8re sortie Eco-d\u00e9l\u00e9gu\u00e9s<\/a><div class=\"wp-block-latest-posts__post-author\">par Padre Laurence<\/div><time datetime=\"2025-11-04T11:43:22+04:00\" class=\"wp-block-latest-posts__post-date\">4 novembre 2025<\/time><div class=\"wp-block-latest-posts__post-excerpt\">Afin de d\u00e9couvrir la biodiversit\u00e9 de l&rsquo;\u00eele, les \u00e9co-d\u00e9l\u00e9gu\u00e9s nouvellement \u00e9lus ont effectu\u00e9 une sortie au Jardin Botanique de Mascarin de Saint-Leu. Un belle journ\u00e9e au cours de laquelle les \u00e9l\u00e8ves se sont promen\u00e9s au sein de diff\u00e9rentes collections de&#8230;<p> <a class=\"continue-reading-link\" href=\"https:\/\/etab.ac-reunion.fr\/clg-guy-moquet\/2025\/11\/04\/1ere-sortie-eco-delegues\/\"><span>Lire la suite<\/span><i class=\"crycon-right-dir\"><\/i><\/a> <\/p><\/div><\/li>\n<li><div class=\"wp-block-latest-posts__featured-image\"><a href=\"https:\/\/etab.ac-reunion.fr\/clg-guy-moquet\/2025\/05\/30\/journees-de-lantiquite-4e-edition\/\" title=\"Journ\u00e9es de l&#039;Antiquit\u00e9 - 4e \u00e9dition\"><img loading=\"lazy\" decoding=\"async\" width=\"212\" height=\"300\" src=\"https:\/\/etab.ac-reunion.fr\/clg-guy-moquet\/wp-content\/uploads\/sites\/63\/2025\/05\/Les-Journees-de-lAntiquite-2025-212x300.jpg\" class=\"attachment-medium size-medium wp-post-image\" alt=\"\" style=\"\" srcset=\"https:\/\/etab.ac-reunion.fr\/clg-guy-moquet\/wp-content\/uploads\/sites\/63\/2025\/05\/Les-Journees-de-lAntiquite-2025-212x300.jpg 212w, https:\/\/etab.ac-reunion.fr\/clg-guy-moquet\/wp-content\/uploads\/sites\/63\/2025\/05\/Les-Journees-de-lAntiquite-2025-724x1024.jpg 724w, https:\/\/etab.ac-reunion.fr\/clg-guy-moquet\/wp-content\/uploads\/sites\/63\/2025\/05\/Les-Journees-de-lAntiquite-2025-768x1086.jpg 768w, https:\/\/etab.ac-reunion.fr\/clg-guy-moquet\/wp-content\/uploads\/sites\/63\/2025\/05\/Les-Journees-de-lAntiquite-2025-1086x1536.jpg 1086w, https:\/\/etab.ac-reunion.fr\/clg-guy-moquet\/wp-content\/uploads\/sites\/63\/2025\/05\/Les-Journees-de-lAntiquite-2025-1448x2048.jpg 1448w, https:\/\/etab.ac-reunion.fr\/clg-guy-moquet\/wp-content\/uploads\/sites\/63\/2025\/05\/Les-Journees-de-lAntiquite-2025-106x150.jpg 106w, https:\/\/etab.ac-reunion.fr\/clg-guy-moquet\/wp-content\/uploads\/sites\/63\/2025\/05\/Les-Journees-de-lAntiquite-2025-410x580.jpg 410w, https:\/\/etab.ac-reunion.fr\/clg-guy-moquet\/wp-content\/uploads\/sites\/63\/2025\/05\/Les-Journees-de-lAntiquite-2025.jpg 1587w\" sizes=\"auto, (max-width: 212px) 100vw, 212px\" \/><\/a><\/div><a class=\"wp-block-latest-posts__post-title\" href=\"https:\/\/etab.ac-reunion.fr\/clg-guy-moquet\/2025\/05\/30\/journees-de-lantiquite-4e-edition\/\">Journ\u00e9es de l&rsquo;Antiquit\u00e9 &#8211; 4e \u00e9dition<\/a><div class=\"wp-block-latest-posts__post-author\">par Madavjee<\/div><time datetime=\"2025-05-30T12:22:48+04:00\" class=\"wp-block-latest-posts__post-date\">30 mai 2025<\/time><div class=\"wp-block-latest-posts__post-excerpt\">Les 26 et 27 mai 2025 se sont d\u00e9roul\u00e9es les journ\u00e9es de l&rsquo;Antiquit\u00e9. Ces journ\u00e9es, devenues incontournables, sont l&rsquo;occasion pour les \u00e9l\u00e8ves de l&rsquo;option latin de pr\u00e9senter les projets men\u00e9s tout au long de l&rsquo;ann\u00e9e et de permettre aux \u00e9l\u00e8ves&#8230;<p> <a class=\"continue-reading-link\" href=\"https:\/\/etab.ac-reunion.fr\/clg-guy-moquet\/2025\/05\/30\/journees-de-lantiquite-4e-edition\/\"><span>Lire la suite<\/span><i class=\"crycon-right-dir\"><\/i><\/a> <\/p><\/div><\/li>\n<li><div class=\"wp-block-latest-posts__featured-image\"><a href=\"https:\/\/etab.ac-reunion.fr\/clg-guy-moquet\/2025\/05\/30\/2eme-journal-des-eco-delegues-sur-la-pollution-plastique\/\" title=\"2\u00e8me journal des \u00e9co-d\u00e9l\u00e9gu\u00e9s sur la pollution plastique\"><img loading=\"lazy\" decoding=\"async\" width=\"212\" height=\"300\" src=\"https:\/\/etab.ac-reunion.fr\/clg-guy-moquet\/wp-content\/uploads\/sites\/63\/2025\/05\/page_8-2-212x300.jpg\" class=\"attachment-medium size-medium wp-post-image\" alt=\"\" style=\"\" srcset=\"https:\/\/etab.ac-reunion.fr\/clg-guy-moquet\/wp-content\/uploads\/sites\/63\/2025\/05\/page_8-2-212x300.jpg 212w, https:\/\/etab.ac-reunion.fr\/clg-guy-moquet\/wp-content\/uploads\/sites\/63\/2025\/05\/page_8-2-106x150.jpg 106w, https:\/\/etab.ac-reunion.fr\/clg-guy-moquet\/wp-content\/uploads\/sites\/63\/2025\/05\/page_8-2-410x580.jpg 410w, https:\/\/etab.ac-reunion.fr\/clg-guy-moquet\/wp-content\/uploads\/sites\/63\/2025\/05\/page_8-2.jpg 595w\" sizes=\"auto, (max-width: 212px) 100vw, 212px\" \/><\/a><\/div><a class=\"wp-block-latest-posts__post-title\" href=\"https:\/\/etab.ac-reunion.fr\/clg-guy-moquet\/2025\/05\/30\/2eme-journal-des-eco-delegues-sur-la-pollution-plastique\/\">2\u00e8me journal des \u00e9co-d\u00e9l\u00e9gu\u00e9s sur la pollution plastique<\/a><div class=\"wp-block-latest-posts__post-author\">par Padre Laurence<\/div><time datetime=\"2025-05-30T11:36:27+04:00\" class=\"wp-block-latest-posts__post-date\">30 mai 2025<\/time><div class=\"wp-block-latest-posts__post-excerpt\">Les \u00e9co-d\u00e9l\u00e9gu\u00e9s ont sorti une \u00e9dition sp\u00e9ciale de leur journal sur la pollution plastique, le moment pour eux de communiquer sur le projet Plastique A la Loupe auquel ils ont contribu\u00e9 pendant cette ann\u00e9e scolaire et aussi de donner des&#8230;<p> <a class=\"continue-reading-link\" href=\"https:\/\/etab.ac-reunion.fr\/clg-guy-moquet\/2025\/05\/30\/2eme-journal-des-eco-delegues-sur-la-pollution-plastique\/\"><span>Lire la suite<\/span><i class=\"crycon-right-dir\"><\/i><\/a> <\/p><\/div><\/li>\n<li><div class=\"wp-block-latest-posts__featured-image\"><a href=\"https:\/\/etab.ac-reunion.fr\/clg-guy-moquet\/2025\/04\/25\/projet-guy-moquet-nou-le-pare\/\" title=\"Projet \u00ab Guy Moquet- nou l\u00e9 par\u00e9 \u00bb\"><img loading=\"lazy\" decoding=\"async\" width=\"263\" height=\"300\" src=\"https:\/\/etab.ac-reunion.fr\/clg-guy-moquet\/wp-content\/uploads\/sites\/63\/2025\/04\/nou-le-pare-263x300.jpg\" class=\"attachment-medium size-medium wp-post-image\" alt=\"\" style=\"\" srcset=\"https:\/\/etab.ac-reunion.fr\/clg-guy-moquet\/wp-content\/uploads\/sites\/63\/2025\/04\/nou-le-pare-263x300.jpg 263w, https:\/\/etab.ac-reunion.fr\/clg-guy-moquet\/wp-content\/uploads\/sites\/63\/2025\/04\/nou-le-pare-131x150.jpg 131w, https:\/\/etab.ac-reunion.fr\/clg-guy-moquet\/wp-content\/uploads\/sites\/63\/2025\/04\/nou-le-pare.jpg 290w\" sizes=\"auto, (max-width: 263px) 100vw, 263px\" \/><\/a><\/div><a class=\"wp-block-latest-posts__post-title\" href=\"https:\/\/etab.ac-reunion.fr\/clg-guy-moquet\/2025\/04\/25\/projet-guy-moquet-nou-le-pare\/\">Projet \u00ab Guy Moquet- nou l\u00e9 par\u00e9 \u00bb<\/a><div class=\"wp-block-latest-posts__post-author\">par Madavjee<\/div><time datetime=\"2025-04-25T10:46:35+04:00\" class=\"wp-block-latest-posts__post-date\">25 avril 2025<\/time><div class=\"wp-block-latest-posts__post-excerpt\">SORTIE P\u00e9dagogique avec la 4B dans le cadre du projet \u00ab&nbsp;Guy Moquet- nou l\u00e9 par\u00e9&nbsp;\u00bb (suite \u00e0 la participation au concours ouragame). Objectif&nbsp;: Comment se comporter et se prot\u00e9ger en cas de mont\u00e9es des eaux lors d\u2019inondations \u00e0 l\u2019\u00eele de&#8230;<p> <a class=\"continue-reading-link\" href=\"https:\/\/etab.ac-reunion.fr\/clg-guy-moquet\/2025\/04\/25\/projet-guy-moquet-nou-le-pare\/\"><span>Lire la suite<\/span><i class=\"crycon-right-dir\"><\/i><\/a> <\/p><\/div><\/li>\n<li><div class=\"wp-block-latest-posts__featured-image\"><a href=\"https:\/\/etab.ac-reunion.fr\/clg-guy-moquet\/2025\/04\/06\/concours-cgenial-2025-prix-de-la-culture\/\" title=\"Concours CG\u00e9nial 2025 - Prix de la culture\"><img loading=\"lazy\" decoding=\"async\" width=\"225\" height=\"300\" src=\"https:\/\/etab.ac-reunion.fr\/clg-guy-moquet\/wp-content\/uploads\/sites\/63\/2025\/04\/IMG-20250406-WA0042-225x300.jpg\" class=\"attachment-medium size-medium wp-post-image\" alt=\"\" style=\"\" srcset=\"https:\/\/etab.ac-reunion.fr\/clg-guy-moquet\/wp-content\/uploads\/sites\/63\/2025\/04\/IMG-20250406-WA0042-225x300.jpg 225w, https:\/\/etab.ac-reunion.fr\/clg-guy-moquet\/wp-content\/uploads\/sites\/63\/2025\/04\/IMG-20250406-WA0042-768x1024.jpg 768w, https:\/\/etab.ac-reunion.fr\/clg-guy-moquet\/wp-content\/uploads\/sites\/63\/2025\/04\/IMG-20250406-WA0042-113x150.jpg 113w, https:\/\/etab.ac-reunion.fr\/clg-guy-moquet\/wp-content\/uploads\/sites\/63\/2025\/04\/IMG-20250406-WA0042-435x580.jpg 435w, https:\/\/etab.ac-reunion.fr\/clg-guy-moquet\/wp-content\/uploads\/sites\/63\/2025\/04\/IMG-20250406-WA0042.jpg 960w\" sizes=\"auto, (max-width: 225px) 100vw, 225px\" \/><\/a><\/div><a class=\"wp-block-latest-posts__post-title\" href=\"https:\/\/etab.ac-reunion.fr\/clg-guy-moquet\/2025\/04\/06\/concours-cgenial-2025-prix-de-la-culture\/\">Concours CG\u00e9nial 2025 &#8211; Prix de la culture<\/a><div class=\"wp-block-latest-posts__post-author\">par Madavjee<\/div><time datetime=\"2025-04-06T13:36:58+04:00\" class=\"wp-block-latest-posts__post-date\">6 avril 2025<\/time><div class=\"wp-block-latest-posts__post-excerpt\">Le Vendredi 04 avril 2025, les \u00e9l\u00e8ves latinistes de 4e\/3e se sont rendus \u00e0 l&rsquo;ESIROI pour pr\u00e9senter leur projet interdisciplinaire physique chimie \/ latin \u00ab\u00a0Nous sommes tous des poussi\u00e8res d&rsquo;\u00e9toiles\u00a0\u00bb, \u00e0 l&rsquo;occasion de la finale du concours CG\u00e9nial 2025. Apr\u00e8s&#8230;<p> <a class=\"continue-reading-link\" href=\"https:\/\/etab.ac-reunion.fr\/clg-guy-moquet\/2025\/04\/06\/concours-cgenial-2025-prix-de-la-culture\/\"><span>Lire la suite<\/span><i class=\"crycon-right-dir\"><\/i><\/a> <\/p><\/div><\/li>\n<li><div class=\"wp-block-latest-posts__featured-image\"><a href=\"https:\/\/etab.ac-reunion.fr\/clg-guy-moquet\/2025\/03\/30\/sortie-aux-makes\/\" title=\"Sortie aux Makes\"><img loading=\"lazy\" decoding=\"async\" width=\"212\" height=\"300\" src=\"https:\/\/etab.ac-reunion.fr\/clg-guy-moquet\/wp-content\/uploads\/sites\/63\/2025\/03\/affiche-etoile-212x300.png\" class=\"attachment-medium size-medium wp-post-image\" alt=\"\" style=\"\" srcset=\"https:\/\/etab.ac-reunion.fr\/clg-guy-moquet\/wp-content\/uploads\/sites\/63\/2025\/03\/affiche-etoile-212x300.png 212w, https:\/\/etab.ac-reunion.fr\/clg-guy-moquet\/wp-content\/uploads\/sites\/63\/2025\/03\/affiche-etoile-724x1024.png 724w, https:\/\/etab.ac-reunion.fr\/clg-guy-moquet\/wp-content\/uploads\/sites\/63\/2025\/03\/affiche-etoile-768x1086.png 768w, https:\/\/etab.ac-reunion.fr\/clg-guy-moquet\/wp-content\/uploads\/sites\/63\/2025\/03\/affiche-etoile-1086x1536.png 1086w, https:\/\/etab.ac-reunion.fr\/clg-guy-moquet\/wp-content\/uploads\/sites\/63\/2025\/03\/affiche-etoile-1448x2048.png 1448w, https:\/\/etab.ac-reunion.fr\/clg-guy-moquet\/wp-content\/uploads\/sites\/63\/2025\/03\/affiche-etoile-106x150.png 106w, https:\/\/etab.ac-reunion.fr\/clg-guy-moquet\/wp-content\/uploads\/sites\/63\/2025\/03\/affiche-etoile-410x580.png 410w, https:\/\/etab.ac-reunion.fr\/clg-guy-moquet\/wp-content\/uploads\/sites\/63\/2025\/03\/affiche-etoile.png 1587w\" sizes=\"auto, (max-width: 212px) 100vw, 212px\" \/><\/a><\/div><a class=\"wp-block-latest-posts__post-title\" href=\"https:\/\/etab.ac-reunion.fr\/clg-guy-moquet\/2025\/03\/30\/sortie-aux-makes\/\">Sortie aux Makes<\/a><div class=\"wp-block-latest-posts__post-author\">par Madavjee<\/div><time datetime=\"2025-03-30T10:29:53+04:00\" class=\"wp-block-latest-posts__post-date\">30 mars 2025<\/time><div class=\"wp-block-latest-posts__post-excerpt\">Dans le cadre du projet \u00ab\u00a0Nous sommes tous des poussi\u00e8res d&rsquo;\u00e9toiles\u00a0\u00bb men\u00e9 conjointement en option latin et en physique chimie, les \u00e9l\u00e8ves latinistes de 4e et de 3e ont s\u00e9journ\u00e9 3 jours et 2 nuits \u00e0 Saint Louis, \u00e0 l&lsquo;observatoire&#8230;<p> <a class=\"continue-reading-link\" href=\"https:\/\/etab.ac-reunion.fr\/clg-guy-moquet\/2025\/03\/30\/sortie-aux-makes\/\"><span>Lire la suite<\/span><i class=\"crycon-right-dir\"><\/i><\/a> <\/p><\/div><\/li>\n<\/ul>","protected":false},"excerpt":{"rendered":"<p>L&rsquo;environnement &#8211; la protection de la nature Le parc national de l&rsquo;Ile de la R\u00e9union : http:\/\/www.reunion-parcnational.fr\/ LES VOLCANS Tout savoir sur les volcans \u00e0 travers des explications anim\u00e9es :http:\/\/education.francetv.fr\/activite-interactive\/les-volcans-o1710 D\u00e9finitions autour du volcan : http:\/\/www.futura-sciences.com\/magazines\/terre\/infos\/dico\/d\/volcanologie-volcan-3537\/ Site d&rsquo;information sur le Piton de la Fournaise: http:\/\/www.fournaise.info\/<\/p>\n<p> <a class=\"continue-reading-link\" href=\"https:\/\/etab.ac-reunion.fr\/clg-guy-moquet\/les-disciplines-2\/les-sciences\/\"><span>Lire la suite<\/span><i class=\"crycon-right-dir\"><\/i><\/a> <\/p>\n","protected":false},"author":16626,"featured_media":0,"parent":933,"menu_order":4,"comment_status":"closed","ping_status":"closed","template":"","meta":{"footnotes":""},"class_list":["post-970","page","type-page","status-publish","hentry"],"_links":{"self":[{"href":"https:\/\/etab.ac-reunion.fr\/clg-guy-moquet\/wp-json\/wp\/v2\/pages\/970","targetHints":{"allow":["GET"]}}],"collection":[{"href":"https:\/\/etab.ac-reunion.fr\/clg-guy-moquet\/wp-json\/wp\/v2\/pages"}],"about":[{"href":"https:\/\/etab.ac-reunion.fr\/clg-guy-moquet\/wp-json\/wp\/v2\/types\/page"}],"author":[{"embeddable":true,"href":"https:\/\/etab.ac-reunion.fr\/clg-guy-moquet\/wp-json\/wp\/v2\/users\/16626"}],"replies":[{"embeddable":true,"href":"https:\/\/etab.ac-reunion.fr\/clg-guy-moquet\/wp-json\/wp\/v2\/comments?post=970"}],"version-history":[{"count":9,"href":"https:\/\/etab.ac-reunion.fr\/clg-guy-moquet\/wp-json\/wp\/v2\/pages\/970\/revisions"}],"predecessor-version":[{"id":5974,"href":"https:\/\/etab.ac-reunion.fr\/clg-guy-moquet\/wp-json\/wp\/v2\/pages\/970\/revisions\/5974"}],"up":[{"embeddable":true,"href":"https:\/\/etab.ac-reunion.fr\/clg-guy-moquet\/wp-json\/wp\/v2\/pages\/933"}],"wp:attachment":[{"href":"https:\/\/etab.ac-reunion.fr\/clg-guy-moquet\/wp-json\/wp\/v2\/media?parent=970"}],"curies":[{"name":"wp","href":"https:\/\/api.w.org\/{rel}","templated":true}]}}