{"id":490,"date":"2019-04-18T14:06:44","date_gmt":"2019-04-18T10:06:44","guid":{"rendered":"http:\/\/college-la-chaloupe-tmp.ac-reunion.fr\/?page_id=490"},"modified":"2025-08-14T15:48:56","modified_gmt":"2025-08-14T11:48:56","slug":"vie-scolaire","status":"publish","type":"page","link":"https:\/\/etab.ac-reunion.fr\/clg-harry-gruchet-la-chaloupe\/vie-scolaire\/","title":{"rendered":"Vie Scolaire"},"content":{"rendered":"\n<h3 class=\"wp-block-heading\">CPE<\/h3>\n\n\n\n<p>Mme INDIANA Mathilde<\/p>\n\n\n\n<h3 class=\"wp-block-heading\">Assistante Sociale<\/h3>\n\n\n\n<p>Mme CHRISTINA Marie-Alana<\/p>\n\n\n\n<h3 class=\"wp-block-heading\">Infirmi\u00e8re<\/h3>\n\n\n\n<p>Mme THOMAS V\u00e9ronique<\/p>\n\n\n\n<h3 class=\"wp-block-heading\">Psychologue EN<\/h3>\n\n\n\n<p>&#8212;<\/p>\n\n\n\n<h3 class=\"wp-block-heading\">Assistants d&rsquo;Education <\/h3>\n\n\n\n<p class=\"has-text-align-left\">Mme GILBOIRE Emeline<br>Mme. PITYBOTH Charl\u00e8ne<br>Mme CORRE BEATRICE<\/p>\n\n\n\n<p>M. JUAN Ryan<\/p>\n\n\n\n<p>M. CALLIERES Tony<\/p>\n\n\n\n<p class=\"has-text-align-left\">Mme LAMOLY Marina<br>M. SADZOUTE Evan<br>M. HOARAU Ulrich<br>Mme LUDOVIC Coline<\/p>\n\n\n\n<p>Mme. COPETTE M\u00e9ghane<\/p>\n\n\n\n<p class=\"has-text-align-left\"><br><br>Mme OGNARD R\u00e9mi (informaticien)<\/p>\n\n\n<p><!--EndFragment--><\/p>","protected":false},"excerpt":{"rendered":"<p>CPE Mme INDIANA Mathilde Assistante Sociale Mme CHRISTINA Marie-Alana Infirmi\u00e8re Mme THOMAS V\u00e9ronique Psychologue EN &#8212; Assistants d&rsquo;Education Mme GILBOIRE EmelineMme. PITYBOTH Charl\u00e8neMme CORRE BEATRICE M. JUAN Ryan M. CALLIERES Tony Mme LAMOLY MarinaM. SADZOUTE EvanM. HOARAU UlrichMme LUDOVIC Coline Mme. COPETTE M\u00e9ghane Mme OGNARD R\u00e9mi (informaticien)<\/p>\n<p class=\"continue-reading-button\"> <a class=\"continue-reading-link\" href=\"https:\/\/etab.ac-reunion.fr\/clg-harry-gruchet-la-chaloupe\/vie-scolaire\/\">Lire la suite<i class=\"crycon-right-dir\"><\/i><\/a><\/p>\n","protected":false},"author":22664,"featured_media":0,"parent":0,"menu_order":0,"comment_status":"closed","ping_status":"closed","template":"","meta":{"footnotes":""},"class_list":["post-490","page","type-page","status-publish","hentry"],"_links":{"self":[{"href":"https:\/\/etab.ac-reunion.fr\/clg-harry-gruchet-la-chaloupe\/wp-json\/wp\/v2\/pages\/490","targetHints":{"allow":["GET"]}}],"collection":[{"href":"https:\/\/etab.ac-reunion.fr\/clg-harry-gruchet-la-chaloupe\/wp-json\/wp\/v2\/pages"}],"about":[{"href":"https:\/\/etab.ac-reunion.fr\/clg-harry-gruchet-la-chaloupe\/wp-json\/wp\/v2\/types\/page"}],"author":[{"embeddable":true,"href":"https:\/\/etab.ac-reunion.fr\/clg-harry-gruchet-la-chaloupe\/wp-json\/wp\/v2\/users\/22664"}],"replies":[{"embeddable":true,"href":"https:\/\/etab.ac-reunion.fr\/clg-harry-gruchet-la-chaloupe\/wp-json\/wp\/v2\/comments?post=490"}],"version-history":[{"count":9,"href":"https:\/\/etab.ac-reunion.fr\/clg-harry-gruchet-la-chaloupe\/wp-json\/wp\/v2\/pages\/490\/revisions"}],"predecessor-version":[{"id":2649,"href":"https:\/\/etab.ac-reunion.fr\/clg-harry-gruchet-la-chaloupe\/wp-json\/wp\/v2\/pages\/490\/revisions\/2649"}],"wp:attachment":[{"href":"https:\/\/etab.ac-reunion.fr\/clg-harry-gruchet-la-chaloupe\/wp-json\/wp\/v2\/media?parent=490"}],"curies":[{"name":"wp","href":"https:\/\/api.w.org\/{rel}","templated":true}]}}