{"id":1661,"date":"2018-01-23T07:26:47","date_gmt":"2018-01-23T06:26:47","guid":{"rendered":"http:\/\/college-hhoarau.ac-reunion.fr\/?page_id=1661"},"modified":"2018-01-30T12:17:59","modified_gmt":"2018-01-30T11:17:59","slug":"presentation","status":"publish","type":"page","link":"https:\/\/etab.ac-reunion.fr\/clg-hegesippe-hoarau\/presentation\/","title":{"rendered":"Pr\u00e9sentation"},"content":{"rendered":"<p><span style=\"color: #ff0000\"><strong>Page en cours de r\u00e9daction<\/strong><\/span><\/p>\n<p><span style=\"font-size: 14pt\"><strong>\u2666 Tutelle : <\/strong><\/span>Minist\u00e8re charg\u00e9 de l&rsquo;\u00c9ducation nationale<\/p>\n<p><span style=\"font-size: 14pt\"><strong>\u2666 Nombre d&rsquo;\u00e9l\u00e8ves : <\/strong><span style=\"font-size: 12pt\">+\/- 1050 avec la SEGPA<\/span><\/span><\/p>\n<p><span style=\"font-size: 14pt\"><strong>\u2666 Statut de l&rsquo;\u00e9tablissement :<\/strong><\/span> Public<\/p>\n<p><span style=\"font-size: 14pt\"><strong>\u2666 H\u00e9bergement :<\/strong><\/span> Externat<\/p>\n<p><span style=\"font-size: 14pt\"><strong>\u2666 ULIS (Unit\u00e9 Localis\u00e9e pour l&rsquo;inclusion scolaire) :<\/strong><\/span> Oui (depuis la rentr\u00e9e 2017)<\/p>\n<p><span style=\"font-size: 14pt\"><strong>\u2666 Options obligatoires :<\/strong><\/span>\u00a0 <span class=\"spanh2\">&#8211; Langues vivantes 1 (LV1)<\/span> : Anglais<br \/>\n&#8211; <span class=\"spanh2\">Langues vivantes 2 (<\/span><span class=\"spanh2\">LV2) : <\/span><span class=\"eteChamps\">Allemand ou Espagnol<\/span><\/p>\n<p><span style=\"font-size: 14pt\"><strong>\u2666 Option facultative :<\/strong><\/span><span style=\"color: #0000ff\">\u00a0<\/span> &#8211; <span class=\"spanh2\">Langues et cultures de l&rsquo;Antiquit\u00e9 : <\/span><span class=\"eteChamps\">Latin<\/span><span class=\"spanh2\"><br \/>\n<\/span><\/p>\n<p><strong><span style=\"font-size: 14pt\">\u2666 Sections particuli\u00e8res d&rsquo;enseignement :<\/span><br \/>\n<\/strong><\/p>\n<p><strong>&#8211; Classe de troisi\u00e8me pr\u00e9paratoire \u00e0 l&rsquo;enseignement professionnel (3e pr\u00e9pa pro)<\/strong><\/p>\n<div class=\"accordion_content\">\n<p>La troisi\u00e8me \u00ab pr\u00e9pa pro \u00bb est un dispositif d&rsquo;alternance au coll\u00e8ge destin\u00e9 \u00e0 des \u00e9l\u00e8ves volontaires. A partir de m\u00e9thodes p\u00e9dagogiques diff\u00e9rentes, l&rsquo;objectif est d&rsquo;aider les \u00e9l\u00e8ves \u00e0 r\u00e9ussir leur derni\u00e8re ann\u00e9e de coll\u00e8ge, tout en m\u00fbrissant un projet d&rsquo;orientation par la d\u00e9couverte des m\u00e9tiers et des formations.<\/p>\n<ul>\n<li>enseignements g\u00e9n\u00e9raux (26 h hebdomadaires) : fran\u00e7ais, math\u00e9matiques, langues vivantes 1 et 2, histoire-g\u00e9ographie-enseignement moral et civique, sciences et technologies, enseignement artistique et EPS<\/li>\n<li>d\u00e9couverte professionnelle (6 h hebdomadaires) : visites d&rsquo;information, s\u00e9quences d&rsquo;observation, stages d&rsquo;initiation. Au moins deux domaines professionnels sont abord\u00e9s. Les \u00e9l\u00e8ves d\u00e9couvrent les \u00e9tablissements d&rsquo;enseignement professionnel (lyc\u00e9es professionnels ou agricoles, CFA, plateaux techniques des Segpa) et les entreprises.<\/li>\n<li>enseignements compl\u00e9mentaires (4 h hebdomadaires) : accompagnement personnalis\u00e9 et enseignements pratiques interdisciplinaires (EPI) commun \u00e0 plusieurs disciplines. Ces heures ne s&rsquo;ajoutent pas \u00e0 l&#8217;emploi du temps.<\/li>\n<\/ul>\n<p>A ces enseignements, s&rsquo;ajoutent 10 h annuelles consacr\u00e9es \u00e0 la vie de classe.<\/p>\n<p>Les \u00e9l\u00e8ves de 3<sup>e<\/sup> pr\u00e9pa-pro pr\u00e9sentent le dipl\u00f4me national du brevet (DNB), voie g\u00e9n\u00e9rale ou professionnelle ou le certificat de formation g\u00e9n\u00e9rale (CFG). Apr\u00e8s la 3<sup>e<\/sup>, les \u00e9l\u00e8ves poursuivent en 2<sup>nde<\/sup> professionnelle &#8211; \u00e9ventuellement en apprentissage &#8211; ou en 2<sup>nde<\/sup> g\u00e9n\u00e9rale et technologique.<\/p>\n<\/div>\n<p><strong>&#8211; SEGPA (Section d&rsquo;enseignement g\u00e9n\u00e9ral et professionnel adapt\u00e9)<\/strong><\/p>\n<div id=\"vertical_container1\">\n<div class=\"accordion_content\">\n<p>Une section d&rsquo;enseignement g\u00e9n\u00e9ral et professionnel adapt\u00e9 (SEGPA) accueille, au sein d&rsquo;un coll\u00e8ge, des adolescents pr\u00e9sentant des difficult\u00e9s scolaires graves et persistantes. L&rsquo;admission d&rsquo;un \u00e9l\u00e8ve en SEGPA se fait, avec l&rsquo;accord de sa famille, par d\u00e9cision de l&rsquo;inspecteur d&rsquo;acad\u00e9mie apr\u00e8s avis favorable d&rsquo;une commission d\u00e9partementale.<\/p>\n<p>A partir de la classe de 5<sup>e<\/sup> , la part des enseignements g\u00e9n\u00e9raux est r\u00e9duite au profit du module d&rsquo;aides sp\u00e9cifiques et de\u00a0la d\u00e9couverte professionnelle\u00a0(horaires hedbomadaires)\u00a0:<\/p>\n<ul>\n<li>fran\u00e7ais, histoire-g\u00e9ographie-enseignement moral et civique, langue vivante, math\u00e9matiques, sciences et technologie, arts, EPS 26 h en 6<sup>e<\/sup> , 23 h 30 en 5<sup>e<\/sup> , 22 h en 4<sup>e<\/sup> , 19 h 30 en 3<sup>e<\/sup><\/li>\n<li>module d&rsquo;aides sp\u00e9cifiques 2 h 30 en 5<sup>e<\/sup><\/li>\n<li>d\u00e9couverte professionnelle 6 h en 4<sup>e<\/sup> , 12 h en 3<sup>e<\/sup><\/li>\n<li>stages : 2 stages d&rsquo;initiation en 4<sup>e<\/sup> et 2 stages d&rsquo;application en 3<sup>e<\/sup><\/li>\n<li>enseignements compl\u00e9mentaires : accompagnement personnalis\u00e9 et enseignements pratiques interdisciplinaires (EPI) commun \u00e0 plusieurs disciplines 3 h en 6<sup>e<\/sup> , 4 h de la 5<sup>e<\/sup> \u00e0 la 3<sup>e<\/sup> . Ces heures ne s&rsquo;ajoutent pas \u00e0 l&#8217;emploi du temps.<\/li>\n<\/ul>\n<p>A partir de la 4<sup>e<\/sup> , les \u00e9l\u00e8ves d\u00e9couvrent diff\u00e9rents champs professionnels :<\/p>\n<ul>\n<li>habitat<\/li>\n<li>hygi\u00e8ne-alimentation-services<\/li>\n<li>espace rural et environnement<\/li>\n<li>vente-distribution-magasinage<\/li>\n<li>production industrielle<\/li>\n<\/ul>\n<p>En fin de 3<sup>e<\/sup> , ils passent le certificat d&rsquo;enseignement g\u00e9n\u00e9ral (CFG) ou \u00e9ventuellement le dipl\u00f4me national du brevet (DNB), s\u00e9rie professionnelle. Ils poursuivent en CAP dans un lyc\u00e9e professionnel, un CFA ou un \u00e9tablissement r\u00e9gional d&rsquo;enseignement adapt\u00e9 (EREA).<\/p>\n<\/div>\n<\/div>\n<p><span style=\"font-size: 14pt\"><strong>\u2666 R\u00e9sultats du coll\u00e8ge au DNB :<\/strong><\/span><\/p>\n<div class=\"su-table su-table-alternate\">\n<table>\n<tbody>\n<tr>\n<td><strong>Ann\u00e9e<\/strong><\/td>\n<td><strong>Taux de r\u00e9ussite<\/strong><\/td>\n<td><strong>Taux de mention<\/strong><\/td>\n<\/tr>\n<tr>\n<td>2014<\/td>\n<td>82.0%<\/td>\n<td>46.5%<\/td>\n<\/tr>\n<tr>\n<td>2015<\/td>\n<td>83.2%<\/td>\n<td>50.4%<\/td>\n<\/tr>\n<tr>\n<td>2016<\/td>\n<td>87.6%<\/td>\n<td>63.5%<\/td>\n<\/tr>\n<tr>\n<td>2017<\/td>\n<td>?<\/td>\n<td>?<\/td>\n<\/tr>\n<\/tbody>\n<\/table>\n<\/div>\n<p>&nbsp;<\/p>\n<!-- AddThis Advanced Settings generic via filter on the_content --><!-- AddThis Share Buttons generic via filter on the_content -->","protected":false},"excerpt":{"rendered":"<p>Page en cours de r\u00e9daction \u2666 Tutelle : Minist\u00e8re charg\u00e9 de l&rsquo;\u00c9ducation nationale \u2666 Nombre d&rsquo;\u00e9l\u00e8ves : +\/- 1050 avec la SEGPA \u2666 Statut de l&rsquo;\u00e9tablissement : Public \u2666 H\u00e9bergement : Externat \u2666 ULIS (Unit\u00e9 Localis\u00e9e pour l&rsquo;inclusion scolaire) : Oui (depuis la rentr\u00e9e 2017) \u2666 Options obligatoires :\u00a0 &#8211;\u2026<!-- AddThis Advanced Settings generic via filter on get_the_excerpt --><!-- AddThis Share Buttons generic via filter on get_the_excerpt --><\/p>\n<p class=\"continue-reading-button\"> <a class=\"continue-reading-link\" href=\"https:\/\/etab.ac-reunion.fr\/clg-hegesippe-hoarau\/presentation\/\">Lire plus<i class=\"crycon-right-dir\"><\/i><\/a><\/p>\n","protected":false},"author":17426,"featured_media":0,"parent":0,"menu_order":0,"comment_status":"closed","ping_status":"closed","template":"","meta":{"footnotes":""},"class_list":["post-1661","page","type-page","status-publish","hentry"],"_links":{"self":[{"href":"https:\/\/etab.ac-reunion.fr\/clg-hegesippe-hoarau\/wp-json\/wp\/v2\/pages\/1661","targetHints":{"allow":["GET"]}}],"collection":[{"href":"https:\/\/etab.ac-reunion.fr\/clg-hegesippe-hoarau\/wp-json\/wp\/v2\/pages"}],"about":[{"href":"https:\/\/etab.ac-reunion.fr\/clg-hegesippe-hoarau\/wp-json\/wp\/v2\/types\/page"}],"author":[{"embeddable":true,"href":"https:\/\/etab.ac-reunion.fr\/clg-hegesippe-hoarau\/wp-json\/wp\/v2\/users\/17426"}],"replies":[{"embeddable":true,"href":"https:\/\/etab.ac-reunion.fr\/clg-hegesippe-hoarau\/wp-json\/wp\/v2\/comments?post=1661"}],"version-history":[{"count":8,"href":"https:\/\/etab.ac-reunion.fr\/clg-hegesippe-hoarau\/wp-json\/wp\/v2\/pages\/1661\/revisions"}],"predecessor-version":[{"id":1828,"href":"https:\/\/etab.ac-reunion.fr\/clg-hegesippe-hoarau\/wp-json\/wp\/v2\/pages\/1661\/revisions\/1828"}],"wp:attachment":[{"href":"https:\/\/etab.ac-reunion.fr\/clg-hegesippe-hoarau\/wp-json\/wp\/v2\/media?parent=1661"}],"curies":[{"name":"wp","href":"https:\/\/api.w.org\/{rel}","templated":true}]}}