{"id":1667,"date":"2018-01-23T07:28:35","date_gmt":"2018-01-23T06:28:35","guid":{"rendered":"http:\/\/college-hhoarau.ac-reunion.fr\/?page_id=1667"},"modified":"2018-02-26T10:03:33","modified_gmt":"2018-02-26T06:03:33","slug":"les-horaires","status":"publish","type":"page","link":"https:\/\/etab.ac-reunion.fr\/clg-hegesippe-hoarau\/les-horaires\/","title":{"rendered":"Le r\u00e8glement int\u00e9rieur"},"content":{"rendered":"<p><span style=\"color: #0000ff\"><strong>Le r\u00e9glement int\u00e9rieur<\/strong><\/span><\/p>\n<div class=\"su-document su-u-responsive-media-yes\"><iframe loading=\"lazy\" src=\"\/\/docs.google.com\/viewer?embedded=true&url=https:\/\/etab.ac-reunion.fr\/clg-hegesippe-hoarauwp-content\/uploads\/sites\/157\/2018\/02\/reglementinterieur20162017.pdf\" width=\"620\" height=\"800\" class=\"su-document\" title=\"\"><\/iframe><\/div>\n<p><span style=\"color: #0000ff\"><strong>La charte coll\u00e9gienne<\/strong><\/span><\/p>\n<div class=\"su-document su-u-responsive-media-yes\"><iframe loading=\"lazy\" src=\"\/\/docs.google.com\/viewer?embedded=true&url=https:\/\/etab.ac-reunion.fr\/clg-hegesippe-hoarauwp-content\/uploads\/sites\/157\/2018\/02\/charte20carnet202015202016.pdf\" width=\"620\" height=\"800\" class=\"su-document\" title=\"\"><\/iframe><\/div>\n<!-- AddThis Advanced Settings generic via filter on the_content --><!-- AddThis Share Buttons generic via filter on the_content -->","protected":false},"excerpt":{"rendered":"<p>Le r\u00e9glement int\u00e9rieur La charte coll\u00e9gienne<!-- AddThis Advanced Settings generic via filter on get_the_excerpt --><!-- AddThis Share Buttons generic via filter on get_the_excerpt --><\/p>\n<p class=\"continue-reading-button\"> <a class=\"continue-reading-link\" href=\"https:\/\/etab.ac-reunion.fr\/clg-hegesippe-hoarau\/les-horaires\/\">Lire plus<i class=\"crycon-right-dir\"><\/i><\/a><\/p>\n","protected":false},"author":17426,"featured_media":0,"parent":0,"menu_order":0,"comment_status":"closed","ping_status":"closed","template":"","meta":{"footnotes":""},"class_list":["post-1667","page","type-page","status-publish","hentry"],"_links":{"self":[{"href":"https:\/\/etab.ac-reunion.fr\/clg-hegesippe-hoarau\/wp-json\/wp\/v2\/pages\/1667","targetHints":{"allow":["GET"]}}],"collection":[{"href":"https:\/\/etab.ac-reunion.fr\/clg-hegesippe-hoarau\/wp-json\/wp\/v2\/pages"}],"about":[{"href":"https:\/\/etab.ac-reunion.fr\/clg-hegesippe-hoarau\/wp-json\/wp\/v2\/types\/page"}],"author":[{"embeddable":true,"href":"https:\/\/etab.ac-reunion.fr\/clg-hegesippe-hoarau\/wp-json\/wp\/v2\/users\/17426"}],"replies":[{"embeddable":true,"href":"https:\/\/etab.ac-reunion.fr\/clg-hegesippe-hoarau\/wp-json\/wp\/v2\/comments?post=1667"}],"version-history":[{"count":6,"href":"https:\/\/etab.ac-reunion.fr\/clg-hegesippe-hoarau\/wp-json\/wp\/v2\/pages\/1667\/revisions"}],"predecessor-version":[{"id":2099,"href":"https:\/\/etab.ac-reunion.fr\/clg-hegesippe-hoarau\/wp-json\/wp\/v2\/pages\/1667\/revisions\/2099"}],"wp:attachment":[{"href":"https:\/\/etab.ac-reunion.fr\/clg-hegesippe-hoarau\/wp-json\/wp\/v2\/media?parent=1667"}],"curies":[{"name":"wp","href":"https:\/\/api.w.org\/{rel}","templated":true}]}}