{"id":1672,"date":"2018-01-23T07:30:37","date_gmt":"2018-01-23T06:30:37","guid":{"rendered":"http:\/\/college-hhoarau.ac-reunion.fr\/?page_id=1672"},"modified":"2018-01-24T09:51:00","modified_gmt":"2018-01-24T08:51:00","slug":"les-horaires-2","status":"publish","type":"page","link":"https:\/\/etab.ac-reunion.fr\/clg-hegesippe-hoarau\/les-horaires-2\/","title":{"rendered":"Les horaires"},"content":{"rendered":"<p>L&rsquo;accueil et l&rsquo;encadrement des \u00e9l\u00e8ves sont assur\u00e9s de 07h30 \u00e0 18h00.<br \/>\nL&rsquo;\u00e9tablissement est ouvert du lundi au vendredi.<br \/>\nDes activit\u00e9s \u00e9ducatives (options facultatives ou optionnelles) peuvent \u00eatre organis\u00e9es le mercredi apr\u00e8s-midi ou le samedi matin.<\/p>\n<p><span style=\"font-size: 14pt\"><strong>Matin<\/strong><\/span><\/p>\n<div class=\"su-table su-table-alternate\">\n<table>\n<tbody>\n<tr>\n<td>Ouverture du coll\u00e8ge<\/td>\n<td>07h30<\/td>\n<\/tr>\n<tr>\n<td>Mise en rang (Cour E\/F ou Segpa) et prise en charge des \u00e9l\u00e8ves<\/td>\n<td>07h55<\/td>\n<\/tr>\n<tr>\n<td>M1<\/td>\n<td>08h00 \u00e0 08h55<\/td>\n<\/tr>\n<tr>\n<td>M2<\/td>\n<td>08h58 \u00e0 09h53<\/td>\n<\/tr>\n<tr>\n<td>INTERRUPTION de 17 minutes<\/td>\n<td><\/td>\n<\/tr>\n<tr>\n<td>Mise en rang et prise en charge des \u00e9l\u00e8ves<\/td>\n<td>10h08<\/td>\n<\/tr>\n<tr>\n<td>M3<\/td>\n<td>10h10 \u00e0 11h05<\/td>\n<\/tr>\n<tr>\n<td>M4<\/td>\n<td>11h08 \u00e0 12h03<\/td>\n<\/tr>\n<tr>\n<td>PAUSE DEJEUNER DE 01h30<\/td>\n<td><\/td>\n<\/tr>\n<\/tbody>\n<\/table>\n<\/div>\n<p><span style=\"font-size: 14pt\"><strong>APRES-MIDI<\/strong><\/span><br \/>\n<div class=\"su-table su-table-alternate\">\n<table>\n<tbody>\n<tr>\n<td>Ouverture pour les externes<\/td>\n<td>13h15<\/td>\n<\/tr>\n<tr>\n<td>Mise en rang (Cour E\/F ou Segpa) et prise en charge des \u00e9l\u00e8ves<\/td>\n<td>13h25<\/td>\n<\/tr>\n<tr>\n<td>S1<\/td>\n<td>13h30 \u00e0 14h25<\/td>\n<\/tr>\n<tr>\n<td>S2<\/td>\n<td>14h28 \u00e0 15h23<\/td>\n<\/tr>\n<tr>\n<td>INTERRUPTION de 12 minutes<\/td>\n<td><\/td>\n<\/tr>\n<tr>\n<td>Mise en rang et prise en charge des \u00e9l\u00e8ves<\/td>\n<td>15h30<\/td>\n<\/tr>\n<tr>\n<td>S3<\/td>\n<td>15h35 \u00e0 16h30<\/td>\n<\/tr>\n<tr>\n<td>FIN DES COURS<\/td>\n<td>16H30<\/td>\n<\/tr>\n<\/tbody>\n<\/table>\n<\/div>\n<p>L&rsquo;accompagnement \u00e9ducatif et le dispositif \u00ab\u00a0devoirs faits\u00a0\u00bb ont lieu les lundis, mardis, jeudis et vendredis de 16h30 \u00e0 18h00.<\/p>\n<!-- AddThis Advanced Settings generic via filter on the_content --><!-- AddThis Share Buttons generic via filter on the_content -->","protected":false},"excerpt":{"rendered":"<p>L&rsquo;accueil et l&rsquo;encadrement des \u00e9l\u00e8ves sont assur\u00e9s de 07h30 \u00e0 18h00. L&rsquo;\u00e9tablissement est ouvert du lundi au vendredi. Des activit\u00e9s \u00e9ducatives (options facultatives ou optionnelles) peuvent \u00eatre organis\u00e9es le mercredi apr\u00e8s-midi ou le samedi matin. Matin APRES-MIDI L&rsquo;accompagnement \u00e9ducatif et le dispositif \u00ab\u00a0devoirs faits\u00a0\u00bb ont lieu les lundis, mardis, jeudis\u2026<!-- AddThis Advanced Settings generic via filter on get_the_excerpt --><!-- AddThis Share Buttons generic via filter on get_the_excerpt --><\/p>\n<p class=\"continue-reading-button\"> <a class=\"continue-reading-link\" href=\"https:\/\/etab.ac-reunion.fr\/clg-hegesippe-hoarau\/les-horaires-2\/\">Lire plus<i class=\"crycon-right-dir\"><\/i><\/a><\/p>\n","protected":false},"author":17426,"featured_media":0,"parent":0,"menu_order":0,"comment_status":"closed","ping_status":"closed","template":"","meta":{"footnotes":""},"class_list":["post-1672","page","type-page","status-publish","hentry"],"_links":{"self":[{"href":"https:\/\/etab.ac-reunion.fr\/clg-hegesippe-hoarau\/wp-json\/wp\/v2\/pages\/1672","targetHints":{"allow":["GET"]}}],"collection":[{"href":"https:\/\/etab.ac-reunion.fr\/clg-hegesippe-hoarau\/wp-json\/wp\/v2\/pages"}],"about":[{"href":"https:\/\/etab.ac-reunion.fr\/clg-hegesippe-hoarau\/wp-json\/wp\/v2\/types\/page"}],"author":[{"embeddable":true,"href":"https:\/\/etab.ac-reunion.fr\/clg-hegesippe-hoarau\/wp-json\/wp\/v2\/users\/17426"}],"replies":[{"embeddable":true,"href":"https:\/\/etab.ac-reunion.fr\/clg-hegesippe-hoarau\/wp-json\/wp\/v2\/comments?post=1672"}],"version-history":[{"count":8,"href":"https:\/\/etab.ac-reunion.fr\/clg-hegesippe-hoarau\/wp-json\/wp\/v2\/pages\/1672\/revisions"}],"predecessor-version":[{"id":1796,"href":"https:\/\/etab.ac-reunion.fr\/clg-hegesippe-hoarau\/wp-json\/wp\/v2\/pages\/1672\/revisions\/1796"}],"wp:attachment":[{"href":"https:\/\/etab.ac-reunion.fr\/clg-hegesippe-hoarau\/wp-json\/wp\/v2\/media?parent=1672"}],"curies":[{"name":"wp","href":"https:\/\/api.w.org\/{rel}","templated":true}]}}