{"id":1686,"date":"2018-01-23T08:43:41","date_gmt":"2018-01-23T07:43:41","guid":{"rendered":"http:\/\/college-hhoarau.ac-reunion.fr\/?page_id=1686"},"modified":"2026-04-09T15:53:45","modified_gmt":"2026-04-09T11:53:45","slug":"les-directeurs-ou-chefs","status":"publish","type":"page","link":"https:\/\/etab.ac-reunion.fr\/clg-hegesippe-hoarau\/les-directeurs-ou-chefs\/","title":{"rendered":"Les directeurs ou chefs"},"content":{"rendered":"<div class=\"entry-content\">\n<p>1902-1925 : H\u00e9g\u00e9sippe HOARAU (23 ans)<\/p>\n<p>1925-1931 : Bernard HOARAU<\/p>\n<p>1931-1932 : Augustin PAULIN<\/p>\n<p>1932-1937 : L\u00e9onien FONTANE<\/p>\n<p>1937-1939 : Charles VANDOMELE<\/p>\n<p>1939-1948 : Sylvio PAYET<\/p>\n<p>1948-1950 : Yves MOREAU<\/p>\n<p>1950-1958 : Alcide BARET<\/p>\n<p>1958-1962 : Ren\u00e9 FOURNIER<\/p>\n<p>1962-1967 : Adrien CARAGUEL<\/p>\n<p>1967-1984 : Paul FONTAINE (17 ans)<\/p>\n<p>1984-1988 : Marcel MARCELLIN<\/p>\n<p>1988-1994 : Georges DHELLEMES<\/p>\n<p>1994-2000 : Guy HOARAU<\/p>\n<p>2000-2003 : Ghislein PAYET<\/p>\n<p>2003-2007 : Francine PERRILLAT<\/p>\n<p>2007-2009 : Bernard BLANCHON<\/p>\n<p>2009-2014 : Mich\u00e8le TRIBALAT<\/p>\n<p>2014-2021 : Fran\u00e7ois RIVIERE<\/p>\n<p>2021-2026 : Thierry VITRY<\/p>\n<\/div>\n<!-- AddThis Advanced Settings generic via filter on the_content --><!-- AddThis Share Buttons generic via filter on the_content -->","protected":false},"excerpt":{"rendered":"<p>1902-1925 : H\u00e9g\u00e9sippe HOARAU (23 ans) 1925-1931 : Bernard HOARAU 1931-1932 : Augustin PAULIN 1932-1937 : L\u00e9onien FONTANE 1937-1939 : Charles VANDOMELE 1939-1948 : Sylvio PAYET 1948-1950 : Yves MOREAU 1950-1958 : Alcide BARET 1958-1962 : Ren\u00e9 FOURNIER 1962-1967 : Adrien CARAGUEL 1967-1984 : Paul FONTAINE (17 ans) 1984-1988 :\u2026<!-- AddThis Advanced Settings generic via filter on get_the_excerpt --><!-- AddThis Share Buttons generic via filter on get_the_excerpt --><\/p>\n<p class=\"continue-reading-button\"> <a class=\"continue-reading-link\" href=\"https:\/\/etab.ac-reunion.fr\/clg-hegesippe-hoarau\/les-directeurs-ou-chefs\/\">Lire plus<i class=\"crycon-right-dir\"><\/i><\/a><\/p>\n","protected":false},"author":17426,"featured_media":0,"parent":0,"menu_order":0,"comment_status":"closed","ping_status":"closed","template":"","meta":{"footnotes":""},"class_list":["post-1686","page","type-page","status-publish","hentry"],"_links":{"self":[{"href":"https:\/\/etab.ac-reunion.fr\/clg-hegesippe-hoarau\/wp-json\/wp\/v2\/pages\/1686","targetHints":{"allow":["GET"]}}],"collection":[{"href":"https:\/\/etab.ac-reunion.fr\/clg-hegesippe-hoarau\/wp-json\/wp\/v2\/pages"}],"about":[{"href":"https:\/\/etab.ac-reunion.fr\/clg-hegesippe-hoarau\/wp-json\/wp\/v2\/types\/page"}],"author":[{"embeddable":true,"href":"https:\/\/etab.ac-reunion.fr\/clg-hegesippe-hoarau\/wp-json\/wp\/v2\/users\/17426"}],"replies":[{"embeddable":true,"href":"https:\/\/etab.ac-reunion.fr\/clg-hegesippe-hoarau\/wp-json\/wp\/v2\/comments?post=1686"}],"version-history":[{"count":7,"href":"https:\/\/etab.ac-reunion.fr\/clg-hegesippe-hoarau\/wp-json\/wp\/v2\/pages\/1686\/revisions"}],"predecessor-version":[{"id":4869,"href":"https:\/\/etab.ac-reunion.fr\/clg-hegesippe-hoarau\/wp-json\/wp\/v2\/pages\/1686\/revisions\/4869"}],"wp:attachment":[{"href":"https:\/\/etab.ac-reunion.fr\/clg-hegesippe-hoarau\/wp-json\/wp\/v2\/media?parent=1686"}],"curies":[{"name":"wp","href":"https:\/\/api.w.org\/{rel}","templated":true}]}}