{"id":1720,"date":"2018-01-23T19:03:16","date_gmt":"2018-01-23T18:03:16","guid":{"rendered":"http:\/\/college-hhoarau.ac-reunion.fr\/?page_id=1720"},"modified":"2022-12-08T15:13:38","modified_gmt":"2022-12-08T11:13:38","slug":"contact","status":"publish","type":"page","link":"https:\/\/etab.ac-reunion.fr\/clg-hegesippe-hoarau\/contact\/","title":{"rendered":"Contact"},"content":{"rendered":"<p><strong><span style=\"color: #000000\">Adresse :<\/span><\/strong> Coll\u00e8ge H\u00e9g\u00e9sippe Hoarau, 3 rue de la Place des F\u00eates, 97421 la Rivi\u00e8re Saint-Louis<\/p>\n<p><strong><span style=\"color: #000000\">T\u00e9l :<\/span><\/strong> 0262390257<br \/>\n<strong><span style=\"color: #000000\">Fax :<\/span><\/strong> 0262390761<\/p>\n<p><strong><span style=\"color: #000000\">Mail :<\/span><\/strong> ce.9740011u@ac-reunion.fr<\/p>\n<p>&nbsp;<\/p>\n<!-- AddThis Advanced Settings generic via filter on the_content --><!-- AddThis Share Buttons generic via filter on the_content -->","protected":false},"excerpt":{"rendered":"<p>Adresse : Coll\u00e8ge H\u00e9g\u00e9sippe Hoarau, 3 rue de la Place des F\u00eates, 97421 la Rivi\u00e8re Saint-Louis T\u00e9l : 0262390257 Fax : 0262390761 Mail : ce.9740011u@ac-reunion.fr &nbsp;<!-- AddThis Advanced Settings generic via filter on get_the_excerpt --><!-- AddThis Share Buttons generic via filter on get_the_excerpt --><\/p>\n<p class=\"continue-reading-button\"> <a class=\"continue-reading-link\" href=\"https:\/\/etab.ac-reunion.fr\/clg-hegesippe-hoarau\/contact\/\">Lire plus<i class=\"crycon-right-dir\"><\/i><\/a><\/p>\n","protected":false},"author":17426,"featured_media":0,"parent":0,"menu_order":0,"comment_status":"closed","ping_status":"closed","template":"","meta":{"footnotes":""},"class_list":["post-1720","page","type-page","status-publish","hentry"],"_links":{"self":[{"href":"https:\/\/etab.ac-reunion.fr\/clg-hegesippe-hoarau\/wp-json\/wp\/v2\/pages\/1720","targetHints":{"allow":["GET"]}}],"collection":[{"href":"https:\/\/etab.ac-reunion.fr\/clg-hegesippe-hoarau\/wp-json\/wp\/v2\/pages"}],"about":[{"href":"https:\/\/etab.ac-reunion.fr\/clg-hegesippe-hoarau\/wp-json\/wp\/v2\/types\/page"}],"author":[{"embeddable":true,"href":"https:\/\/etab.ac-reunion.fr\/clg-hegesippe-hoarau\/wp-json\/wp\/v2\/users\/17426"}],"replies":[{"embeddable":true,"href":"https:\/\/etab.ac-reunion.fr\/clg-hegesippe-hoarau\/wp-json\/wp\/v2\/comments?post=1720"}],"version-history":[{"count":8,"href":"https:\/\/etab.ac-reunion.fr\/clg-hegesippe-hoarau\/wp-json\/wp\/v2\/pages\/1720\/revisions"}],"predecessor-version":[{"id":4124,"href":"https:\/\/etab.ac-reunion.fr\/clg-hegesippe-hoarau\/wp-json\/wp\/v2\/pages\/1720\/revisions\/4124"}],"wp:attachment":[{"href":"https:\/\/etab.ac-reunion.fr\/clg-hegesippe-hoarau\/wp-json\/wp\/v2\/media?parent=1720"}],"curies":[{"name":"wp","href":"https:\/\/api.w.org\/{rel}","templated":true}]}}