{"id":1738,"date":"2018-01-23T21:54:44","date_gmt":"2018-01-23T20:54:44","guid":{"rendered":"http:\/\/college-hhoarau.ac-reunion.fr\/?page_id=1738"},"modified":"2021-04-09T08:53:47","modified_gmt":"2021-04-09T04:53:47","slug":"un-college-vert-et-respectueux-de-la-flore","status":"publish","type":"page","link":"https:\/\/etab.ac-reunion.fr\/clg-hegesippe-hoarau\/un-college-vert-et-respectueux-de-la-flore\/","title":{"rendered":"Un coll\u00e8ge vert"},"content":{"rendered":"<p>Le coll\u00e8ge H\u00e9g\u00e9sippe Hoarau abrite une biodiversit\u00e9 v\u00e9g\u00e9tale riche. On peut y d\u00e9couvrir quelques exemples de plantes indig\u00e8nes et end\u00e9miques qui sont menac\u00e9es. Certaines sont en voie d&rsquo;extinction. Elles appartiennent au patrimoine culturel et scientifique de la R\u00e9union.<\/p>\n<p>Un atelier anim\u00e9 par M. Ducaffy, un ancien professeur de SVT du coll\u00e8ge, a recens\u00e9 les sp\u00e9cimens dans le document suivant en 2011. Son chargement peut \u00eatre long, merci de patienter&#8230;<\/p>\n<div class=\"su-document su-u-responsive-media-no\"><iframe loading=\"lazy\" src=\"\/\/docs.google.com\/viewer?embedded=true&url=https:\/\/www.dropbox.com\/s\/05tk05ndsffruzc\/sentier_botanique_dHegesippe_2012_small.pdf?dl=1\" width=\"800\" height=\"600\" class=\"su-document\" title=\"\"><\/iframe><\/div>\n<!-- AddThis Advanced Settings generic via filter on the_content --><!-- AddThis Share Buttons generic via filter on the_content -->","protected":false},"excerpt":{"rendered":"<p>Le coll\u00e8ge H\u00e9g\u00e9sippe Hoarau abrite une biodiversit\u00e9 v\u00e9g\u00e9tale riche. On peut y d\u00e9couvrir quelques exemples de plantes indig\u00e8nes et end\u00e9miques qui sont menac\u00e9es. Certaines sont en voie d&rsquo;extinction. Elles appartiennent au patrimoine culturel et scientifique de la R\u00e9union. Un atelier anim\u00e9 par M. Ducaffy, un ancien professeur de SVT du\u2026<!-- AddThis Advanced Settings generic via filter on get_the_excerpt --><!-- AddThis Share Buttons generic via filter on get_the_excerpt --><\/p>\n<p class=\"continue-reading-button\"> <a class=\"continue-reading-link\" href=\"https:\/\/etab.ac-reunion.fr\/clg-hegesippe-hoarau\/un-college-vert-et-respectueux-de-la-flore\/\">Lire plus<i class=\"crycon-right-dir\"><\/i><\/a><\/p>\n","protected":false},"author":17426,"featured_media":0,"parent":0,"menu_order":0,"comment_status":"closed","ping_status":"closed","template":"","meta":{"footnotes":""},"class_list":["post-1738","page","type-page","status-publish","hentry"],"_links":{"self":[{"href":"https:\/\/etab.ac-reunion.fr\/clg-hegesippe-hoarau\/wp-json\/wp\/v2\/pages\/1738","targetHints":{"allow":["GET"]}}],"collection":[{"href":"https:\/\/etab.ac-reunion.fr\/clg-hegesippe-hoarau\/wp-json\/wp\/v2\/pages"}],"about":[{"href":"https:\/\/etab.ac-reunion.fr\/clg-hegesippe-hoarau\/wp-json\/wp\/v2\/types\/page"}],"author":[{"embeddable":true,"href":"https:\/\/etab.ac-reunion.fr\/clg-hegesippe-hoarau\/wp-json\/wp\/v2\/users\/17426"}],"replies":[{"embeddable":true,"href":"https:\/\/etab.ac-reunion.fr\/clg-hegesippe-hoarau\/wp-json\/wp\/v2\/comments?post=1738"}],"version-history":[{"count":19,"href":"https:\/\/etab.ac-reunion.fr\/clg-hegesippe-hoarau\/wp-json\/wp\/v2\/pages\/1738\/revisions"}],"predecessor-version":[{"id":4067,"href":"https:\/\/etab.ac-reunion.fr\/clg-hegesippe-hoarau\/wp-json\/wp\/v2\/pages\/1738\/revisions\/4067"}],"wp:attachment":[{"href":"https:\/\/etab.ac-reunion.fr\/clg-hegesippe-hoarau\/wp-json\/wp\/v2\/media?parent=1738"}],"curies":[{"name":"wp","href":"https:\/\/api.w.org\/{rel}","templated":true}]}}