{"id":3248,"date":"2019-06-03T15:15:49","date_gmt":"2019-06-03T11:15:49","guid":{"rendered":"http:\/\/college-hhoarau.ac-reunion.fr\/?p=3248"},"modified":"2019-06-03T15:29:33","modified_gmt":"2019-06-03T11:29:33","slug":"demandes-de-bourse","status":"publish","type":"page","link":"https:\/\/etab.ac-reunion.fr\/clg-hegesippe-hoarau\/demandes-de-bourse\/","title":{"rendered":"Demandes de bourse"},"content":{"rendered":"\n<p> Depuis l\u2019an pass\u00e9 , les demandes de bourse de coll\u00e8ge et de lyc\u00e9e doivent se faire par l\u2019interm\u00e9diaire de M\u00e9tice \u00e0 l&rsquo;adresse <a href=\"http:\/\/metice.ac-reunion.fr\">metice.ac-reunion.fr<\/a><\/p>\n\n\n\n<p> Afin de pouvoir vous connecter \u00e0 M\u00e9tice, un identifiant et un code d\u2019acc\u00e8s vous ont \u00e9t\u00e9 transmis en d\u00e9but d&rsquo;ann\u00e9e. <\/p>\n\n\n\n<figure class=\"wp-block-image\"><img loading=\"lazy\" decoding=\"async\" width=\"1011\" height=\"500\" src=\"https:\/\/etab.ac-reunion.fr\/clg-hegesippe-hoarauwp-content\/uploads\/sites\/157\/2019\/06\/sso.png\" alt=\"\" class=\"wp-image-3254\" srcset=\"https:\/\/etab.ac-reunion.fr\/clg-hegesippe-hoarau\/wp-content\/uploads\/sites\/157\/2019\/06\/sso.png 1011w, https:\/\/etab.ac-reunion.fr\/clg-hegesippe-hoarau\/wp-content\/uploads\/sites\/157\/2019\/06\/sso-300x148.png 300w, https:\/\/etab.ac-reunion.fr\/clg-hegesippe-hoarau\/wp-content\/uploads\/sites\/157\/2019\/06\/sso-768x380.png 768w, https:\/\/etab.ac-reunion.fr\/clg-hegesippe-hoarau\/wp-content\/uploads\/sites\/157\/2019\/06\/sso-150x74.png 150w\" sizes=\"auto, (max-width: 1011px) 100vw, 1011px\" \/><\/figure>\n\n\n\n<p>Dans l&rsquo;environnement M\u00e9tice, il faut cliquer sur l&rsquo;ic\u00f4ne \u00ab\u00a0<strong>T\u00e9l\u00e9services<\/strong>\u00ab\u00a0<\/p>\n\n\n\n<figure class=\"wp-block-image\"><img loading=\"lazy\" decoding=\"async\" width=\"754\" height=\"229\" src=\"https:\/\/etab.ac-reunion.fr\/clg-hegesippe-hoarauwp-content\/uploads\/sites\/157\/2019\/06\/teleservice.png\" alt=\"\" class=\"wp-image-3249\" srcset=\"https:\/\/etab.ac-reunion.fr\/clg-hegesippe-hoarau\/wp-content\/uploads\/sites\/157\/2019\/06\/teleservice.png 754w, https:\/\/etab.ac-reunion.fr\/clg-hegesippe-hoarau\/wp-content\/uploads\/sites\/157\/2019\/06\/teleservice-300x91.png 300w, https:\/\/etab.ac-reunion.fr\/clg-hegesippe-hoarau\/wp-content\/uploads\/sites\/157\/2019\/06\/teleservice-150x46.png 150w\" sizes=\"auto, (max-width: 754px) 100vw, 754px\" \/><\/figure>\n\n\n\n<p>Puis suivre les instructions donn\u00e9es dans la vid\u00e9o suivante :<\/p>\n\n\n\n<pre class=\"wp-block-code\"><code><div class=\"su-youtube su-u-responsive-media-yes\"><iframe loading=\"lazy\" width=\"600\" height=\"400\" src=\"https:\/\/www.youtube.com\/embed\/QdoWWMKZLjk?\" frameborder=\"0\" allowfullscreen allow=\"autoplay; encrypted-media; picture-in-picture\" title=\"\"><\/iframe><\/div><\/code><\/pre>\n\n\n\n<p> Si vous \u00eates dans l\u2019impossibilit\u00e9 mat\u00e9rielle d\u2019effectuer votre demande en ligne \u00e0 la maison, un ordinateur et une aide technique vous seront propos\u00e9s au coll\u00e8ge, pendant les heures d\u2019ouverture.<\/p>\n<!-- AddThis Advanced Settings generic via filter on the_content --><!-- AddThis Share Buttons generic via filter on the_content -->","protected":false},"excerpt":{"rendered":"<p>Depuis l\u2019an pass\u00e9 , les demandes de bourse de coll\u00e8ge et de lyc\u00e9e doivent se faire par l\u2019interm\u00e9diaire de M\u00e9tice \u00e0 l&rsquo;adresse metice.ac-reunion.fr Afin de pouvoir vous connecter \u00e0 M\u00e9tice, un identifiant et un code d\u2019acc\u00e8s vous ont \u00e9t\u00e9 transmis en d\u00e9but d&rsquo;ann\u00e9e. Dans l&rsquo;environnement M\u00e9tice, il faut cliquer sur\u2026<!-- AddThis Advanced Settings generic via filter on get_the_excerpt --><!-- AddThis Share Buttons generic via filter on get_the_excerpt --><\/p>\n<p class=\"continue-reading-button\"> <a class=\"continue-reading-link\" href=\"https:\/\/etab.ac-reunion.fr\/clg-hegesippe-hoarau\/demandes-de-bourse\/\">Lire plus<i class=\"crycon-right-dir\"><\/i><\/a><\/p>\n","protected":false},"author":17426,"featured_media":0,"parent":0,"menu_order":0,"comment_status":"closed","ping_status":"closed","template":"","meta":{"footnotes":""},"class_list":["post-3248","page","type-page","status-publish","hentry"],"_links":{"self":[{"href":"https:\/\/etab.ac-reunion.fr\/clg-hegesippe-hoarau\/wp-json\/wp\/v2\/pages\/3248","targetHints":{"allow":["GET"]}}],"collection":[{"href":"https:\/\/etab.ac-reunion.fr\/clg-hegesippe-hoarau\/wp-json\/wp\/v2\/pages"}],"about":[{"href":"https:\/\/etab.ac-reunion.fr\/clg-hegesippe-hoarau\/wp-json\/wp\/v2\/types\/page"}],"author":[{"embeddable":true,"href":"https:\/\/etab.ac-reunion.fr\/clg-hegesippe-hoarau\/wp-json\/wp\/v2\/users\/17426"}],"replies":[{"embeddable":true,"href":"https:\/\/etab.ac-reunion.fr\/clg-hegesippe-hoarau\/wp-json\/wp\/v2\/comments?post=3248"}],"version-history":[{"count":5,"href":"https:\/\/etab.ac-reunion.fr\/clg-hegesippe-hoarau\/wp-json\/wp\/v2\/pages\/3248\/revisions"}],"predecessor-version":[{"id":3256,"href":"https:\/\/etab.ac-reunion.fr\/clg-hegesippe-hoarau\/wp-json\/wp\/v2\/pages\/3248\/revisions\/3256"}],"wp:attachment":[{"href":"https:\/\/etab.ac-reunion.fr\/clg-hegesippe-hoarau\/wp-json\/wp\/v2\/media?parent=3248"}],"curies":[{"name":"wp","href":"https:\/\/api.w.org\/{rel}","templated":true}]}}