{"id":164,"date":"2014-04-24T06:34:00","date_gmt":"2014-04-24T05:34:00","guid":{"rendered":"http:\/\/college-henrimatisse-tmp.ac-reunion.fr\/?page_id=164"},"modified":"2025-08-15T21:13:25","modified_gmt":"2025-08-15T17:13:25","slug":"les-personnels-non-enseignants","status":"publish","type":"page","link":"https:\/\/etab.ac-reunion.fr\/clg-henri-matisse\/le-college\/les-personnels-non-enseignants\/","title":{"rendered":"Les Personnels Non-Enseignants"},"content":{"rendered":"<div class=\"su-tabs su-tabs-style-default su-tabs-mobile-stack\" data-active=\"1\" data-scroll-offset=\"0\" data-anchor-in-url=\"no\"><div class=\"su-tabs-nav\"><span class=\"\" data-url=\"\" data-target=\"blank\" tabindex=\"0\" role=\"button\"><br \/>\n<b>Direction et secr\u00e9tariats<\/b><\/span><span class=\"\" data-url=\"\" data-target=\"blank\" tabindex=\"0\" role=\"button\"><br \/>\n<b>Cit\u00e9 \u00e9ducative<\/b><\/span><span class=\"\" data-url=\"\" data-target=\"blank\" tabindex=\"0\" role=\"button\">Vie scolaire<\/span><span class=\"\" data-url=\"\" data-target=\"blank\" tabindex=\"0\" role=\"button\">P\u00f4le M\u00e9dico-Social<\/span><span class=\"\" data-url=\"\" data-target=\"blank\" tabindex=\"0\" role=\"button\">C.I.O<\/span><span class=\"\" data-url=\"\" data-target=\"blank\" tabindex=\"0\" role=\"button\">Agents<\/span><span class=\"\" data-url=\"\" data-target=\"blank\" tabindex=\"0\" role=\"button\">AESH<\/span><span class=\"\" data-url=\"\" data-target=\"blank\" tabindex=\"0\" role=\"button\">TICE<\/span><\/div><div class=\"su-tabs-panes\"><div class=\"su-tabs-pane su-u-clearfix su-u-trim\" data-title=\"&lt;br \/&gt;\n&lt;b&gt;Direction et secr\u00e9tariats&lt;\/b&gt;\">\n<b>Direction<\/b><\/p>\n<ul>\n<li>Mme LOTH Agn\u00e8s : Principale<\/li>\n<li>M. LASAK Joffrey  : Principal Adjoint<\/li>\n<li>Mme PAYET Amalia : Gestionnaire<\/li>\n<\/ul>\n<p><b>Secr\u00e9tariat de direction et de gestion<\/b><\/p>\n<ul>\n<li>Mme FONTAINE Florence : Secr\u00e9taire de direction<\/li>\n<li>Mme GOURSALO Francine : Secr\u00e9taire de gestion<\/li>\n<\/ul>\n<p><b>Secr\u00e9tariat de scolarit\u00e9<\/b><\/p>\n<ul>\n<li>Mme MUNYABARAME Kristell : AED<\/li>\n<\/ul>\n<\/div>\n<div class=\"su-tabs-pane su-u-clearfix su-u-trim\" data-title=\"&lt;br \/&gt;\n&lt;b&gt;Cit\u00e9 \u00e9ducative&lt;\/b&gt;\">\n<b>Cit\u00e9 \u00e9ducative<\/b><\/p>\n<ul>\n<li>M. LAURET Guillaume : Chef de projet<\/li>\n<li>Mme NICOLE Naomi : AED<\/li>\n<\/ul>\n<\/div>\n<div class=\"su-tabs-pane su-u-clearfix su-u-trim\" data-title=\"Vie scolaire\">\n<b>CPE<\/b><\/p>\n<ul>\n<li>Mme NOUCHET Vavitsara<\/li>\n<li>M. POINY-TOPLAN Vincent<\/li>\n<li>Mme VARICHON Nathalie<\/li>\n<\/ul>\n<p><b>Assistants d\u2019\u00c9ducation<\/b><\/p>\n<ul>\n<li>Mme BARONNE L\u00e9a<\/li>\n<li>M. FONTAINE Thibaut <\/li>\n<li>M. FULMAR Guillaume<\/li>\n<li>M. LEVENEUR Ludovic<\/li>\n<li>Mme MARC Kiara<\/li>\n<li>M. MOUNIEN Vincent <\/li>\n<li>M PAYET Alexandre<\/li>\n<li>Mme PERINEDERY Ana\u00efs<\/li>\n<li>Mme VARECHY C\u00e9cile<\/li>\n<\/ul>\n<\/div>\n<div class=\"su-tabs-pane su-u-clearfix su-u-trim\" data-title=\"P\u00f4le M\u00e9dico-Social\">\n<ul>\n<b>P\u00f4le M\u00e9dico-Social<\/b><\/p>\n<li>Mme COUSTAUT Marie Pierre : Infirmi\u00e8re<\/li>\n<li>Mme TAURINES Nathalie : Infirmi\u00e8re<\/li>\n<li>Mme NEGOUAI C\u00e9cile : M\u00e9decin scolaire<\/li>\n<li> Mme MACE Isabelle : Assistante Sociale<\/li>\n<\/ul>\n<\/div>\n<div class=\"su-tabs-pane su-u-clearfix su-u-trim\" data-title=\"C.I.O\">\n<p><b>Centre d&rsquo;Information et d&rsquo;Orientation<\/b><\/p>\n<ul>\n<li> : Psychologue&nbsp;de l\u2019Education Nationale<\/li>\n<\/ul>\n<\/div>\n<div class=\"su-tabs-pane su-u-clearfix su-u-trim\" data-title=\"Agents\">\n<p><b>Personnel d&rsquo;entretien et cuisine<\/b><\/p>\n<ul>\n<li>M. GASTRIN Jean Guillaume : Chef des agents<\/li>\n<li>M. AH-NIEME Patrice<\/li>\n<li>Mme CLAIN Fran\u00e7oise<\/li>\n<li>Mme FULBERT Emmanuelle<\/li>\n<li>Mme FULMART Myl\u00e9na<\/li>\n<li>Mme GAS No\u00eblle<\/li>\n<li>Mme GIBRALTA Julienne<\/li>\n<li>Mme HOARAU Natacha<\/li>\n<li>M. SANDANCE Jean-Pierre<\/li>\n<li>M. SINAMAN Yohann<\/li>\n<\/ul>\n<p><b>Agent d&rsquo;accueil<\/b><\/p>\n<ul>\n<li>Mme VELEZ Val\u00e9rie : Accueil<\/li>\n<\/ul>\n<\/div>\n<div class=\"su-tabs-pane su-u-clearfix su-u-trim\" data-title=\"AESH\">\n<b>Accompagnants des \u00c9l\u00e8ves en Situation de Handicap<\/b><\/p>\n<ul>\n<li>M. BARRET Patrice<\/li>\n<li>Mme BENARD Gism\u00e8ne<\/li>\n<li>Mme CESARD Audrey<\/li>\n<li>Mme DUMONT Emilie<\/li>\n<li>Mme DUPOUY Amandine<\/li>\n<li>Mme FOLIO Sandra <\/li>\n<li>Mme GASTRIN Julie<\/li>\n<li>Mme GRONDIN Patricia<\/li>\n<li>Mme HOARAU Thanakyl<\/li>\n<li>Mme LAFOSSE Magaly<\/li>\n<li>Mme LEJEUNE Marie Reine<\/li>\n<li>Mme PAILLY Sandrine<\/li>\n<li>Mme PIERROT Agn\u00e8s<\/li>\n<li>Mme RESEDA Rita<\/li>\n<li>M. RIGAUDIN Jean Udersse<\/li>\n<li>Mme RIVIERE Muriel<\/li>\n<li>Mme TARISTAS Elisette<\/li>\n<li>Mme VOSGES Edwige<\/li>\n<\/ul>\n<\/div>\n<div class=\"su-tabs-pane su-u-clearfix su-u-trim\" data-title=\"TICE\">\n<b>Technologies de l&rsquo;Information et de la Communication pour l&rsquo;Enseignement<\/b><\/p>\n<ul>\n<li>M. MAHO Sebastien : Assistant d&rsquo;Education TICE &amp; responsable du parc informatique<\/li>\n<li>M. BOUASLA Karim : RRUPN (R\u00e9f\u00e9rent et Ressources aux Usages P\u00e9dagogiques Num\u00e9riques) &amp; Webmestre<\/li>\n<li>Mme. FONTAINE Le\u00efla : Adulte relais Cit\u00e9 Educative<\/li>\n<\/ul>\n<\/div><\/div><\/div>\n\n\n\n<p><\/p>\n","protected":false},"excerpt":{"rendered":"<p class=\"continue-reading-button\"> <a class=\"continue-reading-link\" href=\"https:\/\/etab.ac-reunion.fr\/clg-henri-matisse\/le-college\/les-personnels-non-enseignants\/\">Continuer \u00e0 lire<i class=\"crycon-right-dir\"><\/i><\/a><\/p>\n","protected":false},"author":1381,"featured_media":0,"parent":775,"menu_order":0,"comment_status":"closed","ping_status":"closed","template":"","meta":{"footnotes":""},"class_list":["post-164","page","type-page","status-publish","hentry"],"_links":{"self":[{"href":"https:\/\/etab.ac-reunion.fr\/clg-henri-matisse\/wp-json\/wp\/v2\/pages\/164","targetHints":{"allow":["GET"]}}],"collection":[{"href":"https:\/\/etab.ac-reunion.fr\/clg-henri-matisse\/wp-json\/wp\/v2\/pages"}],"about":[{"href":"https:\/\/etab.ac-reunion.fr\/clg-henri-matisse\/wp-json\/wp\/v2\/types\/page"}],"author":[{"embeddable":true,"href":"https:\/\/etab.ac-reunion.fr\/clg-henri-matisse\/wp-json\/wp\/v2\/users\/1381"}],"replies":[{"embeddable":true,"href":"https:\/\/etab.ac-reunion.fr\/clg-henri-matisse\/wp-json\/wp\/v2\/comments?post=164"}],"version-history":[{"count":105,"href":"https:\/\/etab.ac-reunion.fr\/clg-henri-matisse\/wp-json\/wp\/v2\/pages\/164\/revisions"}],"predecessor-version":[{"id":8320,"href":"https:\/\/etab.ac-reunion.fr\/clg-henri-matisse\/wp-json\/wp\/v2\/pages\/164\/revisions\/8320"}],"up":[{"embeddable":true,"href":"https:\/\/etab.ac-reunion.fr\/clg-henri-matisse\/wp-json\/wp\/v2\/pages\/775"}],"wp:attachment":[{"href":"https:\/\/etab.ac-reunion.fr\/clg-henri-matisse\/wp-json\/wp\/v2\/media?parent=164"}],"curies":[{"name":"wp","href":"https:\/\/api.w.org\/{rel}","templated":true}]}}