{"id":173,"date":"2014-04-24T08:52:51","date_gmt":"2014-04-24T07:52:51","guid":{"rendered":"http:\/\/college-henrimatisse-tmp.ac-reunion.fr\/?page_id=173"},"modified":"2021-08-20T22:46:44","modified_gmt":"2021-08-20T18:46:44","slug":"mentions-legales","status":"publish","type":"page","link":"https:\/\/etab.ac-reunion.fr\/clg-henri-matisse\/mentions-legales\/","title":{"rendered":"Mentions L\u00e9gales"},"content":{"rendered":"<p><strong> <span style=\"font-size: large\">Editeur<\/span> :<\/strong><br \/>\nColl\u00e8ge Henri Matisse<br \/>\n58 chemin Vilris<br \/>\n97432 Ravine des Cabris, Bois d&rsquo;Olives<\/p>\n<p><strong><span style=\"font-size: large\">Directeur de la publication et responsable de la r\u00e9daction :<\/span><\/strong><br \/>\nMonsieur LOTH Agn\u00e8s, Principal du coll\u00e8ge<\/p>\n<p><strong><span style=\"font-size: large\">Webmestre<\/span> :<\/strong><br \/>\nKarim BOUASLA, professeur de Math\u00e9matiques<\/p>\n<p><strong><span style=\"font-size: large\">Fournisseur de l\u2019h\u00e9bergement<\/span> :<\/strong><br \/>\nRectorat de l\u2019Acad\u00e9mie de La R\u00e9union<br \/>\nSecr\u00e9tariat g\u00e9n\u00e9ral \u2013 Service Communication<br \/>\n24 avenue Georges BRASSENS 97702 SAINT-DENIS Messag CEDEX 9<\/p>\n<p><strong><span style=\"font-size: large\">Droits d\u2019auteurs :<\/span><\/strong><br \/>\nCe site rel\u00e8ve de la l\u00e9gislation fran\u00e7aise et internationale sur le droit d\u2019auteur et la propri\u00e9t\u00e9 intellectuelle.<br \/>\nTous les droits de reproduction sont r\u00e9serv\u00e9s.<\/p>\n","protected":false},"excerpt":{"rendered":"<p>Editeur : Coll\u00e8ge Henri Matisse 58 chemin Vilris 97432 Ravine des Cabris, Bois d&rsquo;Olives Directeur de la publication et responsable de la r\u00e9daction : Monsieur LOTH Agn\u00e8s, Principal du coll\u00e8ge Webmestre : Karim BOUASLA, professeur de Math\u00e9matiques Fournisseur de l\u2019h\u00e9bergement : Rectorat de l\u2019Acad\u00e9mie de La R\u00e9union Secr\u00e9tariat g\u00e9n\u00e9ral \u2013\u2026<\/p>\n<p class=\"continue-reading-button\"> <a class=\"continue-reading-link\" href=\"https:\/\/etab.ac-reunion.fr\/clg-henri-matisse\/mentions-legales\/\">Continuer \u00e0 lire<i class=\"crycon-right-dir\"><\/i><\/a><\/p>\n","protected":false},"author":1399,"featured_media":0,"parent":0,"menu_order":0,"comment_status":"closed","ping_status":"closed","template":"","meta":{"footnotes":""},"class_list":["post-173","page","type-page","status-publish","hentry"],"_links":{"self":[{"href":"https:\/\/etab.ac-reunion.fr\/clg-henri-matisse\/wp-json\/wp\/v2\/pages\/173","targetHints":{"allow":["GET"]}}],"collection":[{"href":"https:\/\/etab.ac-reunion.fr\/clg-henri-matisse\/wp-json\/wp\/v2\/pages"}],"about":[{"href":"https:\/\/etab.ac-reunion.fr\/clg-henri-matisse\/wp-json\/wp\/v2\/types\/page"}],"author":[{"embeddable":true,"href":"https:\/\/etab.ac-reunion.fr\/clg-henri-matisse\/wp-json\/wp\/v2\/users\/1399"}],"replies":[{"embeddable":true,"href":"https:\/\/etab.ac-reunion.fr\/clg-henri-matisse\/wp-json\/wp\/v2\/comments?post=173"}],"version-history":[{"count":4,"href":"https:\/\/etab.ac-reunion.fr\/clg-henri-matisse\/wp-json\/wp\/v2\/pages\/173\/revisions"}],"predecessor-version":[{"id":6073,"href":"https:\/\/etab.ac-reunion.fr\/clg-henri-matisse\/wp-json\/wp\/v2\/pages\/173\/revisions\/6073"}],"wp:attachment":[{"href":"https:\/\/etab.ac-reunion.fr\/clg-henri-matisse\/wp-json\/wp\/v2\/media?parent=173"}],"curies":[{"name":"wp","href":"https:\/\/api.w.org\/{rel}","templated":true}]}}