{"id":25,"date":"2014-04-14T06:24:58","date_gmt":"2014-04-14T05:24:58","guid":{"rendered":"http:\/\/college-henrimatisse-tmp.ac-reunion.fr\/?page_id=25"},"modified":"2021-08-27T09:48:22","modified_gmt":"2021-08-27T05:48:22","slug":"presentation","status":"publish","type":"page","link":"https:\/\/etab.ac-reunion.fr\/clg-henri-matisse\/le-college\/presentation\/","title":{"rendered":"Pr\u00e9sentation"},"content":{"rendered":"<p>Le coll\u00e8ge Henri Matisse a ouvert ses portes en 1992 et se situe sur les hauteurs de Saint Pierre\u00a0 dans le bas de la Ravine des cabris. Cet \u00e9tablissement \u00e0 l\u2019architecture audacieuse, \u00ab pos\u00e9 \u00bb \u00e0 la lisi\u00e8re des champs de canne, a \u00e9t\u00e9 construit pour r\u00e9pondre \u00e0 l\u2019accroissement de la population scolaire sur le secteur.<\/p>\n<p>Depuis 2014, Bois d\u2019olive a \u00e9t\u00e9 retenu comme quartier prioritaire (ZUS) dans le cadre de la politique de la ville et suivant la volont\u00e9 de la Commune de Saint Pierre (projet de r\u00e9novation en phase d\u2018\u00e9tude) de promouvoir ce territoire.<\/p>\n<p>En REP d\u00e8s 1997, le coll\u00e8ge a int\u00e9gr\u00e9 le programme REP+ en 2014.<\/p>\n<p>L\u2019\u00e9tablissement a adopt\u00e9 une organisation p\u00e9dagogique adapt\u00e9e \u00e0 ses probl\u00e9matiques \u00e9ducatives et scolaires : Trois personnels enseignants (fran\u00e7ais, math\u00e9matiques, SVT), un professeur des \u00e9coles et trois assistants p\u00e9dagogiques interviennent au Coll\u00e8ge et dans les \u00e9coles du R\u00e9seau.<\/p>\n<p>Une coordonnatrice de r\u00e9seau assure l\u2019interface entre les \u00e9quipes du premier et du second degr\u00e9, entre les personnels de direction et d\u2019inspection, entre les \u00e9tablissements scolaires et les partenaires \u00e9ducatifs.<\/p>\n<p>Les orientations du projet de r\u00e9seau et du contrat d\u2019objectifs (et \u00e0 terme du projet d\u2019\u00e9tablissement) sont des outils au service des \u00e9quipes p\u00e9dagogiques et \u00e9ducatives ayant pour but de promouvoir la coop\u00e9ration \u00e9largie, le travail en \u00e9quipe en faveur de la r\u00e9ussite de tous les \u00e9l\u00e8ves.<\/p>\n","protected":false},"excerpt":{"rendered":"<p>Le coll\u00e8ge Henri Matisse a ouvert ses portes en 1992 et se situe sur les hauteurs de Saint Pierre\u00a0 dans le bas de la Ravine des cabris. Cet \u00e9tablissement \u00e0 l\u2019architecture audacieuse, \u00ab pos\u00e9 \u00bb \u00e0 la lisi\u00e8re des champs de canne, a \u00e9t\u00e9 construit pour r\u00e9pondre \u00e0 l\u2019accroissement de\u2026<\/p>\n<p class=\"continue-reading-button\"> <a class=\"continue-reading-link\" href=\"https:\/\/etab.ac-reunion.fr\/clg-henri-matisse\/le-college\/presentation\/\">Continuer \u00e0 lire<i class=\"crycon-right-dir\"><\/i><\/a><\/p>\n","protected":false},"author":1381,"featured_media":809,"parent":775,"menu_order":0,"comment_status":"closed","ping_status":"closed","template":"","meta":{"footnotes":""},"class_list":["post-25","page","type-page","status-publish","has-post-thumbnail","hentry"],"_links":{"self":[{"href":"https:\/\/etab.ac-reunion.fr\/clg-henri-matisse\/wp-json\/wp\/v2\/pages\/25","targetHints":{"allow":["GET"]}}],"collection":[{"href":"https:\/\/etab.ac-reunion.fr\/clg-henri-matisse\/wp-json\/wp\/v2\/pages"}],"about":[{"href":"https:\/\/etab.ac-reunion.fr\/clg-henri-matisse\/wp-json\/wp\/v2\/types\/page"}],"author":[{"embeddable":true,"href":"https:\/\/etab.ac-reunion.fr\/clg-henri-matisse\/wp-json\/wp\/v2\/users\/1381"}],"replies":[{"embeddable":true,"href":"https:\/\/etab.ac-reunion.fr\/clg-henri-matisse\/wp-json\/wp\/v2\/comments?post=25"}],"version-history":[{"count":19,"href":"https:\/\/etab.ac-reunion.fr\/clg-henri-matisse\/wp-json\/wp\/v2\/pages\/25\/revisions"}],"predecessor-version":[{"id":6075,"href":"https:\/\/etab.ac-reunion.fr\/clg-henri-matisse\/wp-json\/wp\/v2\/pages\/25\/revisions\/6075"}],"up":[{"embeddable":true,"href":"https:\/\/etab.ac-reunion.fr\/clg-henri-matisse\/wp-json\/wp\/v2\/pages\/775"}],"wp:featuredmedia":[{"embeddable":true,"href":"https:\/\/etab.ac-reunion.fr\/clg-henri-matisse\/wp-json\/wp\/v2\/media\/809"}],"wp:attachment":[{"href":"https:\/\/etab.ac-reunion.fr\/clg-henri-matisse\/wp-json\/wp\/v2\/media?parent=25"}],"curies":[{"name":"wp","href":"https:\/\/api.w.org\/{rel}","templated":true}]}}