{"id":4463,"date":"2018-08-28T18:18:59","date_gmt":"2018-08-28T14:18:59","guid":{"rendered":"http:\/\/college-henrimatisse.ac-reunion.fr\/?page_id=4463"},"modified":"2018-08-28T20:13:30","modified_gmt":"2018-08-28T16:13:30","slug":"presentation-de-lulis","status":"publish","type":"page","link":"https:\/\/etab.ac-reunion.fr\/clg-henri-matisse\/le-college\/presentation-de-lulis\/","title":{"rendered":"Pr\u00e9sentation de l&rsquo;ULIS"},"content":{"rendered":"<p>Vous pouvez visualiser le diaporama de pr\u00e9sentation de l&rsquo;ULIS en cliquant sur le lien suivant :\u00a0<a href=\"https:\/\/etab.ac-reunion.fr\/clg-henri-matisse\/wp-content\/uploads\/sites\/69\/2018\/08\/LULIS-TFC-au-colle\u0300ge-Henri-Matisse.pdf\">L&rsquo;ULIS TFC au colle\u0300ge Henri Matisse<\/a><\/p>\n<p>&nbsp;<\/p>\n<p style=\"text-align: center\"><strong>Fonctionnement de l&rsquo;U.L.I.S<\/strong><\/p>\n<p style=\"text-align: left\"><strong>Entr\u00e9e au coll\u00e8ge<\/strong><br \/>\nLes responsables l\u00e9gaux de l&rsquo;enfant d\u00e9posent une demande d&rsquo;orientation aupr\u00e8s de la MDPH.<br \/>\nApr\u00e8s \u00e9tude de l\u2019\u00c9quipe Pluridisciplinaire d\u2019\u00c9valuation (EPE), la Commission des Droits et de l\u2019Autonomie (CDA) propose aux parents un Projet Personnalis\u00e9 de Scolarisation (PPS) qui d\u00e9finit les modalit\u00e9s de prise en charge de leur enfant : temps de scolarisation \u00e0 temps complet ou partiel, intervention d\u2019un service sp\u00e9cialis\u00e9, etc.<br \/>\nLes \u00e9l\u00e8ves sont ensuite affect\u00e9s par l&rsquo;Inspection Acad\u00e9mique dans une U.L.I.S. la plus proche possible de leur domicile.<br \/>\nLes parents inscrivent ensuite leur enfant dans le coll\u00e8ge (dossier d&rsquo;inscription \u00e0 remplir).<\/p>\n<p style=\"text-align: left\"><strong>Inscription dans une classe de r\u00e9f\u00e9rence<\/strong><br \/>\n\u00ab Les \u00e9l\u00e8ves scolaris\u00e9s au titre de l\u2019ULIS sont des \u00e9l\u00e8ves \u00e0 part enti\u00e8re de l\u2019\u00e9tablissement et leur inscription se fait dans la division correspondant \u00e0 leur PPS \u00bb.<br \/>\nCes \u00e9l\u00e8ves \u00ab ont vocation \u00e0 suivre les cours dispens\u00e9s dans une classe ordinaire de l&rsquo;\u00e9tablissement correspondant au niveau de scolarit\u00e9 mentionn\u00e9 dans leur PPS. Toutefois, lorsque les objectifs d&rsquo;apprentissage envisag\u00e9s pour eux requi\u00e8rent des modalit\u00e9s adapt\u00e9es n\u00e9cessitant un regroupement et une mise en \u0153uvre par le coordonnateur (voir infra), celles-ci le seront dans un lieu sp\u00e9cifique, r\u00e9pondant aux exigences de ces apprentissages (mat\u00e9riels p\u00e9dagogiques adapt\u00e9s, \u00e9tayage renforc\u00e9,\u2026) \u00bb.<\/p>\n<p style=\"text-align: left\"><strong>Transport<\/strong><br \/>\nLes \u00e9l\u00e8ves b\u00e9n\u00e9ficient d&rsquo;un transport scolaire selon le droit commun.<br \/>\nUne demande de transport adapt\u00e9 peut \u00eatre d\u00e9pos\u00e9e par les parents aupr\u00e8s de la MDPH .<br \/>\nL&rsquo;acquisition de l&rsquo;autonomie dans les transports est vivement recherch\u00e9e afin d&rsquo;\u00eatre un atout pour leur insertion sociale et professionnelle future.<\/p>\n<p><strong>Emploi du temps<\/strong><br \/>\nLes emplois du temps s&rsquo;inscrivent dans les horaires r\u00e9glementaires.<br \/>\nN\u00e9anmoins, des am\u00e9nagements sont souvent r\u00e9alis\u00e9s en fonction du PPS de chaque \u00e9l\u00e8ve (all\u00e9gements pour prises en charges ext\u00e9rieures) ou pour des besoins sp\u00e9cifiques identifi\u00e9s lors des ESS.<br \/>\nLeur conception par le coordinateur est annuelle mais ils sont \u00e9volutifs.<\/p>\n<p><strong>Cours en classe de r\u00e9f\u00e9rence<\/strong><br \/>\nLes \u00e9l\u00e8ves en situation de handicap \u00ab ont vocation \u00e0 suivre les cours dispens\u00e9s dans une classe ordinaire de l\u2019\u00e9tablissement correspondant au niveau de scolarit\u00e9 mentionn\u00e9 dans leur PPS \u00bb.<br \/>\nLes relations avec leurs pairs favorisent leurs acquisitions dans les domaines disciplinaires, mais aussi leur socialisation et leur autonomie.<br \/>\nIls sont inscrits seuls ou en bin\u00f4me pour favoriser les \u00e9changes et les collaborations avec les autres \u00e9l\u00e8ves.<br \/>\nL&rsquo;adaptation sera mise en place, si n\u00e9cessaire, par chaque professeur en collaboration avec le coordinateur. Elle concerne : l\u2019organisation de l\u2019espace et du temps, les objectifs, les outils, les \u00e9valuations. Ces derni\u00e8res pourront \u00eatre construites par le professeur et\/ou le coordinateur.<br \/>\nLes \u00e9l\u00e8ves sont accompagn\u00e9s en fonction des besoins (et des possibilit\u00e9s) par un AESH.<\/p>\n<p><strong>Cours en regroupement<\/strong><br \/>\n\u00ab Toutefois, lorsque les objectifs d\u2019apprentissage envisag\u00e9s pour eux requi\u00e8rent des modalit\u00e9s adapt\u00e9es n\u00e9cessitant un regroupement et une mise en \u0153uvre par le coordonnateur, celles-ci le seront dans un lieu sp\u00e9cifique, r\u00e9pondant aux exigences de ces apprentissages. \u00bb<br \/>\nL\u2019\u00e9l\u00e8ve b\u00e9n\u00e9ficie de conditions favorables et adapt\u00e9es \u00e0 son handicap (groupe restreint, adaptation de l\u2019espace, du temps, du mat\u00e9riel, etc.)<br \/>\nCes temps de regroupement sont des temps d&rsquo;enseignement mais aussi de rem\u00e9diation pour les mati\u00e8res enseign\u00e9es en classe de r\u00e9f\u00e9rence et de d\u00e9couverte professionnelle.<br \/>\nComme les autres coll\u00e9giens, les \u00e9l\u00e8ves relevant de l&rsquo;ULIS ont donc plusieurs professeurs, mais leur nombre est r\u00e9duit.<\/p>\n","protected":false},"excerpt":{"rendered":"<p>Vous pouvez visualiser le diaporama de pr\u00e9sentation de l&rsquo;ULIS en cliquant sur le lien suivant :\u00a0L&rsquo;ULIS TFC au colle\u0300ge Henri Matisse &nbsp; Fonctionnement de l&rsquo;U.L.I.S Entr\u00e9e au coll\u00e8ge Les responsables l\u00e9gaux de l&rsquo;enfant d\u00e9posent une demande d&rsquo;orientation aupr\u00e8s de la MDPH. Apr\u00e8s \u00e9tude de l\u2019\u00c9quipe Pluridisciplinaire d\u2019\u00c9valuation (EPE), la Commission\u2026<\/p>\n<p class=\"continue-reading-button\"> <a class=\"continue-reading-link\" href=\"https:\/\/etab.ac-reunion.fr\/clg-henri-matisse\/le-college\/presentation-de-lulis\/\">Continuer \u00e0 lire<i class=\"crycon-right-dir\"><\/i><\/a><\/p>\n","protected":false},"author":1381,"featured_media":0,"parent":775,"menu_order":0,"comment_status":"closed","ping_status":"closed","template":"","meta":{"footnotes":""},"class_list":["post-4463","page","type-page","status-publish","hentry"],"_links":{"self":[{"href":"https:\/\/etab.ac-reunion.fr\/clg-henri-matisse\/wp-json\/wp\/v2\/pages\/4463","targetHints":{"allow":["GET"]}}],"collection":[{"href":"https:\/\/etab.ac-reunion.fr\/clg-henri-matisse\/wp-json\/wp\/v2\/pages"}],"about":[{"href":"https:\/\/etab.ac-reunion.fr\/clg-henri-matisse\/wp-json\/wp\/v2\/types\/page"}],"author":[{"embeddable":true,"href":"https:\/\/etab.ac-reunion.fr\/clg-henri-matisse\/wp-json\/wp\/v2\/users\/1381"}],"replies":[{"embeddable":true,"href":"https:\/\/etab.ac-reunion.fr\/clg-henri-matisse\/wp-json\/wp\/v2\/comments?post=4463"}],"version-history":[{"count":3,"href":"https:\/\/etab.ac-reunion.fr\/clg-henri-matisse\/wp-json\/wp\/v2\/pages\/4463\/revisions"}],"predecessor-version":[{"id":4468,"href":"https:\/\/etab.ac-reunion.fr\/clg-henri-matisse\/wp-json\/wp\/v2\/pages\/4463\/revisions\/4468"}],"up":[{"embeddable":true,"href":"https:\/\/etab.ac-reunion.fr\/clg-henri-matisse\/wp-json\/wp\/v2\/pages\/775"}],"wp:attachment":[{"href":"https:\/\/etab.ac-reunion.fr\/clg-henri-matisse\/wp-json\/wp\/v2\/media?parent=4463"}],"curies":[{"name":"wp","href":"https:\/\/api.w.org\/{rel}","templated":true}]}}